{"id":372,"date":"2025-03-05T20:33:40","date_gmt":"2025-03-05T23:33:40","guid":{"rendered":"https:\/\/utfpr.curitiba.br\/proto\/?page_id=372"},"modified":"2025-03-05T20:37:33","modified_gmt":"2025-03-05T23:37:33","slug":"aspirador-e-soprador","status":"publish","type":"page","link":"https:\/\/utfpr.curitiba.br\/proto\/oquesomos\/recursos\/aspirador-e-soprador\/","title":{"rendered":"Aspirador e Soprador"},"content":{"rendered":"\n<div class=\"wp-block-media-text is-stacked-on-mobile\"><figure class=\"wp-block-media-text__media\"><img fetchpriority=\"high\" decoding=\"async\" width=\"1000\" height=\"1000\" src=\"https:\/\/utfpr-ct-static-content.s3.amazonaws.com\/utfpr.curitiba.br\/wp-content\/uploads\/sites\/190\/2025\/03\/soprador-aspirador-de-po-e-agua-3-em-1-wap-gtw-55.png\" alt=\"\" class=\"wp-image-373 size-full\" srcset=\"https:\/\/utfpr-ct-static-content.s3.amazonaws.com\/utfpr.curitiba.br\/wp-content\/uploads\/sites\/190\/2025\/03\/soprador-aspirador-de-po-e-agua-3-em-1-wap-gtw-55.png 1000w, https:\/\/utfpr-ct-static-content.s3.amazonaws.com\/utfpr.curitiba.br\/wp-content\/uploads\/sites\/190\/2025\/03\/soprador-aspirador-de-po-e-agua-3-em-1-wap-gtw-55-300x300.png 300w, https:\/\/utfpr-ct-static-content.s3.amazonaws.com\/utfpr.curitiba.br\/wp-content\/uploads\/sites\/190\/2025\/03\/soprador-aspirador-de-po-e-agua-3-em-1-wap-gtw-55-150x150.png 150w, https:\/\/utfpr-ct-static-content.s3.amazonaws.com\/utfpr.curitiba.br\/wp-content\/uploads\/sites\/190\/2025\/03\/soprador-aspirador-de-po-e-agua-3-em-1-wap-gtw-55-768x768.png 768w\" sizes=\"(max-width: 1000px) 100vw, 1000px\" \/><\/figure><div class=\"wp-block-media-text__content\">\n<p><strong>Modelo WAP GTW-55<\/strong><\/p>\n\n\n\n<p><strong><a href=\"https:\/\/mais.wap.ind.br\/produtos\/GTW-55\/apresentacao-GTW-55.pdf?_gl=1*1gyv32l*_gcl_au*NTE5MjQzOTQ5LjE3NDEyMTcyOTQ.*_ga*NDg0MDc2MDI5LjE3NDEyMTcyOTU.*_ga_WSEN2QLQYT*MTc0MTIxNzI5NS4xLjEuMTc0MTIxNzcxNy41Mi4wLjA.*_ga_16MDX21Z5D*MTc0MTIxNzI5NS4xLjEuMTc0MTIxNzcxNy41Mi4wLjI3OTAzNTEyNg..\">P\u00e1gina do Fabricante<\/a><\/strong><\/p>\n\n\n\n<p><strong><mark style=\"background-color:#129e3f\" class=\"has-inline-color\">Acesso Livre<\/mark><\/strong><\/p>\n\n\n\n<p><strong>Voltagem 127V<\/strong><\/p>\n\n\n\n<p><strong>Recomenda\u00e7\u00f5es: <\/strong>Conferir sempre a tens\u00e3o da tomada antes de ligar. Utilizar o bocal adequado para a opera\u00e7\u00e3o. Manter bocais nas baias do equipamento para evitar extravios. <\/p>\n<\/div><\/div>\n","protected":false},"excerpt":{"rendered":"<p>Modelo WAP GTW-55 P\u00e1gina do Fabricante Acesso Livre Voltagem 127V Recomenda\u00e7\u00f5es: Conferir sempre a tens\u00e3o da tomada antes de ligar. Utilizar o bocal adequado para a opera\u00e7\u00e3o. Manter bocais nas baias do equipamento para evitar extravios.<\/p>\n","protected":false},"author":327,"featured_media":0,"parent":53,"menu_order":7,"comment_status":"closed","ping_status":"closed","template":"","meta":{"footnotes":""},"class_list":["post-372","page","type-page","status-publish","hentry"],"_links":{"self":[{"href":"https:\/\/utfpr.curitiba.br\/proto\/wp-json\/wp\/v2\/pages\/372","targetHints":{"allow":["GET"]}}],"collection":[{"href":"https:\/\/utfpr.curitiba.br\/proto\/wp-json\/wp\/v2\/pages"}],"about":[{"href":"https:\/\/utfpr.curitiba.br\/proto\/wp-json\/wp\/v2\/types\/page"}],"author":[{"embeddable":true,"href":"https:\/\/utfpr.curitiba.br\/proto\/wp-json\/wp\/v2\/users\/327"}],"replies":[{"embeddable":true,"href":"https:\/\/utfpr.curitiba.br\/proto\/wp-json\/wp\/v2\/comments?post=372"}],"version-history":[{"count":3,"href":"https:\/\/utfpr.curitiba.br\/proto\/wp-json\/wp\/v2\/pages\/372\/revisions"}],"predecessor-version":[{"id":376,"href":"https:\/\/utfpr.curitiba.br\/proto\/wp-json\/wp\/v2\/pages\/372\/revisions\/376"}],"up":[{"embeddable":true,"href":"https:\/\/utfpr.curitiba.br\/proto\/wp-json\/wp\/v2\/pages\/53"}],"wp:attachment":[{"href":"https:\/\/utfpr.curitiba.br\/proto\/wp-json\/wp\/v2\/media?parent=372"}],"curies":[{"name":"wp","href":"https:\/\/api.w.org\/{rel}","templated":true}]}}