{"id":368,"date":"2025-03-05T20:19:34","date_gmt":"2025-03-05T23:19:34","guid":{"rendered":"https:\/\/utfpr.curitiba.br\/proto\/?page_id=368"},"modified":"2025-03-05T20:21:14","modified_gmt":"2025-03-05T23:21:14","slug":"furadeira-fresadora","status":"publish","type":"page","link":"https:\/\/utfpr.curitiba.br\/proto\/oquesomos\/recursos\/furadeira-fresadora\/","title":{"rendered":"Furadeira Fresadora"},"content":{"rendered":"\n<div class=\"wp-block-media-text is-stacked-on-mobile\"><figure class=\"wp-block-media-text__media\"><img fetchpriority=\"high\" decoding=\"async\" width=\"350\" height=\"350\" src=\"https:\/\/utfpr-ct-static-content.s3.amazonaws.com\/utfpr.curitiba.br\/wp-content\/uploads\/sites\/190\/2025\/03\/furadeira-fresadora-thumb.jpg\" alt=\"\" class=\"wp-image-369 size-full\" srcset=\"https:\/\/utfpr-ct-static-content.s3.amazonaws.com\/utfpr.curitiba.br\/wp-content\/uploads\/sites\/190\/2025\/03\/furadeira-fresadora-thumb.jpg 350w, https:\/\/utfpr-ct-static-content.s3.amazonaws.com\/utfpr.curitiba.br\/wp-content\/uploads\/sites\/190\/2025\/03\/furadeira-fresadora-thumb-300x300.jpg 300w, https:\/\/utfpr-ct-static-content.s3.amazonaws.com\/utfpr.curitiba.br\/wp-content\/uploads\/sites\/190\/2025\/03\/furadeira-fresadora-thumb-150x150.jpg 150w\" sizes=\"(max-width: 350px) 100vw, 350px\" \/><\/figure><div class=\"wp-block-media-text__content\">\n<p><strong>Modelo de Bancada Clark FFB45<\/strong><\/p>\n\n\n\n<p><a href=\"https:\/\/www.clarkmachine.com.br\/furadeira-fresadora\"><strong>Site do Fabricante<\/strong><\/a><\/p>\n\n\n\n<p><strong>Acesso Restrito &#8211; Somente o Professor pode Operar<\/strong><\/p>\n\n\n\n<p><strong>Voltagem Trif\u00e1sica<\/strong><\/p>\n\n\n\n<p><strong>Recomenda\u00e7\u00f5es: <\/strong>Respeitar as restri\u00e7\u00f5es de acesso e de acionamento seguro. Este equipamento \u00e9 voltado para opera\u00e7\u00f5es em metias e pol\u00edmeros. Para fura\u00e7\u00e3o em madeira utilizar a furadeira de bancada ou as manuais dipon\u00edveis.<\/p>\n<\/div><\/div>\n","protected":false},"excerpt":{"rendered":"<p>Modelo de Bancada Clark FFB45 Site do Fabricante Acesso Restrito &#8211; Somente o Professor pode Operar Voltagem Trif\u00e1sica Recomenda\u00e7\u00f5es: Respeitar as restri\u00e7\u00f5es de acesso e de acionamento seguro. Este equipamento \u00e9 voltado para opera\u00e7\u00f5es em metias e pol\u00edmeros. Para fura\u00e7\u00e3o em madeira utilizar a furadeira de bancada ou as manuais dipon\u00edveis.<\/p>\n","protected":false},"author":327,"featured_media":0,"parent":53,"menu_order":5,"comment_status":"closed","ping_status":"closed","template":"","meta":{"footnotes":""},"class_list":["post-368","page","type-page","status-publish","hentry"],"_links":{"self":[{"href":"https:\/\/utfpr.curitiba.br\/proto\/wp-json\/wp\/v2\/pages\/368","targetHints":{"allow":["GET"]}}],"collection":[{"href":"https:\/\/utfpr.curitiba.br\/proto\/wp-json\/wp\/v2\/pages"}],"about":[{"href":"https:\/\/utfpr.curitiba.br\/proto\/wp-json\/wp\/v2\/types\/page"}],"author":[{"embeddable":true,"href":"https:\/\/utfpr.curitiba.br\/proto\/wp-json\/wp\/v2\/users\/327"}],"replies":[{"embeddable":true,"href":"https:\/\/utfpr.curitiba.br\/proto\/wp-json\/wp\/v2\/comments?post=368"}],"version-history":[{"count":2,"href":"https:\/\/utfpr.curitiba.br\/proto\/wp-json\/wp\/v2\/pages\/368\/revisions"}],"predecessor-version":[{"id":371,"href":"https:\/\/utfpr.curitiba.br\/proto\/wp-json\/wp\/v2\/pages\/368\/revisions\/371"}],"up":[{"embeddable":true,"href":"https:\/\/utfpr.curitiba.br\/proto\/wp-json\/wp\/v2\/pages\/53"}],"wp:attachment":[{"href":"https:\/\/utfpr.curitiba.br\/proto\/wp-json\/wp\/v2\/media?parent=368"}],"curies":[{"name":"wp","href":"https:\/\/api.w.org\/{rel}","templated":true}]}}