{"id":365,"date":"2025-03-05T19:58:20","date_gmt":"2025-03-05T22:58:20","guid":{"rendered":"https:\/\/utfpr.curitiba.br\/proto\/?page_id=365"},"modified":"2025-03-05T19:58:47","modified_gmt":"2025-03-05T22:58:47","slug":"lavadora-de-pecas","status":"publish","type":"page","link":"https:\/\/utfpr.curitiba.br\/proto\/oquesomos\/recursos\/lavadora-de-pecas\/","title":{"rendered":"Lavadora de Pe\u00e7as"},"content":{"rendered":"\n<div class=\"wp-block-media-text is-stacked-on-mobile\"><figure class=\"wp-block-media-text__media\"><img fetchpriority=\"high\" decoding=\"async\" width=\"500\" height=\"500\" src=\"https:\/\/utfpr-ct-static-content.s3.amazonaws.com\/utfpr.curitiba.br\/wp-content\/uploads\/sites\/190\/2025\/03\/Lavadora-de-Pecas-22-Litros-220V-para-O-lynus-lpl-200-1-500x500-2.jpg\" alt=\"\" class=\"wp-image-366 size-full\" srcset=\"https:\/\/utfpr-ct-static-content.s3.amazonaws.com\/utfpr.curitiba.br\/wp-content\/uploads\/sites\/190\/2025\/03\/Lavadora-de-Pecas-22-Litros-220V-para-O-lynus-lpl-200-1-500x500-2.jpg 500w, https:\/\/utfpr-ct-static-content.s3.amazonaws.com\/utfpr.curitiba.br\/wp-content\/uploads\/sites\/190\/2025\/03\/Lavadora-de-Pecas-22-Litros-220V-para-O-lynus-lpl-200-1-500x500-2-300x300.jpg 300w, https:\/\/utfpr-ct-static-content.s3.amazonaws.com\/utfpr.curitiba.br\/wp-content\/uploads\/sites\/190\/2025\/03\/Lavadora-de-Pecas-22-Litros-220V-para-O-lynus-lpl-200-1-500x500-2-150x150.jpg 150w\" sizes=\"(max-width: 500px) 100vw, 500px\" \/><\/figure><div class=\"wp-block-media-text__content\">\n<p><strong>Lynus LPL 200<\/strong><\/p>\n\n\n\n<p><a href=\"https:\/\/lynus.com.br\/produto\/lpl-200-lavadora-de-pecas\">P\u00e1gina do Fabricante<\/a><\/p>\n\n\n\n<p><strong>Acesso mediante orienta\u00e7\u00e3o b\u00e1sica<\/strong><\/p>\n\n\n\n<p><strong>Voltagem 220V<\/strong><\/p>\n\n\n\n<p><strong>Recomenda\u00e7\u00f5es: <\/strong>Usar apenas desengraxantes a base de \u00e1gua. Nunca usar a base de petr\u00f3leo ou inflam\u00e1veis.<\/p>\n<\/div><\/div>\n","protected":false},"excerpt":{"rendered":"<p>Lynus LPL 200 P\u00e1gina do Fabricante Acesso mediante orienta\u00e7\u00e3o b\u00e1sica Voltagem 220V Recomenda\u00e7\u00f5es: Usar apenas desengraxantes a base de \u00e1gua. Nunca usar a base de petr\u00f3leo ou inflam\u00e1veis.<\/p>\n","protected":false},"author":327,"featured_media":0,"parent":53,"menu_order":4,"comment_status":"closed","ping_status":"closed","template":"","meta":{"footnotes":""},"class_list":["post-365","page","type-page","status-publish","hentry"],"_links":{"self":[{"href":"https:\/\/utfpr.curitiba.br\/proto\/wp-json\/wp\/v2\/pages\/365","targetHints":{"allow":["GET"]}}],"collection":[{"href":"https:\/\/utfpr.curitiba.br\/proto\/wp-json\/wp\/v2\/pages"}],"about":[{"href":"https:\/\/utfpr.curitiba.br\/proto\/wp-json\/wp\/v2\/types\/page"}],"author":[{"embeddable":true,"href":"https:\/\/utfpr.curitiba.br\/proto\/wp-json\/wp\/v2\/users\/327"}],"replies":[{"embeddable":true,"href":"https:\/\/utfpr.curitiba.br\/proto\/wp-json\/wp\/v2\/comments?post=365"}],"version-history":[{"count":1,"href":"https:\/\/utfpr.curitiba.br\/proto\/wp-json\/wp\/v2\/pages\/365\/revisions"}],"predecessor-version":[{"id":367,"href":"https:\/\/utfpr.curitiba.br\/proto\/wp-json\/wp\/v2\/pages\/365\/revisions\/367"}],"up":[{"embeddable":true,"href":"https:\/\/utfpr.curitiba.br\/proto\/wp-json\/wp\/v2\/pages\/53"}],"wp:attachment":[{"href":"https:\/\/utfpr.curitiba.br\/proto\/wp-json\/wp\/v2\/media?parent=365"}],"curies":[{"name":"wp","href":"https:\/\/api.w.org\/{rel}","templated":true}]}}