{"id":361,"date":"2025-03-05T19:35:05","date_gmt":"2025-03-05T22:35:05","guid":{"rendered":"https:\/\/utfpr.curitiba.br\/proto\/?page_id=361"},"modified":"2025-03-05T19:59:17","modified_gmt":"2025-03-05T22:59:17","slug":"lixadeira-de-cinta-e-disco","status":"publish","type":"page","link":"https:\/\/utfpr.curitiba.br\/proto\/oquesomos\/recursos\/lixadeira-de-cinta-e-disco\/","title":{"rendered":"Lixadeira de Cinta e Disco"},"content":{"rendered":"\n<div class=\"wp-block-media-text is-stacked-on-mobile\"><figure class=\"wp-block-media-text__media\"><img fetchpriority=\"high\" decoding=\"async\" width=\"800\" height=\"800\" src=\"https:\/\/utfpr-ct-static-content.s3.amazonaws.com\/utfpr.curitiba.br\/wp-content\/uploads\/sites\/190\/2025\/03\/MR-43-1.png\" alt=\"\" class=\"wp-image-362 size-full\" srcset=\"https:\/\/utfpr-ct-static-content.s3.amazonaws.com\/utfpr.curitiba.br\/wp-content\/uploads\/sites\/190\/2025\/03\/MR-43-1.png 800w, https:\/\/utfpr-ct-static-content.s3.amazonaws.com\/utfpr.curitiba.br\/wp-content\/uploads\/sites\/190\/2025\/03\/MR-43-1-300x300.png 300w, https:\/\/utfpr-ct-static-content.s3.amazonaws.com\/utfpr.curitiba.br\/wp-content\/uploads\/sites\/190\/2025\/03\/MR-43-1-150x150.png 150w, https:\/\/utfpr-ct-static-content.s3.amazonaws.com\/utfpr.curitiba.br\/wp-content\/uploads\/sites\/190\/2025\/03\/MR-43-1-768x768.png 768w\" sizes=\"(max-width: 800px) 100vw, 800px\" \/><\/figure><div class=\"wp-block-media-text__content\">\n<p><strong>Modelo Manrod MR-43<\/strong><\/p>\n\n\n\n<p><strong><a href=\"https:\/\/manrod.com.br\/product\/lixadeira-de-cinta-e-disco-3\/\">P\u00e1gina do Fabricante<\/a><\/strong><\/p>\n\n\n\n<p><strong>Acesso mediante habilita\u00e7\u00e3o<\/strong><\/p>\n\n\n\n<p><strong>Uso obrigat\u00f3rio de \u00f3culos de prote\u00e7\u00e3o<\/strong><\/p>\n\n\n\n<p><strong>Voltagem 220V<\/strong><\/p>\n\n\n\n<p><strong>Recomenda\u00e7\u00f5es: <\/strong>No uso das esquadrias, procurar calibrar com esquadros externos antes de ajustar via gradua\u00e7\u00f5es da m\u00e1quina. Conectar aspiradores de p\u00f3 antes de qualquer opera\u00e7\u00e3o.<\/p>\n<\/div><\/div>\n","protected":false},"excerpt":{"rendered":"<p>Modelo Manrod MR-43 P\u00e1gina do Fabricante Acesso mediante habilita\u00e7\u00e3o Uso obrigat\u00f3rio de \u00f3culos de prote\u00e7\u00e3o Voltagem 220V Recomenda\u00e7\u00f5es: No uso das esquadrias, procurar calibrar com esquadros externos antes de ajustar via gradua\u00e7\u00f5es da m\u00e1quina. Conectar aspiradores de p\u00f3 antes de qualquer opera\u00e7\u00e3o.<\/p>\n","protected":false},"author":327,"featured_media":0,"parent":53,"menu_order":3,"comment_status":"closed","ping_status":"closed","template":"","meta":{"footnotes":""},"class_list":["post-361","page","type-page","status-publish","hentry"],"_links":{"self":[{"href":"https:\/\/utfpr.curitiba.br\/proto\/wp-json\/wp\/v2\/pages\/361","targetHints":{"allow":["GET"]}}],"collection":[{"href":"https:\/\/utfpr.curitiba.br\/proto\/wp-json\/wp\/v2\/pages"}],"about":[{"href":"https:\/\/utfpr.curitiba.br\/proto\/wp-json\/wp\/v2\/types\/page"}],"author":[{"embeddable":true,"href":"https:\/\/utfpr.curitiba.br\/proto\/wp-json\/wp\/v2\/users\/327"}],"replies":[{"embeddable":true,"href":"https:\/\/utfpr.curitiba.br\/proto\/wp-json\/wp\/v2\/comments?post=361"}],"version-history":[{"count":1,"href":"https:\/\/utfpr.curitiba.br\/proto\/wp-json\/wp\/v2\/pages\/361\/revisions"}],"predecessor-version":[{"id":363,"href":"https:\/\/utfpr.curitiba.br\/proto\/wp-json\/wp\/v2\/pages\/361\/revisions\/363"}],"up":[{"embeddable":true,"href":"https:\/\/utfpr.curitiba.br\/proto\/wp-json\/wp\/v2\/pages\/53"}],"wp:attachment":[{"href":"https:\/\/utfpr.curitiba.br\/proto\/wp-json\/wp\/v2\/media?parent=361"}],"curies":[{"name":"wp","href":"https:\/\/api.w.org\/{rel}","templated":true}]}}