{"id":356,"date":"2025-03-05T19:09:03","date_gmt":"2025-03-05T22:09:03","guid":{"rendered":"https:\/\/utfpr.curitiba.br\/proto\/?page_id=356"},"modified":"2025-03-05T19:19:12","modified_gmt":"2025-03-05T22:19:12","slug":"maquina-de-corte-a-laser","status":"publish","type":"page","link":"https:\/\/utfpr.curitiba.br\/proto\/oquesomos\/recursos\/maquina-de-corte-a-laser\/","title":{"rendered":"Corte a Laser"},"content":{"rendered":"\n<div class=\"wp-block-media-text is-stacked-on-mobile\"><figure class=\"wp-block-media-text__media\"><img fetchpriority=\"high\" decoding=\"async\" width=\"1024\" height=\"558\" src=\"https:\/\/utfpr-ct-static-content.s3.amazonaws.com\/utfpr.curitiba.br\/wp-content\/uploads\/sites\/190\/2025\/02\/PROTO-Cortealaser-250225-scaled-e1740699776525-1024x558.jpg\" alt=\"\" class=\"wp-image-156 size-full\" srcset=\"https:\/\/utfpr-ct-static-content.s3.amazonaws.com\/utfpr.curitiba.br\/wp-content\/uploads\/sites\/190\/2025\/02\/PROTO-Cortealaser-250225-scaled-e1740699776525-1024x558.jpg 1024w, https:\/\/utfpr-ct-static-content.s3.amazonaws.com\/utfpr.curitiba.br\/wp-content\/uploads\/sites\/190\/2025\/02\/PROTO-Cortealaser-250225-scaled-e1740699776525-300x163.jpg 300w, https:\/\/utfpr-ct-static-content.s3.amazonaws.com\/utfpr.curitiba.br\/wp-content\/uploads\/sites\/190\/2025\/02\/PROTO-Cortealaser-250225-scaled-e1740699776525-768x419.jpg 768w, https:\/\/utfpr-ct-static-content.s3.amazonaws.com\/utfpr.curitiba.br\/wp-content\/uploads\/sites\/190\/2025\/02\/PROTO-Cortealaser-250225-scaled-e1740699776525-1536x837.jpg 1536w, https:\/\/utfpr-ct-static-content.s3.amazonaws.com\/utfpr.curitiba.br\/wp-content\/uploads\/sites\/190\/2025\/02\/PROTO-Cortealaser-250225-scaled-e1740699776525-2048x1116.jpg 2048w\" sizes=\"(max-width: 1024px) 100vw, 1024px\" \/><\/figure><div class=\"wp-block-media-text__content\">\n<p><strong>CNC Laser RL1390-S2<\/strong><\/p>\n\n\n\n<p><strong>Acesso mediante habilita\u00e7\u00e3o <\/strong><\/p>\n\n\n\n<p><strong>Voltagem 220V<\/strong><\/p>\n\n\n\n<p><strong>Recomenda\u00e7\u00f5es:<\/strong> Ligar o Chiller primeiro e depois a m\u00e1quina. Desligar o Chiller por \u00faltimo. S\u00f3 ativar a pot\u00eancia do laser ap\u00f3s simular opera\u00e7\u00e3o sem laser.<\/p>\n<\/div><\/div>\n","protected":false},"excerpt":{"rendered":"<p>CNC Laser RL1390-S2 Acesso mediante habilita\u00e7\u00e3o Voltagem 220V Recomenda\u00e7\u00f5es: Ligar o Chiller primeiro e depois a m\u00e1quina. Desligar o Chiller por \u00faltimo. S\u00f3 ativar a pot\u00eancia do laser ap\u00f3s simular opera\u00e7\u00e3o sem laser.<\/p>\n","protected":false},"author":327,"featured_media":0,"parent":53,"menu_order":2,"comment_status":"closed","ping_status":"closed","template":"","meta":{"footnotes":""},"class_list":["post-356","page","type-page","status-publish","hentry"],"_links":{"self":[{"href":"https:\/\/utfpr.curitiba.br\/proto\/wp-json\/wp\/v2\/pages\/356","targetHints":{"allow":["GET"]}}],"collection":[{"href":"https:\/\/utfpr.curitiba.br\/proto\/wp-json\/wp\/v2\/pages"}],"about":[{"href":"https:\/\/utfpr.curitiba.br\/proto\/wp-json\/wp\/v2\/types\/page"}],"author":[{"embeddable":true,"href":"https:\/\/utfpr.curitiba.br\/proto\/wp-json\/wp\/v2\/users\/327"}],"replies":[{"embeddable":true,"href":"https:\/\/utfpr.curitiba.br\/proto\/wp-json\/wp\/v2\/comments?post=356"}],"version-history":[{"count":2,"href":"https:\/\/utfpr.curitiba.br\/proto\/wp-json\/wp\/v2\/pages\/356\/revisions"}],"predecessor-version":[{"id":360,"href":"https:\/\/utfpr.curitiba.br\/proto\/wp-json\/wp\/v2\/pages\/356\/revisions\/360"}],"up":[{"embeddable":true,"href":"https:\/\/utfpr.curitiba.br\/proto\/wp-json\/wp\/v2\/pages\/53"}],"wp:attachment":[{"href":"https:\/\/utfpr.curitiba.br\/proto\/wp-json\/wp\/v2\/media?parent=356"}],"curies":[{"name":"wp","href":"https:\/\/api.w.org\/{rel}","templated":true}]}}