{"id":353,"date":"2025-03-05T18:57:00","date_gmt":"2025-03-05T21:57:00","guid":{"rendered":"https:\/\/utfpr.curitiba.br\/proto\/?page_id=353"},"modified":"2025-03-05T19:38:07","modified_gmt":"2025-03-05T22:38:07","slug":"impressora-3d","status":"publish","type":"page","link":"https:\/\/utfpr.curitiba.br\/proto\/oquesomos\/recursos\/impressora-3d\/","title":{"rendered":"Impressora 3D"},"content":{"rendered":"\n<div class=\"wp-block-media-text is-stacked-on-mobile\"><figure class=\"wp-block-media-text__media\"><img fetchpriority=\"high\" decoding=\"async\" width=\"894\" height=\"772\" src=\"https:\/\/utfpr-ct-static-content.s3.amazonaws.com\/utfpr.curitiba.br\/wp-content\/uploads\/sites\/190\/2025\/03\/71i2WNHx8HL._AC_UF8941000_QL80_.jpg\" alt=\"\" class=\"wp-image-354 size-full\" srcset=\"https:\/\/utfpr-ct-static-content.s3.amazonaws.com\/utfpr.curitiba.br\/wp-content\/uploads\/sites\/190\/2025\/03\/71i2WNHx8HL._AC_UF8941000_QL80_.jpg 894w, https:\/\/utfpr-ct-static-content.s3.amazonaws.com\/utfpr.curitiba.br\/wp-content\/uploads\/sites\/190\/2025\/03\/71i2WNHx8HL._AC_UF8941000_QL80_-300x259.jpg 300w, https:\/\/utfpr-ct-static-content.s3.amazonaws.com\/utfpr.curitiba.br\/wp-content\/uploads\/sites\/190\/2025\/03\/71i2WNHx8HL._AC_UF8941000_QL80_-768x663.jpg 768w\" sizes=\"(max-width: 894px) 100vw, 894px\" \/><\/figure><div class=\"wp-block-media-text__content\">\n<p><strong>Impressora Ender 3 Max Neo<\/strong><\/p>\n\n\n\n<p><strong><a href=\"https:\/\/www.creality.com\/products\/ender-3-max-neo-3d-printer\">P\u00e1gina do Fabricante<\/a><\/strong><\/p>\n\n\n\n<p><strong>Acesso mediante habilita\u00e7\u00e3o<\/strong><\/p>\n\n\n\n<p><strong>Voltagem <mark class=\"has-inline-color has-vivid-red-color\">MANUAL<\/mark> 127V ou 220V <\/strong><\/p>\n\n\n\n<p><strong>Recomenda\u00e7\u00f5es:<\/strong> Verificar a tens\u00e3o da tomada antes de ligar, a troca de tens\u00e3o n\u00e3o \u00e9 autom\u00e1tica.<\/p>\n<\/div><\/div>\n","protected":false},"excerpt":{"rendered":"<p>Impressora Ender 3 Max Neo P\u00e1gina do Fabricante Acesso mediante habilita\u00e7\u00e3o Voltagem MANUAL 127V ou 220V Recomenda\u00e7\u00f5es: Verificar a tens\u00e3o da tomada antes de ligar, a troca de tens\u00e3o n\u00e3o \u00e9 autom\u00e1tica.<\/p>\n","protected":false},"author":327,"featured_media":0,"parent":53,"menu_order":1,"comment_status":"closed","ping_status":"closed","template":"","meta":{"footnotes":""},"class_list":["post-353","page","type-page","status-publish","hentry"],"_links":{"self":[{"href":"https:\/\/utfpr.curitiba.br\/proto\/wp-json\/wp\/v2\/pages\/353","targetHints":{"allow":["GET"]}}],"collection":[{"href":"https:\/\/utfpr.curitiba.br\/proto\/wp-json\/wp\/v2\/pages"}],"about":[{"href":"https:\/\/utfpr.curitiba.br\/proto\/wp-json\/wp\/v2\/types\/page"}],"author":[{"embeddable":true,"href":"https:\/\/utfpr.curitiba.br\/proto\/wp-json\/wp\/v2\/users\/327"}],"replies":[{"embeddable":true,"href":"https:\/\/utfpr.curitiba.br\/proto\/wp-json\/wp\/v2\/comments?post=353"}],"version-history":[{"count":2,"href":"https:\/\/utfpr.curitiba.br\/proto\/wp-json\/wp\/v2\/pages\/353\/revisions"}],"predecessor-version":[{"id":364,"href":"https:\/\/utfpr.curitiba.br\/proto\/wp-json\/wp\/v2\/pages\/353\/revisions\/364"}],"up":[{"embeddable":true,"href":"https:\/\/utfpr.curitiba.br\/proto\/wp-json\/wp\/v2\/pages\/53"}],"wp:attachment":[{"href":"https:\/\/utfpr.curitiba.br\/proto\/wp-json\/wp\/v2\/media?parent=353"}],"curies":[{"name":"wp","href":"https:\/\/api.w.org\/{rel}","templated":true}]}}