{"id":35,"date":"2024-11-29T12:16:46","date_gmt":"2024-11-29T15:16:46","guid":{"rendered":"https:\/\/utfpr.curitiba.br\/proto\/?page_id=35"},"modified":"2024-11-29T15:45:25","modified_gmt":"2024-11-29T18:45:25","slug":"backlog","status":"publish","type":"page","link":"https:\/\/utfpr.curitiba.br\/proto\/oquesomos\/infraestrutura\/backlog\/","title":{"rendered":"Backlog"},"content":{"rendered":"\n<div class=\"wp-block-group\"><div class=\"wp-block-group__inner-container is-layout-constrained wp-block-group-is-layout-constrained\">\n<div class=\"wp-block-columns is-layout-flex wp-container-core-columns-is-layout-9d6595d7 wp-block-columns-is-layout-flex\">\n<div class=\"wp-block-column is-layout-flow wp-block-column-is-layout-flow\" style=\"flex-basis:100%\">\n<figure style=\"font-size:16px\" class=\"wp-block-table\"><table class=\"has-luminous-vivid-amber-background-color has-background\"><tbody><tr><td><strong>INFRAESTRUTURA<\/strong><\/td><td><s>Realocar os equipamentos do Aerodesign<\/s><br><s>Identificar os danos causados pela opera\u00e7\u00e3o pr\u00e9via<\/s><br><s>Realizar os reparos necess\u00e1rios<\/s><br><s>Planejar a disposi\u00e7\u00e3o adequada dos novos equipamentos e bancadas de trabalho<\/s><br>Ampliar os pontos de \u00e1gua de acordo com a demanda dos novos equipamentos<br>Ampliar os pontos de luz de acordo com a disposi\u00e7\u00f5es das \u00e1reas de trabalho<br>Instalar e reposicionar lumin\u00e1rias<br>Redistribuir os pontos de energia el\u00e9trica de acordo com a posi\u00e7\u00e3o dos equipamentos e bancadas<br><s>Verificar a qualidade da rede de internet sem fio<\/s><br>Instalar pontos de rede a cabo para os computadores<br>Instalar um sistema de ventila\u00e7\u00e3o e exaust\u00e3o\u00a0<br><s>Organizar e posicionar os equipamentos e bancadas de acordo com layout definitivo<\/s><\/td><\/tr><tr><td><strong>OPERA\u00c7\u00c3O<\/strong><\/td><td>Elaborar os manuais de opera\u00e7\u00e3o de todos os equipamentos de acordo com o fabricante<br>Criar um documento de boas pr\u00e1ticas operacionais (seguran\u00e7a, otimiza\u00e7\u00e3o dos recursos etc.)<br>Imprimir os manuais<br>Enquadrar os manuais pr\u00f3ximos \u00e0s m\u00e1quinas, de forma vis\u00edvel aos usu\u00e1rios\u00a0<br>Arquivar os documentos em um drive (cloud)<br>Como alternativa, exibir QR Codes pelo laborat\u00f3rio para acessar os documentos digitalmente<br>Elaborar um site oficial ou uma p\u00e1gina no moodle, sendo outra alternativa de comunica\u00e7\u00e3o<br><s>Contratar um gestor qualificado para supervis\u00e3o constante (professor, estagi\u00e1rio ou bolsista)<\/s><br>Capacitar o gestor para prestar treinamento aos usu\u00e1rios<br>Garantir a elabora\u00e7\u00e3o de um relat\u00f3rio operacional semanal pelo gestor<br>Instruir os professores do curso a utilizar o PROTO para aulas pr\u00e1ticas e disseminar conhecimento<\/td><\/tr><tr><td><strong>SEGURAN\u00c7A<\/strong><\/td><td>Adequar a opera\u00e7\u00e3o de acordo com a Instru\u00e7\u00e3o Normativa IN 01\/2023 do DAMEC<br>Identificar as \u00e1reas de maior risco de acordo com os equipamentos\u00a0<br>Sinalizar as \u00e1reas de risco de acordo com seu n\u00edvel de acesso (livre, guiado, restrito)<br>Adquirir e disponibilizar todos os EPIs necess\u00e1rios de acordo com a capacidade de usu\u00e1rios<br>Adquirir e disponibilizar kits de primeiros socorros<br>Dispor adequadamente extintores de inc\u00eandio<br>Documentar e disponibilizar procedimentos de emerg\u00eancia de forma f\u00edsica ou digital<br>Seguir rigorosamente o processo de manuten\u00e7\u00e3o preventiva<br>Garantir o treinamento e supervis\u00e3o de todos os usu\u00e1rios<br>Analisar a necessidade de registrar ci\u00eancia e responsabiliza\u00e7\u00e3o perante os termos de seguran\u00e7a<br>Garantir a leitura dos manuais de opera\u00e7\u00e3o dos equipamentos a serem utilizados<br>Conferir o funcionamento das c\u00e2meras de seguran\u00e7a<br>Consultar um Engenheiro de Seguran\u00e7a<br>Estudar e aplicar normativas (NR-06, NR-10, NR-12)<br>Definir penaliza\u00e7\u00f5es aos usu\u00e1rios que descumprirem regras de seguran\u00e7a<br><s>Promover boas pr\u00e1ticas e cultura de seguran\u00e7a<\/s><\/td><\/tr><tr><td><strong>ORGANIZA\u00c7\u00c3O E LIMPEZA<\/strong><\/td><td>Definir os procedimentos de arruma\u00e7\u00e3o e limpeza ap\u00f3s o uso<br>Garantir que os usu\u00e1rios organizem suas esta\u00e7\u00f5es de trabalho e retornem as ferramentas<br>Incluir esse procedimento nos manuais operacionais<br>Sinalizar e categorizar os espa\u00e7os de armazenamento por \u00e1reas de trabalho<br>Definir os m\u00e9todos de descarte adequado e reutiliza\u00e7\u00e3o dos restos de materiais<br>Contratar o servi\u00e7o de limpeza com frequ\u00eancia m\u00ednima semanal<br>Criar um quadro kanban ou cronograma vis\u00edvel com as rotinas de trabalho<br>Manter o controle de acesso ao p\u00fablico com agendamentos bem definidos<\/td><\/tr><tr><td><strong>MANUTEN\u00c7\u00c3O<\/strong><\/td><td>Documentar os processos de manuten\u00e7\u00e3o preventiva de acordo com as recomenda\u00e7\u00f5es do fabricante<br>Manter a atualiza\u00e7\u00e3o dos processos sempre que novos equipamentos forem adquiridos<br>Identificar padr\u00f5es de pe\u00e7as que frequentemente precisam ser substitu\u00eddas<br>Criar um estoque de reposi\u00e7\u00e3o<br>Estabelecer rotinas de limpeza, lubrifica\u00e7\u00e3o e calibragem dos equipamentos<\/td><\/tr><tr><td><strong>DOCUMENTA\u00c7\u00c3O<\/strong><\/td><td>Criar o acervo f\u00edsico de arquivamento<br>Criar o acervo digital em drives na nuvem<br>Desenvolver um website oficial para comunica\u00e7\u00e3o e incentivo ao uso<br>Avaliar a possibilidade de utiliza\u00e7\u00e3o da plataforma Moodle<br>Estabelecer o processo de envio de documentos relevantes aos usu\u00e1rios ap\u00f3s o agendamento<br>Elaborar todos os manuais operacionais contendo aspectos de seguran\u00e7a, manuten\u00e7\u00e3o e usabilidade<br>Rever e atualizar constantemente a listagem de manuais da se\u00e7\u00e3o 6.3.6 do PD<\/td><\/tr><tr><td><strong>ARMAZENAMENTO<\/strong><\/td><td><s>Adquirir as bancadas de trabalho com portas e gavetas<br>Dispor arm\u00e1rios com portas e abertos (ou prateleiras)<br>Dispor carrinhos de ferramentas com portas e gavetas<br>Dispor organizadores verticais de pequenos componentes mec\u00e2nicos e eletr\u00f4nicos<br>Dispor porta objetos horizontais nas bancadas de trabalho e gavetas<\/s><br>Adquirir estufas com controle de temperatura e umidade para materiais especiais<br>Categorizar e sinalizar todos os espa\u00e7os de armazenamento<br>Estabilizar o controle de estoque com planilhas (entradas e sa\u00eddas)<br>Estabelecer o processo de aquisi\u00e7\u00f5es (solicita\u00e7\u00e3o, aprova\u00e7\u00e3o, pedido e recebimento)<br>Estabelecer um sistema de estoque m\u00ednimo<br>Seguir as recomenda\u00e7\u00f5es de armazenamento de todos os materiais adquiridos<\/td><\/tr><tr><td><strong>ACESSO<\/strong><\/td><td>Reavaliar constantemente se as quantidades de recursos dispon\u00edveis s\u00e3o compat\u00edveis com a demanda<br>Estabelecer o sistema de agendamento por e-mail<br>Garantir as especifica\u00e7\u00f5es necess\u00e1rias nos e-mails de agendamento (hor\u00e1rio e descri\u00e7\u00e3o operacional)<br>Estabelecer o processo de resposta ao agendamento (confirma\u00e7\u00e3o, sugest\u00e3o e anexos)<\/td><\/tr><tr><td><strong>ESTIMULAR O INTERESSE<\/strong><\/td><td>Planejar a\u00e7\u00f5es de marketing<br>Realizar palestras e apresenta\u00e7\u00f5es sobre os recursos, demonstra\u00e7\u00f5es de resultado e cases de sucesso<br>Realizar eventos e workshops para demonstrar fun\u00e7\u00f5es e instruir o uso<br>Firmar parcerias com empresas do setor industrial<br>Instruir os professores a vincularem o uso do laborat\u00f3rio com seus planos de ensino<br><s>Disponibilizar espa\u00e7o para reuni\u00f5es<\/s><br>Selecionar e expor os melhores projetos e artefatos criados<\/td><\/tr><tr><td><strong>MATERIAIS E EQUIPAMENTOS<\/strong><\/td><td>Adquirir a lista de materiais da se\u00e7\u00e3o 6.5 do PD<br>Adquirir de forma evolutiva (conforme disponibilidade de recursos) a lista de equipamentos da se\u00e7\u00e3o 6.5 do PD<br>Estabelecer um v\u00ednculo operacional com os demais laborat\u00f3rios do curso<br>Adquirir as licen\u00e7as dos softwares listados<\/td><\/tr><tr><td><strong>ENSINO E APRENDIZAGEM<\/strong><\/td><td>Disponibilizar materiais did\u00e1ticos<br>Estabelecer um v\u00ednculo com a biblioteca do campus<br>Incentivar o uso did\u00e1tico pelos professores do curso<br>Criar e aplicar pesquisas de satisfa\u00e7\u00e3o aos usu\u00e1rios<br>Disponibilizar um m\u00e9todo de capta\u00e7\u00e3o de feedbacks<br>Agir continuamente para melhorar os recursos oferecidos perante as pesquisas e feedbacks<br>Agendar reuni\u00f5es de discuss\u00e3o de desempenho com professores e alunos<\/td><\/tr><tr><td><strong>MEIO AMBIENTE<\/strong><\/td><td>Priorizar a aquisi\u00e7\u00e3o de materiais biodegrad\u00e1veis<br>Estabelecer uma gest\u00e3o de res\u00edduos<br>Reutilizar materiais<br>Reciclar materiais<br>Evitar desperd\u00edcios<br>Priorizar a efici\u00eancia energ\u00e9tica na escolha dos equipamentos<\/td><\/tr><tr><td><strong>RECURSOS FINANCEIROS<\/strong><\/td><td>Realizar um planejamento or\u00e7ament\u00e1rio para implanta\u00e7\u00e3o e manuten\u00e7\u00e3o do laborat\u00f3rio<br>Instruir os usu\u00e1rios em rela\u00e7\u00e3o a preserva\u00e7\u00e3o dos equipamentos<br><s>Monitorar e documentar os gastos realizados<\/s><br>Realizar an\u00e1lises de custo\/benef\u00edcio para todas as aquisi\u00e7\u00f5es<br>Buscar parcerias com empresas que possam patrocinar recursos<br>Buscar parcerias com outras \u00e1reas do DAMEC<br><s>Prever com um ano de anteced\u00eancia as aquisi\u00e7\u00f5es para registro no PGC<\/s><br><s>Seguir o processo de compras conforme normativas internas da UTFPR<\/s><\/td><\/tr><\/tbody><\/table><\/figure>\n<\/div>\n<\/div>\n<\/div><\/div>\n","protected":false},"excerpt":{"rendered":"<p>INFRAESTRUTURA Realocar os equipamentos do AerodesignIdentificar os danos causados pela opera\u00e7\u00e3o pr\u00e9viaRealizar os reparos necess\u00e1riosPlanejar a disposi\u00e7\u00e3o adequada dos novos equipamentos e bancadas de trabalhoAmpliar os pontos de \u00e1gua de acordo com a demanda dos novos equipamentosAmpliar os pontos de luz de acordo com a disposi\u00e7\u00f5es das \u00e1reas de trabalhoInstalar e reposicionar lumin\u00e1riasRedistribuir os pontos [&hellip;]<\/p>\n","protected":false},"author":327,"featured_media":0,"parent":16,"menu_order":2,"comment_status":"closed","ping_status":"closed","template":"","meta":{"footnotes":""},"class_list":["post-35","page","type-page","status-publish","hentry"],"_links":{"self":[{"href":"https:\/\/utfpr.curitiba.br\/proto\/wp-json\/wp\/v2\/pages\/35","targetHints":{"allow":["GET"]}}],"collection":[{"href":"https:\/\/utfpr.curitiba.br\/proto\/wp-json\/wp\/v2\/pages"}],"about":[{"href":"https:\/\/utfpr.curitiba.br\/proto\/wp-json\/wp\/v2\/types\/page"}],"author":[{"embeddable":true,"href":"https:\/\/utfpr.curitiba.br\/proto\/wp-json\/wp\/v2\/users\/327"}],"replies":[{"embeddable":true,"href":"https:\/\/utfpr.curitiba.br\/proto\/wp-json\/wp\/v2\/comments?post=35"}],"version-history":[{"count":11,"href":"https:\/\/utfpr.curitiba.br\/proto\/wp-json\/wp\/v2\/pages\/35\/revisions"}],"predecessor-version":[{"id":52,"href":"https:\/\/utfpr.curitiba.br\/proto\/wp-json\/wp\/v2\/pages\/35\/revisions\/52"}],"up":[{"embeddable":true,"href":"https:\/\/utfpr.curitiba.br\/proto\/wp-json\/wp\/v2\/pages\/16"}],"wp:attachment":[{"href":"https:\/\/utfpr.curitiba.br\/proto\/wp-json\/wp\/v2\/media?parent=35"}],"curies":[{"name":"wp","href":"https:\/\/api.w.org\/{rel}","templated":true}]}}