{"id":348,"date":"2025-03-05T18:45:34","date_gmt":"2025-03-05T21:45:34","guid":{"rendered":"https:\/\/utfpr.curitiba.br\/proto\/?page_id=348"},"modified":"2025-03-06T15:46:40","modified_gmt":"2025-03-06T18:46:40","slug":"serra-meia-esquadria","status":"publish","type":"page","link":"https:\/\/utfpr.curitiba.br\/proto\/oquesomos\/recursos\/serra-meia-esquadria\/","title":{"rendered":"Serra Meia Esquadria"},"content":{"rendered":"\n<div class=\"wp-block-media-text is-stacked-on-mobile\"><figure class=\"wp-block-media-text__media\"><img fetchpriority=\"high\" decoding=\"async\" width=\"900\" height=\"928\" src=\"https:\/\/utfpr-ct-static-content.s3.amazonaws.com\/utfpr.curitiba.br\/wp-content\/uploads\/sites\/190\/2025\/03\/serra-meia-esquadria-10-1600-w-127-v-4511185-1574102440246.jpg\" alt=\"\" class=\"wp-image-349 size-full\" srcset=\"https:\/\/utfpr-ct-static-content.s3.amazonaws.com\/utfpr.curitiba.br\/wp-content\/uploads\/sites\/190\/2025\/03\/serra-meia-esquadria-10-1600-w-127-v-4511185-1574102440246.jpg 900w, https:\/\/utfpr-ct-static-content.s3.amazonaws.com\/utfpr.curitiba.br\/wp-content\/uploads\/sites\/190\/2025\/03\/serra-meia-esquadria-10-1600-w-127-v-4511185-1574102440246-291x300.jpg 291w, https:\/\/utfpr-ct-static-content.s3.amazonaws.com\/utfpr.curitiba.br\/wp-content\/uploads\/sites\/190\/2025\/03\/serra-meia-esquadria-10-1600-w-127-v-4511185-1574102440246-768x792.jpg 768w\" sizes=\"(max-width: 900px) 100vw, 900px\" \/><\/figure><div class=\"wp-block-media-text__content\">\n<p class=\"has-text-align-center has-small-font-size\"><\/p>\n\n\n\n<p><strong>Acesso restrito<\/strong> &#8211; Somente o Professor pode Operar<\/p>\n\n\n\n<p><strong>Voltagem <mark class=\"has-inline-color has-black-color\">127V<\/mark><\/strong><\/p>\n\n\n\n<p><strong>Uso obrigat\u00f3rio de \u00f3culos de prote\u00e7\u00e3o<\/strong><\/p>\n\n\n\n<p><strong>Recomenda\u00e7\u00f5es: <\/strong>Nunca travar as duas metades do material em corte, um dos lados deve ficar livre.<\/p>\n\n\n\n<p><\/p>\n<\/div><\/div>\n\n\n\n<p><\/p>\n","protected":false},"excerpt":{"rendered":"<p>Acesso restrito &#8211; Somente o Professor pode Operar Voltagem 127V Uso obrigat\u00f3rio de \u00f3culos de prote\u00e7\u00e3o Recomenda\u00e7\u00f5es: Nunca travar as duas metades do material em corte, um dos lados deve ficar livre.<\/p>\n","protected":false},"author":327,"featured_media":0,"parent":53,"menu_order":10,"comment_status":"closed","ping_status":"closed","template":"","meta":{"footnotes":""},"class_list":["post-348","page","type-page","status-publish","hentry"],"_links":{"self":[{"href":"https:\/\/utfpr.curitiba.br\/proto\/wp-json\/wp\/v2\/pages\/348","targetHints":{"allow":["GET"]}}],"collection":[{"href":"https:\/\/utfpr.curitiba.br\/proto\/wp-json\/wp\/v2\/pages"}],"about":[{"href":"https:\/\/utfpr.curitiba.br\/proto\/wp-json\/wp\/v2\/types\/page"}],"author":[{"embeddable":true,"href":"https:\/\/utfpr.curitiba.br\/proto\/wp-json\/wp\/v2\/users\/327"}],"replies":[{"embeddable":true,"href":"https:\/\/utfpr.curitiba.br\/proto\/wp-json\/wp\/v2\/comments?post=348"}],"version-history":[{"count":5,"href":"https:\/\/utfpr.curitiba.br\/proto\/wp-json\/wp\/v2\/pages\/348\/revisions"}],"predecessor-version":[{"id":388,"href":"https:\/\/utfpr.curitiba.br\/proto\/wp-json\/wp\/v2\/pages\/348\/revisions\/388"}],"up":[{"embeddable":true,"href":"https:\/\/utfpr.curitiba.br\/proto\/wp-json\/wp\/v2\/pages\/53"}],"wp:attachment":[{"href":"https:\/\/utfpr.curitiba.br\/proto\/wp-json\/wp\/v2\/media?parent=348"}],"curies":[{"name":"wp","href":"https:\/\/api.w.org\/{rel}","templated":true}]}}