{"id":268,"date":"2025-02-26T09:56:23","date_gmt":"2025-02-26T12:56:23","guid":{"rendered":"https:\/\/utfpr.curitiba.br\/proto\/?page_id=268"},"modified":"2025-02-26T13:06:02","modified_gmt":"2025-02-26T16:06:02","slug":"emergencia","status":"publish","type":"page","link":"https:\/\/utfpr.curitiba.br\/proto\/procedimentos\/emergencia\/","title":{"rendered":"Emerg\u00eancia"},"content":{"rendered":"\n<p>Servidores, estudantes e trabalhadores terceirizados do campus Curitiba da UTFPR devem acionar a SUMMUS Emerg\u00eancias M\u00e9dicas (<strong>41 3026-4400 e 41 99602-1743<\/strong>), o SAMU (Servi\u00e7o de Atendimento M\u00f3vel de Urg\u00eancia Curitiba &#8211; <strong>192<\/strong>) ou o SIATE (Servi\u00e7o Integrado de Atendimento ao Trauma em Emerg\u00eancia &#8211; <strong>193<\/strong>) em casos de emerg\u00eancias de sa\u00fade e traumas nas tr\u00eas sedes: Centro, Ecoville e Neoville.<\/p>\n\n\n\n<p><a href=\"https:\/\/www.utfpr.edu.br\/noticias\/curitiba\/comunidade-academica-deve-contatar-summus-samu-ou-siate-em-caso-de-emergencias-de-saude\">https:\/\/www.utfpr.edu.br\/noticias\/curitiba\/comunidade-academica-deve-contatar-summus-samu-ou-siate-em-caso-de-emergencias-de-saude<\/a><\/p>\n\n\n\n<p><\/p>\n\n\n<div class=\"wp-block-image\">\n<figure class=\"aligncenter size-full\"><img fetchpriority=\"high\" decoding=\"async\" width=\"960\" height=\"540\" src=\"https:\/\/utfpr-ct-static-content.s3.amazonaws.com\/utfpr.curitiba.br\/wp-content\/uploads\/sites\/190\/2025\/02\/Slide17-Ambulancia2.png\" alt=\"\" class=\"wp-image-278\" srcset=\"https:\/\/utfpr-ct-static-content.s3.amazonaws.com\/utfpr.curitiba.br\/wp-content\/uploads\/sites\/190\/2025\/02\/Slide17-Ambulancia2.png 960w, https:\/\/utfpr-ct-static-content.s3.amazonaws.com\/utfpr.curitiba.br\/wp-content\/uploads\/sites\/190\/2025\/02\/Slide17-Ambulancia2-300x169.png 300w, https:\/\/utfpr-ct-static-content.s3.amazonaws.com\/utfpr.curitiba.br\/wp-content\/uploads\/sites\/190\/2025\/02\/Slide17-Ambulancia2-768x432.png 768w\" sizes=\"(max-width: 960px) 100vw, 960px\" \/><\/figure>\n<\/div>","protected":false},"excerpt":{"rendered":"<p>Servidores, estudantes e trabalhadores terceirizados do campus Curitiba da UTFPR devem acionar a SUMMUS Emerg\u00eancias M\u00e9dicas (41 3026-4400 e 41 99602-1743), o SAMU (Servi\u00e7o de Atendimento M\u00f3vel de Urg\u00eancia Curitiba &#8211; 192) ou o SIATE (Servi\u00e7o Integrado de Atendimento ao Trauma em Emerg\u00eancia &#8211; 193) em casos de emerg\u00eancias de sa\u00fade e traumas nas tr\u00eas [&hellip;]<\/p>\n","protected":false},"author":327,"featured_media":0,"parent":238,"menu_order":2,"comment_status":"closed","ping_status":"closed","template":"","meta":{"footnotes":""},"class_list":["post-268","page","type-page","status-publish","hentry"],"_links":{"self":[{"href":"https:\/\/utfpr.curitiba.br\/proto\/wp-json\/wp\/v2\/pages\/268","targetHints":{"allow":["GET"]}}],"collection":[{"href":"https:\/\/utfpr.curitiba.br\/proto\/wp-json\/wp\/v2\/pages"}],"about":[{"href":"https:\/\/utfpr.curitiba.br\/proto\/wp-json\/wp\/v2\/types\/page"}],"author":[{"embeddable":true,"href":"https:\/\/utfpr.curitiba.br\/proto\/wp-json\/wp\/v2\/users\/327"}],"replies":[{"embeddable":true,"href":"https:\/\/utfpr.curitiba.br\/proto\/wp-json\/wp\/v2\/comments?post=268"}],"version-history":[{"count":9,"href":"https:\/\/utfpr.curitiba.br\/proto\/wp-json\/wp\/v2\/pages\/268\/revisions"}],"predecessor-version":[{"id":284,"href":"https:\/\/utfpr.curitiba.br\/proto\/wp-json\/wp\/v2\/pages\/268\/revisions\/284"}],"up":[{"embeddable":true,"href":"https:\/\/utfpr.curitiba.br\/proto\/wp-json\/wp\/v2\/pages\/238"}],"wp:attachment":[{"href":"https:\/\/utfpr.curitiba.br\/proto\/wp-json\/wp\/v2\/media?parent=268"}],"curies":[{"name":"wp","href":"https:\/\/api.w.org\/{rel}","templated":true}]}}