{"id":263,"date":"2025-02-26T09:51:00","date_gmt":"2025-02-26T12:51:00","guid":{"rendered":"https:\/\/utfpr.curitiba.br\/proto\/?page_id=263"},"modified":"2025-12-17T08:47:11","modified_gmt":"2025-12-17T11:47:11","slug":"suporte","status":"publish","type":"page","link":"https:\/\/utfpr.curitiba.br\/proto\/procedimentos\/suporte\/","title":{"rendered":"Suporte"},"content":{"rendered":"\n<p>Abaixo est\u00e3o alguns links r\u00e1pidos de aux\u00edlio para a equipe e usu\u00e1rios do PROTO:<\/p>\n\n\n\n<ul class=\"wp-block-list\">\n<li>Insumos e recursos adicionais: contatar <a href=\"https:\/\/utfpr.curitiba.br\/proto\/oquesomos\/quemsomos\/\" data-type=\"page\" data-id=\"192\">respons\u00e1vel pelo laborat\u00f3rio<\/a><\/li>\n\n\n\n<li>Licen\u00e7as de Softwares disponibilizados pela UTFPR (Solidworks e outros): <a href=\"https:\/\/ajuda.utfpr.edu.br\/\">Ajuda UTFPR<\/a> <\/li>\n\n\n\n<li>Limpeza e Manuten\u00e7\u00e3o em geral: <a href=\"https:\/\/www.utfpr.edu.br\/servidores\/servicos\/ti\/suporte\">Suporte da UTFPR <\/a><\/li>\n\n\n\n<li>Garraf\u00e3o de \u00c1gua: <a href=\"https:\/\/www.utfpr.edu.br\/servidores\/servicos\/ti\/suporte\">Suporte da UTFPR <\/a><\/li>\n\n\n\n<li>Calend\u00e1rios Acad\u00eamicos: <a href=\"https:\/\/www.utfpr.edu.br\/alunos\/calendario\" target=\"_blank\" rel=\"noreferrer noopener\">Site da UTFPR<\/a><\/li>\n<\/ul>\n\n\n\n<p><\/p>\n","protected":false},"excerpt":{"rendered":"<p>Abaixo est\u00e3o alguns links r\u00e1pidos de aux\u00edlio para a equipe e usu\u00e1rios do PROTO:<\/p>\n","protected":false},"author":327,"featured_media":0,"parent":238,"menu_order":3,"comment_status":"closed","ping_status":"closed","template":"","meta":{"footnotes":""},"class_list":["post-263","page","type-page","status-publish","hentry"],"_links":{"self":[{"href":"https:\/\/utfpr.curitiba.br\/proto\/wp-json\/wp\/v2\/pages\/263","targetHints":{"allow":["GET"]}}],"collection":[{"href":"https:\/\/utfpr.curitiba.br\/proto\/wp-json\/wp\/v2\/pages"}],"about":[{"href":"https:\/\/utfpr.curitiba.br\/proto\/wp-json\/wp\/v2\/types\/page"}],"author":[{"embeddable":true,"href":"https:\/\/utfpr.curitiba.br\/proto\/wp-json\/wp\/v2\/users\/327"}],"replies":[{"embeddable":true,"href":"https:\/\/utfpr.curitiba.br\/proto\/wp-json\/wp\/v2\/comments?post=263"}],"version-history":[{"count":4,"href":"https:\/\/utfpr.curitiba.br\/proto\/wp-json\/wp\/v2\/pages\/263\/revisions"}],"predecessor-version":[{"id":795,"href":"https:\/\/utfpr.curitiba.br\/proto\/wp-json\/wp\/v2\/pages\/263\/revisions\/795"}],"up":[{"embeddable":true,"href":"https:\/\/utfpr.curitiba.br\/proto\/wp-json\/wp\/v2\/pages\/238"}],"wp:attachment":[{"href":"https:\/\/utfpr.curitiba.br\/proto\/wp-json\/wp\/v2\/media?parent=263"}],"curies":[{"name":"wp","href":"https:\/\/api.w.org\/{rel}","templated":true}]}}