{"id":241,"date":"2025-02-26T09:35:01","date_gmt":"2025-02-26T12:35:01","guid":{"rendered":"https:\/\/utfpr.curitiba.br\/proto\/?page_id=241"},"modified":"2025-02-26T16:21:41","modified_gmt":"2025-02-26T19:21:41","slug":"seguranca","status":"publish","type":"page","link":"https:\/\/utfpr.curitiba.br\/proto\/procedimentos\/seguranca\/","title":{"rendered":"Seguran\u00e7a"},"content":{"rendered":"\n<p>\u00c9 de crucial import\u00e2ncia para acesso aos recursos do PROTO a habilita\u00e7\u00e3o nestes. Mas, acima de tudo est\u00e1 o h\u00e1bito de se manter uma abordagem segura. Isto posto, nenhuma habilita\u00e7\u00e3o \u00e9 concedida e nenhuma habilita\u00e7\u00e3o \u00e9 mantida dada a constata\u00e7\u00e3o pela equipe de pr\u00e1ticas inseguras do usu\u00e1rio.<\/p>\n\n\n\n<p>Assim, \u00e9 importante a ader\u00eancia \u00e0s boas pr\u00e1ticas de seguran\u00e7a em ambientes industriais. Embora estas pr\u00e1ticas sejam constantes nas disciplinas do curso, uma pequena amostra pode ser aprendida abaixo:<\/p>\n\n\n\n<figure class=\"wp-block-gallery has-nested-images columns-default is-cropped wp-block-gallery-1 is-layout-flex wp-block-gallery-is-layout-flex\">\n<figure class=\"wp-block-image size-large\"><img fetchpriority=\"high\" decoding=\"async\" width=\"960\" height=\"540\" data-id=\"242\" src=\"https:\/\/utfpr-ct-static-content.s3.amazonaws.com\/utfpr.curitiba.br\/wp-content\/uploads\/sites\/190\/2025\/02\/Slide2.gif\" alt=\"\" class=\"wp-image-242\" \/><\/figure>\n\n\n\n<figure class=\"wp-block-image size-large\"><img decoding=\"async\" width=\"960\" height=\"540\" data-id=\"243\" src=\"https:\/\/utfpr-ct-static-content.s3.amazonaws.com\/utfpr.curitiba.br\/wp-content\/uploads\/sites\/190\/2025\/02\/Slide3.gif\" alt=\"\" class=\"wp-image-243\" \/><\/figure>\n\n\n\n<figure class=\"wp-block-image size-large\"><img decoding=\"async\" width=\"960\" height=\"540\" data-id=\"244\" src=\"https:\/\/utfpr-ct-static-content.s3.amazonaws.com\/utfpr.curitiba.br\/wp-content\/uploads\/sites\/190\/2025\/02\/Slide4.gif\" alt=\"\" class=\"wp-image-244\" \/><\/figure>\n\n\n\n<figure class=\"wp-block-image size-large\"><img loading=\"lazy\" decoding=\"async\" width=\"960\" height=\"540\" data-id=\"245\" src=\"https:\/\/utfpr-ct-static-content.s3.amazonaws.com\/utfpr.curitiba.br\/wp-content\/uploads\/sites\/190\/2025\/02\/Slide5.gif\" alt=\"\" class=\"wp-image-245\" \/><\/figure>\n\n\n\n<figure class=\"wp-block-image size-large\"><img loading=\"lazy\" decoding=\"async\" width=\"960\" height=\"540\" data-id=\"246\" src=\"https:\/\/utfpr-ct-static-content.s3.amazonaws.com\/utfpr.curitiba.br\/wp-content\/uploads\/sites\/190\/2025\/02\/Slide6.gif\" alt=\"\" class=\"wp-image-246\" \/><\/figure>\n\n\n\n<figure class=\"wp-block-image size-large\"><img loading=\"lazy\" decoding=\"async\" width=\"960\" height=\"540\" data-id=\"247\" src=\"https:\/\/utfpr-ct-static-content.s3.amazonaws.com\/utfpr.curitiba.br\/wp-content\/uploads\/sites\/190\/2025\/02\/Slide7.gif\" alt=\"\" class=\"wp-image-247\" \/><\/figure>\n\n\n\n<figure class=\"wp-block-image size-large\"><img loading=\"lazy\" decoding=\"async\" width=\"960\" height=\"540\" data-id=\"248\" src=\"https:\/\/utfpr-ct-static-content.s3.amazonaws.com\/utfpr.curitiba.br\/wp-content\/uploads\/sites\/190\/2025\/02\/Slide8.gif\" alt=\"\" class=\"wp-image-248\" \/><\/figure>\n\n\n\n<figure class=\"wp-block-image size-large\"><img loading=\"lazy\" decoding=\"async\" width=\"960\" height=\"540\" data-id=\"249\" src=\"https:\/\/utfpr-ct-static-content.s3.amazonaws.com\/utfpr.curitiba.br\/wp-content\/uploads\/sites\/190\/2025\/02\/Slide9.gif\" alt=\"\" class=\"wp-image-249\" \/><\/figure>\n\n\n\n<figure class=\"wp-block-image size-large\"><img loading=\"lazy\" decoding=\"async\" width=\"960\" height=\"540\" data-id=\"250\" src=\"https:\/\/utfpr-ct-static-content.s3.amazonaws.com\/utfpr.curitiba.br\/wp-content\/uploads\/sites\/190\/2025\/02\/Slide10.gif\" alt=\"\" class=\"wp-image-250\" \/><\/figure>\n\n\n\n<figure class=\"wp-block-image size-large\"><img loading=\"lazy\" decoding=\"async\" width=\"960\" height=\"540\" data-id=\"251\" src=\"https:\/\/utfpr-ct-static-content.s3.amazonaws.com\/utfpr.curitiba.br\/wp-content\/uploads\/sites\/190\/2025\/02\/Slide11.gif\" alt=\"\" class=\"wp-image-251\" \/><\/figure>\n\n\n\n<figure class=\"wp-block-image size-large\"><img loading=\"lazy\" decoding=\"async\" width=\"960\" height=\"540\" data-id=\"252\" src=\"https:\/\/utfpr-ct-static-content.s3.amazonaws.com\/utfpr.curitiba.br\/wp-content\/uploads\/sites\/190\/2025\/02\/Slide12.gif\" alt=\"\" class=\"wp-image-252\" \/><\/figure>\n\n\n\n<figure class=\"wp-block-image size-large\"><img loading=\"lazy\" decoding=\"async\" width=\"960\" height=\"540\" data-id=\"253\" src=\"https:\/\/utfpr-ct-static-content.s3.amazonaws.com\/utfpr.curitiba.br\/wp-content\/uploads\/sites\/190\/2025\/02\/Slide13.gif\" alt=\"\" class=\"wp-image-253\" \/><\/figure>\n\n\n\n<figure class=\"wp-block-image size-large\"><img loading=\"lazy\" decoding=\"async\" width=\"960\" height=\"540\" data-id=\"254\" src=\"https:\/\/utfpr-ct-static-content.s3.amazonaws.com\/utfpr.curitiba.br\/wp-content\/uploads\/sites\/190\/2025\/02\/Slide14.gif\" alt=\"\" class=\"wp-image-254\" \/><\/figure>\n\n\n\n<figure class=\"wp-block-image size-large\"><img loading=\"lazy\" decoding=\"async\" width=\"960\" height=\"540\" data-id=\"255\" src=\"https:\/\/utfpr-ct-static-content.s3.amazonaws.com\/utfpr.curitiba.br\/wp-content\/uploads\/sites\/190\/2025\/02\/Slide15.gif\" alt=\"\" class=\"wp-image-255\" \/><\/figure>\n\n\n\n<figure class=\"wp-block-image size-large\"><img loading=\"lazy\" decoding=\"async\" width=\"960\" height=\"540\" data-id=\"256\" src=\"https:\/\/utfpr-ct-static-content.s3.amazonaws.com\/utfpr.curitiba.br\/wp-content\/uploads\/sites\/190\/2025\/02\/Slide16.gif\" alt=\"\" class=\"wp-image-256\" \/><\/figure>\n\n\n\n<figure class=\"wp-block-image size-large\"><img loading=\"lazy\" decoding=\"async\" width=\"960\" height=\"540\" data-id=\"278\" src=\"https:\/\/utfpr-ct-static-content.s3.amazonaws.com\/utfpr.curitiba.br\/wp-content\/uploads\/sites\/190\/2025\/02\/Slide17-Ambulancia2.png\" alt=\"\" class=\"wp-image-278\" srcset=\"https:\/\/utfpr-ct-static-content.s3.amazonaws.com\/utfpr.curitiba.br\/wp-content\/uploads\/sites\/190\/2025\/02\/Slide17-Ambulancia2.png 960w, https:\/\/utfpr-ct-static-content.s3.amazonaws.com\/utfpr.curitiba.br\/wp-content\/uploads\/sites\/190\/2025\/02\/Slide17-Ambulancia2-300x169.png 300w, https:\/\/utfpr-ct-static-content.s3.amazonaws.com\/utfpr.curitiba.br\/wp-content\/uploads\/sites\/190\/2025\/02\/Slide17-Ambulancia2-768x432.png 768w\" sizes=\"(max-width: 960px) 100vw, 960px\" \/><\/figure>\n<\/figure>\n\n\n\n<p>Em caso de <a href=\"https:\/\/utfpr.curitiba.br\/proto\/procedimentos\/emergencia\/\" data-type=\"page\" data-id=\"268\">ACIDENTES<\/a>, acionar a SUMMUS Emerg\u00eancias M\u00e9dicas (<strong>41 3026-4400 e 41 99602-1743<\/strong>), o SAMU (Servi\u00e7o de Atendimento M\u00f3vel de Urg\u00eancia Curitiba &#8211; <strong>192<\/strong>) ou o SIATE (Servi\u00e7o Integrado de Atendimento ao Trauma em Emerg\u00eancia &#8211; <strong>193<\/strong>).<\/p>\n","protected":false},"excerpt":{"rendered":"<p>\u00c9 de crucial import\u00e2ncia para acesso aos recursos do PROTO a habilita\u00e7\u00e3o nestes. Mas, acima de tudo est\u00e1 o h\u00e1bito de se manter uma abordagem segura. Isto posto, nenhuma habilita\u00e7\u00e3o \u00e9 concedida e nenhuma habilita\u00e7\u00e3o \u00e9 mantida dada a constata\u00e7\u00e3o pela equipe de pr\u00e1ticas inseguras do usu\u00e1rio. Assim, \u00e9 importante a ader\u00eancia \u00e0s boas pr\u00e1ticas [&hellip;]<\/p>\n","protected":false},"author":327,"featured_media":0,"parent":238,"menu_order":2,"comment_status":"closed","ping_status":"closed","template":"","meta":{"footnotes":""},"class_list":["post-241","page","type-page","status-publish","hentry"],"_links":{"self":[{"href":"https:\/\/utfpr.curitiba.br\/proto\/wp-json\/wp\/v2\/pages\/241","targetHints":{"allow":["GET"]}}],"collection":[{"href":"https:\/\/utfpr.curitiba.br\/proto\/wp-json\/wp\/v2\/pages"}],"about":[{"href":"https:\/\/utfpr.curitiba.br\/proto\/wp-json\/wp\/v2\/types\/page"}],"author":[{"embeddable":true,"href":"https:\/\/utfpr.curitiba.br\/proto\/wp-json\/wp\/v2\/users\/327"}],"replies":[{"embeddable":true,"href":"https:\/\/utfpr.curitiba.br\/proto\/wp-json\/wp\/v2\/comments?post=241"}],"version-history":[{"count":6,"href":"https:\/\/utfpr.curitiba.br\/proto\/wp-json\/wp\/v2\/pages\/241\/revisions"}],"predecessor-version":[{"id":301,"href":"https:\/\/utfpr.curitiba.br\/proto\/wp-json\/wp\/v2\/pages\/241\/revisions\/301"}],"up":[{"embeddable":true,"href":"https:\/\/utfpr.curitiba.br\/proto\/wp-json\/wp\/v2\/pages\/238"}],"wp:attachment":[{"href":"https:\/\/utfpr.curitiba.br\/proto\/wp-json\/wp\/v2\/media?parent=241"}],"curies":[{"name":"wp","href":"https:\/\/api.w.org\/{rel}","templated":true}]}}