{"id":114,"date":"2025-02-25T10:42:41","date_gmt":"2025-02-25T13:42:41","guid":{"rendered":"https:\/\/utfpr.curitiba.br\/proto\/wpbc-booking\/"},"modified":"2026-03-02T08:03:38","modified_gmt":"2026-03-02T11:03:38","slug":"wpbc-booking","status":"publish","type":"page","link":"https:\/\/utfpr.curitiba.br\/proto\/wpbc-booking\/","title":{"rendered":"Agendamento"},"content":{"rendered":"<p>O acesso e os recursos do laborat\u00f3rio s\u00f3 s\u00e3o disponibilizados mediante agendamento. <strong>Solicitamos anteced\u00eancia de ao menos 24 horas para solicita\u00e7\u00e3o<\/strong>. Para acesso nas segundas-feiras as solicita\u00e7\u00f5es devem ser realizadas at\u00e9 ao meio-dia da sexta-feira \u00fatil anterior. Recomendamos ainda entrar em contato via WhatsApp com o respons\u00e1vel pelo telefone (41) 98411-3847. Este registro nos ajuda a melhor atender e a justificar recursos adicionais, como vagas de est\u00e1gio e monitoria.<\/p>\n\n\n<p class=\"has-text-align-center\"><strong>SOLICITA\u00c7\u00d5ES EM MENOS DE 24 HORAS S\u00c3O AUTOMATICAMENTE INDEFERIDAS SEM AVISO.<\/strong><\/p>\n\n\n\n<p class=\"has-text-align-center has-vivid-red-color has-text-color has-link-color wp-elements-8243834499ea51654f0f66725cf0bcdc\"><strong>Se a sua solicita\u00e7\u00e3o for aprovada n\u00e3o enviaremos mensagem de retorno<\/strong>.<\/p>\n\n\n\n<p class=\"has-text-align-center has-luminous-vivid-orange-color has-text-color has-link-color wp-elements-0a15fea6c6b87794502d124b3753a177\"><strong>S\u00f3 ser\u00e1 enviada alguma mensagem de retorno caso o hor\u00e1rio de interesse n\u00e3o esteja dispon\u00edvel ou seja necess\u00e1rio algum ajuste.<\/strong><\/p>\n\n\n\n<h2 class=\"wp-block-heading\"><\/h2>\n\n\n\n<p><strong>O acesso \u00e9 individual<\/strong> e implica no zelo pelos recursos do laborat\u00f3rio e emprego de boas pr\u00e1ticas assim como concord\u00e2ncia com os procedimentos do laborat\u00f3rio. Caso mais de um integrante de uma equipe deseje acompanhar, o solicitante deve fazer o registro no formul\u00e1rio. Cada qual deve saber o que pretende realizar no tempo agendado e ser\u00e1 respons\u00e1vel pelos recursos solicitados individualmente a partir do formul\u00e1rio abaixo.<\/p>\n\n\n\n<p>O Proto \u00e9 um espa\u00e7o de trabalho para quem sabe o que veio realizar. Defini\u00e7\u00f5es de projeto e reuni\u00f5es criativas de equipe s\u00e3o mais prof\u00edcuas em outro espa\u00e7o. Para investigar o potencial do laborat\u00f3rio \u00e9 poss\u00edvel fazer um <strong>agendamento<\/strong> individual ou coletivo <strong>de visita\u00e7\u00e3o.<\/strong> O solicitante do agendamento coletivo deve listar no formul\u00e1rio o nome dos colegas que participar\u00e3o da visita.&nbsp;<\/p>\n\n\n\n<p>Caso suspeite que seu projeto \u00e9 muito embrion\u00e1rio, alguns professores da \u00e1rea de projetos podem oferecer <strong><a href=\"https:\/\/utfpr.curitiba.br\/proto\/procedimentos\/consultoria\/\">consultoria de viabilidade t\u00e9cnica<\/a><\/strong>.<\/p>\n\n\n\n<p><strong>Copie e cole<\/strong> os recursos de interesse da lista abaixo no formul\u00e1rio ao final da p\u00e1gina e especifique as quantidades necess\u00e1rias. Voc\u00ea pode solicitar o uso de mais de uma impressora 3D ao mesmo tempo, por exemplo (concess\u00e3o a depender do filamento dispon\u00edvel e outros agendamentos pr\u00e9vios).<\/p>\n\n\n\n<div class=\"wp-block-columns is-layout-flex wp-container-core-columns-is-layout-9d6595d7 wp-block-columns-is-layout-flex\">\n<div class=\"wp-block-column is-layout-flow wp-block-column-is-layout-flow\">\n<ul class=\"wp-block-list\">\n<li class=\"has-small-font-size\">1 M\u00e1quina CNC Router de Corte a Laser e Grava\u00e7\u00e3o (1400 x 900mm \u2013 100W)<\/li>\n\n\n\n<li class=\"has-small-font-size\">6 Morsas girat\u00f3rias de 6\u2033<\/li>\n\n\n\n<li class=\"has-small-font-size\">3 Bigorna de 30Kg<\/li>\n\n\n\n<li class=\"has-small-font-size\">6 Impressoras 3D (Quatro Ender 3 MAX NEO e Duas Ender 5 PRO)<\/li>\n\n\n\n<li class=\"has-small-font-size\">6 Lixadeiras orbitais<\/li>\n\n\n\n<li class=\"has-small-font-size\">5 Furadeiras\/Parafusadeiras \u00e0 bateria<\/li>\n\n\n\n<li class=\"has-small-font-size\">5 Serras Tico-tico manuais<\/li>\n\n\n\n<li class=\"has-small-font-size\">3 Serras Tico-tico de bancada <\/li>\n\n\n\n<li class=\"has-small-font-size\">3 Esmeris <\/li>\n\n\n\n<li class=\"has-small-font-size\">1 Politriz<\/li>\n\n\n\n<li class=\"has-small-font-size\">1 Plaina desengrossadeira<\/li>\n\n\n\n<li class=\"has-small-font-size\">12 Bancadas de Trabalho<\/li>\n\n\n\n<li class=\"has-small-font-size\">2 Sopradores T\u00e9rmicos<\/li>\n\n\n\n<li class=\"has-small-font-size\">3 Lixadeiras de Disco e Cinta<\/li>\n\n\n\n<li class=\"has-small-font-size\">1 Fresadora e Furadeira de Bancada<\/li>\n\n\n\n<li class=\"has-small-font-size\">1 Furadeira de Bancada<\/li>\n\n\n\n<li class=\"has-small-font-size\">2 Carros de Ferramentas com Ferramentas<\/li>\n\n\n\n<li class=\"has-small-font-size\">1 Policorte<\/li>\n\n\n\n<li class=\"has-small-font-size\">3 Kits de microret\u00edfica com acess\u00f3rios<\/li>\n<\/ul>\n<\/div>\n\n\n\n<div class=\"wp-block-column is-layout-flow wp-block-column-is-layout-flow\">\n<ul class=\"wp-block-list\">\n<li class=\"has-small-font-size\">1 Mult\u00edmetro<\/li>\n\n\n\n<li class=\"has-small-font-size\">1 Esta\u00e7\u00e3o de solda (brasagem) digital<\/li>\n\n\n\n<li class=\"has-small-font-size\">1 Esmerilhadeira de m\u00e9dio porte<\/li>\n\n\n\n<li class=\"has-small-font-size\">1 Esmerilhadeira de grande porte<\/li>\n\n\n\n<li class=\"has-small-font-size\">3 Lavadoras de Pe\u00e7as<\/li>\n\n\n\n<li class=\"has-small-font-size\">\u00d3culos de seguran\u00e7a<\/li>\n\n\n\n<li class=\"has-small-font-size\">Face shield<\/li>\n\n\n\n<li class=\"has-small-font-size\">Luvas<\/li>\n\n\n\n<li class=\"has-small-font-size\">Abafadores auriculares<\/li>\n\n\n\n<li class=\"has-small-font-size\">3 Paqu\u00edmetros digitais<\/li>\n\n\n\n<li class=\"has-small-font-size\">1 Rebitadeira para insertos rosque\u00e1veis<\/li>\n\n\n\n<li class=\"has-small-font-size\">12 Protoboards<\/li>\n\n\n\n<li class=\"has-small-font-size\">6 Arduinos Uno<\/li>\n\n\n\n<li class=\"has-small-font-size\">4 Aspiradores de P\u00f3 <\/li>\n\n\n\n<li class=\"has-small-font-size\">3 Geradores de fun\u00e7\u00e3o <\/li>\n\n\n\n<li class=\"has-small-font-size\">6 Fontes de tens\u00e3o<\/li>\n<\/ul>\n<\/div>\n<\/div>\n\n\n <div id=\"form_id1176903041934\" class=\"wpbc_container wpbc_form wpbc_container_booking_form \" ><form id=\"booking_form1\" class=\"booking_form vertical\" method=\"post\" action=\"\"><div id=\"ajax_respond_insert1\" class=\"ajax_respond_insert\" style=\"display:none;\"><\/div><a name=\"bklnk1\" id=\"bklnk1\"><\/a><div id=\"booking_form_div1\" class=\"booking_form_div\"><style type=\"text\/css\">.wpbc_container_booking_form .block_hints, .wpbc_booking_form_simple.wpbc_form_center .wpbc__form__div .wpbc__row.wpbc_r_calendar, .wpbc_booking_form_simple .wpbc__form__div .wpbc__row:not(.wpbc_r_calendar){max-width:440px;} <\/style>\n<div class=\"wpbc_booking_form_simple \">\n<div class=\"wpbc__row\">\n  <div class=\"wpbc__field\">\n    <div class=\"wpbc_calendar_wraper wpbc_change_over_triangle\"><div class=\"wpbc_cal_container bk_calendar_frame wpbc_no_custom_width  months_num_in_row_ cal_month_num_1\" style=\"\"><div id=\"calendar_booking1\"  class=\"wpbc_calendar_id_1\" >\t<div class=\"calendar_loader_frame calendar_loader_frame1\"\r\n\t\tdata-wpbc-rid=\"1\"\r\n\t\tdata-wpbc-grace=\"8000\"\r\n\t\tstyle=\"--wpbc-loader-cols: 1;\"\r\n\t>\r\n\t\t<div class=\"calendar_loader_text\">Loading...<\/div>\r\n\t\t<div class=\"calendar_loader_frame__progress_line_container\">\r\n\t\t\t<div class=\"calendar_loader_frame__progress_line\"><\/div>\r\n\t\t<\/div>\r\n\t<\/div>\r\n\t<\/div><\/div><div style=\"font-size:7px;text-align:left;margin:0 0 10px;text-shadow: none;\">Powered by <a href=\"https:\/\/wpbookingcalendar.com\" style=\"font-size:7px;\" target=\"_blank\" title=\"Booking Calendar plugin for WordPress\">Booking Calendar<\/a><\/div><textarea id=\"date_booking1\" name=\"date_booking1\" autocomplete=\"off\" style=\"display:none;\"><\/textarea><\/div>\n  <\/div>\n  <div class=\"wpbc__field\">\n<div class=\"wpbc__form__div\">\n\t\t\t<div class=\"wpbc__row\">\n\t\t\t\t<div class=\"wpbc_r_rangetime wpbc__field\"> <label>Selecione o hor\u00e1rio*<\/label><br><span class=\"wpbc_wrap_select wpdev-form-control-wrap rangetime1\"><select onchange=\"javascript:if(typeof( wpbc_show_cost_hints_after_few_seconds )=='function'){wpbc_show_cost_hints_after_few_seconds(1);}\" name=\"rangetime1\" autocomplete=\"rangetime\" class=\"wpdev-validates-as-required\"><option value=\"10:30 - 12:30\">10:30 - 12:30 Todos os dias<\/option><option value=\"13:30 - 15:30\">13:30 - 15:30 Todos os dias<\/option><\/select><\/span> <\/div>\n\t\t\t<\/div>\n\t\t\t<div class=\"wpbc__row\">\n\t\t\t\t<div class=\"wpbc_r_name wpbc__field\"> <label>Nome Completo*<\/label><br><span class=\"wpbc_wrap_text wpdev-form-control-wrap name1\"><input type=\"text\" name=\"name1\" value=\"\" autocomplete=\"name\" class=\"wpdev-validates-as-required\" size=\"40\" \/><\/span> <\/div>\n\t\t\t<\/div>\n\t\t\t<div class=\"wpbc__row\">\n\t\t\t\t<div class=\"wpbc_r_email wpbc__field\"> <label>Email*<\/label><br><span class=\"wpbc_wrap_text wpdev-form-control-wrap email1\"><input type=\"email\" name=\"email1\" value=\"\" autocomplete=\"email\" class=\"wpdev-validates-as-email wpdev-validates-as-required\" size=\"40\" \/><\/span> <\/div>\n\t\t\t<\/div>\n\t\t\t<div class=\"wpbc__row\">\n\t\t\t\t<div class=\"wpbc_r_phone wpbc__field\"> <label>Telefone \/ Whatsapp<\/label><br><span class=\"wpbc_wrap_text wpdev-form-control-wrap phone1\"><input type=\"text\" name=\"phone1\" value=\"\" autocomplete=\"phone\" size=\"40\" \/><\/span> <\/div>\n\t\t\t<\/div>\n\t\t\t<div class=\"wpbc__row\">\n\t\t\t\t<div class=\"wpbc_r_details wpbc__field\"> <label>Qual o seu projeto e recursos do PROTO necess\u00e1rios?<\/label><br><span class=\"wpbc_wrap_textarea wpdev-form-control-wrap details1\"><textarea name=\"details1\" autocomplete=\"details\"><\/textarea><\/span> <\/div>\n\t\t\t<\/div>\n\t\t\t<div class=\"wpbc__row\">\n\t\t\t\t<div class=\"wpbc_r_submit wpbc__field\"><input type=\"button\" value=\"Enviar para an\u00e1lise e encaixe\" class=\"wpbc_button_light  btn btn\" onclick=\"wpbc_booking_form_submit(this.form,1, 'pt_BR');\" \/> <\/div>\n\t\t\t<\/div>\n<\/div>\n\t<\/div>\n\t<\/div>\n<\/div><input id=\"bk_type1\" name=\"bk_type1\" class=\"\" type=\"hidden\" value=\"1\" \/><\/div><div id=\"submiting1\"><\/div><div class=\"form_bk_messages\" id=\"form_bk_messages1\" ><\/div><input type=\"hidden\" id=\"wpbc_nonceCALCULATE_THE_COST1\" name=\"wpbc_nonceCALCULATE_THE_COST1\" value=\"38c72c9131\" \/><input type=\"hidden\" name=\"_wp_http_referer\" value=\"\/proto\/wp-json\/wp\/v2\/pages\/114\" \/><\/form><\/div><div id=\"booking_form_garbage1\" class=\"booking_form_garbage\"><\/div> \n\n\n\n<p>Para o caso de um <strong>primeiro contato<\/strong> pr\u00e1tico com impress\u00e3o 3D, recomendamos preferencialmente <strong>agendar o primeiro hor\u00e1rio<\/strong>.<\/p>\n\n\n\n<p>Para impress\u00f5es 3D de longa dura\u00e7\u00e3o <strong>deve-se<\/strong> usar o primeiro hor\u00e1rio, <strong>desde que<\/strong> sejam conclu\u00eddas at\u00e9 as 20:00 hrs<strong>.<\/strong><\/p>\n\n\n\n<p>Adicionalmente, contamos com a compreens\u00e3o da comunidade. Temos muitas atividades internas para manter o laborat\u00f3rio. Sendo assim, o agendamento \u00e9 cr\u00edtico para a efici\u00eancia, tanto para trabalho quanto para visita\u00e7\u00e3o. <strong>O acesso ser\u00e1 negado se n\u00e3o houver o devido agendamento.<\/strong> N\u00e3o possu\u00edmos hor\u00e1rio de atendimento sem agendamento. <\/p>\n\n\n\n<p>A partir da experi\u00eancia pr\u00e9via o uso do Proto foi reorientado para a realiza\u00e7\u00e3o de <strong>apenas projetos e atividades acad\u00eamicas ou de cunho criativo\/inovador\/empreendedor.<\/strong> Projetos n\u00e3o associados a um prop\u00f3sito do curso devem ser evitados de modo a garantir consum\u00edveis e recursos para as atividades essenciais dos cursos do DAMEC.<\/p>\n\n\n\n<p><\/p>\n\n\n<div class=\"wp-block-image\">\n<figure class=\"aligncenter size-large\"><img fetchpriority=\"high\" decoding=\"async\" width=\"1024\" height=\"473\" src=\"https:\/\/utfpr-ct-static-content.s3.amazonaws.com\/utfpr.curitiba.br\/wp-content\/uploads\/sites\/190\/2025\/06\/20250609_162328-1024x473.jpg\" alt=\"\" class=\"wp-image-533\" \/><\/figure>\n<\/div>\n\n\n<p><\/p>\n","protected":false},"excerpt":{"rendered":"<p>O acesso e os recursos do laborat\u00f3rio s\u00f3 s\u00e3o disponibilizados mediante agendamento. Solicitamos anteced\u00eancia de ao menos 24 horas para solicita\u00e7\u00e3o. Para acesso nas segundas-feiras as solicita\u00e7\u00f5es devem ser realizadas at\u00e9 ao meio-dia da sexta-feira \u00fatil anterior. Recomendamos ainda entrar em contato via WhatsApp com o respons\u00e1vel pelo telefone (41) 98411-3847. Este registro nos ajuda [&hellip;]<\/p>\n","protected":false},"author":327,"featured_media":0,"parent":0,"menu_order":4,"comment_status":"closed","ping_status":"closed","template":"","meta":{"footnotes":""},"class_list":["post-114","page","type-page","status-publish","hentry"],"_links":{"self":[{"href":"https:\/\/utfpr.curitiba.br\/proto\/wp-json\/wp\/v2\/pages\/114","targetHints":{"allow":["GET"]}}],"collection":[{"href":"https:\/\/utfpr.curitiba.br\/proto\/wp-json\/wp\/v2\/pages"}],"about":[{"href":"https:\/\/utfpr.curitiba.br\/proto\/wp-json\/wp\/v2\/types\/page"}],"author":[{"embeddable":true,"href":"https:\/\/utfpr.curitiba.br\/proto\/wp-json\/wp\/v2\/users\/327"}],"replies":[{"embeddable":true,"href":"https:\/\/utfpr.curitiba.br\/proto\/wp-json\/wp\/v2\/comments?post=114"}],"version-history":[{"count":76,"href":"https:\/\/utfpr.curitiba.br\/proto\/wp-json\/wp\/v2\/pages\/114\/revisions"}],"predecessor-version":[{"id":839,"href":"https:\/\/utfpr.curitiba.br\/proto\/wp-json\/wp\/v2\/pages\/114\/revisions\/839"}],"wp:attachment":[{"href":"https:\/\/utfpr.curitiba.br\/proto\/wp-json\/wp\/v2\/media?parent=114"}],"curies":[{"name":"wp","href":"https:\/\/api.w.org\/{rel}","templated":true}]}}