{"id":468,"date":"2022-04-27T19:21:33","date_gmt":"2022-04-27T22:21:33","guid":{"rendered":"https:\/\/projetoestimulo.ct.utfpr.edu.br\/?page_id=468"},"modified":"2022-05-20T16:06:52","modified_gmt":"2022-05-20T19:06:52","slug":"palestra-na-unicesumar","status":"publish","type":"page","link":"https:\/\/utfpr.curitiba.br\/projetoestimulo\/?page_id=468","title":{"rendered":"A Doen\u00e7a de Parkinson e a Atua\u00e7\u00e3o dos Profissionais da Sa\u00fade"},"content":{"rendered":"\n<p>A palestra &#8220;<strong>A Doen\u00e7a de Parkinson e a Atua\u00e7\u00e3o dos Profissionais da Sa\u00fade<\/strong>&#8221; foi realizada na Unicesumar do Bairro Port\u00e3o em Curitiba, no dia 18 de abril de 2022 &#8211; devido ao M\u00eas da Conscientiza\u00e7\u00e3o da Doen\u00e7a de Parkinson.<\/p>\n\n\n\n<div class=\"wp-block-columns is-layout-flex wp-container-core-columns-is-layout-9d6595d7 wp-block-columns-is-layout-flex\">\n<div class=\"wp-block-column is-layout-flow wp-block-column-is-layout-flow\">\n<figure class=\"wp-block-image size-full is-resized\"><img fetchpriority=\"high\" decoding=\"async\" src=\"https:\/\/utfpr-ct-static-content.s3.amazonaws.com\/utfpr.curitiba.br\/wp-content\/uploads\/sites\/105\/2022\/04\/aadeedc4-d9e5-43d2-8519-b6570f56d50f-1.jpg\" alt=\"\" class=\"wp-image-476\" width=\"404\" height=\"302\" srcset=\"https:\/\/utfpr-ct-static-content.s3.amazonaws.com\/utfpr.curitiba.br\/wp-content\/uploads\/sites\/105\/2022\/04\/aadeedc4-d9e5-43d2-8519-b6570f56d50f-1.jpg 1600w, https:\/\/utfpr-ct-static-content.s3.amazonaws.com\/utfpr.curitiba.br\/wp-content\/uploads\/sites\/105\/2022\/04\/aadeedc4-d9e5-43d2-8519-b6570f56d50f-1-300x225.jpg 300w, https:\/\/utfpr-ct-static-content.s3.amazonaws.com\/utfpr.curitiba.br\/wp-content\/uploads\/sites\/105\/2022\/04\/aadeedc4-d9e5-43d2-8519-b6570f56d50f-1-768x576.jpg 768w, https:\/\/utfpr-ct-static-content.s3.amazonaws.com\/utfpr.curitiba.br\/wp-content\/uploads\/sites\/105\/2022\/04\/aadeedc4-d9e5-43d2-8519-b6570f56d50f-1-1536x1152.jpg 1536w, https:\/\/utfpr-ct-static-content.s3.amazonaws.com\/utfpr.curitiba.br\/wp-content\/uploads\/sites\/105\/2022\/04\/aadeedc4-d9e5-43d2-8519-b6570f56d50f-1-700x525.jpg 700w, https:\/\/utfpr-ct-static-content.s3.amazonaws.com\/utfpr.curitiba.br\/wp-content\/uploads\/sites\/105\/2022\/04\/aadeedc4-d9e5-43d2-8519-b6570f56d50f-1-520x390.jpg 520w, https:\/\/utfpr-ct-static-content.s3.amazonaws.com\/utfpr.curitiba.br\/wp-content\/uploads\/sites\/105\/2022\/04\/aadeedc4-d9e5-43d2-8519-b6570f56d50f-1-360x270.jpg 360w, https:\/\/utfpr-ct-static-content.s3.amazonaws.com\/utfpr.curitiba.br\/wp-content\/uploads\/sites\/105\/2022\/04\/aadeedc4-d9e5-43d2-8519-b6570f56d50f-1-250x188.jpg 250w, https:\/\/utfpr-ct-static-content.s3.amazonaws.com\/utfpr.curitiba.br\/wp-content\/uploads\/sites\/105\/2022\/04\/aadeedc4-d9e5-43d2-8519-b6570f56d50f-1-100x75.jpg 100w\" sizes=\"(max-width: 404px) 100vw, 404px\" \/><figcaption>Professora K\u00e1tia na palestra &#8220;A Doen\u00e7a de Parkinson e a Atua\u00e7\u00e3o dos Profissionais de Sa\u00fade&#8221;<\/figcaption><\/figure>\n<\/div>\n\n\n\n<div class=\"wp-block-column is-layout-flow wp-block-column-is-layout-flow\">\n<p>A coordenadora do Projeto Est\u00edmulo, professora doutora K\u00e1tia Elisa Prus Pinho, participou do evento, ajudando a ministr\u00e1-lo. <\/p>\n\n\n\n<p>A palestra teve como objetivo principal informar aos acad\u00eamicos de Fisioterapia, Enfermagem e Psicologia um pouco mais sobre a Doen\u00e7a de Parkinson. <\/p>\n<\/div>\n<\/div>\n\n\n\n<p>Ao fim da exposi\u00e7\u00e3o da Prof. Dra. K\u00e1tia Pinho, houve uma participa\u00e7\u00e3o da Denise, irm\u00e3 da Docente Adriane da Institui\u00e7\u00e3o Unicesumar, uma senhora com a Doen\u00e7a de Parkinson que discursou sobre o dia a dia, como foi o diagn\u00f3stico, os sintomas e sobre a cirurgia de Estimula\u00e7\u00e3o Cerebral Profunda (DBS) que ela realizou e como aliviou os sintomas.<\/p>\n\n\n\n<p>Al\u00e9m de promover informa\u00e7\u00f5es sobre o que \u00e9 a doen\u00e7a e como ela ocorre, a palestra tamb\u00e9m abordou e trouxe orienta\u00e7\u00f5es sobre qual \u00e9 o <strong>papel dos profissionais<\/strong> dessas \u00e1reas no tratamento da doen\u00e7a.<\/p>\n\n\n\n<div class=\"wp-block-columns is-layout-flex wp-container-core-columns-is-layout-9d6595d7 wp-block-columns-is-layout-flex\">\n<div class=\"wp-block-column is-layout-flow wp-block-column-is-layout-flow\" style=\"flex-basis:33.33%\">\n<figure class=\"wp-block-image size-full\"><img decoding=\"async\" width=\"1200\" height=\"1600\" src=\"https:\/\/utfpr-ct-static-content.s3.amazonaws.com\/utfpr.curitiba.br\/wp-content\/uploads\/sites\/105\/2022\/04\/8b2d881d-1e32-4326-9d1a-1001e2072c09-2.jpg\" alt=\"\" class=\"wp-image-474\" srcset=\"https:\/\/utfpr-ct-static-content.s3.amazonaws.com\/utfpr.curitiba.br\/wp-content\/uploads\/sites\/105\/2022\/04\/8b2d881d-1e32-4326-9d1a-1001e2072c09-2.jpg 1200w, https:\/\/utfpr-ct-static-content.s3.amazonaws.com\/utfpr.curitiba.br\/wp-content\/uploads\/sites\/105\/2022\/04\/8b2d881d-1e32-4326-9d1a-1001e2072c09-2-225x300.jpg 225w, https:\/\/utfpr-ct-static-content.s3.amazonaws.com\/utfpr.curitiba.br\/wp-content\/uploads\/sites\/105\/2022\/04\/8b2d881d-1e32-4326-9d1a-1001e2072c09-2-768x1024.jpg 768w, https:\/\/utfpr-ct-static-content.s3.amazonaws.com\/utfpr.curitiba.br\/wp-content\/uploads\/sites\/105\/2022\/04\/8b2d881d-1e32-4326-9d1a-1001e2072c09-2-1152x1536.jpg 1152w, https:\/\/utfpr-ct-static-content.s3.amazonaws.com\/utfpr.curitiba.br\/wp-content\/uploads\/sites\/105\/2022\/04\/8b2d881d-1e32-4326-9d1a-1001e2072c09-2-700x933.jpg 700w, https:\/\/utfpr-ct-static-content.s3.amazonaws.com\/utfpr.curitiba.br\/wp-content\/uploads\/sites\/105\/2022\/04\/8b2d881d-1e32-4326-9d1a-1001e2072c09-2-520x693.jpg 520w, https:\/\/utfpr-ct-static-content.s3.amazonaws.com\/utfpr.curitiba.br\/wp-content\/uploads\/sites\/105\/2022\/04\/8b2d881d-1e32-4326-9d1a-1001e2072c09-2-360x480.jpg 360w, https:\/\/utfpr-ct-static-content.s3.amazonaws.com\/utfpr.curitiba.br\/wp-content\/uploads\/sites\/105\/2022\/04\/8b2d881d-1e32-4326-9d1a-1001e2072c09-2-250x333.jpg 250w, https:\/\/utfpr-ct-static-content.s3.amazonaws.com\/utfpr.curitiba.br\/wp-content\/uploads\/sites\/105\/2022\/04\/8b2d881d-1e32-4326-9d1a-1001e2072c09-2-100x133.jpg 100w\" sizes=\"(max-width: 1200px) 100vw, 1200px\" \/><figcaption>Denise, Adriane e K\u00e1tia<\/figcaption><\/figure>\n<\/div>\n\n\n\n<div class=\"wp-block-column is-layout-flow wp-block-column-is-layout-flow\" style=\"flex-basis:66.66%\">\n<figure class=\"wp-block-image size-full is-resized\"><img decoding=\"async\" src=\"https:\/\/utfpr-ct-static-content.s3.amazonaws.com\/utfpr.curitiba.br\/wp-content\/uploads\/sites\/105\/2022\/04\/03fb0973-3fa7-4db1-acba-3a6e7270eb83-2.jpg\" alt=\"\" class=\"wp-image-475\" width=\"475\" height=\"356\" srcset=\"https:\/\/utfpr-ct-static-content.s3.amazonaws.com\/utfpr.curitiba.br\/wp-content\/uploads\/sites\/105\/2022\/04\/03fb0973-3fa7-4db1-acba-3a6e7270eb83-2.jpg 1600w, https:\/\/utfpr-ct-static-content.s3.amazonaws.com\/utfpr.curitiba.br\/wp-content\/uploads\/sites\/105\/2022\/04\/03fb0973-3fa7-4db1-acba-3a6e7270eb83-2-300x225.jpg 300w, https:\/\/utfpr-ct-static-content.s3.amazonaws.com\/utfpr.curitiba.br\/wp-content\/uploads\/sites\/105\/2022\/04\/03fb0973-3fa7-4db1-acba-3a6e7270eb83-2-768x577.jpg 768w, https:\/\/utfpr-ct-static-content.s3.amazonaws.com\/utfpr.curitiba.br\/wp-content\/uploads\/sites\/105\/2022\/04\/03fb0973-3fa7-4db1-acba-3a6e7270eb83-2-1536x1154.jpg 1536w, https:\/\/utfpr-ct-static-content.s3.amazonaws.com\/utfpr.curitiba.br\/wp-content\/uploads\/sites\/105\/2022\/04\/03fb0973-3fa7-4db1-acba-3a6e7270eb83-2-700x526.jpg 700w, https:\/\/utfpr-ct-static-content.s3.amazonaws.com\/utfpr.curitiba.br\/wp-content\/uploads\/sites\/105\/2022\/04\/03fb0973-3fa7-4db1-acba-3a6e7270eb83-2-520x391.jpg 520w, https:\/\/utfpr-ct-static-content.s3.amazonaws.com\/utfpr.curitiba.br\/wp-content\/uploads\/sites\/105\/2022\/04\/03fb0973-3fa7-4db1-acba-3a6e7270eb83-2-360x270.jpg 360w, https:\/\/utfpr-ct-static-content.s3.amazonaws.com\/utfpr.curitiba.br\/wp-content\/uploads\/sites\/105\/2022\/04\/03fb0973-3fa7-4db1-acba-3a6e7270eb83-2-250x188.jpg 250w, https:\/\/utfpr-ct-static-content.s3.amazonaws.com\/utfpr.curitiba.br\/wp-content\/uploads\/sites\/105\/2022\/04\/03fb0973-3fa7-4db1-acba-3a6e7270eb83-2-100x75.jpg 100w\" sizes=\"(max-width: 475px) 100vw, 475px\" \/><figcaption>Camila, Caroline, K\u00e1tia e Edjane. Volunt\u00e1rias do Projeto Est\u00edmulo.<\/figcaption><\/figure>\n<\/div>\n<\/div>\n","protected":false},"excerpt":{"rendered":"<p>A palestra &#8220;A Doen\u00e7a de Parkinson e a Atua\u00e7\u00e3o dos Profissionais da Sa\u00fade&#8221; foi realizada na Unicesumar do Bairro Port\u00e3o em Curitiba, no dia 18 de abril de 2022 &#8211; devido ao M\u00eas da Conscientiza\u00e7\u00e3o da Doen\u00e7a de Parkinson. A [&hellip;]<\/p>\n","protected":false},"author":8,"featured_media":0,"parent":0,"menu_order":0,"comment_status":"closed","ping_status":"closed","template":"","meta":{"footnotes":""},"class_list":["post-468","page","type-page","status-publish","hentry","clearfix"],"_links":{"self":[{"href":"https:\/\/utfpr.curitiba.br\/projetoestimulo\/index.php?rest_route=\/wp\/v2\/pages\/468","targetHints":{"allow":["GET"]}}],"collection":[{"href":"https:\/\/utfpr.curitiba.br\/projetoestimulo\/index.php?rest_route=\/wp\/v2\/pages"}],"about":[{"href":"https:\/\/utfpr.curitiba.br\/projetoestimulo\/index.php?rest_route=\/wp\/v2\/types\/page"}],"author":[{"embeddable":true,"href":"https:\/\/utfpr.curitiba.br\/projetoestimulo\/index.php?rest_route=\/wp\/v2\/users\/8"}],"replies":[{"embeddable":true,"href":"https:\/\/utfpr.curitiba.br\/projetoestimulo\/index.php?rest_route=%2Fwp%2Fv2%2Fcomments&post=468"}],"version-history":[{"count":3,"href":"https:\/\/utfpr.curitiba.br\/projetoestimulo\/index.php?rest_route=\/wp\/v2\/pages\/468\/revisions"}],"predecessor-version":[{"id":554,"href":"https:\/\/utfpr.curitiba.br\/projetoestimulo\/index.php?rest_route=\/wp\/v2\/pages\/468\/revisions\/554"}],"wp:attachment":[{"href":"https:\/\/utfpr.curitiba.br\/projetoestimulo\/index.php?rest_route=%2Fwp%2Fv2%2Fmedia&parent=468"}],"curies":[{"name":"wp","href":"https:\/\/api.w.org\/{rel}","templated":true}]}}