{"id":450,"date":"2022-04-24T14:35:25","date_gmt":"2022-04-24T17:35:25","guid":{"rendered":"https:\/\/projetoestimulo.ct.utfpr.edu.br\/?page_id=450"},"modified":"2022-05-20T10:59:18","modified_gmt":"2022-05-20T13:59:18","slug":"workshop-estimulo-e-movimento","status":"publish","type":"page","link":"https:\/\/utfpr.curitiba.br\/projetoestimulo\/?page_id=450","title":{"rendered":"Workshop Est\u00edmulo e Movimento"},"content":{"rendered":"\n<p>Um dos objetivos bases do projeto \u00e9 promover informa\u00e7\u00f5es sobre a Doen\u00e7a de Parkinson desmistificando-a promovendo qualidade de vida aos pacientes. <\/p>\n\n\n\n<p>Como a DP tem afetado pessoas de diferentes faixas et\u00e1rias, faz-se necess\u00e1rio informar e mostrar que a <strong>atividade f\u00edsica \u00e9 uma das formas de melhorar e muito a DP<\/strong> (relatados em v\u00e1rios em eventos e materiais cient\u00edficos). Reconhecemos a necessidade de divulgar a import\u00e2ncia das atividades f\u00edsicas na DP al\u00e9m de, \u00e9 claro, promover a difus\u00e3o da informa\u00e7\u00e3o e discuss\u00e3o entre profissionais, pesquisadores e comunidade.&nbsp;<\/p>\n\n\n\n<p>Assim sendo, no dia 20 de novembro de 2021 foi realizado o <strong>I Workshop: Estimulando os movimentos na doen\u00e7a de Parkinson <\/strong>das 09h \u00e1s 11h30h, com a presen\u00e7a de <strong>Margit Mafra<\/strong> (bacharel em Ed.F\u00edsica, e especialista em Parkinson, autora do Programa SuperA\u00e7\u00e3o Parkinson) e <strong>Brunno Franklin<\/strong> (cientista da computa\u00e7\u00e3o e diagnosticado com a doen\u00e7a. Idealizador do ParkinCast).<\/p>\n\n\n\n<div class=\"wp-block-columns is-layout-flex wp-container-core-columns-is-layout-9d6595d7 wp-block-columns-is-layout-flex\">\n<div class=\"wp-block-column is-layout-flow wp-block-column-is-layout-flow\">\n<figure class=\"wp-block-image size-full is-resized\"><img fetchpriority=\"high\" decoding=\"async\" src=\"https:\/\/utfpr-ct-static-content.s3.amazonaws.com\/utfpr.curitiba.br\/wp-content\/uploads\/sites\/105\/2022\/04\/FB_IMG_1572862823029-Brunno-Franklin.jpg\" alt=\"\" class=\"wp-image-487\" width=\"363\" height=\"519\" srcset=\"https:\/\/utfpr-ct-static-content.s3.amazonaws.com\/utfpr.curitiba.br\/wp-content\/uploads\/sites\/105\/2022\/04\/FB_IMG_1572862823029-Brunno-Franklin.jpg 298w, https:\/\/utfpr-ct-static-content.s3.amazonaws.com\/utfpr.curitiba.br\/wp-content\/uploads\/sites\/105\/2022\/04\/FB_IMG_1572862823029-Brunno-Franklin-210x300.jpg 210w, https:\/\/utfpr-ct-static-content.s3.amazonaws.com\/utfpr.curitiba.br\/wp-content\/uploads\/sites\/105\/2022\/04\/FB_IMG_1572862823029-Brunno-Franklin-250x357.jpg 250w, https:\/\/utfpr-ct-static-content.s3.amazonaws.com\/utfpr.curitiba.br\/wp-content\/uploads\/sites\/105\/2022\/04\/FB_IMG_1572862823029-Brunno-Franklin-100x143.jpg 100w\" sizes=\"(max-width: 363px) 100vw, 363px\" \/><figcaption><strong>Brunno Franklin<\/strong><\/figcaption><\/figure>\n<\/div>\n\n\n\n<div class=\"wp-block-column is-layout-flow wp-block-column-is-layout-flow\">\n<figure class=\"wp-block-image size-full\"><img decoding=\"async\" width=\"667\" height=\"864\" src=\"https:\/\/utfpr-ct-static-content.s3.amazonaws.com\/utfpr.curitiba.br\/wp-content\/uploads\/sites\/105\/2022\/04\/735B1260-C09C-4B55-98A0-94642894F726-Margit-Mafra.jpeg\" alt=\"\" class=\"wp-image-488\" srcset=\"https:\/\/utfpr-ct-static-content.s3.amazonaws.com\/utfpr.curitiba.br\/wp-content\/uploads\/sites\/105\/2022\/04\/735B1260-C09C-4B55-98A0-94642894F726-Margit-Mafra.jpeg 667w, https:\/\/utfpr-ct-static-content.s3.amazonaws.com\/utfpr.curitiba.br\/wp-content\/uploads\/sites\/105\/2022\/04\/735B1260-C09C-4B55-98A0-94642894F726-Margit-Mafra-232x300.jpeg 232w, https:\/\/utfpr-ct-static-content.s3.amazonaws.com\/utfpr.curitiba.br\/wp-content\/uploads\/sites\/105\/2022\/04\/735B1260-C09C-4B55-98A0-94642894F726-Margit-Mafra-520x674.jpeg 520w, https:\/\/utfpr-ct-static-content.s3.amazonaws.com\/utfpr.curitiba.br\/wp-content\/uploads\/sites\/105\/2022\/04\/735B1260-C09C-4B55-98A0-94642894F726-Margit-Mafra-360x466.jpeg 360w, https:\/\/utfpr-ct-static-content.s3.amazonaws.com\/utfpr.curitiba.br\/wp-content\/uploads\/sites\/105\/2022\/04\/735B1260-C09C-4B55-98A0-94642894F726-Margit-Mafra-250x324.jpeg 250w, https:\/\/utfpr-ct-static-content.s3.amazonaws.com\/utfpr.curitiba.br\/wp-content\/uploads\/sites\/105\/2022\/04\/735B1260-C09C-4B55-98A0-94642894F726-Margit-Mafra-100x130.jpeg 100w\" sizes=\"(max-width: 667px) 100vw, 667px\" \/><figcaption><strong>Margit Mafra<\/strong><\/figcaption><\/figure>\n<\/div>\n<\/div>\n\n\n\n<p>Reconhecendo a import\u00e2ncia do tema, o evento foi <strong>online <\/strong>via stream, aberto a comunidade. Podendo assim <strong>aprofundar a discuss\u00e3o<\/strong>, que cremos ser de suma import\u00e2ncia social e cient\u00edfica.<\/p>\n\n\n\n<p>Voc\u00ea pode assistir a grava\u00e7\u00e3o da live clicando no bot\u00e3o abaixo:<\/p>\n\n\n\n<div class=\"wp-block-buttons is-layout-flex wp-block-buttons-is-layout-flex\">\n<div class=\"wp-block-button\"><a class=\"wp-block-button__link\" href=\"https:\/\/www.youtube.com\/watch?v=rhCfkJ0GDeg&amp;list=PLd2irvuHuRaRjCVcZ_VtYCAeXvs8jq8yj\">Estimulando os Movimentos na Doen\u00e7a de Parkinson<\/a><\/div>\n<\/div>\n\n\n\n<p> <\/p>\n\n\n\n<p>Dessa a\u00e7\u00e3o conjunta surgiu em novembro de 2021 a parceria com a Associa\u00e7\u00e3o Viva Parkinson, situada em Blumenau-SC.<\/p>\n","protected":false},"excerpt":{"rendered":"<p>Um dos objetivos bases do projeto \u00e9 promover informa\u00e7\u00f5es sobre a Doen\u00e7a de Parkinson desmistificando-a promovendo qualidade de vida aos pacientes. Como a DP tem afetado pessoas de diferentes faixas et\u00e1rias, faz-se necess\u00e1rio informar e mostrar que a atividade f\u00edsica [&hellip;]<\/p>\n","protected":false},"author":8,"featured_media":0,"parent":0,"menu_order":0,"comment_status":"closed","ping_status":"closed","template":"","meta":{"footnotes":""},"class_list":["post-450","page","type-page","status-publish","hentry","clearfix"],"_links":{"self":[{"href":"https:\/\/utfpr.curitiba.br\/projetoestimulo\/index.php?rest_route=\/wp\/v2\/pages\/450","targetHints":{"allow":["GET"]}}],"collection":[{"href":"https:\/\/utfpr.curitiba.br\/projetoestimulo\/index.php?rest_route=\/wp\/v2\/pages"}],"about":[{"href":"https:\/\/utfpr.curitiba.br\/projetoestimulo\/index.php?rest_route=\/wp\/v2\/types\/page"}],"author":[{"embeddable":true,"href":"https:\/\/utfpr.curitiba.br\/projetoestimulo\/index.php?rest_route=\/wp\/v2\/users\/8"}],"replies":[{"embeddable":true,"href":"https:\/\/utfpr.curitiba.br\/projetoestimulo\/index.php?rest_route=%2Fwp%2Fv2%2Fcomments&post=450"}],"version-history":[{"count":5,"href":"https:\/\/utfpr.curitiba.br\/projetoestimulo\/index.php?rest_route=\/wp\/v2\/pages\/450\/revisions"}],"predecessor-version":[{"id":540,"href":"https:\/\/utfpr.curitiba.br\/projetoestimulo\/index.php?rest_route=\/wp\/v2\/pages\/450\/revisions\/540"}],"wp:attachment":[{"href":"https:\/\/utfpr.curitiba.br\/projetoestimulo\/index.php?rest_route=%2Fwp%2Fv2%2Fmedia&parent=450"}],"curies":[{"name":"wp","href":"https:\/\/api.w.org\/{rel}","templated":true}]}}