{"id":426,"date":"2022-04-24T12:54:27","date_gmt":"2022-04-24T15:54:27","guid":{"rendered":"https:\/\/projetoestimulo.ct.utfpr.edu.br\/?page_id=426"},"modified":"2022-05-20T10:45:07","modified_gmt":"2022-05-20T13:45:07","slug":"estimulo-e-arte","status":"publish","type":"page","link":"https:\/\/utfpr.curitiba.br\/projetoestimulo\/?page_id=426","title":{"rendered":"Est\u00edmulo e Arte"},"content":{"rendered":"\n<p>Entre os dias 05 de julho e 09 de agosto de 2021 foi promovido o evento \u201c<strong>Est\u00edmulo e Arte<\/strong>\u201d onde realizaram-se 5 oficinas como forma de<strong> comemora\u00e7\u00e3o ao m\u00eas da arte<\/strong>. Devido a pandemia do Covid-19 todas as atividades foram executadas de forma <strong>remota<\/strong>.<\/p>\n\n\n\n<p>No evento m\u00eas da arte houve uma<strong> integra\u00e7\u00e3o dos pacientes da APP com a comunidade acad\u00eamica interna e externa da UTFPR<\/strong>, que gerou uma al\u00e9m de informa\u00e7\u00f5es sobre diversas \u00e1reas art\u00edsticas afeto e afinidade entre os 80 participantes.&nbsp;<\/p>\n\n\n\n<div class=\"wp-block-group\"><div class=\"wp-block-group__inner-container is-layout-flow wp-block-group-is-layout-flow\">\n<div class=\"wp-block-group\"><div class=\"wp-block-group__inner-container is-layout-flow wp-block-group-is-layout-flow\">\n<div class=\"wp-block-columns is-layout-flex wp-container-core-columns-is-layout-9d6595d7 wp-block-columns-is-layout-flex\">\n<div class=\"wp-block-column is-layout-flow wp-block-column-is-layout-flow\">\n<figure class=\"wp-block-image size-full\"><img fetchpriority=\"high\" decoding=\"async\" width=\"1024\" height=\"1280\" src=\"https:\/\/utfpr-ct-static-content.s3.amazonaws.com\/utfpr.curitiba.br\/wp-content\/uploads\/sites\/105\/2022\/04\/WhatsApp-Image-2021-10-06-at-18.42.07-1.jpeg\" alt=\"\" class=\"wp-image-491\" srcset=\"https:\/\/utfpr-ct-static-content.s3.amazonaws.com\/utfpr.curitiba.br\/wp-content\/uploads\/sites\/105\/2022\/04\/WhatsApp-Image-2021-10-06-at-18.42.07-1.jpeg 1024w, https:\/\/utfpr-ct-static-content.s3.amazonaws.com\/utfpr.curitiba.br\/wp-content\/uploads\/sites\/105\/2022\/04\/WhatsApp-Image-2021-10-06-at-18.42.07-1-240x300.jpeg 240w, https:\/\/utfpr-ct-static-content.s3.amazonaws.com\/utfpr.curitiba.br\/wp-content\/uploads\/sites\/105\/2022\/04\/WhatsApp-Image-2021-10-06-at-18.42.07-1-768x960.jpeg 768w, https:\/\/utfpr-ct-static-content.s3.amazonaws.com\/utfpr.curitiba.br\/wp-content\/uploads\/sites\/105\/2022\/04\/WhatsApp-Image-2021-10-06-at-18.42.07-1-700x875.jpeg 700w, https:\/\/utfpr-ct-static-content.s3.amazonaws.com\/utfpr.curitiba.br\/wp-content\/uploads\/sites\/105\/2022\/04\/WhatsApp-Image-2021-10-06-at-18.42.07-1-520x650.jpeg 520w, https:\/\/utfpr-ct-static-content.s3.amazonaws.com\/utfpr.curitiba.br\/wp-content\/uploads\/sites\/105\/2022\/04\/WhatsApp-Image-2021-10-06-at-18.42.07-1-360x450.jpeg 360w, https:\/\/utfpr-ct-static-content.s3.amazonaws.com\/utfpr.curitiba.br\/wp-content\/uploads\/sites\/105\/2022\/04\/WhatsApp-Image-2021-10-06-at-18.42.07-1-250x313.jpeg 250w, https:\/\/utfpr-ct-static-content.s3.amazonaws.com\/utfpr.curitiba.br\/wp-content\/uploads\/sites\/105\/2022\/04\/WhatsApp-Image-2021-10-06-at-18.42.07-1-100x125.jpeg 100w\" sizes=\"(max-width: 1024px) 100vw, 1024px\" \/><\/figure>\n<\/div>\n\n\n\n<div class=\"wp-block-column is-layout-flow wp-block-column-is-layout-flow\">\n<p>As oficinas realizadas est\u00e3o listadas a seguir:<\/p>\n\n\n\n<p>1. A Arteterapia e as Emo\u00e7\u00f5es: a constru\u00e7\u00e3o do olhar em momentos de isolamento social <br>2. T\u00e9cnicas b\u00e1sicas de composi\u00e7\u00e3o fotogr\u00e1fica<br>3. Oficina de Artes C\u00eanicas: A sabedoria do palha\u00e7o, alegria e riso para um caminho de cura.<br>4. Arte de Escrever, em poucas palavras. <br>5. Oficina de canto<\/p>\n<\/div>\n<\/div>\n<\/div><\/div>\n\n\n\n<p>Participaram pacientes e colaboradores da APP, foram dadas v\u00e1rias <strong>dicas de sa\u00fade<\/strong> e foi feita a exposi\u00e7\u00e3o de trabalhos de arte realizados pelos alunos e participantes das oficinas. Buscando de forma pr\u00e1tica demonstrar a comunidade, especialmente aos mais jovens, o <strong>lado mais humano do paciente diagnosticado com a DP<\/strong>.&nbsp;<\/p>\n\n\n\n<p>No final do evento, foi realizado um mural comunit\u00e1rio sobre a experi\u00eancia do p\u00fablico com o \u201cEst\u00edmulo e Arte\u201d. No evento tamb\u00e9m foi realizada a exposi\u00e7\u00e3o: Compartilhe seu talento &#8211; onde os alunos, compartilharam sua veia art\u00edstica com a comunidade.<\/p>\n\n\n\n<p>Voc\u00ea pode conferir a playlist do &#8220;Est\u00edmulo e Arte&#8221; no YouTube clicando no bot\u00e3o abaixo:<\/p>\n\n\n\n<div class=\"wp-block-buttons is-layout-flex wp-block-buttons-is-layout-flex\">\n<div class=\"wp-block-button is-style-outline is-style-outline--1\"><a class=\"wp-block-button__link\" href=\"https:\/\/www.youtube.com\/watch?v=z-F3IUfhEWc&amp;list=PLd2irvuHuRaQ2oTknI_O0oXwN3TGOtrza\">Est\u00edmulo e Arte<\/a><\/div>\n<\/div>\n<\/div><\/div>\n\n\n\n<p><\/p>\n","protected":false},"excerpt":{"rendered":"<p>Entre os dias 05 de julho e 09 de agosto de 2021 foi promovido o evento \u201cEst\u00edmulo e Arte\u201d onde realizaram-se 5 oficinas como forma de comemora\u00e7\u00e3o ao m\u00eas da arte. Devido a pandemia do Covid-19 todas as atividades foram [&hellip;]<\/p>\n","protected":false},"author":8,"featured_media":0,"parent":0,"menu_order":0,"comment_status":"closed","ping_status":"closed","template":"","meta":{"footnotes":""},"class_list":["post-426","page","type-page","status-publish","hentry","clearfix"],"_links":{"self":[{"href":"https:\/\/utfpr.curitiba.br\/projetoestimulo\/index.php?rest_route=\/wp\/v2\/pages\/426","targetHints":{"allow":["GET"]}}],"collection":[{"href":"https:\/\/utfpr.curitiba.br\/projetoestimulo\/index.php?rest_route=\/wp\/v2\/pages"}],"about":[{"href":"https:\/\/utfpr.curitiba.br\/projetoestimulo\/index.php?rest_route=\/wp\/v2\/types\/page"}],"author":[{"embeddable":true,"href":"https:\/\/utfpr.curitiba.br\/projetoestimulo\/index.php?rest_route=\/wp\/v2\/users\/8"}],"replies":[{"embeddable":true,"href":"https:\/\/utfpr.curitiba.br\/projetoestimulo\/index.php?rest_route=%2Fwp%2Fv2%2Fcomments&post=426"}],"version-history":[{"count":7,"href":"https:\/\/utfpr.curitiba.br\/projetoestimulo\/index.php?rest_route=\/wp\/v2\/pages\/426\/revisions"}],"predecessor-version":[{"id":534,"href":"https:\/\/utfpr.curitiba.br\/projetoestimulo\/index.php?rest_route=\/wp\/v2\/pages\/426\/revisions\/534"}],"wp:attachment":[{"href":"https:\/\/utfpr.curitiba.br\/projetoestimulo\/index.php?rest_route=%2Fwp%2Fv2%2Fmedia&parent=426"}],"curies":[{"name":"wp","href":"https:\/\/api.w.org\/{rel}","templated":true}]}}