{"id":367,"date":"2022-04-23T14:27:57","date_gmt":"2022-04-23T17:27:57","guid":{"rendered":"https:\/\/projetoestimulo.ct.utfpr.edu.br\/?page_id=367"},"modified":"2025-01-27T19:11:29","modified_gmt":"2025-01-27T22:11:29","slug":"ebook-antiquedas","status":"publish","type":"page","link":"https:\/\/utfpr.curitiba.br\/projetoestimulo\/?page_id=367","title":{"rendered":"E-books"},"content":{"rendered":"\t\t<div data-elementor-type=\"wp-page\" data-elementor-id=\"367\" class=\"elementor elementor-367\">\n\t\t\t\t\t\t<section class=\"elementor-section elementor-top-section elementor-element elementor-element-110af267 elementor-section-boxed elementor-section-height-default elementor-section-height-default\" data-id=\"110af267\" data-element_type=\"section\" data-e-type=\"section\">\n\t\t\t\t\t\t<div class=\"elementor-container elementor-column-gap-default\">\n\t\t\t\t\t<div class=\"elementor-column elementor-col-100 elementor-top-column elementor-element elementor-element-22b120a0\" data-id=\"22b120a0\" data-element_type=\"column\" data-e-type=\"column\">\n\t\t\t<div class=\"elementor-widget-wrap elementor-element-populated\">\n\t\t\t\t\t\t<div class=\"elementor-element elementor-element-455c4e4c elementor-widget elementor-widget-text-editor\" data-id=\"455c4e4c\" data-element_type=\"widget\" data-e-type=\"widget\" data-widget_type=\"text-editor.default\">\n\t\t\t\t<div class=\"elementor-widget-container\">\n\t\t\t\t\t\t\t\t\t\n<p>Com o objetivo de promover conhecimento e inspira\u00e7\u00e3o, o <strong>Projeto Est\u00edmulo<\/strong> lan\u00e7ou uma cole\u00e7\u00e3o exclusiva de <strong>13 e-books<\/strong>, agora dispon\u00edveis na Amazon!<br \/>Cada t\u00edtulo foi desenvolvido com carinho e comprometimento para levar conte\u00fado de qualidade at\u00e9 voc\u00ea. \ud83c\udf1f<\/p>\n\n<p><strong>\ud83d\udcd6 Por que conferir nossos e-books?<\/strong><\/p>\n\n<p>Escritos por profissionais e colaboradores do Projeto.<\/p>\n\n<p>Acess\u00edveis para diferentes p\u00fablicos.<\/p>\n\n<p>Uma forma de apoiar nosso trabalho e contribuir para transformar vidas.<br \/><br \/><strong>\ud83d\uded2 Acesse agora:<\/strong><br \/>Clique nos bot\u00f5es abaixo para explorar a cole\u00e7\u00e3o completa na Amazon!<\/p>\n\n<div class=\"wp-block-buttons is-layout-flex wp-block-buttons-is-layout-flex\">\n<div class=\"wp-block-button\"><a class=\"wp-block-button__link wp-element-button\" href=\"https:\/\/a.co\/d\/6fh44To\">Sala Segura<\/a><\/div>\n\n<div class=\"wp-block-button\"><a class=\"wp-block-button__link wp-element-button\" href=\"https:\/\/a.co\/d\/6Js6jfb\">Safer Living Room<\/a><\/div>\n\n<div class=\"wp-block-button\"><a class=\"wp-block-button__link wp-element-button\" href=\"https:\/\/a.co\/d\/6qWoyEE\">Le Salon S\u00e9curis\u00e9e<\/a><\/div>\n\n<div class=\"wp-block-button\"><a class=\"wp-block-button__link wp-element-button\" href=\"https:\/\/a.co\/d\/cZZQHQd\">Dono de Pet Seguro<\/a><\/div>\n\n<div class=\"wp-block-button\"><a class=\"wp-block-button__link wp-element-button\" href=\"https:\/\/a.co\/d\/5fVDaW3\">Safer Pet<\/a><\/div>\n\n<div class=\"wp-block-button\"><a class=\"wp-block-button__link wp-element-button\" href=\"https:\/\/a.co\/d\/hnMlL7N\">Due\u00f1o de Pet Seguro<\/a><\/div>\n\n<div class=\"wp-block-button\"><a class=\"wp-block-button__link wp-element-button\" href=\"https:\/\/a.co\/d\/c9tCZF4\">Propi\u00e9taire\u00a0d&#8217;un Animal de Compagnie S\u00e9curis\u00e9e<\/a><\/div>\n\n<div class=\"wp-block-button\"><a class=\"wp-block-button__link wp-element-button\" href=\"https:\/\/a.co\/d\/ddcQ3sX\">Cozinha Segura<\/a><\/div>\n\n<div class=\"wp-block-button\"><a class=\"wp-block-button__link wp-element-button\" href=\"https:\/\/a.co\/d\/eIldORO\">Safer Kitchen<\/a><\/div>\n\n<div class=\"wp-block-button\"><a class=\"wp-block-button__link wp-element-button\" href=\"https:\/\/a.co\/d\/j56KjqH\">Cuisine S\u00e9curis\u00e9e<\/a><\/div>\n\n<div class=\"wp-block-button\"><a class=\"wp-block-button__link wp-element-button\" href=\"https:\/\/a.co\/d\/d8nsHor\">Casa Limpa e Segura<\/a><\/div>\n\n<div class=\"wp-block-button\"><a class=\"wp-block-button__link wp-element-button\" href=\"https:\/\/a.co\/d\/cec1dqd\">Guia para Pessoas Diagnosticadas com Doen\u00e7as Neurodegenerativas<\/a><\/div>\n\n<div class=\"wp-block-button\"><a class=\"wp-block-button__link wp-element-button\" href=\"https:\/\/a.co\/d\/aIOf0Dr\">Receitas de Natal<\/a><\/div>\n<\/div>\n\t\t\t\t\t\t\t\t<\/div>\n\t\t\t\t<\/div>\n\t\t\t\t\t<\/div>\n\t\t<\/div>\n\t\t\t\t\t<\/div>\n\t\t<\/section>\n\t\t\t\t<\/div>\n\t\t","protected":false},"excerpt":{"rendered":"<p>Com o objetivo de promover conhecimento e inspira\u00e7\u00e3o, o Projeto Est\u00edmulo lan\u00e7ou uma cole\u00e7\u00e3o exclusiva de 13 e-books, agora dispon\u00edveis na Amazon!Cada t\u00edtulo foi desenvolvido com carinho e comprometimento para levar conte\u00fado de qualidade at\u00e9 voc\u00ea. \ud83c\udf1f \ud83d\udcd6 Por que [&hellip;]<\/p>\n","protected":false},"author":8,"featured_media":0,"parent":0,"menu_order":0,"comment_status":"closed","ping_status":"closed","template":"","meta":{"footnotes":""},"class_list":["post-367","page","type-page","status-publish","hentry","clearfix"],"_links":{"self":[{"href":"https:\/\/utfpr.curitiba.br\/projetoestimulo\/index.php?rest_route=\/wp\/v2\/pages\/367","targetHints":{"allow":["GET"]}}],"collection":[{"href":"https:\/\/utfpr.curitiba.br\/projetoestimulo\/index.php?rest_route=\/wp\/v2\/pages"}],"about":[{"href":"https:\/\/utfpr.curitiba.br\/projetoestimulo\/index.php?rest_route=\/wp\/v2\/types\/page"}],"author":[{"embeddable":true,"href":"https:\/\/utfpr.curitiba.br\/projetoestimulo\/index.php?rest_route=\/wp\/v2\/users\/8"}],"replies":[{"embeddable":true,"href":"https:\/\/utfpr.curitiba.br\/projetoestimulo\/index.php?rest_route=%2Fwp%2Fv2%2Fcomments&post=367"}],"version-history":[{"count":11,"href":"https:\/\/utfpr.curitiba.br\/projetoestimulo\/index.php?rest_route=\/wp\/v2\/pages\/367\/revisions"}],"predecessor-version":[{"id":1640,"href":"https:\/\/utfpr.curitiba.br\/projetoestimulo\/index.php?rest_route=\/wp\/v2\/pages\/367\/revisions\/1640"}],"wp:attachment":[{"href":"https:\/\/utfpr.curitiba.br\/projetoestimulo\/index.php?rest_route=%2Fwp%2Fv2%2Fmedia&parent=367"}],"curies":[{"name":"wp","href":"https:\/\/api.w.org\/{rel}","templated":true}]}}