{"id":346,"date":"2022-04-23T14:17:05","date_gmt":"2022-04-23T17:17:05","guid":{"rendered":"https:\/\/projetoestimulo.ct.utfpr.edu.br\/?page_id=346"},"modified":"2022-04-23T19:08:55","modified_gmt":"2022-04-23T22:08:55","slug":"cartilha-parkinson","status":"publish","type":"page","link":"https:\/\/utfpr.curitiba.br\/projetoestimulo\/?page_id=346","title":{"rendered":"Cartilha Parkinson"},"content":{"rendered":"\n<p>Esta cartilha <strong>est\u00e1 sendo produzida pelo Projeto Est\u00edmulo<\/strong> com o prop\u00f3sito de reunir informa\u00e7\u00f5es sobre a doen\u00e7a de Parkinson em um material de f\u00e1cil acesso e compreens\u00e3o. Nela, voc\u00ea poder\u00e1 encontrar desde a defini\u00e7\u00e3o do que \u00e9 Parkinson, as causas e principais sintomas da doen\u00e7a, at\u00e9 esclarecimentos de d\u00favidas comuns, como a que profissionais recorrer, quais os tratamentos dispon\u00edveis, se h\u00e1 cura ou formas de preven\u00e7\u00e3o. <\/p>\n\n\n\n<p>O principal objetivo ser\u00e1 mostrar que conviver com o Parkinson \u00e9 poss\u00edvel, a partir da adequa\u00e7\u00e3o do paciente a um ritmo de vida que inclua acompanhamento profissional, atividades f\u00edsicas, pr\u00e1ticas de treinamento da fala, gin\u00e1stica facial, bem como a adapta\u00e7\u00e3o da casa do paciente, com a finalidade de proporcionar um ambiente seguro. Ao fim da cartilha, voc\u00ea poder\u00e1 tamb\u00e9m conferir o contato da Associa\u00e7\u00e3o Parkinson Paran\u00e1, que oferece apoio aos pacientes da doen\u00e7a. <\/p>\n\n\n\n<p><strong>A cartilha em PDF estar\u00e1 dispon\u00edvel em breve.<\/strong><\/p>\n","protected":false},"excerpt":{"rendered":"<p>Esta cartilha est\u00e1 sendo produzida pelo Projeto Est\u00edmulo com o prop\u00f3sito de reunir informa\u00e7\u00f5es sobre a doen\u00e7a de Parkinson em um material de f\u00e1cil acesso e compreens\u00e3o. Nela, voc\u00ea poder\u00e1 encontrar desde a defini\u00e7\u00e3o do que \u00e9 Parkinson, as causas [&hellip;]<\/p>\n","protected":false},"author":8,"featured_media":0,"parent":0,"menu_order":0,"comment_status":"closed","ping_status":"closed","template":"","meta":{"footnotes":""},"class_list":["post-346","page","type-page","status-publish","hentry","clearfix"],"_links":{"self":[{"href":"https:\/\/utfpr.curitiba.br\/projetoestimulo\/index.php?rest_route=\/wp\/v2\/pages\/346","targetHints":{"allow":["GET"]}}],"collection":[{"href":"https:\/\/utfpr.curitiba.br\/projetoestimulo\/index.php?rest_route=\/wp\/v2\/pages"}],"about":[{"href":"https:\/\/utfpr.curitiba.br\/projetoestimulo\/index.php?rest_route=\/wp\/v2\/types\/page"}],"author":[{"embeddable":true,"href":"https:\/\/utfpr.curitiba.br\/projetoestimulo\/index.php?rest_route=\/wp\/v2\/users\/8"}],"replies":[{"embeddable":true,"href":"https:\/\/utfpr.curitiba.br\/projetoestimulo\/index.php?rest_route=%2Fwp%2Fv2%2Fcomments&post=346"}],"version-history":[{"count":2,"href":"https:\/\/utfpr.curitiba.br\/projetoestimulo\/index.php?rest_route=\/wp\/v2\/pages\/346\/revisions"}],"predecessor-version":[{"id":393,"href":"https:\/\/utfpr.curitiba.br\/projetoestimulo\/index.php?rest_route=\/wp\/v2\/pages\/346\/revisions\/393"}],"wp:attachment":[{"href":"https:\/\/utfpr.curitiba.br\/projetoestimulo\/index.php?rest_route=%2Fwp%2Fv2%2Fmedia&parent=346"}],"curies":[{"name":"wp","href":"https:\/\/api.w.org\/{rel}","templated":true}]}}