{"id":1123,"date":"2023-08-22T10:56:08","date_gmt":"2023-08-22T13:56:08","guid":{"rendered":"https:\/\/utfpr.curitiba.br\/projetoestimulo\/?page_id=1123"},"modified":"2023-08-28T10:03:19","modified_gmt":"2023-08-28T13:03:19","slug":"edileusa","status":"publish","type":"page","link":"https:\/\/utfpr.curitiba.br\/projetoestimulo\/?page_id=1123","title":{"rendered":"Edileusa"},"content":{"rendered":"\t\t<div data-elementor-type=\"wp-page\" data-elementor-id=\"1123\" class=\"elementor elementor-1123\">\n\t\t\t\t\t\t<section class=\"elementor-section elementor-top-section elementor-element elementor-element-9224de9 elementor-section-boxed elementor-section-height-default elementor-section-height-default\" data-id=\"9224de9\" data-element_type=\"section\" data-e-type=\"section\">\n\t\t\t\t\t\t<div class=\"elementor-container elementor-column-gap-default\">\n\t\t\t\t\t<div class=\"elementor-column elementor-col-100 elementor-top-column elementor-element elementor-element-97d9fdd\" data-id=\"97d9fdd\" data-element_type=\"column\" data-e-type=\"column\">\n\t\t\t<div class=\"elementor-widget-wrap elementor-element-populated\">\n\t\t\t\t\t\t<div class=\"elementor-element elementor-element-90b69d8 elementor-widget elementor-widget-text-editor\" data-id=\"90b69d8\" data-element_type=\"widget\" data-e-type=\"widget\" data-widget_type=\"text-editor.default\">\n\t\t\t\t<div class=\"elementor-widget-container\">\n\t\t\t\t\t\t\t\t\t<p>Professora, artes\u00e3, escritora, atleta, escritora e volunt\u00e1ria do Projeto Est\u00edmulo, Edileusa Almeida.<\/p>\t\t\t\t\t\t\t\t<\/div>\n\t\t\t\t<\/div>\n\t\t\t\t\t<\/div>\n\t\t<\/div>\n\t\t\t\t\t<\/div>\n\t\t<\/section>\n\t\t\t\t<section class=\"elementor-section elementor-top-section elementor-element elementor-element-0916e51 elementor-section-boxed elementor-section-height-default elementor-section-height-default\" data-id=\"0916e51\" data-element_type=\"section\" data-e-type=\"section\">\n\t\t\t\t\t\t<div class=\"elementor-container elementor-column-gap-default\">\n\t\t\t\t\t<div class=\"elementor-column elementor-col-100 elementor-top-column elementor-element elementor-element-20700bf\" data-id=\"20700bf\" data-element_type=\"column\" data-e-type=\"column\">\n\t\t\t<div class=\"elementor-widget-wrap elementor-element-populated\">\n\t\t\t\t\t\t<div class=\"elementor-element elementor-element-a37e637 elementor-widget elementor-widget-image\" data-id=\"a37e637\" data-element_type=\"widget\" data-e-type=\"widget\" data-widget_type=\"image.default\">\n\t\t\t\t<div class=\"elementor-widget-container\">\n\t\t\t\t\t\t\t\t\t\t\t\t\t\t\t<img fetchpriority=\"high\" decoding=\"async\" width=\"640\" height=\"640\" src=\"https:\/\/utfpr-ct-static-content.s3.amazonaws.com\/utfpr.curitiba.br\/wp-content\/uploads\/sites\/105\/2023\/08\/EDILEUSA-ENTREVISTA.png\" class=\"attachment-large size-large wp-image-1143\" alt=\"\" srcset=\"https:\/\/utfpr-ct-static-content.s3.amazonaws.com\/utfpr.curitiba.br\/wp-content\/uploads\/sites\/105\/2023\/08\/EDILEUSA-ENTREVISTA.png 1080w, https:\/\/utfpr-ct-static-content.s3.amazonaws.com\/utfpr.curitiba.br\/wp-content\/uploads\/sites\/105\/2023\/08\/EDILEUSA-ENTREVISTA-300x300.png 300w, https:\/\/utfpr-ct-static-content.s3.amazonaws.com\/utfpr.curitiba.br\/wp-content\/uploads\/sites\/105\/2023\/08\/EDILEUSA-ENTREVISTA-150x150.png 150w, https:\/\/utfpr-ct-static-content.s3.amazonaws.com\/utfpr.curitiba.br\/wp-content\/uploads\/sites\/105\/2023\/08\/EDILEUSA-ENTREVISTA-768x768.png 768w, https:\/\/utfpr-ct-static-content.s3.amazonaws.com\/utfpr.curitiba.br\/wp-content\/uploads\/sites\/105\/2023\/08\/EDILEUSA-ENTREVISTA-700x700.png 700w, https:\/\/utfpr-ct-static-content.s3.amazonaws.com\/utfpr.curitiba.br\/wp-content\/uploads\/sites\/105\/2023\/08\/EDILEUSA-ENTREVISTA-520x520.png 520w, https:\/\/utfpr-ct-static-content.s3.amazonaws.com\/utfpr.curitiba.br\/wp-content\/uploads\/sites\/105\/2023\/08\/EDILEUSA-ENTREVISTA-360x360.png 360w, https:\/\/utfpr-ct-static-content.s3.amazonaws.com\/utfpr.curitiba.br\/wp-content\/uploads\/sites\/105\/2023\/08\/EDILEUSA-ENTREVISTA-250x250.png 250w, https:\/\/utfpr-ct-static-content.s3.amazonaws.com\/utfpr.curitiba.br\/wp-content\/uploads\/sites\/105\/2023\/08\/EDILEUSA-ENTREVISTA-100x100.png 100w\" sizes=\"(max-width: 640px) 100vw, 640px\" \/>\t\t\t\t\t\t\t\t\t\t\t\t\t\t\t<\/div>\n\t\t\t\t<\/div>\n\t\t\t\t\t<\/div>\n\t\t<\/div>\n\t\t\t\t\t<\/div>\n\t\t<\/section>\n\t\t\t\t<section class=\"elementor-section elementor-top-section elementor-element elementor-element-122ec44 elementor-section-boxed elementor-section-height-default elementor-section-height-default\" data-id=\"122ec44\" data-element_type=\"section\" data-e-type=\"section\">\n\t\t\t\t\t\t<div class=\"elementor-container elementor-column-gap-default\">\n\t\t\t\t\t<div class=\"elementor-column elementor-col-100 elementor-top-column elementor-element elementor-element-2db5adf\" data-id=\"2db5adf\" data-element_type=\"column\" data-e-type=\"column\">\n\t\t\t<div class=\"elementor-widget-wrap elementor-element-populated\">\n\t\t\t\t\t\t<div class=\"elementor-element elementor-element-8027b3e elementor-widget elementor-widget-text-editor\" data-id=\"8027b3e\" data-element_type=\"widget\" data-e-type=\"widget\" data-widget_type=\"text-editor.default\">\n\t\t\t\t<div class=\"elementor-widget-container\">\n\t\t\t\t\t\t\t\t\t<p>V\u00eddeo 1<\/p><p><span style=\"color: #000000;font-family: -apple-system, BlinkMacSystemFont, 'Segoe UI', Roboto, Helvetica, Arial, sans-serif;font-size: 14px;letter-spacing: normal\">https:\/\/www.instagram.com\/reel\/CvXQEmDg1EB\/?utm_source=ig_web_copy_link&amp;igshid=MzRlODBiNWFlZA==<\/span><\/p>\t\t\t\t\t\t\t\t<\/div>\n\t\t\t\t<\/div>\n\t\t\t\t\t<\/div>\n\t\t<\/div>\n\t\t\t\t\t<\/div>\n\t\t<\/section>\n\t\t\t\t<section class=\"elementor-section elementor-top-section elementor-element elementor-element-6f7d743 elementor-section-boxed elementor-section-height-default elementor-section-height-default\" data-id=\"6f7d743\" data-element_type=\"section\" data-e-type=\"section\">\n\t\t\t\t\t\t<div class=\"elementor-container elementor-column-gap-default\">\n\t\t\t\t\t<div class=\"elementor-column elementor-col-100 elementor-top-column elementor-element elementor-element-97220b4\" data-id=\"97220b4\" data-element_type=\"column\" data-e-type=\"column\">\n\t\t\t<div class=\"elementor-widget-wrap elementor-element-populated\">\n\t\t\t\t\t\t<div class=\"elementor-element elementor-element-ed9d721 elementor-widget elementor-widget-text-editor\" data-id=\"ed9d721\" data-element_type=\"widget\" data-e-type=\"widget\" data-widget_type=\"text-editor.default\">\n\t\t\t\t<div class=\"elementor-widget-container\">\n\t\t\t\t\t\t\t\t\t<p>V\u00eddeo 2<\/p><p><span style=\"color: #000000;font-family: -apple-system, BlinkMacSystemFont, 'Segoe UI', Roboto, Helvetica, Arial, sans-serif;font-size: 14px;letter-spacing: normal\">https:\/\/www.instagram.com\/reel\/Cvw-w6Rr_Ye\/?utm_source=ig_web_copy_link&amp;igshid=MzRlODBiNWFlZA==<\/span><\/p>\t\t\t\t\t\t\t\t<\/div>\n\t\t\t\t<\/div>\n\t\t\t\t\t<\/div>\n\t\t<\/div>\n\t\t\t\t\t<\/div>\n\t\t<\/section>\n\t\t\t\t<section class=\"elementor-section elementor-top-section elementor-element elementor-element-b7b9b9b elementor-section-boxed elementor-section-height-default elementor-section-height-default\" data-id=\"b7b9b9b\" data-element_type=\"section\" data-e-type=\"section\">\n\t\t\t\t\t\t<div class=\"elementor-container elementor-column-gap-default\">\n\t\t\t\t\t<div class=\"elementor-column elementor-col-100 elementor-top-column elementor-element elementor-element-e261aa7\" data-id=\"e261aa7\" data-element_type=\"column\" data-e-type=\"column\">\n\t\t\t<div class=\"elementor-widget-wrap elementor-element-populated\">\n\t\t\t\t\t\t<div class=\"elementor-element elementor-element-b97e22d elementor-widget elementor-widget-text-editor\" data-id=\"b97e22d\" data-element_type=\"widget\" data-e-type=\"widget\" data-widget_type=\"text-editor.default\">\n\t\t\t\t<div class=\"elementor-widget-container\">\n\t\t\t\t\t\t\t\t\t<p>V\u00eddeo 3<\/p><p><span style=\"color: #000000;font-family: -apple-system, BlinkMacSystemFont, 'Segoe UI', Roboto, Helvetica, Arial, sans-serif;font-size: 14px;letter-spacing: normal\">https:\/\/www.instagram.com\/reel\/Cv91ckrMz8v\/?utm_source=ig_web_copy_link&amp;igshid=MzRlODBiNWFlZA==<\/span><\/p>\t\t\t\t\t\t\t\t<\/div>\n\t\t\t\t<\/div>\n\t\t\t\t\t<\/div>\n\t\t<\/div>\n\t\t\t\t\t<\/div>\n\t\t<\/section>\n\t\t\t\t<section class=\"elementor-section elementor-top-section elementor-element elementor-element-f86512d elementor-section-boxed elementor-section-height-default elementor-section-height-default\" data-id=\"f86512d\" data-element_type=\"section\" data-e-type=\"section\">\n\t\t\t\t\t\t<div class=\"elementor-container elementor-column-gap-default\">\n\t\t\t\t\t<div class=\"elementor-column elementor-col-100 elementor-top-column elementor-element elementor-element-9f15464\" data-id=\"9f15464\" data-element_type=\"column\" data-e-type=\"column\">\n\t\t\t<div class=\"elementor-widget-wrap elementor-element-populated\">\n\t\t\t\t\t\t<div class=\"elementor-element elementor-element-7579f47 elementor-widget elementor-widget-text-editor\" data-id=\"7579f47\" data-element_type=\"widget\" data-e-type=\"widget\" data-widget_type=\"text-editor.default\">\n\t\t\t\t<div class=\"elementor-widget-container\">\n\t\t\t\t\t\t\t\t\t<p>V\u00eddeo 4<\/p><p><span style=\"color: #000000;font-family: -apple-system, BlinkMacSystemFont, 'Segoe UI', Roboto, Helvetica, Arial, sans-serif;font-size: 14px;letter-spacing: normal\">https:\/\/www.instagram.com\/reel\/CwVCF4ksIXs\/?utm_source=ig_web_copy_link&amp;igshid=MzRlODBiNWFlZA==<\/span><\/p>\t\t\t\t\t\t\t\t<\/div>\n\t\t\t\t<\/div>\n\t\t\t\t\t<\/div>\n\t\t<\/div>\n\t\t\t\t\t<\/div>\n\t\t<\/section>\n\t\t\t\t<\/div>\n\t\t","protected":false},"excerpt":{"rendered":"<p>Professora, artes\u00e3, escritora, atleta, escritora e volunt\u00e1ria do Projeto Est\u00edmulo, Edileusa Almeida. V\u00eddeo 1 https:\/\/www.instagram.com\/reel\/CvXQEmDg1EB\/?utm_source=ig_web_copy_link&#038;igshid=MzRlODBiNWFlZA== V\u00eddeo 2 https:\/\/www.instagram.com\/reel\/Cvw-w6Rr_Ye\/?utm_source=ig_web_copy_link&#038;igshid=MzRlODBiNWFlZA== V\u00eddeo 3 https:\/\/www.instagram.com\/reel\/Cv91ckrMz8v\/?utm_source=ig_web_copy_link&#038;igshid=MzRlODBiNWFlZA== V\u00eddeo 4 https:\/\/www.instagram.com\/reel\/CwVCF4ksIXs\/?utm_source=ig_web_copy_link&#038;igshid=MzRlODBiNWFlZA==<\/p>\n","protected":false},"author":198,"featured_media":0,"parent":0,"menu_order":0,"comment_status":"closed","ping_status":"closed","template":"","meta":{"footnotes":""},"class_list":["post-1123","page","type-page","status-publish","hentry","clearfix"],"_links":{"self":[{"href":"https:\/\/utfpr.curitiba.br\/projetoestimulo\/index.php?rest_route=\/wp\/v2\/pages\/1123","targetHints":{"allow":["GET"]}}],"collection":[{"href":"https:\/\/utfpr.curitiba.br\/projetoestimulo\/index.php?rest_route=\/wp\/v2\/pages"}],"about":[{"href":"https:\/\/utfpr.curitiba.br\/projetoestimulo\/index.php?rest_route=\/wp\/v2\/types\/page"}],"author":[{"embeddable":true,"href":"https:\/\/utfpr.curitiba.br\/projetoestimulo\/index.php?rest_route=\/wp\/v2\/users\/198"}],"replies":[{"embeddable":true,"href":"https:\/\/utfpr.curitiba.br\/projetoestimulo\/index.php?rest_route=%2Fwp%2Fv2%2Fcomments&post=1123"}],"version-history":[{"count":13,"href":"https:\/\/utfpr.curitiba.br\/projetoestimulo\/index.php?rest_route=\/wp\/v2\/pages\/1123\/revisions"}],"predecessor-version":[{"id":1177,"href":"https:\/\/utfpr.curitiba.br\/projetoestimulo\/index.php?rest_route=\/wp\/v2\/pages\/1123\/revisions\/1177"}],"wp:attachment":[{"href":"https:\/\/utfpr.curitiba.br\/projetoestimulo\/index.php?rest_route=%2Fwp%2Fv2%2Fmedia&parent=1123"}],"curies":[{"name":"wp","href":"https:\/\/api.w.org\/{rel}","templated":true}]}}