{"id":8,"date":"2022-05-30T10:24:26","date_gmt":"2022-05-30T13:24:26","guid":{"rendered":"https:\/\/utfpr.curitiba.br\/prh21\/?page_id=8"},"modified":"2026-03-29T22:09:40","modified_gmt":"2026-03-30T01:09:40","slug":"sobre","status":"publish","type":"page","link":"https:\/\/utfpr.curitiba.br\/prh21\/sobre\/","title":{"rendered":"Sobre"},"content":{"rendered":"\t\t<div data-elementor-type=\"wp-page\" data-elementor-id=\"8\" class=\"elementor elementor-8\">\n\t\t\t\t\t\t<section class=\"elementor-section elementor-top-section elementor-element elementor-element-e52810b elementor-section-boxed elementor-section-height-default elementor-section-height-default\" data-id=\"e52810b\" data-element_type=\"section\" data-e-type=\"section\">\n\t\t\t\t\t\t<div class=\"elementor-container elementor-column-gap-default\">\n\t\t\t\t\t<div class=\"elementor-column elementor-col-100 elementor-top-column elementor-element elementor-element-6893e381\" data-id=\"6893e381\" data-element_type=\"column\" data-e-type=\"column\">\n\t\t\t<div class=\"elementor-widget-wrap elementor-element-populated\">\n\t\t\t\t\t\t<div class=\"elementor-element elementor-element-322695d4 elementor-widget elementor-widget-text-editor\" data-id=\"322695d4\" data-element_type=\"widget\" data-e-type=\"widget\" data-widget_type=\"text-editor.default\">\n\t\t\t\t<div class=\"elementor-widget-container\">\n\t\t\t\t\t\t\t\t\t\n<p>A Universidade Tecnol\u00f3gica Federal do Paran\u00e1 (UTFPR) participa do Programa de Forma\u00e7\u00e3o de Recursos Humanos (PRH), promovido pela Ag\u00eancia Nacional de Petr\u00f3leo, G\u00e1s Natural e Biocombust\u00edveis da \u00e1rea (ANP). O objetivo \u00e9 especializar m\u00e3o de obra para inser\u00e7\u00e3o no mercado de trabalho e realizar novas pesquisas para o setor.<\/p>\n\n<p>A Universidade j\u00e1 havia sido participante da primeira fase do programa, entre 1999 e 2018. E atualmente faz parte da segunda etapa, com previs\u00e3o de atividades entre 2020 e 2025.<\/p>\n\n<p>Por meio dos programas de p\u00f3s-gradua\u00e7\u00e3o em <a href=\"https:\/\/www.utfpr.edu.br\/cursos\/programas-de-pos-graduacao\/cpgei-ct\" target=\"_blank\" rel=\"noopener\"><u>Engen<\/u><u>h<\/u><u>aria El\u00e9trica e Inform\u00e1tica Industrial<\/u><\/a> (CPGEI) e em <a href=\"https:\/\/www.utfpr.edu.br\/cursos\/programas-de-pos-graduacao\/ppgem-ct\"><u>Engenharia Mec\u00e2nica<\/u><\/a> (PPGEM), promove o desenvolvimento de solu\u00e7\u00f5es tecnol\u00f3gicas e a capacita\u00e7\u00e3o de discentes dos cursos de gradua\u00e7\u00e3o, mestrado e doutorado.<\/p>\n\n<p>Possui alunos e professores de diferentes \u00e1reas envolvidos para lidar com quest\u00f5es multidisciplinares.<\/p>\n\t\t\t\t\t\t\t\t<\/div>\n\t\t\t\t<\/div>\n\t\t\t\t\t<\/div>\n\t\t<\/div>\n\t\t\t\t\t<\/div>\n\t\t<\/section>\n\t\t\t\t<\/div>\n\t\t","protected":false},"excerpt":{"rendered":"<p>A Universidade Tecnol\u00f3gica Federal do Paran\u00e1 (UTFPR) participa do Programa de Forma\u00e7\u00e3o de Recursos Humanos (PRH), promovido pela Ag\u00eancia Nacional de Petr\u00f3leo, G\u00e1s Natural e Biocombust\u00edveis da \u00e1rea (ANP). O objetivo \u00e9 especializar m\u00e3o de obra para inser\u00e7\u00e3o no mercado de trabalho e realizar novas pesquisas para o setor. A Universidade j\u00e1 havia sido participante [&hellip;]<\/p>\n","protected":false},"author":67,"featured_media":0,"parent":0,"menu_order":0,"comment_status":"closed","ping_status":"closed","template":"","meta":{"footnotes":""},"class_list":["post-8","page","type-page","status-publish","hentry"],"_links":{"self":[{"href":"https:\/\/utfpr.curitiba.br\/prh21\/wp-json\/wp\/v2\/pages\/8","targetHints":{"allow":["GET"]}}],"collection":[{"href":"https:\/\/utfpr.curitiba.br\/prh21\/wp-json\/wp\/v2\/pages"}],"about":[{"href":"https:\/\/utfpr.curitiba.br\/prh21\/wp-json\/wp\/v2\/types\/page"}],"author":[{"embeddable":true,"href":"https:\/\/utfpr.curitiba.br\/prh21\/wp-json\/wp\/v2\/users\/67"}],"replies":[{"embeddable":true,"href":"https:\/\/utfpr.curitiba.br\/prh21\/wp-json\/wp\/v2\/comments?post=8"}],"version-history":[{"count":5,"href":"https:\/\/utfpr.curitiba.br\/prh21\/wp-json\/wp\/v2\/pages\/8\/revisions"}],"predecessor-version":[{"id":809,"href":"https:\/\/utfpr.curitiba.br\/prh21\/wp-json\/wp\/v2\/pages\/8\/revisions\/809"}],"wp:attachment":[{"href":"https:\/\/utfpr.curitiba.br\/prh21\/wp-json\/wp\/v2\/media?parent=8"}],"curies":[{"name":"wp","href":"https:\/\/api.w.org\/{rel}","templated":true}]}}