{"id":63,"date":"2022-06-30T10:05:15","date_gmt":"2022-06-30T13:05:15","guid":{"rendered":"https:\/\/utfpr.curitiba.br\/prh21\/?page_id=63"},"modified":"2025-05-27T18:47:39","modified_gmt":"2025-05-27T21:47:39","slug":"interno","status":"publish","type":"page","link":"https:\/\/utfpr.curitiba.br\/prh21\/interno\/","title":{"rendered":"Interno"},"content":{"rendered":"\t\t<div data-elementor-type=\"wp-page\" data-elementor-id=\"63\" class=\"elementor elementor-63\">\n\t\t\t\t\t\t<section class=\"elementor-section elementor-top-section elementor-element elementor-element-4d13bedd elementor-section-boxed elementor-section-height-default elementor-section-height-default\" data-id=\"4d13bedd\" data-element_type=\"section\" data-e-type=\"section\">\n\t\t\t\t\t\t<div class=\"elementor-container elementor-column-gap-default\">\n\t\t\t\t\t<div class=\"elementor-column elementor-col-100 elementor-top-column elementor-element elementor-element-e37ea9e\" data-id=\"e37ea9e\" data-element_type=\"column\" data-e-type=\"column\">\n\t\t\t<div class=\"elementor-widget-wrap elementor-element-populated\">\n\t\t\t\t\t\t<div class=\"elementor-element elementor-element-ed26868 elementor-widget elementor-widget-text-editor\" data-id=\"ed26868\" data-element_type=\"widget\" data-e-type=\"widget\" data-widget_type=\"text-editor.default\">\n\t\t\t\t<div class=\"elementor-widget-container\">\n\t\t\t\t\t\t\t\t\t<h3>Acesso a arquivos para bolsistas do PRH21.1<\/h3>\n<p><!-- \/wp:paragraph --><!-- wp:file {\"id\":59,\"href\":\"https:\/\/utfpr-ct-static-content.s3.amazonaws.com\/utfpr.curitiba.br\/wp-content\/uploads\/sites\/104\/2022\/06\/IN_Agradecimentos-1.docx\"} --><\/p>\n<h3 class=\"wp-block-file\">INSTRU\u00c7\u00c3O SOBRE AGRADECIMENTOS <a href=\"https:\/\/utfpr-ct-static-content.s3.amazonaws.com\/utfpr.curitiba.br\/wp-content\/uploads\/sites\/104\/2025\/05\/IN_Agradecimentos-1.docx\">IN_Agradecimentos<\/a><a class=\"wp-block-file__button wp-element-button\" href=\"https:\/\/utfpr-ct-static-content.s3.amazonaws.com\/utfpr.curitiba.br\/wp-content\/uploads\/sites\/104\/2025\/05\/IN_Agradecimentos-1.docx\" aria-describedby=\"wp-block-file--media-eae83365-8346-4acf-b06a-8fe22677e1cb\"> Baixar<\/a><br \/><br \/><!-- \/wp:file --><!-- wp:file {\"id\":60,\"href\":\"https:\/\/utfpr-ct-static-content.s3.amazonaws.com\/utfpr.curitiba.br\/wp-content\/uploads\/sites\/104\/2022\/06\/PTP.docx\"} --><br \/><br \/><a id=\"wp-block-file--media-ed0b5531-eb20-42b0-a8e2-d1ae727e286b\" href=\"https:\/\/utfpr-ct-static-content.s3.amazonaws.com\/utfpr.curitiba.br\/wp-content\/uploads\/sites\/104\/2022\/06\/PTP.docx\">Plano de Trabalho de Pesquisa<\/a><a class=\"wp-block-file__button wp-element-button\" href=\"https:\/\/utfpr-ct-static-content.s3.amazonaws.com\/utfpr.curitiba.br\/wp-content\/uploads\/sites\/104\/2022\/06\/PTP.docx\" aria-describedby=\"wp-block-file--media-ed0b5531-eb20-42b0-a8e2-d1ae727e286b\">Baixar<\/a><br \/><br \/><!-- \/wp:file --><!-- wp:file {\"id\":62,\"href\":\"https:\/\/utfpr-ct-static-content.s3.amazonaws.com\/utfpr.curitiba.br\/wp-content\/uploads\/sites\/104\/2022\/06\/RSBA.docx\"} --><br \/><br \/><a id=\"wp-block-file--media-ab704f8a-8131-464c-b6b8-0a9768da2a16\" href=\"https:\/\/utfpr-ct-static-content.s3.amazonaws.com\/utfpr.curitiba.br\/wp-content\/uploads\/sites\/104\/2022\/06\/RSBA.docx\">Relat\u00f3rio Semestral de Bolsista<\/a><a class=\"wp-block-file__button wp-element-button\" href=\"https:\/\/utfpr-ct-static-content.s3.amazonaws.com\/utfpr.curitiba.br\/wp-content\/uploads\/sites\/104\/2022\/06\/RSBA.docx\" aria-describedby=\"wp-block-file--media-ab704f8a-8131-464c-b6b8-0a9768da2a16\">Baixar<\/a><br \/><br \/><!-- \/wp:file --><!-- wp:file {\"id\":61,\"href\":\"https:\/\/utfpr-ct-static-content.s3.amazonaws.com\/utfpr.curitiba.br\/wp-content\/uploads\/sites\/104\/2022\/06\/RFB.docx\"} --><br \/><br \/><a id=\"wp-block-file--media-5fb59662-c7c3-47c1-91b7-40765fccd021\" href=\"https:\/\/utfpr-ct-static-content.s3.amazonaws.com\/utfpr.curitiba.br\/wp-content\/uploads\/sites\/104\/2022\/06\/RFB.docx\">Relat\u00f3rio Final do Bolsista <\/a><a class=\"wp-block-file__button wp-element-button\" href=\"https:\/\/utfpr-ct-static-content.s3.amazonaws.com\/utfpr.curitiba.br\/wp-content\/uploads\/sites\/104\/2022\/06\/RFB.docx\" aria-describedby=\"wp-block-file--media-5fb59662-c7c3-47c1-91b7-40765fccd021\">Baixar<\/a><br \/><br \/><!-- \/wp:file --><!-- wp:paragraph --><br \/><br \/><!-- \/wp:paragraph --><!-- wp:paragraph --><br \/><br \/><a href=\"https:\/\/utfpr-ct-static-content.s3.amazonaws.com\/utfpr.curitiba.br\/wp-content\/uploads\/sites\/104\/2024\/04\/IN_compra-1-1.pdf\">PEDIDO DE COMPRA &#8211; Material de consumo.pdf<\/a> &#8211; (<a href=\"https:\/\/docs.google.com\/document\/d\/10CU4rFP0guZk4EN07TQO3G5sEujT_cTc3Z7BYm45UsA\/edit?usp=sharing\">Vers\u00e3o DOC<\/a>)\u00a0<a class=\"wp-block-file__button wp-element-button\" href=\"https:\/\/docs.google.com\/document\/d\/10CU4rFP0guZk4EN07TQO3G5sEujT_cTc3Z7BYm45UsA\/edit\" aria-describedby=\"wp-block-file--media-eae83365-8346-4acf-b06a-8fe22677e1cb\">Baixar<\/a><\/h3>\n<p><!-- \/wp:paragraph --><\/p>\t\t\t\t\t\t\t\t<\/div>\n\t\t\t\t<\/div>\n\t\t\t\t\t<\/div>\n\t\t<\/div>\n\t\t\t\t\t<\/div>\n\t\t<\/section>\n\t\t\t\t<\/div>\n\t\t","protected":false},"excerpt":{"rendered":"<p>Acesso a arquivos para bolsistas do PRH21.1 INSTRU\u00c7\u00c3O SOBRE AGRADECIMENTOS IN_Agradecimentos Baixar Plano de Trabalho de PesquisaBaixar Relat\u00f3rio Semestral de BolsistaBaixar Relat\u00f3rio Final do Bolsista Baixar PEDIDO DE COMPRA &#8211; Material de consumo.pdf &#8211; (Vers\u00e3o DOC)\u00a0Baixar<\/p>\n","protected":false},"author":67,"featured_media":0,"parent":0,"menu_order":0,"comment_status":"closed","ping_status":"closed","template":"","meta":{"footnotes":""},"class_list":["post-63","page","type-page","status-publish","hentry"],"_links":{"self":[{"href":"https:\/\/utfpr.curitiba.br\/prh21\/wp-json\/wp\/v2\/pages\/63","targetHints":{"allow":["GET"]}}],"collection":[{"href":"https:\/\/utfpr.curitiba.br\/prh21\/wp-json\/wp\/v2\/pages"}],"about":[{"href":"https:\/\/utfpr.curitiba.br\/prh21\/wp-json\/wp\/v2\/types\/page"}],"author":[{"embeddable":true,"href":"https:\/\/utfpr.curitiba.br\/prh21\/wp-json\/wp\/v2\/users\/67"}],"replies":[{"embeddable":true,"href":"https:\/\/utfpr.curitiba.br\/prh21\/wp-json\/wp\/v2\/comments?post=63"}],"version-history":[{"count":22,"href":"https:\/\/utfpr.curitiba.br\/prh21\/wp-json\/wp\/v2\/pages\/63\/revisions"}],"predecessor-version":[{"id":585,"href":"https:\/\/utfpr.curitiba.br\/prh21\/wp-json\/wp\/v2\/pages\/63\/revisions\/585"}],"wp:attachment":[{"href":"https:\/\/utfpr.curitiba.br\/prh21\/wp-json\/wp\/v2\/media?parent=63"}],"curies":[{"name":"wp","href":"https:\/\/api.w.org\/{rel}","templated":true}]}}