{"id":214,"date":"2023-10-08T15:44:50","date_gmt":"2023-10-08T18:44:50","guid":{"rendered":"https:\/\/utfpr.curitiba.br\/prh21\/?page_id=214"},"modified":"2025-06-26T21:24:25","modified_gmt":"2025-06-27T00:24:25","slug":"bolsas-encerradas","status":"publish","type":"page","link":"https:\/\/utfpr.curitiba.br\/prh21\/bolsas-encerradas\/","title":{"rendered":"EX-BOLSISTAS"},"content":{"rendered":"\n<figure class=\"wp-block-table\"><table class=\"has-fixed-layout\"><tbody><tr><td>BOLSISTA<\/td><td>MODALIDADE<\/td><td>ORIENTADOR<\/td><td>CURSO\/PROGRAMA<\/td><td>IN\u00cdCIO &#8211; BOLSA<\/td><td>LATTES<\/td><td>FINAL BOLSA<\/td><\/tr><tr><td>Anna Carolina Zornitta Liston<\/td><td>MESTRADO<\/td><td>Rigoberto Eleazar Melgarejo Morales<\/td><td>PPGEM &#8211; Programa De P\u00f3s-Gradua\u00e7\u00e3o Em Engenharia Mec\u00e2nica E De Materiais<\/td><td>Outubro\/2021<\/td><td><a href=\"http:\/\/lattes.cnpq.br\/1755466698684890\" target=\"_blank\" rel=\"noreferrer noopener\"><\/a><a target=\"_blank\" href=\"http:\/\/lattes.cnpq.br\/1755466698684890\" rel=\"noreferrer noopener\"> http:\/\/lattes.cnpq.br\/1755466698684890<\/a><\/td><td>mar\u00e7o\/2024<\/td><\/tr><tr><td>Caio C\u00e9sar Soares<\/td><td>MESTRADO<\/td><td>Rigoberto Morales<\/td><td>PPGEM &#8211; Programa De P\u00f3s-Gradua\u00e7\u00e3o Em Engenharia Mec\u00e2nica E De Materiais<\/td><td>junho\/2024<\/td><td><a href=\"http:\/\/lattes.cnpq.br\/7796012047628085\" target=\"_blank\" rel=\"noreferrer noopener\"><\/a><a target=\"_blank\" href=\"http:\/\/lattes.cnpq.br\/7796012047628085\" rel=\"noreferrer noopener\">http:\/\/lattes.cnpq.br\/7796012047628085<\/a><\/td><td>junho \/2025<\/td><\/tr><tr><td>Camila Rodrigues de Sousa<\/td><td>Gradua\u00e7\u00e3o<\/td><td>L\u00facia Val\u00e9ria Ramos de Arruda<\/td><td>Engenharia Eletr\u00f4nica<\/td><td>outubro\/2021<\/td><td><a href=\"https:\/\/buscatextual.cnpq.br\/buscatextual\/visualizacv.do\" target=\"_blank\" rel=\"noreferrer noopener\">https:\/\/buscatextual.cnpq.br\/buscatextual\/visualizacv.do<\/a><\/td><td>mar\u00e7o\/2024<\/td><\/tr><tr><td>Carolina Cimarelli Rodrigues<\/td><td>Doutorado<\/td><td>Rigoberto Eleazar Melgarejo Morales<\/td><td>PPGEM &#8211; Programa De P\u00f3s-Gradua\u00e7\u00e3o Em Engenharia Mec\u00e2nica E De Materiais<\/td><td>agosto\/2021<\/td><td><a href=\"http:\/\/lattes.cnpq.br\/0952579448687455\" target=\"_blank\" rel=\"noreferrer noopener\">http:\/\/lattes.cnpq.br\/0952579448687455<\/a><\/td><td>abril\/2024<\/td><\/tr><tr><td>Cassio Vinicius Kurutz<\/td><td>Gradua\u00e7\u00e3o<\/td><td>Paulo Henrique Dias dos Santos<\/td><td>Engenharia Mec\u00e2nica<\/td><td>setembro\/2021<\/td><td><a href=\"http:\/\/lattes.cnpq.br\/9133046171317462\" target=\"_blank\" rel=\"noreferrer noopener\">http:\/\/lattes.cnpq.br\/9133046171317462<\/a><\/td><td>agosto\/2023<\/td><\/tr><tr><td>Celina Kakitani Ofuchi<\/td><td>P\u00d3S-DOUTORADO<\/td><td>Rigoberto Eleazar Melgarejo Morales<\/td><td>PPGEM &#8211; Programa De P\u00f3s-Gradua\u00e7\u00e3o Em Engenharia Mec\u00e2nica E De Materiais<\/td><td>janeiro\/2023<\/td><td><a href=\"http:\/\/lattes.cnpq.br\/2531466822892725\" target=\"_blank\" rel=\"noreferrer noopener\"><\/a><a target=\"_blank\" href=\"http:\/\/lattes.cnpq.br\/2531466822892725\" rel=\"noreferrer noopener\">http:\/\/lattes.cnpq.br\/2531466822892725<\/a><\/td><td>dezembro\/2023<\/td><\/tr><tr><td>Daniel Ligmanovski Ferreira<\/td><td>GRADUA\u00c7\u00c3O<\/td><td>Andr\u00e9 Eug\u00eanio Lazzaretti<\/td><td>Engenharia El\u00e9trica<\/td><td>outubro\/2021<\/td><td><a href=\"http:\/\/lattes.cnpq.br\/7059561691604052\" target=\"_blank\" rel=\"noreferrer noopener\"><\/a><a target=\"_blank\" href=\"http:\/\/lattes.cnpq.br\/7059561691604052\" rel=\"noreferrer noopener\">http:\/\/lattes.cnpq.br\/7059561691604052<\/a><\/td><td>setembro 2023<\/td><\/tr><tr><td>Diogo Elias da Vinha Andrade<\/td><td>P\u00f3s-doutorado<\/td><td>Cezar Otaviano Ribeiro Negr\u00e3o<\/td><td>PPGEM &#8211; Programa De P\u00f3s-Gradua\u00e7\u00e3o Em Engenharia Mec\u00e2nica E De Materiais<\/td><td>julho\/2020<\/td><td><a href=\"http:\/\/lattes.cnpq.br\/5726562903368886\" target=\"_blank\" rel=\"noreferrer noopener\">http:\/\/lattes.cnpq.br\/5726562903368886<\/a><\/td><td>janeiro\/2021<\/td><\/tr><tr><td>EMILIANO BOCARDO DA CRUZ<\/td><td>Gradua\u00e7\u00e3o<\/td><td>Admilson Teixeira Franco<\/td><td>Engenharia Mec\u00e2nica<\/td><td>abril\/2023<\/td><td><a href=\"http:\/\/lattes.cnpq.br\/0696478215065458\" target=\"_blank\" rel=\"noreferrer noopener\">http:\/\/lattes.cnpq.br\/0696478215065458<\/a><\/td><td>mar\u00e7o\/2025<\/td><\/tr><tr><td>Erich Takenore Tiuman<\/td><td>MESTRADO<\/td><td>Mois\u00e9s Alves Marcelino Neto<\/td><td>PPGEM &#8211; Programa De P\u00f3s-Gradua\u00e7\u00e3o Em Engenharia Mec\u00e2nica E De Materiais<\/td><td>junho\/2020<\/td><td><a href=\"http:\/\/lattes.cnpq.br\/5515071871114679\" target=\"_blank\" rel=\"noreferrer noopener\">http:\/\/lattes.cnpq.br\/5515071871114679<\/a><\/td><td>agosto\/2021<\/td><\/tr><tr><td>Erik Tarlles Silveira<\/td><td>GRADUA\u00c7\u00c3O<\/td><td>Jean Carlos Cardozo da Silva<\/td><td>Engenharia El\u00e9trica<\/td><td>junho\/2020<\/td><td><a href=\"http:\/\/lattes.cnpq.br\/9889685865512992\" target=\"_blank\" rel=\"noreferrer noopener\"><\/a><a target=\"_blank\" href=\"http:\/\/lattes.cnpq.br\/9889685865512992\" rel=\"noreferrer noopener\">http:\/\/lattes.cnpq.br\/9889685865512992<\/a><\/td><td>junho\/2022<\/td><\/tr><tr><td>Felipe Derewlany Gutierrez<\/td><td>MESTRADO<\/td><td>Daniel Rodrigues Pipa<\/td><td>CPGEI<\/td><td>fevereiro\/2023<\/td><td><a href=\"http:\/\/lattes.cnpq.br\/7792370505437636\" target=\"_blank\" rel=\"noreferrer noopener\"><\/a><a target=\"_blank\" href=\"http:\/\/lattes.cnpq.br\/7792370505437636\" rel=\"noreferrer noopener\">http:\/\/lattes.cnpq.br\/7792370505437636<\/a><\/td><td>junho\/2024<\/td><\/tr><tr><td>Gabriel Rocha Sallem<\/td><td>Gradua\u00e7\u00e3o<\/td><td>Mois\u00e9s Alves Marcelino Neto<\/td><td>Engenharia Mec\u00e2nica<\/td><td>outubro\/2021<\/td><td><a href=\"http:\/\/lattes.cnpq.br\/5126707135499465\" target=\"_blank\" rel=\"noreferrer noopener\">http:\/\/lattes.cnpq.br\/5126707135499465<\/a><\/td><td>outubro\/2023<\/td><\/tr><tr><td>Guilherme Kenji Takeda Kaneko<\/td><td>Gradua\u00e7\u00e3o<\/td><td>Prof. Dr.&nbsp;Thiago Alberto Rigo Passarin\/ Andr\u00e9 Schneider de Oliveira<\/td><td>Engenharia El\u00e9trica<\/td><td>outubro\/2021<\/td><td><a href=\"http:\/\/lattes.cnpq.br\/9185523118524044\" target=\"_blank\" rel=\"noreferrer noopener\">http:\/\/lattes.cnpq.br\/9185523118524044<\/a><\/td><td>setembro\/2023<\/td><\/tr><tr><td>Gustavo Fraga Gehring<\/td><td>Gradua\u00e7\u00e3o<\/td><td>Marco Jose da Silva<\/td><td>Engenharia El\u00e9trica<\/td><td>junho\/2020<\/td><td><a href=\"http:\/\/lattes.cnpq.br\/9178799288314888\" target=\"_blank\" rel=\"noreferrer noopener\">http:\/\/lattes.cnpq.br\/9178799288314888<\/a><\/td><td>fevereiro\/2022<\/td><\/tr><tr><td>Henrique Schimalski Ramiro<\/td><td>GRADUA\u00c7\u00c3O<\/td><td>Silvio Luiz de Mello Junqueira<\/td><td>Engenharia Mec\u00e2nica<\/td><td>junho\/2020<\/td><td><a href=\"http:\/\/lattes.cnpq.br\/1356780122864966\" target=\"_blank\" rel=\"noreferrer noopener\">http:\/\/lattes.cnpq.br\/1356780122864966<\/a><\/td><td>maio\/2022<\/td><\/tr><tr><td>Jaqueline de Azevedo Rocha<\/td><td>GRADUA\u00c7\u00c3O<\/td><td>Paulo Henrique Dias dos Santos<\/td><td>Engenharia Mec\u00e2nica<\/td><td>outubro\/2021<\/td><td><a href=\"http:\/\/lattes.cnpq.br\/4459889669266671\" target=\"_blank\" rel=\"noreferrer noopener\">http:\/\/lattes.cnpq.br\/4459889669266671<\/a><\/td><td>janeiro\/2023<\/td><\/tr><tr><td>LUCAS RIBEIRO ROMERO INSFRAN OCAMPOS<\/td><td>GRADUA\u00c7\u00c3O<\/td><td>Thiago Alberto Rigo Passarin<\/td><td>Engenharia El\u00e9trica<\/td><td>abril\/2023<\/td><td><a href=\"http:\/\/lattes.cnpq.br\/2633180610470090\" target=\"_blank\" rel=\"noreferrer noopener\"><\/a><a target=\"_blank\" href=\"http:\/\/lattes.cnpq.br\/2633180610470090\" rel=\"noreferrer noopener\">http:\/\/lattes.cnpq.br\/2633180610470090<\/a><\/td><td>fevereiro\/2025<\/td><\/tr><tr><td>Luiz Fernando Santos De Vasconcelos<\/td><td>MESTRADO<\/td><td>Mois\u00e9s Alves Marcelino Neto<\/td><td>PPGEM &#8211; Programa De P\u00f3s-Gradua\u00e7\u00e3o Em Engenharia Mec\u00e2nica E De Materiais<\/td><td>junho\/2020<\/td><td><a href=\"http:\/\/lattes.cnpq.br\/2983884508855014\" target=\"_blank\" rel=\"noreferrer noopener\">http:\/\/lattes.cnpq.br\/2983884508855014<\/a><\/td><td>junho\/2021<\/td><\/tr><tr><td>Lyvia Gondek Joslin<\/td><td>GRADUA\u00c7\u00c3O<\/td><td>Mois\u00e9s Alves Marcelino Neto<\/td><td>Engenharia Mec\u00e2nica<\/td><td>abril\/2023<\/td><td><a href=\"https:\/\/lattes.cnpq.br\/3697995982476268\" target=\"_blank\" rel=\"noreferrer noopener\"><\/a><a target=\"_blank\" href=\"https:\/\/lattes.cnpq.br\/3697995982476268\" rel=\"noreferrer noopener\">https:\/\/lattes.cnpq.br\/3697995982476268<\/a><\/td><td>abril\/2025<\/td><\/tr><tr><td>Marco Antonio Sim\u00f5es Teixeira<\/td><td>P\u00f3s-Doutorado<\/td><td>Andr\u00e9 Schneider de Oliveira<\/td><td>Engenharia El\u00e9trica e Inform\u00e1tica Industrial<\/td><td>setembro\/2021<\/td><td><a href=\"http:\/\/lattes.cnpq.br\/3482274885890440\" target=\"_blank\" rel=\"noreferrer noopener\">http:\/\/lattes.cnpq.br\/3482274885890440<\/a><\/td><td>junho \/2022<\/td><\/tr><tr><td>Marco Aurelio Ferrari<\/td><td>DOUTORADO<\/td><td>Admilson Teixeira Franco<\/td><td>PPGEM &#8211; Programa De P\u00f3s-Gradua\u00e7\u00e3o Em Engenharia Mec\u00e2nica E De Materiais<\/td><td>fevereiro\/2023<\/td><td><a href=\"http:\/\/lattes.cnpq.br\/9254793369990649\" target=\"_blank\" rel=\"noreferrer noopener\"><\/a><a target=\"_blank\" href=\"http:\/\/lattes.cnpq.br\/9254793369990649\" rel=\"noreferrer noopener\">http:\/\/lattes.cnpq.br\/9254793369990649<\/a><\/td><td>junho\/2024<\/td><\/tr><tr><td>Matheus Rohrich Martins<\/td><td>Gradua\u00e7\u00e3o<\/td><td>Silvio Luiz de Mello Junqueira<\/td><td>Engenharia Mec\u00e2nica<\/td><td>junho\/2020<\/td><td><a href=\"http:\/\/lattes.cnpq.br\/8006726880916339\" target=\"_blank\" rel=\"noreferrer noopener\">http:\/\/lattes.cnpq.br\/8006726880916339<\/a><\/td><td>maio\/2022<\/td><\/tr><tr><td>Murilo Henrique Almeida Santos<\/td><td>Mestrado<\/td><td>Rigoberto Eleazar Melgarejo Morales<\/td><td>PPGEM &#8211; Programa De P\u00f3s-Gradua\u00e7\u00e3o Em Engenharia Mec\u00e2nica E De Materiais<\/td><td>novembro\/2021<\/td><td><a href=\"http:\/\/lattes.cnpq.br\/2677107756951676\" target=\"_blank\" rel=\"noreferrer noopener\">http:\/\/lattes.cnpq.br\/2677107756951676<\/a><\/td><td>outubro\/2022<\/td><\/tr><tr><td>Nicolas Dalmedico<\/td><td>Doutorado<\/td><td>Andr\u00e9 Schneider de Oliveira<\/td><td>Engenharia El\u00e9trica e Inform\u00e1tica Industrial<\/td><td>maio\/2020<\/td><td><\/td><td>abril\/2024<\/td><\/tr><tr><td>Pablo Enrique Harbar Penas<\/td><td>Gradua\u00e7\u00e3o<\/td><td>Admilson Teixeira Franco<\/td><td>Engenharia Mec\u00e2nica<\/td><td>junho\/2020<\/td><td><a href=\"http:\/\/lattes.cnpq.br\/5663081916188103\" target=\"_blank\" rel=\"noreferrer noopener\">http:\/\/lattes.cnpq.br\/5663081916188103<\/a><\/td><td>maio\/2022<\/td><\/tr><tr><td>Paula Wass\u00e3o Forigo<\/td><td>GRADUA\u00c7\u00c3O<\/td><td>Andr\u00e9 Lazzaretti<\/td><td>Engenharia el\u00e9trica<\/td><td>outubro\/2021<\/td><td><a href=\"https:\/\/lattes.cnpq.br\/6448146704829344\" target=\"_blank\" rel=\"noreferrer noopener\"><\/a><a target=\"_blank\" href=\"https:\/\/lattes.cnpq.br\/6448146704829344\" rel=\"noreferrer noopener\">https:\/\/lattes.cnpq.br\/6448146704829344<\/a><\/td><td>setembro\/2023<\/td><\/tr><tr><td>Paulo Henrique Ruiz Mazzo<\/td><td>GRADUA\u00c7\u00c3O<\/td><td>Jean Carlos Cardozo da Silva<\/td><td>Engenharia El\u00e9trica<\/td><td>junho\/2020<\/td><td><a href=\"http:\/\/lattes.cnpq.br\/6585327191414750\" target=\"_blank\" rel=\"noreferrer noopener\">http:\/\/lattes.cnpq.br\/6585327191414750<\/a><\/td><td>maio\/2022<\/td><\/tr><tr><td>Pedro Augusto Ferreira Hreczkiu<\/td><td>Gradua\u00e7\u00e3o<\/td><td>Luciano Fernando dos Santos Rossi<\/td><td>Engenharia Mec\u00e2nica<\/td><td>novembro\/2021<\/td><td><a href=\"http:\/\/lattes.cnpq.br\/2848251656499281\" target=\"_blank\" rel=\"noreferrer noopener\">http:\/\/lattes.cnpq.br\/2848251656499281<\/a><\/td><td>outubro\/2023<\/td><\/tr><tr><td>Pedro Aurelio Targa Miranda<\/td><td>Gradua\u00e7\u00e3o<\/td><td>Admilson Teixeira Franco<\/td><td>Engenharia Mec\u00e2nica<\/td><td>agosto\/2020<\/td><td><a href=\"http:\/\/lattes.cnpq.br\/0174492175209366\" target=\"_blank\" rel=\"noreferrer noopener\">http:\/\/lattes.cnpq.br\/0174492175209366<\/a><\/td><td>julho\/2022<\/td><\/tr><tr><td>Pedro Zeola Lopes<\/td><td>GRADUA\u00c7\u00c3O<\/td><td>L\u00facia Val\u00e9ria Ramos de Arruda<\/td><td>ENGENHARIA EL\u00c9TRICA<\/td><td>maio\/2020<\/td><td><a href=\"http:\/\/lattes.cnpq.br\/5741482014715005\" target=\"_blank\" rel=\"noreferrer noopener\">http:\/\/lattes.cnpq.br\/5741482014715005<\/a><\/td><td>maio\/2022<\/td><\/tr><tr><td>Roberto Kato Roehrig<\/td><td>GRADUA\u00c7\u00c3O<\/td><td>Thiago Alberto Rigo Passarin\/ Andr\u00e9 Schneider de Oliveira<\/td><td>Engenharia El\u00e9trica<\/td><td>novembro\/2021<\/td><td><a href=\"http:\/\/lattes.cnpq.br\/0739145519200031\" target=\"_blank\" rel=\"noreferrer noopener\"><\/a><a target=\"_blank\" href=\"http:\/\/lattes.cnpq.br\/0739145519200031\" rel=\"noreferrer noopener\">http:\/\/lattes.cnpq.br\/0739145519200031<\/a><\/td><td>outubro\/2022<\/td><\/tr><tr><td>Sarah Nunes Argentin<\/td><td>MESTRADO<\/td><td>Admilson Teixeira Franco<\/td><td>PPGEM &#8211; Programa De P\u00f3s-Gradua\u00e7\u00e3o Em Engenharia Mec\u00e2nica E De Materiais<\/td><td>abril\/2023<\/td><td><a href=\"http:\/\/lattes.cnpq.br\/6135815129301306\" target=\"_blank\" rel=\"noreferrer noopener\"><\/a><a target=\"_blank\" href=\"http:\/\/lattes.cnpq.br\/6135815129301306\" rel=\"noreferrer noopener\">http:\/\/lattes.cnpq.br\/6135815129301306<\/a><\/td><td>mar\u00e7o\/2025<\/td><\/tr><tr><td>Thiago Estrela Kalid<\/td><td>GRADUA\u00c7\u00c3O<\/td><td>Thiago Alberto Rigo Passarin<\/td><td>Engenharia El\u00e9trica<\/td><td>maio\/2023<\/td><td><a href=\"http:\/\/lattes.cnpq.br\/7094341848149956\" target=\"_blank\" rel=\"noreferrer noopener\"><\/a><a target=\"_blank\" href=\"http:\/\/lattes.cnpq.br\/7094341848149956\" rel=\"noreferrer noopener\">http:\/\/lattes.cnpq.br\/7094341848149956<\/a><\/td><td>fevereiro\/2025<\/td><\/tr><tr><td>Tiago Henrique Leit\u00e3o Dalcuche<\/td><td>MESTRADO<\/td><td>Rigoberto Eleazar Melgarejo Morales<\/td><td>PPGEM &#8211; Programa De P\u00f3s-Gradua\u00e7\u00e3o Em Engenharia Mec\u00e2nica E De Materiais<\/td><td>novembro\/2021<\/td><td><a href=\"http:\/\/lattes.cnpq.br\/8298750502485889\" target=\"_blank\" rel=\"noreferrer noopener\"><\/a><a target=\"_blank\" href=\"http:\/\/lattes.cnpq.br\/8298750502485889\" rel=\"noreferrer noopener\">http:\/\/lattes.cnpq.br\/8298750502485889<\/a><\/td><td>agosto\/2023<\/td><\/tr><tr><td>Victor Emanuel Santana<\/td><td>GRADUA\u00c7\u00c3O<\/td><td>Admilson Teixeira Franco<\/td><td>Eng. Mec\u00e2nica<\/td><td>outubro\/2020<\/td><td><a href=\"http:\/\/lattes.cnpq.br\/3022849577627240\" target=\"_blank\" rel=\"noreferrer noopener\"><\/a><a target=\"_blank\" href=\"http:\/\/lattes.cnpq.br\/3022849577627240\" rel=\"noreferrer noopener\">http:\/\/lattes.cnpq.br\/3022849577627240<\/a><\/td><td>setembro\/2022<\/td><\/tr><tr><td>Victor Hugo Rodrigues Machado<\/td><td>GRADUA\u00c7\u00c3O<\/td><td>Daniel Rodrigues Pipa<\/td><td>ENGENHARIA ELETR\u00d4NICA<\/td><td>janeiro\/2023<\/td><td><a href=\"https:\/\/lattes.cnpq.br\/0109825870297233\" target=\"_blank\" rel=\"noreferrer noopener\"><\/a><a target=\"_blank\" href=\"https:\/\/lattes.cnpq.br\/0109825870297233\" rel=\"noreferrer noopener\">https:\/\/lattes.cnpq.br\/0109825870297233<\/a><\/td><td>dezembro\/2024<\/td><\/tr><tr><td>Vinicius de Vargas Terres<\/td><td>MESTRADO<\/td><td>Andr\u00e9 Schneider de Oliveira<\/td><td>ENGENHARIA EL\u00c9TICA &#8211; CPGEI<\/td><td>junho\/2020<\/td><td><a href=\"http:\/\/lattes.cnpq.br\/3662041069833173\" target=\"_blank\" rel=\"noreferrer noopener\">http:\/\/lattes.cnpq.br\/3662041069833173<\/a><\/td><td>maio\/2022<\/td><\/tr><\/tbody><\/table><\/figure>\n","protected":false},"excerpt":{"rendered":"<p>BOLSISTA MODALIDADE ORIENTADOR CURSO\/PROGRAMA IN\u00cdCIO &#8211; BOLSA LATTES FINAL BOLSA Anna Carolina Zornitta Liston MESTRADO Rigoberto Eleazar Melgarejo Morales PPGEM &#8211; Programa De P\u00f3s-Gradua\u00e7\u00e3o Em Engenharia Mec\u00e2nica E De Materiais Outubro\/2021 http:\/\/lattes.cnpq.br\/1755466698684890 mar\u00e7o\/2024 Caio C\u00e9sar Soares MESTRADO Rigoberto Morales PPGEM &#8211; Programa De P\u00f3s-Gradua\u00e7\u00e3o Em Engenharia Mec\u00e2nica E De Materiais junho\/2024 http:\/\/lattes.cnpq.br\/7796012047628085 junho \/2025 Camila [&hellip;]<\/p>\n","protected":false},"author":101,"featured_media":0,"parent":0,"menu_order":0,"comment_status":"closed","ping_status":"closed","template":"","meta":{"footnotes":""},"class_list":["post-214","page","type-page","status-publish","hentry"],"_links":{"self":[{"href":"https:\/\/utfpr.curitiba.br\/prh21\/wp-json\/wp\/v2\/pages\/214","targetHints":{"allow":["GET"]}}],"collection":[{"href":"https:\/\/utfpr.curitiba.br\/prh21\/wp-json\/wp\/v2\/pages"}],"about":[{"href":"https:\/\/utfpr.curitiba.br\/prh21\/wp-json\/wp\/v2\/types\/page"}],"author":[{"embeddable":true,"href":"https:\/\/utfpr.curitiba.br\/prh21\/wp-json\/wp\/v2\/users\/101"}],"replies":[{"embeddable":true,"href":"https:\/\/utfpr.curitiba.br\/prh21\/wp-json\/wp\/v2\/comments?post=214"}],"version-history":[{"count":20,"href":"https:\/\/utfpr.curitiba.br\/prh21\/wp-json\/wp\/v2\/pages\/214\/revisions"}],"predecessor-version":[{"id":591,"href":"https:\/\/utfpr.curitiba.br\/prh21\/wp-json\/wp\/v2\/pages\/214\/revisions\/591"}],"wp:attachment":[{"href":"https:\/\/utfpr.curitiba.br\/prh21\/wp-json\/wp\/v2\/media?parent=214"}],"curies":[{"name":"wp","href":"https:\/\/api.w.org\/{rel}","templated":true}]}}