{"id":198,"date":"2023-10-08T15:30:22","date_gmt":"2023-10-08T18:30:22","guid":{"rendered":"https:\/\/utfpr.curitiba.br\/prh21\/?page_id=198"},"modified":"2026-03-29T21:36:10","modified_gmt":"2026-03-30T00:36:10","slug":"pesquisadores-orientadores-ou-coorientadores","status":"publish","type":"page","link":"https:\/\/utfpr.curitiba.br\/prh21\/pesquisadores-orientadores-ou-coorientadores\/","title":{"rendered":"Pesquisadores orientadores ou coorientadores"},"content":{"rendered":"\t\t<div data-elementor-type=\"wp-page\" data-elementor-id=\"198\" class=\"elementor elementor-198\">\n\t\t\t\t\t\t<section class=\"elementor-section elementor-top-section elementor-element elementor-element-364a584c elementor-section-boxed elementor-section-height-default elementor-section-height-default\" data-id=\"364a584c\" data-element_type=\"section\" data-e-type=\"section\">\n\t\t\t\t\t\t<div class=\"elementor-container elementor-column-gap-default\">\n\t\t\t\t\t<div class=\"elementor-column elementor-col-100 elementor-top-column elementor-element elementor-element-70337164\" data-id=\"70337164\" data-element_type=\"column\" data-e-type=\"column\">\n\t\t\t<div class=\"elementor-widget-wrap elementor-element-populated\">\n\t\t\t\t\t\t<div class=\"elementor-element elementor-element-56f3942d elementor-widget elementor-widget-text-editor\" data-id=\"56f3942d\" data-element_type=\"widget\" data-e-type=\"widget\" data-widget_type=\"text-editor.default\">\n\t\t\t\t<div class=\"elementor-widget-container\">\n\t\t\t\t\t\t\t\t\t\n<figure class=\"wp-block-table\">\n<table class=\"has-fixed-layout\">\n<tbody>\n<tr>\n<td><a href=\"http:\/\/lattes.cnpq.br\/3561428456009236\"><u><strong>Admilson Teixeira Franco<\/strong><\/u><\/a><br \/>Professor da UTFPR <br \/>Doutorado em Engenharia Mec\u00e2nica<br \/>Bolsista de Produtividade Desen. Tec. e Extens\u00e3o Inovadora do CNPq &#8211; N\u00edvel 2<\/td>\n<td>admilson@utfpr.edu.br<\/td>\n<\/tr>\n<tr>\n<td><a href=\"http:\/\/lattes.cnpq.br\/4006878042502781\"><u><strong>Andr\u00e9 Schneider de Oliveira<\/strong><\/u><\/a><br \/>Professor da UTFPR<br \/>Doutorado em Engenharia de Automa\u00e7\u00e3o e Sistemas<br \/>Bolsista Produtividade de Desenvolvimento Tecnol\u00f3gico e Extens\u00e3o Inovadora 2<\/td>\n<td>andreoliveira@utfpr.edu.br<\/td>\n<\/tr>\n<tr>\n<td><a href=\"http:\/\/lattes.cnpq.br\/4344790398205987\"><strong>Cezar Otaviano Ribeiro Negr\u00e3o<\/strong><\/a><br \/>Professor da UTFPR<br \/>Doutorado em Engenharia Mec\u00e2nica\u00a0<\/td>\n<td>negrao@utfpr.edu.br<\/td>\n<\/tr>\n<tr>\n<td><strong><a href=\"http:\/\/lattes.cnpq.br\/9188974272555318\">Cicero Martelli<\/a><\/strong><br \/>Doutorado em Engenharia.<br \/><br \/><\/td>\n<td>cmartelli@utfpr.edu.br<\/td>\n<\/tr>\n<tr>\n<td><a href=\"http:\/\/lattes.cnpq.br\/5604517186200940\"><strong>Daniel Rodrigues Pipa<\/strong><\/a><br \/>Doutorado em Engenharia El\u00e9trica<br \/>Bolsista de Produtividade em Pesquisa do CNPq &#8211; N\u00edvel 2<\/td>\n<td>danielpipa@utfpr.edu.br<\/td>\n<\/tr>\n<tr>\n<td>\n<p><strong><a href=\"https:\/\/buscatextual.cnpq.br\/buscatextual\/visualizacv.do?id=K4236489T0&amp;tokenCaptchar=0cAFcWeA6Zf2uJHs2_A4lDyqIcO7ZgPG8ebnkhuIeZQ4dloZqqXyJOB-cTfp8Jj3lRI0qB7Eva6hl7n4XXllaudGWo6fCSPBmU9FeR-RsJYTJgF5h5OC5xNRZsUJSoZxSgFtdH94RxHRersq6NiS0Mjlsr9QLtMcWLTZpovav1T9raE2Z8aLWed6Qc4VPt597EaphE2AnXv-U7rZqIAWC5zb_SaezqCfkUXdVgOy2AhpqoxLfPXSemQKC-bjw6PCzKzdDGOKG6jd_SGz2nCA59v_CA5Yoi8uG7LUd8HsTuSfsqvfMa3kZBPJmJRaPglT5aBWl4Dy7Y5PTEJCYZVEQbqAgGlRwiKYw4n4FfSqY3w92moI10p4GAFgjKK7lqZcUXHXPweZFETlhvdIwFXVkij0G3MiWv0fRXtsxXkHemaBgMk-LSzneXfRmR2vIcZUxhtJ8LQS-ZTV8UowMiaDiRZVfUGkHhA6U2hKIWQmMVC1sN81HnGCMNGHZOfPPqyJu51E4loQ-bOOLJS3nodh_mqkQ6SNcPA0z0PIJOE0AGMobLuxOUHMMOup9OS_EvIMCoThbEf1fhvKwYZFqe26JRaz9CoypHfuqTC7sQCtmoQ4Jj5B2WoXmA34UdJvD7ETGbv8bLRKnOiGWPrEFb_jgakxY-h6fvwlH90vXJu-mx-J-p9ZL3zrKid-vymunmEkxnzBt0Qbx4Z9U_Hh6Aw_u0kqh69PTUk9wmV6NTQjTpazarAq60-aCdqhWAitDsPMTjBQad-q8f0ss3rHQU1xhfmdkIUdrJWhh44poR_92bUCDGpti1-al4Bqr7vdGJ6X5akf818CpFNjYSlK4IgDkEA5hqUiWlMXJb91S2geiBspTRCI_TlwUVlHY1pnoNqfKyRYyEIzaZhKjqQOHGTwAumrL4kB_MGPD2SiVQWk1Dmhm6UU1nLAcx8jLB4LswpEdlS5_nbqezDa4jCfhbUXy-zgp6jcD1Yzbab5EjvxgwVHGG12hSnnT-nAOzvByPdTwuTpE8_yabruSSvvxYmNi4mQNDyXlqoeHeT0991DbWgSuK53yL_Vm0nGoLCKWEZ_c9f2gJjyJ_MXBdCaxoz5P6Wd_VM05XB5XryPVG38ldis54R_lT2LrP7fJDhfsgz5DF_r6nwNo3ZvDPClflKpxXn8ENr44hArISqmSaG9bs4uwN-frDaEusModiLb6_dObgPr7gI6Ahrtzl1KkJNQjBuNPBbOBPHRGF1VLpmpSLKk2Z3670XIJZCxSbf5GAksAMwmCNhBLbJRvqfJiDcqrWbTu5MFc7o-h_0hxmexnwfeqXsNWGdidrjq0xydF5kXMN8VbQfwTyBOGcZFXouYV0jDI8FObGeKxfqHfjN2zlFt6FCtC0TRxlRuuyg0HLiWJkhPq0UAf9bPiz_DZXRWPNRzYairg5T6mWRg_a_rhyUFxXspbAJojcsXkCrg5u38cGV_0pl0vng6D_AkaIrhojndBSODSmhMTx_pLBRsZo7ZoODcSqYLiXMsCLrWLSYosb4j3HjrMcZLPH2etyG804IJf_RCDbXQ-fjy1yWez2xDgpNTY0pncDQr5nfZWbPPNzorezgaZkAQlFXJhTd4wsa3p67pbK0DMnQaF2PwPseqtEWebEFR0epy2Kf2Rs4JfH1K-1l2IXStXCiwj-CeS2E4UJ_vyw0XTgRkhC8VhLZXJbG4lnMh_u4cJh-0wdmDUzhmhiVxjh9WLFrCWzYaJgrUX0LZcgfdD7Zk-_ANQ2csXO31JMi8ElqZRJ5KisMe_oY4QOMC-T3NqrZRpzOL1um76slX043OwtIeRPpOi1jM4waiOuDGmv2Zqf_2QSkttR_EjIAXYATWID2wbAInJo_oVn0Ysw1Fmq4UOANACmfbaGBaElz4JOKiGHv-enJV80HSlcwI1UzF5Cnl4nNI-5ZdMQrZSC-I63ewGHeS4B1MBL1Vma6wXCkJP79oVnnVl0QRs8VOWvFrHJbEGR_4MAP6awEcKiVii-eVY_3sXcMtdXmrC64k59HAE9p40B7iHoe5_v5qlpnvK0Jme0f7cFWd4iG8FSpMIFX_coCp6Xwgydpva6yfY-D9D1hiZueyMPpeIc9El064rklpwy3Td4yw01H5HAZ_CvMT8wEVthM9c6_k-W3ahVUh4DIzS8dVet3uxLEMTWbiUt\">Eduardo Matos Germer<\/a><\/strong><\/p>\n<p>Doutorado em Engenharia El\u00e9trica<\/p>\n<\/td>\n<td>eduardomg@utfpr.edu.br<\/td>\n<\/tr>\n<tr>\n<td>\n<p><strong><a href=\"https:\/\/buscatextual.cnpq.br\/buscatextual\/visualizacv.do?id=K4412265U2&amp;tokenCaptchar=0cAFcWeA5MlmLMt_KBnhN_15RCF9gdGkrw1b3G4WFy66-1g8GrocwCi0ogv8cvjPkpa6ccoSoK5Dik8dfApWbzQ0s1e8pzroH5RHeCYhqumOgE0eBkAJIWxk3QgUye_4K6hr4KbqDVf9sZAQ4Ki26nOnFeQvBLiUaDENKwQ2GKvde7_pZYrpY9Hn16ppMFBq8HuZKEcTAH4ST4jqNmrz7QBZ_E68CsZ5ynvKGZJO3umDZEt2dGqqz6L9as1DGQytoTknHeOzw11aLkCdGzDDzUOomnKS05VdT1gI8j4MnFzPg2SYKrQJNUvuWKv_y8FR45dYg6Ocd2HF0_sCJWsXB1V_1z5C4GAOIqNTPBh0tIf9DU33-kXVASKf_dzXrLyL5JoYShSMPm3n9Ox7PR4Dvw_UYAbabjDIKfC1ik1A9rF8a-aYd4p8RActVJFoSE3Jc8wu5eJQY45CJ3chPRU0hweTkiR8pGTGMPlz2zdw5TYQx1UttwDA0QYjH1mVYa2rO-sq7QRHIHxu9RRuklHxRwvdm54YVLcJO3Ztb5DtPv3GAzfTUQ-t_Xyrv8nd7z-Ct6JUuM2l_vfqjB2-zJ4wFLt-uZ7IumktKBHSEv4saXml8QkacFwe6s-LrWaQhHWIhZ3E9Ujo7iypm-c7duusYsRrj8e4bKqbUKmMnTWCsB1EhSXFrMFSHv_x88ITw3z-NjuBCf70QnmpCtaLb_R3rSEhfPVF9SQDMfDyeY5KfddfpmLrd4-ka-OZRvGm_X3Oxo0zWsQDAtJVKPHBe8F2ceGAckCgZqMrBUQlBmW_VEDuwQK1Vzn-f0vS-DB4DizD9WE8yHTMMguGIitTfFIqVYO8mSW5DEgvyNGn1_D34PK23VmgEJLgDwne_YRwIS2669orlOD6lqJm8GqP394fdcXYBnk5OuGGwvL89cp6FUzhMuLRgTrtnWL8154IpBjqyd3VRSqtRm1SVBPwxi9KfCrN7X6WOOoG0HFuHni_gGaUyrpQeWDl-XZJBo-d1OKFUhjDP8eZwcR04-vhnGBeYFTacpnHbzr3xyKsAVIqcEGTNbTwnHKY4bUQFQYjTk8ake3d1jYE6sa51vOEecR-j0k1A4sV-kBryjH10_Dq-jwzEPpebBL0rckalR_QPCXde8CwOl72mWpy6q_EKHiqfIpOlq6fO40LNzufH-Z8-rf9HlPVXbYVY2PoZ9HQoRgCHKiq3DWiVSMOu3F5UCYxnicvYBmsYXEfwbPy5x5wgWKKGy6mldQWTihpfNtdpLxMG_Zi8AzeQ8Uuz-Ekdk9IHoYQMdRH2lKHLf2Ht2oV8WVmfv1Px6PE6CiE9qmR-KXCR3HZMalpJ2UwmEs9U4I_PNtgwqtGZiIlXV7q-Ch0vBuMRc9ro16CYnHtxUYzPC1vnXdMaWE3nzMSXilnsRaf-3GXgFhVTz2eAoqb-NVnQKFRnx7aC4ncbPJ-S-m0-YLjZqx4hl7LpqhKm7FClCUifFCYV7OW2UTS_bgRFy_AwvnkG6f8WdOJOjc0syeVON9-RANz-p9JcEgy_zGMbEkmbPPeOwE33TY8A_X5bf3SPe-fsBEDpZ26OvrO6zT_ioplK1L4BeZQGQAe6lhN-Etnu4R1t-k3I7L2wm3K4Hw0bHVCoPAPKwh92CpiI9sTUp_Aji9icDu7MljVaeX1AD3z3O4LOQmYB9pXKT0PAXG_IBcSEQlVymBh3j1_rZ7Kj5aGwb_FN0x5D_lBb9y_3fNU4cEi1iyu4KuXBibfiaTuzSHR6kcNt_W2Abpp2j-blXj9ctWBqs0miNj4ujONHNBqCKPsNO_972-L29q6abK8EjHWtdHCMvBFLgtyquIdYbju0LGhRxxejG6Ty6DUciXIF-dfxeGaPaGl-g-u4a7H5MPmtdimT8TpbK5Djxm0MRtRsN0ggGgJclkJh0zRebzqp0RR3snKC_TXkZeUJL-1UVLwXrPd44k3FDU13008QUs9mNvpKACJlugRer0VzLhPnPZ-WDQaU4cyt_5X1-k1o6nvNyHKQnOzSR0qK6XraYWYLgV6iqtsWfBV_N57yxp-Rb335ysUHMeFqnFiMT_BI9s8MJHB56epTVLgl7MvOEFQPDylSnT3OXK0yPR2HkAdT9dZkAZPS9YAVIcwBvYIwqnfpatgXvp8nFi40\">Eduardo Nunes dos Santos<\/a><\/strong><\/p>\n<p>Professor da UTFPR<br \/>Doutorado em Engenharia El\u00e9trica e Inform\u00e1tica Industrial<br \/>Bolsista Produtividade de Desenvolvimento Tecnol\u00f3gico e Extens\u00e3o Inovadora CNPq &#8211; N\u00edvel 2<\/p>\n<\/td>\n<td>ensantos@utfpr.edu.br<\/td>\n<\/tr>\n<tr>\n<td>\n<p><strong><a href=\"https:\/\/buscatextual.cnpq.br\/buscatextual\/visualizacv.do?id=K4233068Y6&amp;tokenCaptchar=0cAFcWeA60LSzz4nBnQ5debsZH89XqJQIUNmWk1rFrNdVvZ8z21SZY9UpKCh4aD2_k1c-vcR9679tD56Wh3EabK92B-5v0OYkrN5P9GGnQbPQoOIAOLcxKmtZUUEjFzs7IfFtizF3eqqBSmKcxvAeHjlhhi1GFousK_mwhQiKMJPWK6jY02iV0yj0CmZJDUBbnOecOxb0a5EzQ6KM2sJxaRU6rozYiKLuq6ZViSLIbCmCCYcNTCMY3vDIz7Uma3vZqqLwBLmM0h9AAL6DkhwwdtBMxfx-29pFFIZWrO_p9qzrrTKXZR4rNqj1Nr_xUyd7vlFkGJ8I7nWALd9NzrN9K6sc_J7EDbdREaoJIL_YUWroWkkTdcaCA9iJfxf5Q-GV8aNC9PA1AEkaHEqWIT3SfMjcbTqAkFZaI3fDOkOL0pDcrcNxA1k3XIlyoKc7Xu9hkR0nK0jPiTkXfiIOYaoafEbZq34o6sfYzpW7rakisWxhxnGPglV-orYNXcv9G4tiHbhk3AA1CRWFma-1SJaxbEW0aYTWFROlQ5Y3CWvXUkUTxJTALJO8WfMeyjN0w24UHZMn_EFxxQ_ymapNP7NiERfE9b48TK1bSU9BWRnsNmUPvM9vzLOU_T4yfeCNqRtFy-tc8FgeOxxch7vZ6AIviTkdQk0CDd401jP8X_1nWCgNYWBS6SSUJJj0JwVLQ1B5ee_SahPy4liLLZUMfInL3-O820Dzw4Ht7g6vErWN6SnUVEWNOKtGRz63Ihp3_V4rRIbrxXw4SXvRuDrJm5r006wfCElR3r9iYUC3fCwyguSv7kkcRQnOUZlz36J0h-dmViLJLSpee1CwwL32rk8uwgRpbfY-89j_O1B4vMt2EykW72nreHNwJACoBKzonyfuuWi5BPZYmeFMXICIeI_ehU-Ji1ifH5zoZ7pl7SBHSso_wdVY-0K9YScJORPvaTXbArQiHn9rp3ami9fCjuo8PfpOVeY06SplMydTFb7FRO85GBkUDKrP4rh_pN0AUCWYL4rtu9vfB3xT5w8VTsFnKsyNSxOEts_CZ9Yo2XDl53wuLdyRYddDMcbkqemH__2c_yVG-MZiAhKmNShElPC177gKMfVnI16z6gB3qP20teYrSKdEJcbZP8RvH_JhpOE4JP9i9RCIEkvgk9Vko00Dcu3QUUCxfk-p7Ve_sOH3SDZG1MyHiij0cV2NE6QmplUfnA826mK81uA1-xrwDpt7D0Ke0FqYojviAMGAD8jsRE8SW6Hd9OC1Gs49tgx2BgvaasBSoPI2Ncd-UsTvuBZVkDEuI6_VVm1fKfx20eZ4aCtZfZ2viP3YJ2tdz-OgTbnBgyALa3tq5ZLdQc2WoYVKAafBY-LgfEkh2U2EC54rY6Y9Far6bgnjU4JWsUQWuuQuYInw9hJge8ySCcqOfdZ-FxnQUCsRQg8DDE0Yp_oSxaTj3ED2o7yFCoJKjeF9FRAlR_APvscwcMv7miBbqFQlh9qx394dcIkL8WjOuBnvHBpPZ8fd9KWYfn4_523pUug4PrvRf8_Ua46_2CV3UWR8kbG6Yu0g2VQ4TAtCU8u0M6gk8u9Wf4x9PPVm-jaDFDWbngUhYz8RvOqlxCgCen7s9VhSOPU4RxcxCD1LvlVuz73Zz92MXh35wN8UICIdL_VatK0cL0VkIIdDsgDacW7yIKKVwgsVL_5p4ZaF7mpgb-Iwl-z552kCgtX4O2frteYbNipZXAjC63IBi_CUsE0IIhMY2n39tw7QpEnfCXHvs89r4Fz68NuePULR6J28UWygCLjo4SHhjTavdnmz-1VpIehfDKzwgWknvmKnxdNW1g_WL-6ATjVeTZe38CeiSXQpkiBMr9PlfiXQbXJzuaYVv7eboh1z0zxKOnlQy68dB54ApvHYothQoFATTyVM63gvzAaG9T9EjvK6fADs4NQNMhhTTIYpYwVSvaTDaEvjJYHT2RJv6okwH2xV8jb5PATvdcFvB0nFPb96NvFyeK4d17U4-REuTjuAzIqVI97xGrEtK3gDFr8VhFKTa48JhD_uU1zordR4is77qn4-doJ-qKbyCnJ-q1Pev2zmwBL3qHp91r9u7apnqb_ogSVnLKTSbSDc2ImD1b6rc\">Henrique Stel de Azevedo<\/a><\/strong><\/p>\n<p>Professor da UTFPR<br \/>Doutorado em Engenharia Mec\u00e2nica e de Materiais<\/p>\n<\/td>\n<td>henriqueazevedo@utfpr.edu.br<\/td>\n<\/tr>\n<tr>\n<td><a href=\"http:\/\/lattes.cnpq.br\/9949032159595994\"><u><strong>Jean Carlos Cardozo da Silva<\/strong><\/u><\/a><br \/>Professor da UTFPR<br \/>Doutor em Engenharia El\u00e9trica e Inform\u00e1tica Industrial<br \/>Bolsista de Produtividade em Pesquisa do CNPQ &#8211; N\u00edvel 1D<\/td>\n<td>jeanccs@utfpr.edu.br<\/td>\n<\/tr>\n<\/tbody>\n<\/table>\n<\/figure>\n\n<figure class=\"wp-block-table\">\n<table class=\"has-fixed-layout\">\n<tbody>\n<tr>\n<td>\n<p><a href=\"http:\/\/lattes.cnpq.br\/4652695720103701\"><strong>Leandro Magat\u00e3o<\/strong><\/a><br \/>Professor da UTFPR<br \/>Doutorado em Engenharia El\u00e9trica e Inform\u00e1tica Industrial<\/p>\n<p>Bolsista de Produtividade em Pesquisa do CNPQ &#8211; N\u00edvel 2<\/p>\n<\/td>\n<td>magatao@utfpr.edu.br<\/td>\n<\/tr>\n<tr>\n<td>\n<p><a href=\"http:\/\/lattes.cnpq.br\/2942596351268677\"><u><strong>Luciano Fernando dos Santos Rossi<\/strong><\/u><\/a><br \/>Professor da UTFPR<br \/>Doutorado em em Engenharia Mec\u00e2nica<\/p>\n<\/td>\n<td>lucianorossi@utfpr.edu.br<\/td>\n<\/tr>\n<tr>\n<td><a href=\"http:\/\/lattes.cnpq.br\/8616017152145795\"><u><strong>Lucia Val\u00e9ria Ramos de Arruda<\/strong><\/u><\/a><br \/>Professora da UTFPR<br \/>Doutora em Automa\u00e7\u00e3o<br \/>Bolsista de Produtividade em Pesquisa 1C<\/td>\n<td>lvrarruda@utfpr.edu.br<\/td>\n<\/tr>\n<tr>\n<td>\n<p><a href=\"http:\/\/lattes.cnpq.br\/4815765372448868\"><strong>Marco Antonio Luersen<\/strong><\/a><br \/>Professor da UTFPR<br \/>Doutor em Engenharia Mec\u00e2nica<br \/>Bolsista de Produtividade em Pesquisa 2<\/p>\n<\/td>\n<td>luersen@utfpr.edu.br<\/td>\n<\/tr>\n<tr>\n<td><a href=\"http:\/\/lattes.cnpq.br\/2071333457212415\"><u><strong>Mois\u00e9s Alves Marcelino Neto<\/strong><\/u><\/a><br \/>Professor da UTFPR<br \/>Doutor em Engenharia Mec\u00e2nica<br \/>Bolsista de Produtividade em Pesquisa 2<\/td>\n<td>mneto@utfpr.edu.br<\/td>\n<\/tr>\n<tr>\n<td><strong><a href=\"http:\/\/lattes.cnpq.br\/8414652619232683\">Neri Volpato<\/a><\/strong><br \/>Professor da UTFPR<br \/>Doutorado em Mechanical Engineering<br \/>Bolsista de Produtividade Desen. Tec. e Extens\u00e3o Inovadora do CNPq &#8211; N\u00edvel 2<\/td>\n<td>nvolpato@utfpr.edu.br<\/td>\n<\/tr>\n<tr>\n<td><a href=\"http:\/\/lattes.cnpq.br\/5156573817670917\"><u><strong>Rigoberto Eleazar Melgarejo Morales<\/strong><\/u><\/a><br \/>Professor da UTFPR<br \/>Doutor em Engenharia Mec\u00e2nica<br \/>Bolsista de Produtividade em Pesquisa 2<\/td>\n<td>rmorales@utfpr.edu.br<\/td>\n<\/tr>\n<tr>\n<td><a href=\"http:\/\/lattes.cnpq.br\/2213804390733564\"><u><strong>S\u00edlvio Junqueira<\/strong><\/u><\/a><br \/>Professor da UTFPR<br \/>Doutorado em Engenharia Mec\u00e2nica<\/td>\n<td>silvio@utfpr.edu.br<\/td>\n<\/tr>\n<tr>\n<td>\n<p><strong><a href=\"https:\/\/buscatextual.cnpq.br\/buscatextual\/visualizacv.do?id=K4261376Z3&amp;tokenCaptchar=0cAFcWeA5kv4OhefV9HhSjfPtJ5DJwzP24nurxO8oAEuvT2LQlb-Oe2dHu3UpXwh3KO8mwZ9FA8wBQ9_LCvC5r2z6AgWyHBbYXU3i5nGvPDQkYSS0ffN7mCcrt0MlNQoh9snEcnUyNrg1hkvCIGz9v9OBXim6IJj3bvfoG_LByPle6D2XJDsoRP12Xx597OHmp7ann6rKB4wnjo-nWGUMEQOXustDaiNAFwuxAVX3MMyO-oG6V4UCe1K0763wm0hyA6hU7tMIPX1vw2MMTFdMDbxEC_0PIYwanBW8pnLmYO9Yq2lK5pZTqxIGJBHdK3Bp3lGUY4hLTKDclmtdxxyOhZwuN84LTGHVQipGIFU3dVa0JbXDQgew0wY-AZSrCE6or6H2bXaxbgZNK_UO12GRHxVWhaLVcIOGT6OtTjpl4VEGa98hsFoIanpucploZm9iH0g27fdqVkq3UMT0HvWnv4KQLw24cZ4QYoOBEE6x1jJbaUOHZPxPNLisUhp9DjWi0KNrNjfJGDDG3itsOkZRcxibk6YhkBsKpX5A_d9GhQj97kkS6CfxPePlPSXvzvqlW5P0yEzkKssFKeyTbd2NR5-Ap-47YNgNtSwlfT022qJOcRdcnryVfvGTsyWSUgGuDgpbEL40qW0sDCdCH6L7JLQobDWD8M8V_g_2awVcELzNAvu5KFYjS8--9iwHND2ai5Fvq5igGb5VBqIUFoG05NNlEj1uSOBfMRyTHSXT2gz8DdRfGMXUi31Hq-S5VZG0nKfo_gToDqtPpwbXWTrlKRh7FhUQW-suW9w-w_jSExP__mZnhrJ_Ga_3k1SsUF1sLAqwL7rGD_canHFU9VMAAPIVwlY8tOPh_34njFFfDJM7MXnsc1snke6pk4W9lmBsFSYFp24YeBkxR2PldSEhmYyNy1mn6yG-xeDJqjYfiBiy12rsiLeNtAYBUQK8iEPPYBfGKbu-kc8eufSAOSlFgOtHOu5R07ZmKHBvpZNaarWTQtos9AD-RylYxHYcGX-mg4n4_A9n8pZf9Qy-ttKfLov6Al8pU4IS3UfkUCu1eYj4WNJLjgTSPsu7Y8BEuVTmpFxPnQaeWHoN_DjWfL8ys8ABJRQQg19dpfiF2ulCUCpjRnsLUWCNUxmMVS2A8FVwpTTNZghfll3mtCENcw12oR9ljCiUYKtmBlWd6Ahv0Iq2Vc8wODrXCAHfMSWlQut59GrkxsXuMOFxryhCFxVVwLwB1QRqOd59Ywyy-o4vk7o_LJA8Q4_adA6_d_jMvjVTKgrq3F19wimbfbl7t6RhLX17FbDpvaUUZbe7jg5q7Vf_i0Y_LWl1kTp2DhVDvDbx-_1RuasyIc6KSwd3OybKFq6JYA4w35Q7y7qtiT75dES9B_u1_2ABOa4ukIwgOqwyZiHk-ZlE88fP3rN-nsKr4JgZIslWL2yZWgYWQRUUw7tcWmg1AafHJr58sAQu87i9thQRCCEdLneBcJSwY0rlCiXeff4Q3yXZ5i43OzWnBh0qex0rLEsxsG9YUda_yAmZt7IMRqXsmF7lB7duIqKYh8U49NgcR7sdovzON3lGFeCVSC1lpp4B51nBryw8DWKQXjrqinFc6uZ51NSBEKmko0LWHjajPiL5ViBCQsToUzJomzLx65gX_eDmWFDuYvSKQUlotjYViowExkfZgk2-m98doaNks_druDxh2LovG8cHGbsvopY9RTfJuZ9xxbMzTc-PfycV-LLkJ0u_GxuVU_qYYzD-Dfj6IG6rBCXlbkpVSEq4-uEbHl1EPilpavZ22_ECfDS3YJjr79cnhvuo686ylDBXkXTulDscnfVQwhHSPgq-K3YS0Gwh6hySFiy1ZBR_ROfWqmKBKBq5bz6Dni7FqB6kQj9iuGJ5Z1JK0268tO1mF9FE3Gdq2RLGz2GWbWpGaOxTnJGWL9W_HjXQwgRiBQZnb3wgjKLJb81hYUDFWpiyVyZjH-FkvdT3V34GxQkVGyx5Cqrky5GAJikhuwGewUlHbnxm-dYOdaJ-FKwr4YUaLv5Wv0193UbgkEDa6zbP3K4x_SJQRi3L2lfRE7gE8iz26yFxo8QUPtGwzd2OCkaUcwBKrvCs\" target=\"_blank\" rel=\"noopener\">Thiago Alberto Rigo Passarin<\/a><\/strong><\/p>\n<p>Professor da UTFPR<br \/>Doutorado em El\u00e9trica e Inform\u00e1tica Industrial<\/p>\n<\/td>\n<td>passarin@utfpr.edu.br<\/td>\n<\/tr>\n<tr>\n<td>\n<p><strong><a href=\"https:\/\/buscatextual.cnpq.br\/buscatextual\/visualizacv.do?id=K4470398Z3&amp;tokenCaptchar=0cAFcWeA58AHkEQ0wAd_tND0EzeXJYtfEKEpij-Y_sME-uA503W7GXvRWswzq_bZkaX62v6vGyh3v_xEYDqYia8egtr5BrEa0xHKFVf6xwxIs8ch6OfCBRAbcHNgeB0dPqKKpcisZNMGIDw_nBywbKG43qTNNnEQZbMkPaQC1fwhDljcdDUA3acqifgwyHEnfEBytTRwOb7OXTDmtpW9okZwVoKy7bFsDF0E8NJbgy5m7GyT2Obvy_HU2o4fBS9mbkZ-IVKZEEj_tqgY1HA4BcQ_jOhTAAqnkwCnG8xi-jT3-JtjgkR5SwdARmLlTXTnyg1HEVd9QbBOpwqQsGpyAgX7qaBRHYjU6rQHB-P6IqsXy5Kb_MVcLbgHa1uWEtaldsqd7wcyVGOYQQi_SEQ2Cb91fN_01Bg4sWXYJ5wHEToqYxIADjuMisXln_BP7_kTdlszvH3cFy4WYhhQ0W5xm9evjB2dFcVEORI-5_sOkjzw9hehB-HU_YTUXojO3f1gVqG1_kyhmJzaWht4L2Poszskibntc4NFxegXzYA_cCCeeX2VoOhfwkptw81Eb9-9hIHSHKacsbrWuyDkKWGuR4xgfZiOonfnej4-8GVtane1HIe_E7wQZMrQt8_GjsdSlmEGdSORonxi6VDu2iLPDOoX8ZEjHOATYMQEpUqdHEsInrhAVHGgTDHcqxZpqwhApsR7_0LxsXU2Bsy48LcABlSKcSCv4d_ZPj8QyP00kPpfevDGsM4J0DS6at1n-jVw2nEcDz6GdFXZoksO7i2dYwGGK9WI0z4SpjqmYCgsBtaeKNCg8bZ_fwC1W7Yz5_1xzJ-cGwBsWWkqU7idefWh1c_NzXTEWYRVpc22iAHuAUT3oNwS5Y7in1PJk0WeqfUoTKE5i3PQhAgBwSSt4kkaVA-75Np1ThO_2CBzStmZv9JuwbhNPnKuAaHo-BMmfNq3ztcLyOXSp8gdDFCvo8D5AvznPooUTdZJuR0QmrgLoeLEYXEMbkBa5CZ_DJuwTLEbveiAASTwSZu-5wALCyZPjJ4AMCXPJ_h_iJXQTueTnuMrHRKy5SXcOJUmHTaBUqoMcRJR2MP6eO2aARTLVAjeSDY0l1AQxo2yBfhsY7IiYndvgC1VIarizJzQLk6sJr1Dq_pdb0rbjDnkQNyPeM5IjI_tw_p4tUDIjqw8q75LlAaKq3T1VyPClPYu1oTCTx9_5hHUq1kFNYoO8cemo_KgZlIWAj_62AhoqORmDKhx0OASgvJT-gVp6kdxYBCEQdbFvOaSv3w6MMinb9fvuLlLNIUXfh43PsTId3rMDCNjhaffDl3yGyWx26eozxH8S6R6XWMFktDpaavnfHv8LSM7FJo22nufPHAbEtRMlDkZrRUmTerzrxB-ZfZ_qHLOjNObcABebmMviBnNY6b-O3dtWSeIKtJUBKTQpZq1zsaUipx1CWga21AGTyfrP0y2__02OpL6PO2urTGVXxqPxJMbplWVHveTsGyXYboGd-eMiNCokdkiZo3vWFwR7RjFZtswdtUO8pWnYHx2sTJo92vnOA8iR1yrxAjlGOC76JGoJjPnSCPJA_ShghNaIi-_NsRmkOMnKIYMWnHI0JI8NAtYUKekMUVRd_hICFJHtg5tFl46TuzDM3IVVmQIcybADuDRrZrtmU7mbtGdWlmuoJbYLwgb8EqO-JdwTaL0U_EaFmsqSo-ylrYJ98ALZVyKvmxVxgFlY0j0AKKhVfMmNO5m0Iy1m014O7-ymfSfD25IxX0Raco5TSaBMU_KNR7ntq_q_XlI_VMYsW4XryJZVpF7525AjH4ZkrEjsxWn2VY5nm1nwCDXQboi_ZCigb-T6grTKt_GVyvaBs8UxqUsA4VDXy2TNKgR2cc036-UThn_UFc1N8qRM0KLifNBFTbZNvRzQh5CYJ7M1_fJbNqejR2hIcxsX86iMiqep3VHgGWgcHLSir9ax2kMIBdhIwp146V3wvAuenYKrJIcJXuHxX7N8Ndyc1cmX1GQFAcYyM5mLJRm6MNA5OlmCv4JdC8SaLy-14ikIAH9b-8zCSBR-3UXBsrCQMQUF94FHfjQ\" target=\"_blank\" rel=\"noopener\">Uilian Jos\u00e9 Dreyer<\/a><\/strong><\/p>\n<p>Professor da UTFPR<br \/>Doutorado em El\u00e9trica e Inform\u00e1tica Industrial<\/p>\n<\/td>\n<td>uiliandrey er@utfpr.edu.br<\/td>\n<\/tr>\n<\/tbody>\n<\/table>\n<\/figure>\n\n<p>\u00a0<\/p>\n\n<p>\u00a0<\/p>\n\n<p>\u00a0<\/p>\n\t\t\t\t\t\t\t\t<\/div>\n\t\t\t\t<\/div>\n\t\t\t\t\t<\/div>\n\t\t<\/div>\n\t\t\t\t\t<\/div>\n\t\t<\/section>\n\t\t\t\t<\/div>\n\t\t","protected":false},"excerpt":{"rendered":"<p>Admilson Teixeira FrancoProfessor da UTFPR Doutorado em Engenharia Mec\u00e2nicaBolsista de Produtividade Desen. Tec. e Extens\u00e3o Inovadora do CNPq &#8211; N\u00edvel 2 admilson@utfpr.edu.br Andr\u00e9 Schneider de OliveiraProfessor da UTFPRDoutorado em Engenharia de Automa\u00e7\u00e3o e SistemasBolsista Produtividade de Desenvolvimento Tecnol\u00f3gico e Extens\u00e3o Inovadora 2 andreoliveira@utfpr.edu.br Cezar Otaviano Ribeiro Negr\u00e3oProfessor da UTFPRDoutorado em Engenharia Mec\u00e2nica\u00a0 negrao@utfpr.edu.br Cicero MartelliDoutorado [&hellip;]<\/p>\n","protected":false},"author":101,"featured_media":0,"parent":0,"menu_order":0,"comment_status":"closed","ping_status":"closed","template":"","meta":{"footnotes":""},"class_list":["post-198","page","type-page","status-publish","hentry"],"_links":{"self":[{"href":"https:\/\/utfpr.curitiba.br\/prh21\/wp-json\/wp\/v2\/pages\/198","targetHints":{"allow":["GET"]}}],"collection":[{"href":"https:\/\/utfpr.curitiba.br\/prh21\/wp-json\/wp\/v2\/pages"}],"about":[{"href":"https:\/\/utfpr.curitiba.br\/prh21\/wp-json\/wp\/v2\/types\/page"}],"author":[{"embeddable":true,"href":"https:\/\/utfpr.curitiba.br\/prh21\/wp-json\/wp\/v2\/users\/101"}],"replies":[{"embeddable":true,"href":"https:\/\/utfpr.curitiba.br\/prh21\/wp-json\/wp\/v2\/comments?post=198"}],"version-history":[{"count":19,"href":"https:\/\/utfpr.curitiba.br\/prh21\/wp-json\/wp\/v2\/pages\/198\/revisions"}],"predecessor-version":[{"id":788,"href":"https:\/\/utfpr.curitiba.br\/prh21\/wp-json\/wp\/v2\/pages\/198\/revisions\/788"}],"wp:attachment":[{"href":"https:\/\/utfpr.curitiba.br\/prh21\/wp-json\/wp\/v2\/media?parent=198"}],"curies":[{"name":"wp","href":"https:\/\/api.w.org\/{rel}","templated":true}]}}