{"id":12,"date":"2022-05-30T10:28:19","date_gmt":"2022-05-30T13:28:19","guid":{"rendered":"https:\/\/utfpr.curitiba.br\/prh21\/?page_id=12"},"modified":"2026-03-29T21:50:55","modified_gmt":"2026-03-30T00:50:55","slug":"patentes","status":"publish","type":"page","link":"https:\/\/utfpr.curitiba.br\/prh21\/patentes\/","title":{"rendered":"Patentes"},"content":{"rendered":"\t\t<div data-elementor-type=\"wp-page\" data-elementor-id=\"12\" class=\"elementor elementor-12\">\n\t\t\t\t\t\t<section class=\"elementor-section elementor-top-section elementor-element elementor-element-1322f387 elementor-section-boxed elementor-section-height-default elementor-section-height-default\" data-id=\"1322f387\" data-element_type=\"section\" data-e-type=\"section\">\n\t\t\t\t\t\t<div class=\"elementor-container elementor-column-gap-default\">\n\t\t\t\t\t<div class=\"elementor-column elementor-col-100 elementor-top-column elementor-element elementor-element-5e766ad\" data-id=\"5e766ad\" data-element_type=\"column\" data-e-type=\"column\">\n\t\t\t<div class=\"elementor-widget-wrap elementor-element-populated\">\n\t\t\t\t\t\t<div class=\"elementor-element elementor-element-3299cc05 elementor-widget elementor-widget-text-editor\" data-id=\"3299cc05\" data-element_type=\"widget\" data-e-type=\"widget\" data-widget_type=\"text-editor.default\">\n\t\t\t\t<div class=\"elementor-widget-container\">\n\t\t\t\t\t\t\t\t\t\n<h4><\/h4>\n<h4><\/h4>\n<h4>O PRH 21.1 da UTFPR-Curitiba se destaca pelo incentivo \u00e0 inova\u00e7\u00e3o e ao desenvolvimento tecnol\u00f3gico. Como resultado das pesquisas realizadas, diversas patentes foram registradas, refletindo o compromisso com a cria\u00e7\u00e3o de solu\u00e7\u00f5es inovadoras e aplic\u00e1veis \u00e0 ind\u00fastria. Abaixo, apresentamos a lista de patentes desenvolvidas no \u00e2mbito do programa.<\/h4>\n<p>\u00a0<\/p>\n<p><strong><\/strong><\/p>\n<p><strong>CARTA PATENTE N\u00ba BR102015001334-5<\/strong><br \/><strong>T\u00edtulo: M\u00c9TODO DE CONTROLE DA PERDA ESPONT\u00c2NEA DE CALOR EM CAVIDADE ABERTA<\/strong><br \/><strong>Expedida em: 07\/12\/2021<\/strong><\/p>\n<p><strong><\/strong><\/p>\n<p><strong>CARTA PATENTE N\u00ba BR102016008093-2<\/strong><br \/><strong>T\u00edtulo: TRANSDUTOR \u00c0 FIBRA \u00d3PTICA E PROCESSO PARA MEDI\u00c7\u00c3O SIMULT\u00c2NEA DE<\/strong><br \/><strong>TEMPERATURA E VIBRA\u00c7\u00c3O EM GERADORES DE ENERGIA EL\u00c9TRICA<\/strong><br \/><strong>Expedida em: 21\/12\/2021<\/strong><\/p>\n<p><strong><\/strong><\/p>\n<p><strong>CARTA PATENTE N\u00ba BR102016019029-0<\/strong><br \/><strong>T\u00edtulo: M\u00c9TODO PARA REIN\u00cdCIO DE ESCOAMENTO DE FLUIDOS GELIFICADOS<\/strong><br \/><strong>Expedida em: 04\/01\/2022<\/strong><\/p>\n<p><strong><\/strong><\/p>\n<p><strong>CARTA PATENTE N\u00ba BR102017003251-5<\/strong><br \/><strong>T\u00edtulo: DISTRIBUIDOR CICL\u00d4NICO DE ESCOAMENTO BIF\u00c1SICO L\u00cdQUIDO-G\u00c1S PARA SISTEMA<\/strong><br \/><strong>DE SEPARA\u00c7\u00c3O DE FASES SUBMARINO.<\/strong><br \/><strong>Expedida em: 15\/08\/2023<\/strong><\/p>\n<p><strong><\/strong><\/p>\n<p><strong>CARTA PATENTE N\u00ba BR102017004623-0<\/strong><br \/><strong>T\u00edtulo: APARATO ELETRO-\u00d3TICO PARA MEDI\u00c7\u00c3O DE VAZ\u00c3O DE MISTURAS MULTIF\u00c1SICAS<\/strong><br \/><strong>Expedida em: 11\/04\/2023<\/strong><\/p>\n<p><strong><\/strong><\/p>\n<p><strong>CARTA PATENTE N\u00ba BR102017015495-5<\/strong><br \/><strong>T\u00edtulo: SISTEMA DE SENSORIAMENTO, IDENTIFICA\u00c7\u00c3O E ARMAZENAMENTO DE DADOS DE<\/strong><br \/><strong>CONSUMO DE ENERGIA EL\u00c9TRICA<\/strong><br \/><strong>Expedida em: 24\/10\/2023<\/strong><\/p>\n<p><strong><\/strong><\/p>\n<p><strong>CARTA PATENTE N\u00ba BR102018067921-0<\/strong><br \/><strong>T\u00edtulo: DISPOSITIVO FOTORREFRATIVO REVESTIDO DE MATERIAL COMP\u00d3SITO PARA<\/strong><br \/><strong>MEDI\u00c7\u00c3O SIMULT\u00c2NEA DE VIBRA\u00c7\u00c3O E TEMPERATURA EM N\u00daCLEO DE TRANSFORMADORES<\/strong><br \/><strong>Expedida em: 16\/04\/2024<\/strong><\/p>\n<p><strong><\/strong><\/p>\n<p>\u00a0<\/p>\n<p><strong><\/strong><\/p>\n<p>\u00a0<\/p>\n<p><strong><\/strong><\/p>\n<p><strong>2017 \u2013 Distribuidor de Escoamento Bif\u00e1sico de L\u00edquido-G\u00e1s<\/strong><\/p>\n<p><strong><\/strong><\/p>\n<p><strong>2017 \u2013 Dispositivo dissipador de calor por redes de microcanais<\/strong><\/p>\n<p><strong><\/strong><\/p>\n<p><strong>2016 \u2013 M\u00e9todo para Rein\u00edcio de Escoamento de Fluidos Gelificados<\/strong><\/p>\n<p><strong><\/strong><\/p>\n<p><strong>2015 \u2013 M\u00e9todo de Controle da perda espont\u00e2nea de calor em uma cavidade aberta com parede vertical aquecida<\/strong><\/p>\n<p><strong><\/strong><\/p>\n<p><strong>2005 \u2013 Dispositivo para sensoriamento eletr\u00f4nico do grau de incrustra\u00e7\u00e3o por coque<\/strong><\/p>\n\t\t\t\t\t\t\t\t<\/div>\n\t\t\t\t<\/div>\n\t\t\t\t\t<\/div>\n\t\t<\/div>\n\t\t\t\t\t<\/div>\n\t\t<\/section>\n\t\t\t\t<\/div>\n\t\t","protected":false},"excerpt":{"rendered":"<p>O PRH 21.1 da UTFPR-Curitiba se destaca pelo incentivo \u00e0 inova\u00e7\u00e3o e ao desenvolvimento tecnol\u00f3gico. Como resultado das pesquisas realizadas, diversas patentes foram registradas, refletindo o compromisso com a cria\u00e7\u00e3o de solu\u00e7\u00f5es inovadoras e aplic\u00e1veis \u00e0 ind\u00fastria. Abaixo, apresentamos a lista de patentes desenvolvidas no \u00e2mbito do programa. \u00a0 CARTA PATENTE N\u00ba BR102015001334-5T\u00edtulo: M\u00c9TODO DE [&hellip;]<\/p>\n","protected":false},"author":67,"featured_media":0,"parent":0,"menu_order":0,"comment_status":"closed","ping_status":"closed","template":"","meta":{"footnotes":""},"class_list":["post-12","page","type-page","status-publish","hentry"],"_links":{"self":[{"href":"https:\/\/utfpr.curitiba.br\/prh21\/wp-json\/wp\/v2\/pages\/12","targetHints":{"allow":["GET"]}}],"collection":[{"href":"https:\/\/utfpr.curitiba.br\/prh21\/wp-json\/wp\/v2\/pages"}],"about":[{"href":"https:\/\/utfpr.curitiba.br\/prh21\/wp-json\/wp\/v2\/types\/page"}],"author":[{"embeddable":true,"href":"https:\/\/utfpr.curitiba.br\/prh21\/wp-json\/wp\/v2\/users\/67"}],"replies":[{"embeddable":true,"href":"https:\/\/utfpr.curitiba.br\/prh21\/wp-json\/wp\/v2\/comments?post=12"}],"version-history":[{"count":8,"href":"https:\/\/utfpr.curitiba.br\/prh21\/wp-json\/wp\/v2\/pages\/12\/revisions"}],"predecessor-version":[{"id":798,"href":"https:\/\/utfpr.curitiba.br\/prh21\/wp-json\/wp\/v2\/pages\/12\/revisions\/798"}],"wp:attachment":[{"href":"https:\/\/utfpr.curitiba.br\/prh21\/wp-json\/wp\/v2\/media?parent=12"}],"curies":[{"name":"wp","href":"https:\/\/api.w.org\/{rel}","templated":true}]}}