{"id":10,"date":"2022-05-30T10:27:34","date_gmt":"2022-05-30T13:27:34","guid":{"rendered":"https:\/\/utfpr.curitiba.br\/prh21\/?page_id=10"},"modified":"2026-04-07T15:42:44","modified_gmt":"2026-04-07T18:42:44","slug":"premios","status":"publish","type":"page","link":"https:\/\/utfpr.curitiba.br\/prh21\/premios\/","title":{"rendered":"Pr\u00eamios"},"content":{"rendered":"\t\t<div data-elementor-type=\"wp-page\" data-elementor-id=\"10\" class=\"elementor elementor-10\">\n\t\t\t\t\t\t<section class=\"elementor-section elementor-top-section elementor-element elementor-element-702e1708 elementor-section-boxed elementor-section-height-default elementor-section-height-default\" data-id=\"702e1708\" data-element_type=\"section\" data-e-type=\"section\">\n\t\t\t\t\t\t<div class=\"elementor-container elementor-column-gap-default\">\n\t\t\t\t\t<div class=\"elementor-column elementor-col-100 elementor-top-column elementor-element elementor-element-6aa916bd\" data-id=\"6aa916bd\" data-element_type=\"column\" data-e-type=\"column\">\n\t\t\t<div class=\"elementor-widget-wrap elementor-element-populated\">\n\t\t\t\t\t\t<div class=\"elementor-element elementor-element-6cc700b2 elementor-widget elementor-widget-text-editor\" data-id=\"6cc700b2\" data-element_type=\"widget\" data-e-type=\"widget\" data-widget_type=\"text-editor.default\">\n\t\t\t\t<div class=\"elementor-widget-container\">\n\t\t\t\t\t\t\t\t\t<h3>Pr\u00eamio SBR<\/h3>\n<p><em>Edi\u00e7\u00e3o 2025<br \/><\/em><strong>1\u00b0 Lugar do Pr\u00eamio SBR &#8211; Melhor Tese de Doutorado<\/strong><br \/>Autor: Marco Aur\u00e9lio Ferrari<br \/>Orientador: Admilson Teixeira Franco<\/p>\n<h3>Pr\u00eamio Inventor da Petrobras<\/h3>\n<p><!-- \/wp:heading --><!-- wp:paragraph --><\/p>\n<p><em>Edi\u00e7\u00e3o 2018<br \/><\/em><strong>Distribuidor de Escoamento Bif\u00e1sico de L\u00edquido-G\u00e1s<\/strong><br \/>Pesquisadores: Rigoberto Eleazar Melgarejo Morales, Fl\u00e1vio Neves Junior e Paulo Henrique Dias dos Santos, C\u00e9sar Yutaka\u00a0Ofuchi e Hans Emerson Maldonado Ninahuanca<\/p>\n<p><!-- \/wp:paragraph --><!-- wp:heading {\"level\":3} --><\/p>\n<h3>Pr\u00eamio ANP de Inova\u00e7\u00e3o Tecnol\u00f3gica<\/h3>\n<p><!-- \/wp:heading --><!-- wp:paragraph --><\/p>\n<p><em>Edi\u00e7\u00e3o 2016<\/em><br \/><strong>Programa de Diagn\u00f3stico de Problemas de Perfura\u00e7\u00e3o em Tempo Real<\/strong><br \/>Autor: Gabriel Merhy de Oliveira<br \/>Orientadores: Admilson Teixeira Franco e Cezar Otaviano Ribeiro Negr\u00e3o<\/p>\n<p><!-- \/wp:paragraph --><!-- wp:heading {\"level\":3} --><\/p>\n<h3>Pr\u00eamio Petrobras de Tecnologia<\/h3>\n<p><!-- \/wp:heading --><!-- wp:paragraph --><\/p>\n<p><em>6\u00aa edi\u00e7\u00e3o (2013)\u00a0<\/em><strong><br \/>Gradua\u00e7\u00e3o &#8211; Desenvolvimento do Prot\u00f3tipo de um Rob\u00f4 para Inspe\u00e7\u00e3o de Cord\u00f5es de Solda em Superf\u00edcies Met\u00e1licas Verticais<\/strong><br \/>Autor: Anderson Rovani<\/p>\n<p><!-- \/wp:paragraph --><!-- wp:paragraph --><\/p>\n<p><em>4\u00aa edi\u00e7\u00e3o (2009)<\/em><br \/><strong>Doutorado &#8211; Sistema de apoio \u00e0 decis\u00e3o das opera\u00e7\u00f5es de transfer\u00eancia e estocagem de derivados de petr\u00f3leo em redes de dutos<\/strong><br \/>Autora: Suelen Neves Boschetto<br \/>Coautores: Leandro Magat\u00e3o, L\u00facia Val\u00e9ria Ramos de Arruda, Luiz Carlos Felizari, Ricardo L\u00fcders e S\u00e9rgio Leandro Stebel<br \/>Orientador:\u00a0Fl\u00e1vio Neves Junior<\/p>\n<p><strong>Mestrado &#8211; Desenvolvimento e implementa\u00e7\u00e3o de um sistema de medi\u00e7\u00e3o inercial de trajet\u00f3rias de dutos<br \/><\/strong>Pesquisador: Gustavo Emmendoerfer<br \/>Orientador: Roger Gules<\/p>\n<p><!-- \/wp:paragraph --><!-- wp:paragraph --><\/p>\n<p><strong>Mestrado &#8211; Modelagem e simula\u00e7\u00e3o do escoamento bif\u00e1sico no padr\u00e3o de golfadas na horizontal e vertical atrav\u00e9s de um modelo num\u00e9rico de seguimento de pist\u00f5es<\/strong><br \/>Autor: Hendy\u00a0Tisserant Rodrigues<br \/>Orientador: Rigoberto E. M. Morales<\/p>\n<p><!-- \/wp:paragraph --><!-- wp:paragraph --><\/p>\n<p><em>3\u00aa Edi\u00e7\u00e3o (2007)<\/em><\/p>\n<p><!-- \/wp:paragraph --><!-- wp:paragraph --><\/p>\n<p><strong>Gradua\u00e7\u00e3o &#8211; Rein\u00edcio da circula\u00e7\u00e3o de fluidos de perfura\u00e7\u00e3o gelificados<\/strong><br \/>Autor: Gabriel Merhy de Oliveira<br \/>Orientador: Cezar Otaviano Ribeiro Negr\u00e3o<\/p>\n<p><!-- \/wp:paragraph --><!-- wp:paragraph --><\/p>\n<p><strong>Doutorado &#8211; Ferramenta de aux\u00edlio \u00e0 programa\u00e7\u00e3o das opera\u00e7\u00f5es de transporte de derivados de petr\u00f3leo em redes de dutos<\/strong><br \/>Pesquisador: Luiz Carlos Felizari<br \/>Orientadora: L\u00facia Val\u00e9ria Ramos de Arruda<\/p>\n<p><!-- \/wp:paragraph --><\/p>\t\t\t\t\t\t\t\t<\/div>\n\t\t\t\t<\/div>\n\t\t\t\t\t<\/div>\n\t\t<\/div>\n\t\t\t\t\t<\/div>\n\t\t<\/section>\n\t\t\t\t<\/div>\n\t\t","protected":false},"excerpt":{"rendered":"<p>Pr\u00eamio SBR Edi\u00e7\u00e3o 20251\u00b0 Lugar do Pr\u00eamio SBR &#8211; Melhor Tese de DoutoradoAutor: Marco Aur\u00e9lio FerrariOrientador: Admilson Teixeira Franco Pr\u00eamio Inventor da Petrobras Edi\u00e7\u00e3o 2018Distribuidor de Escoamento Bif\u00e1sico de L\u00edquido-G\u00e1sPesquisadores: Rigoberto Eleazar Melgarejo Morales, Fl\u00e1vio Neves Junior e Paulo Henrique Dias dos Santos, C\u00e9sar Yutaka\u00a0Ofuchi e Hans Emerson Maldonado Ninahuanca Pr\u00eamio ANP de Inova\u00e7\u00e3o Tecnol\u00f3gica [&hellip;]<\/p>\n","protected":false},"author":67,"featured_media":0,"parent":0,"menu_order":0,"comment_status":"closed","ping_status":"closed","template":"","meta":{"footnotes":""},"class_list":["post-10","page","type-page","status-publish","hentry"],"_links":{"self":[{"href":"https:\/\/utfpr.curitiba.br\/prh21\/wp-json\/wp\/v2\/pages\/10","targetHints":{"allow":["GET"]}}],"collection":[{"href":"https:\/\/utfpr.curitiba.br\/prh21\/wp-json\/wp\/v2\/pages"}],"about":[{"href":"https:\/\/utfpr.curitiba.br\/prh21\/wp-json\/wp\/v2\/types\/page"}],"author":[{"embeddable":true,"href":"https:\/\/utfpr.curitiba.br\/prh21\/wp-json\/wp\/v2\/users\/67"}],"replies":[{"embeddable":true,"href":"https:\/\/utfpr.curitiba.br\/prh21\/wp-json\/wp\/v2\/comments?post=10"}],"version-history":[{"count":4,"href":"https:\/\/utfpr.curitiba.br\/prh21\/wp-json\/wp\/v2\/pages\/10\/revisions"}],"predecessor-version":[{"id":832,"href":"https:\/\/utfpr.curitiba.br\/prh21\/wp-json\/wp\/v2\/pages\/10\/revisions\/832"}],"wp:attachment":[{"href":"https:\/\/utfpr.curitiba.br\/prh21\/wp-json\/wp\/v2\/media?parent=10"}],"curies":[{"name":"wp","href":"https:\/\/api.w.org\/{rel}","templated":true}]}}