{"id":524,"date":"2013-12-05T17:34:56","date_gmt":"2013-12-05T20:34:56","guid":{"rendered":"http:\/\/dainf.ct.utfpr.edu.br\/peteco\/?page_id=524"},"modified":"2023-02-23T15:16:51","modified_gmt":"2023-02-23T18:16:51","slug":"robotica","status":"publish","type":"page","link":"https:\/\/utfpr.curitiba.br\/peteco\/709-2\/robotica\/","title":{"rendered":"RoboFun"},"content":{"rendered":"<h2>Oficina <span style=\"color: #000000;\">Rob\u00f4Fun<\/span><\/h2>\n<p>O Projeto Rob\u00f4 Fun est\u00e1 com um novo site, l\u00e1 voc\u00ea encontrar\u00e1 informa\u00e7\u00f5es sobre o projeto, noticias, tutoriais, os materiais do curso e muito mais! Acesse\u00a0<a href=\"http:\/\/petrobo.github.io\/\">http:\/\/petrobo.github.io\/<\/a><\/p>\n<p>\u00a0<\/p>\n<p>Em caso de d\u00favida, entre em contato atrav\u00e9s do e-mail\u00a0<a title=\"PETECO\" href=\"mailto:petecoutfpr@gmail.com\">petecoutfpr@gmail.com<\/a>.<\/p>\n<p><strong>\u00a0<\/strong><\/p>\n<p class=\"hide-if-no-js\"><a id=\"set-post-thumbnail\" class=\"thickbox\" title=\"Usar uma Imagem Destacada\" href=\"https:\/\/peteco.dainf.ct.utfpr.edu.br\/wp-admin\/media-upload.php?post_id=524&amp;type=image&amp;TB_iframe=1\"><img fetchpriority=\"high\" decoding=\"async\" class=\"attachment-266x266\" src=\"https:\/\/utfpr-ct-static-content.s3.amazonaws.com\/utfpr.curitiba.br\/wp-content\/uploads\/sites\/139\/2013\/12\/04-240x300.jpg\" alt=\"04\" width=\"212\" height=\"266\" \/><\/a><\/p>\n<p><!--Link Panfleto frente:<a title=\"Banner\" href=\"https:\/\/utfpr-ct-static-content.s3.amazonaws.com\/utfpr.curitiba.br\/wp-content\/uploads\/sites\/139\/2013\/12\/Panfleto-oficina-roboF-vers\u00e3o-4-4.png\"> https:\/\/utfpr-ct-static-content.s3.amazonaws.com\/utfpr.curitiba.br\/wp-content\/uploads\/sites\/139\/2013\/12\/Panfleto-oficina-roboF-vers\u00e3o-4-4.png<\/a>\n\nLink Panfleto dentro:<a title=\"dentro\" href=\"https:\/\/utfpr-ct-static-content.s3.amazonaws.com\/utfpr.curitiba.br\/wp-content\/uploads\/sites\/139\/2013\/12\/Panfleto-oficina-roboF-vers\u00e3o-4-dentro-2.png\">https:\/\/utfpr-ct-static-content.s3.amazonaws.com\/utfpr.curitiba.br\/wp-content\/uploads\/sites\/139\/2013\/12\/Panfleto-oficina-roboF-vers\u00e3o-4-dentro-2.png<\/a>--><\/p>\n\n\n<p class=\"has-x-large-font-size\">Fotos e V\u00eddeos das edi\u00e7\u00f5es anteriores<\/p>\n\n\n\n<p><a href=\"https:\/\/utfpr.curitiba.br\/peteco\/709-2\/robotica\/oficina-robo-fun-1\/\">Oficina Rob\u00f4fun 1<\/a><\/p>\n\n\n\n<p><a href=\"https:\/\/utfpr.curitiba.br\/peteco\/709-2\/robotica\/oficina-robo-fun-2\/\">Oficina Rob\u00f4fun 2<\/a><\/p>\n\n\n\n<p><a href=\"https:\/\/utfpr.curitiba.br\/peteco\/709-2\/robotica\/oficinas-robofun-3\/\">Oficina Rob\u00f4fun 3<\/a><\/p>\n","protected":false},"excerpt":{"rendered":"<p>Oficina Rob\u00f4Fun O Projeto Rob\u00f4 Fun est\u00e1 com um novo site, l\u00e1 voc\u00ea encontrar\u00e1 informa\u00e7\u00f5es sobre o projeto, noticias, tutoriais, os materiais do curso e muito mais! Acesse\u00a0http:\/\/petrobo.github.io\/ \u00a0 Em caso de d\u00favida, entre em contato atrav\u00e9s do e-mail\u00a0petecoutfpr@gmail.com. \u00a0 Fotos e V\u00eddeos das edi\u00e7\u00f5es anteriores Oficina Rob\u00f4fun 1 Oficina Rob\u00f4fun 2 Oficina Rob\u00f4fun 3<\/p>\n","protected":false},"author":1,"featured_media":649,"parent":709,"menu_order":0,"comment_status":"closed","ping_status":"closed","template":"","meta":{"footnotes":""},"class_list":["post-524","page","type-page","status-publish","has-post-thumbnail","hentry"],"_links":{"self":[{"href":"https:\/\/utfpr.curitiba.br\/peteco\/wp-json\/wp\/v2\/pages\/524","targetHints":{"allow":["GET"]}}],"collection":[{"href":"https:\/\/utfpr.curitiba.br\/peteco\/wp-json\/wp\/v2\/pages"}],"about":[{"href":"https:\/\/utfpr.curitiba.br\/peteco\/wp-json\/wp\/v2\/types\/page"}],"author":[{"embeddable":true,"href":"https:\/\/utfpr.curitiba.br\/peteco\/wp-json\/wp\/v2\/users\/1"}],"replies":[{"embeddable":true,"href":"https:\/\/utfpr.curitiba.br\/peteco\/wp-json\/wp\/v2\/comments?post=524"}],"version-history":[{"count":49,"href":"https:\/\/utfpr.curitiba.br\/peteco\/wp-json\/wp\/v2\/pages\/524\/revisions"}],"predecessor-version":[{"id":1379,"href":"https:\/\/utfpr.curitiba.br\/peteco\/wp-json\/wp\/v2\/pages\/524\/revisions\/1379"}],"up":[{"embeddable":true,"href":"https:\/\/utfpr.curitiba.br\/peteco\/wp-json\/wp\/v2\/pages\/709"}],"wp:featuredmedia":[{"embeddable":true,"href":"https:\/\/utfpr.curitiba.br\/peteco\/wp-json\/wp\/v2\/media\/649"}],"wp:attachment":[{"href":"https:\/\/utfpr.curitiba.br\/peteco\/wp-json\/wp\/v2\/media?parent=524"}],"curies":[{"name":"wp","href":"https:\/\/api.w.org\/{rel}","templated":true}]}}