{"id":224,"date":"2011-08-18T00:00:29","date_gmt":"2011-08-18T03:00:29","guid":{"rendered":"http:\/\/dainf.ct.utfpr.edu.br\/peteco\/"},"modified":"2021-04-13T18:44:05","modified_gmt":"2021-04-13T21:44:05","slug":"manual-de-sobrevivencia","status":"publish","type":"page","link":"https:\/\/utfpr.curitiba.br\/peteco\/manual-de-sobrevivencia\/","title":{"rendered":"Manual de Sobreviv\u00eancia"},"content":{"rendered":"<p style=\"text-align: justify;\">Bem-vindo \u00e0 Universidade Tecnol\u00f3gica Federal do Paran\u00e1! Nossos cumprimentos por\u00a0esta conquista. Voc\u00ea est\u00e1 dando um dos passos mais importantes de sua vida: escolher\u00a0uma carreira.<\/p>\n<p style=\"text-align: justify;\">Mas, se voc\u00ea est\u00e1 totalmente perdido, n\u00e3o se desespere! Felizmente, voc\u00ea n\u00e3o \u00e9 o\u00a0primeiro e nem ser\u00e1 o \u00faltimo a viver essa situa\u00e7\u00e3o. Ent\u00e3o, respire fundo, conte at\u00e9 dez\u00a0e leia at\u00e9 o fim deste manual. Ele contem informa\u00e7\u00f5es e dicas\u00a0importantes para sobreviver a esse universo novo chamado Universidade Tecnol\u00f3gica\u00a0Federal do Paran\u00e1.<\/p>\n<p style=\"text-align: justify;\">Elaborado pelos integrantes do grupo PET de Engenharia de Computa\u00e7\u00e3o, este manual\u00a0foi feito ajudar a esclarecer algumas d\u00favidas que s\u00e3o comuns entre os calouros.\u00a0Caso ainda se sinta confuso com rela\u00e7\u00e3o a alguma coisa, fique \u00e0 vontade para procurar o\u00a0PET-ECO\u00a0\u00a0e esclarecer suas d\u00favidas ou sugerir modifica\u00e7\u00f5es no texto.<\/p>\n<p style=\"text-align: center;\"><a href=\"https:\/\/utfpr-ct-static-content.s3.amazonaws.com\/utfpr.curitiba.br\/wp-content\/uploads\/sites\/139\/2014\/02\/Manual-de-Sobreviv%C3%AAncia-2014.pdf\">MANUAL DE SOBREVIVENCIA_2014.pdf<\/a><\/p>\n<p><!--\n\n\n<p style=\"text-align: center;\"><a href=\"https:\/\/utfpr-ct-static-content.s3.amazonaws.com\/utfpr.curitiba.br\/wp-content\/uploads\/sites\/139\/2014\/01\/Manual-de-Sobreviv%C3%AAncia-2014.pdf\">MANUAL DE SOBREVIV\u00caNCIA.pdf<\/a><\/p>\n\n\n--><br \/>\n<!--\n\n\n<p style=\"text-align: center;\"><a href=\"https:\/\/utfpr-ct-static-content.s3.amazonaws.com\/utfpr.curitiba.br\/wp-content\/uploads\/sites\/139\/2012\/03\/Manual_2012.pdf\">MANUAL DE SOBREVIV\u00caNCIA.pdf<\/a><\/p>\n\n\n--><\/p>\n<p style=\"text-align: center;\">\n","protected":false},"excerpt":{"rendered":"<p>Bem-vindo \u00e0 Universidade Tecnol\u00f3gica Federal do Paran\u00e1! Nossos cumprimentos por\u00a0esta conquista. Voc\u00ea est\u00e1 dando um dos passos mais importantes de sua vida: escolher\u00a0uma carreira. Mas, se voc\u00ea est\u00e1 totalmente perdido, n\u00e3o se desespere! Felizmente, voc\u00ea n\u00e3o \u00e9 o\u00a0primeiro e nem ser\u00e1 o \u00faltimo a viver essa situa\u00e7\u00e3o. Ent\u00e3o, respire fundo, conte at\u00e9 dez\u00a0e leia at\u00e9 [&hellip;]<\/p>\n","protected":false},"author":1,"featured_media":0,"parent":0,"menu_order":5,"comment_status":"closed","ping_status":"closed","template":"","meta":{"footnotes":""},"class_list":["post-224","page","type-page","status-publish","hentry"],"_links":{"self":[{"href":"https:\/\/utfpr.curitiba.br\/peteco\/wp-json\/wp\/v2\/pages\/224","targetHints":{"allow":["GET"]}}],"collection":[{"href":"https:\/\/utfpr.curitiba.br\/peteco\/wp-json\/wp\/v2\/pages"}],"about":[{"href":"https:\/\/utfpr.curitiba.br\/peteco\/wp-json\/wp\/v2\/types\/page"}],"author":[{"embeddable":true,"href":"https:\/\/utfpr.curitiba.br\/peteco\/wp-json\/wp\/v2\/users\/1"}],"replies":[{"embeddable":true,"href":"https:\/\/utfpr.curitiba.br\/peteco\/wp-json\/wp\/v2\/comments?post=224"}],"version-history":[{"count":21,"href":"https:\/\/utfpr.curitiba.br\/peteco\/wp-json\/wp\/v2\/pages\/224\/revisions"}],"predecessor-version":[{"id":1342,"href":"https:\/\/utfpr.curitiba.br\/peteco\/wp-json\/wp\/v2\/pages\/224\/revisions\/1342"}],"wp:attachment":[{"href":"https:\/\/utfpr.curitiba.br\/peteco\/wp-json\/wp\/v2\/media?parent=224"}],"curies":[{"name":"wp","href":"https:\/\/api.w.org\/{rel}","templated":true}]}}