{"id":2,"date":"2011-02-22T12:19:09","date_gmt":"2011-02-22T15:19:09","guid":{"rendered":"http:\/\/dainf.ct.utfpr.edu.br\/peteco\/?page_id=2"},"modified":"2025-11-05T09:05:40","modified_gmt":"2025-11-05T12:05:40","slug":"about","status":"publish","type":"page","link":"https:\/\/utfpr.curitiba.br\/peteco\/about\/","title":{"rendered":"Grupo PETECO"},"content":{"rendered":"<p>O grupo PET de Engenharia de Computa\u00e7\u00e3o da Universidade Tecnol\u00f3gica Federal do Paran\u00e1, C\u00e2mpus Curitiba, \u00e9 parte do <a href=\"https:\/\/www.gov.br\/mec\/pt-br\/pet\">Programa de Educa\u00e7\u00e3o Tutorial do MEC<\/a>. Criado em dezembro de 2010, iniciou suas atividades no in\u00edcio de 2011 sob a tutoria do Prof. Cesar Augusto Tacla. O grupo desenvolve atividades de pesquisa, ensino e extens\u00e3o:<\/p>\n<p style=\"padding-left: 40px\"><span style=\"color: #808080\"><span style=\"font-size: revert\">&#8220;O Programa de Educa\u00e7\u00e3o Tutorial (PET) \u00e9 composto por grupos tutoriais de aprendizagem e busca propiciar aos alunos, sob a orienta\u00e7\u00e3o de um professor tutor, condi\u00e7\u00f5es para a realiza\u00e7\u00e3o de atividades extracurriculares, que t\u00eam como objetivo garantir aos alunos do curso oportunidades de vivenciar experi\u00eancias n\u00e3o presentes em estruturas curriculares convencionais, visando a sua forma\u00e7\u00e3o global e favorecendo a forma\u00e7\u00e3o acad\u00eamica, tanto para a integra\u00e7\u00e3o no mercado profissional quanto para o desenvolvimento de estudos em programas de p\u00f3s-gradua\u00e7\u00e3o. O apoio financeiro do MEC\/SESu pode ser concedido ao estudante bolsista at\u00e9 a conclus\u00e3o da sua gradua\u00e7\u00e3o e ao professor tutor por tr\u00eas anos, podendo ser prorrog\u00e1vel por iguais per\u00edodos, conforme parecer da Comiss\u00e3o de Avalia\u00e7\u00e3o do PET do MEC\/SESu. &#8221; [ <\/span><a style=\"font-size: revert;color: #808080\" title=\"Fonte\" href=\"http:\/\/portal.mec.gov.br\/sesu\/arquivos\/pdf\/PET\/pet_manual_basico.pdf\">Fonte<\/a><span style=\"font-size: revert\"> ]<\/span><\/span><\/p>\n<h2>Professor Tutor<\/h2>\n<p><a href=\"http:\/\/paginapessoal.utfpr.edu.br\/tacla\/english-version\/resume\">Cesar Augusto Tacla<\/a> &#8211; DAINF (Departamento Acad\u00eamico de Inform\u00e1tica)<\/p>\n<h2>Estudantes<\/h2>\n<h3><strong>Ativos<\/strong><\/h3>\n<p>ARTHUR DAL BEM NUNES<br \/>\nARTHUR GABRIEL PELLEGRINI HEBERLE<br \/>\nASHLEY MARTINS<br \/>\nDEBORAH FEIJO PINTO<br \/>\n<a href=\"https:\/\/www.linkedin.com\/in\/enzo-kira-08b05a381\">ENZO NAKAMURA KIRA<\/a><br \/>\n<a href=\"https:\/\/www.linkedin.com\/in\/felipe-costa-santos-78681922a\">FELIPE COSTA SANTOS<\/a><br \/>\n<a href=\"https:\/\/www.linkedin.com\/in\/giulia-de-souza-leite\">GIULIA DE SOUZA LEITE<\/a><br \/>\n<a href=\"https:\/\/www.linkedin.com\/in\/livia-aguilar-b8783620b\">LIVIA AGUILAR FLEGLER<\/a><br \/>\n<a href=\"https:\/\/www.linkedin.com\/in\/lukas-silvano-11217355\">LUKAS SILVANO<\/a><br \/>\n<a href=\"https:\/\/www.linkedin.com\/in\/pedro-henrique-chagas-fallgatter-b711052b5\">PEDRO HENRIQUE CHAGAS FALLGATTER<\/a><br \/>\nSOFIA HIKARI DE LIMA KAWAZOE<br \/>\nVINICIUS ROMUALDO SILVA<\/p>\n<p><strong>Ordenados por data de entrada:<\/strong><\/p>\n<h4><strong>2024<\/strong><\/h4>\n<p><a href=\"https:\/\/www.linkedin.com\/in\/ana-luisa-girio-berlingieri-434292252\">ANA LUISA GIRIO BERLINGIERI<\/a><br \/>\n<a href=\"https:\/\/www.linkedin.com\/in\/felipe-dos-reis-garcez-54523a263\" target=\"_blank\" rel=\"noopener\">FELIPE DOS REIS GARCEZ<\/a><br \/>\nISAQUE CORTINA PIRES<br \/>\n<a href=\"https:\/\/www.linkedin.com\/in\/julia-torres-882069363\">JULIA MARIANO TORRES DA SILVA<\/a><br \/>\n<a href=\"https:\/\/www.linkedin.com\/in\/murilo-nascimento-312906304\" target=\"_blank\" rel=\"noopener\">MURILO PATR\u00cdCIO NASCIMENTO<\/a><\/p>\n<h4><strong>2023<\/strong><\/h4>\n<p><span data-sheets-root=\"1\" data-sheets-value=\"{&quot;1&quot;:2,&quot;2&quot;:&quot;Henrique Ribas Zambenedetti&quot;}\" data-sheets-userformat=\"{&quot;2&quot;:33554432,&quot;28&quot;:1}\" data-sheets-formula=\"=Dados!R[0]C[2]\"><a href=\"https:\/\/www.linkedin.com\/in\/antonio-ferreira-8b416b208\">ANT\u00d4NIO CARLOS FARIAS FERREIRA<\/a><br \/>\n<a href=\"https:\/\/www.linkedin.com\/in\/henrique-ribas-zambenedetti-887787210\" target=\"_blank\" rel=\"noopener\">HENRIQUE RIBAS ZAMBENEDETTI<\/a><br \/>\n<a href=\"https:\/\/www.linkedin.com\/in\/isabela-helena-tulio-471374336\">ISABELA HELENA TULIO<\/a><br \/>\n<a href=\"https:\/\/www.linkedin.com\/in\/jean-carlos-nascimento-cunha-a50278195\" target=\"_blank\" rel=\"noopener\">JEAN CARLOS DO NASCIMENTO CUNHA<\/a><br \/>\nJO\u00c3O PEDRO DA ROCHA RAMALHO<br \/>\n<a href=\"https:\/\/www.linkedin.com\/in\/luizapsampaio\">LU\u00cdZA PEREIRA SAMPAIO<\/a><br \/>\n<a href=\"https:\/\/www.linkedin.com\/in\/rafael-fabeni-80b2b537a\">RAFAEL FABENI NUNES<\/a><br \/>\n<\/span><span data-sheets-root=\"1\" data-sheets-value=\"{&quot;1&quot;:2,&quot;2&quot;:&quot;Henrique Ribas Zambenedetti&quot;}\" data-sheets-userformat=\"{&quot;2&quot;:33554432,&quot;28&quot;:1}\" data-sheets-formula=\"=Dados!R[0]C[2]\"><a href=\"https:\/\/www.linkedin.com\/in\/murilo-montalvao\" target=\"_blank\" rel=\"noopener\">MURILO MONTALV\u00c3O PEREIRA<\/a><br \/>\n<a href=\"https:\/\/br.linkedin.com\/in\/robson-de-almeida-santana-j%C3%BAnior-2a7993209\" target=\"_blank\" rel=\"noopener\">ROBSON DE ALMEIDA SANTANA JUNIOR<\/a><br \/>\n<\/span><\/p>\n<h4><strong>2022<\/strong><\/h4>\n<p><a href=\"https:\/\/www.linkedin.com\/in\/etore-maloso-tronconi-455747213\/\">ETORE MALOSO TRONCONI<\/a><br \/>\n<a href=\"https:\/\/www.linkedin.com\/in\/felipeeufranio\">FELIPE STILLNER EUFRANIO<\/a><br \/>\n<a href=\"https:\/\/www.linkedin.com\/in\/lucas-walger-do-nascimento-762614243\">LUCAS WALGER DO NASCIMENTO<\/a><br \/>\n<a href=\"https:\/\/www.linkedin.com\/in\/nickybr\">NICKY ZAGUINE SOUZA<\/a><br \/>\n<a href=\"https:\/\/www.linkedin.com\/in\/victor-damasceno-oliveira\/\">VICTOR DAMASCENO OLIVEIRA<\/a><\/p>\n<h4><strong>2021<\/strong><\/h4>\n<p><a href=\"https:\/\/www.linkedin.com\/in\/felipelee30\/\">FELIPE AUGUSTO LEE<\/a><br \/>\n<span style=\"font-size: revert;background-color: var(--wp--preset--color--background);color: var(--wp--preset--color--primary);font-family: var(--wp--preset--font-family--system-font)\"><a href=\"https:\/\/www.linkedin.com\/in\/huansousa\" target=\"_blank\" rel=\"noopener\">HUAN THOMAS DA SILVA SOUSA<\/a><br \/>\n<\/span><a href=\"https:\/\/www.linkedin.com\/in\/diogo-gouveia-5a119a202\/\">DIOGO DA SILVA GOUVEIA<\/a><br \/>\nRENAN DE AVILA PASSOS<br \/>\n<a href=\"https:\/\/www.linkedin.com\/in\/julia-zimmermann-cordeiro-9615b7198\">JULIA ZIMMERMANN CORDEIRO<\/a><br \/>\n<a href=\"https:\/\/www.linkedin.com\/in\/saulo-jafet-gusmao-513013207\" target=\"_blank\" rel=\"noopener\">SAULO JAFET GUSMAO<\/a><\/p>\n<h4><strong>2020<\/strong><\/h4>\n<p>DANIEL EDUARDO VIEIRA<br \/>\n<span style=\"font-size: revert;background-color: var(--wp--preset--color--background);color: var(--wp--preset--color--primary);font-family: var(--wp--preset--font-family--system-font)\"><a href=\"https:\/\/www.linkedin.com\/in\/luancarlosklein\/\">LUAN CARLOS KLEIN<\/a><br \/>\n<\/span><span style=\"font-size: revert;background-color: var(--wp--preset--color--background);color: var(--wp--preset--color--primary);font-family: var(--wp--preset--font-family--system-font)\"><a href=\"https:\/\/www.linkedin.com\/in\/fridriscvski\" target=\"_blank\" rel=\"noopener\">MARCOS VINICIUS MAZEPA FRIDRISCVSKI<\/a><br \/>\n<\/span><span style=\"font-size: revert;background-color: var(--wp--preset--color--background);color: var(--wp--preset--color--primary);font-family: var(--wp--preset--font-family--system-font)\">JULIA ZIMMERMANN CORDEIRO<br \/>\n<\/span><span style=\"font-size: revert;background-color: var(--wp--preset--color--background);color: var(--wp--preset--color--primary);font-family: var(--wp--preset--font-family--system-font)\">IANCA POLIZELO<br \/>\n<\/span><span style=\"font-size: revert;background-color: var(--wp--preset--color--background);color: var(--wp--preset--color--primary);font-family: var(--wp--preset--font-family--system-font)\">PALOMA EDUARDA PORTELA<br \/>\n<\/span><span style=\"background-color: var(--wp--preset--color--background);color: var(--wp--preset--color--primary);font-family: var(--wp--preset--font-family--system-font);font-size: revert\">LUIZ OTAVIO RIBEIRO<br \/>\n<\/span>ANDREA ALEXANDRA SANEZ OQUENDO<span style=\"font-size: revert;background-color: var(--wp--preset--color--background);color: var(--wp--preset--color--primary);font-family: var(--wp--preset--font-family--system-font)\"><br \/>\n<\/span>RENAN CINTRA VILLACA<\/p>\n<h4><strong>2019<\/strong><\/h4>\n<p style=\"text-align: left\">GUILHERME GOMES BARBOZA<br \/>\nVICTOR HENRIQUE DE MOURA NETTO<br \/>\nVIVIANE LIMA BONFIM<br \/>\nWESLLEY VINICIUS PICONE<br \/>\nLEONARDO DE MOURA<br \/>\n<span style=\"font-size: revert;background-color: var(--wp--preset--color--background);color: var(--wp--preset--color--primary);font-family: var(--wp--preset--font-family--system-font)\">GUILHERME GOMES BARBOZA<br \/>\n<\/span><span style=\"font-size: revert;background-color: var(--wp--preset--color--background);color: var(--wp--preset--color--primary);font-family: var(--wp--preset--font-family--system-font)\">LUCAS FELIPE KAVADA TANAKA<br \/>\n<a href=\"https:\/\/www.linkedin.com\/in\/pedro-michel-nikolaides\">PEDRO MICHEL NIKOLAIDES<\/a><br \/>\n<\/span><\/p>\n<h4><strong>2018<\/strong><\/h4>\n<p style=\"text-align: left\"><a href=\"https:\/\/www.linkedin.com\/in\/carlos-modinez\/\">CARLOS ROBERTO MODINEZ JUNIOR<\/a><br \/>\nANA CAROLINA DOS SANTOS PINTO<br \/>\nNATAN DE ALMEIDA JUNGES<br \/>\nVICTOR ANTONIO MENUZZO<br \/>\nCAROLINE ROSA DA SILVA<\/p>\n<h4><strong>2017<\/strong><\/h4>\n<p style=\"text-align: left\"><a href=\"https:\/\/www.linkedin.com\/in\/brunaapinheiro\">BRUNA ARAUJO PINHEIRO<\/a><br \/>\nSAULO DE FREITAS MARTINS DA SILVA<br \/>\n<a href=\"https:\/\/www.linkedin.com\/in\/paula-sousa-6aa8241b3\/\">PAULA ADRIANA ALVES SOUSA<\/a><br \/>\n<a href=\"https:\/\/www.linkedin.com\/in\/maria-fernanda-azolin\/\">MARIA FERNANDA AZOLIN<\/a><br \/>\n<a href=\"https:\/\/www.linkedin.com\/in\/joao-pedro-zanlorensi-cardoso\">JOAO PEDRO ZANLORENSI CARDOSO<\/a><br \/>\n<a href=\"https:\/\/www.linkedin.com\/in\/paulagiovanna\">PAULA GIOVANNA RODRIGUES<\/a><br \/>\n<a href=\"https:\/\/www.linkedin.com\/in\/nicolas-abril-977095175\/\">NICOLAS ABRIL<\/a><br \/>\nLEONARDO PACHECO DE AGUIAR<br \/>\nLUIZ RAFAEL DO NASCIMENTO AGNER<br \/>\n<a href=\"https:\/\/www.linkedin.com\/in\/jimmytsoares\/\">JIMMY YUJI TANAMATI SOARES<\/a><br \/>\n<a href=\"https:\/\/www.linkedin.com\/in\/yago-araujo-garcia\/\">YAGO ARAUJO GARCIA<\/a><br \/>\nGABRIEL DE SENE VIEIRA<\/p>\n<h4><strong>2016<\/strong><\/h4>\n<p><a href=\"https:\/\/www.linkedin.com\/in\/mikataninaka\/\">ISABELLA MIKA TANINAKA<\/a><br \/>\nTHALITA MUNIQUE COSTA<br \/>\nNICOLE KOBAYASHI BOTINE<\/p>\n<h4><strong>2015<\/strong><\/h4>\n<p><a href=\"https:\/\/www.linkedin.com\/in\/gabriely-simette\" target=\"_blank\" rel=\"noopener\">GABRIELY SIMETTE<\/a><br \/>\n<a href=\"https:\/\/www.linkedin.com\/in\/derick-sa\" target=\"_blank\" rel=\"noopener\">DERICK ASSUNCAO DE SA<\/a><br \/>\n<a href=\"https:\/\/www.linkedin.com\/in\/maurovialich\/\">MAURO IKEDA VIALICH<\/a><br \/>\n<a href=\"https:\/\/www.linkedin.com\/in\/lucas-zimmermann-904b9bbb\/\">LUCAS ZIMMERMANN CORDEIRO<\/a><br \/>\n<a href=\"https:\/\/www.linkedin.com\/in\/tomas-abril\/\">TOMAS ABRIL<\/a><br \/>\nDANIEL REZENDE SOUZA<br \/>\n<a href=\"https:\/\/www.linkedin.com\/in\/willian-drayton-prestes-alves-653155112\" target=\"_blank\" rel=\"noopener\">WILLIAN DRAYTON PRESTES ALVES<\/a><br \/>\n<a href=\"https:\/\/www.linkedin.com\/in\/jessica-isoton-a079b9127\" target=\"_blank\" rel=\"noopener\">JESSICA ISOTON SAMPAIO<\/a><br \/>\nBRUNO DE MATTIAS SOUZA<\/p>\n<h4><strong>2014<\/strong><\/h4>\n<p><a href=\"https:\/\/www.linkedin.com\/in\/maria-augusta-a-sousa\/\">MARIA AUGUSTA ALVES SOUSA<\/a><br \/>\n<a href=\"https:\/\/www.linkedin.com\/in\/tauan-m-a17a9585\/\">TAUAN MARINHO<\/a><br \/>\nDOUGLAS KORGUT<br \/>\nHENRIQUE GONCALVES DE PADUA REIS<br \/>\n<a href=\"https:\/\/www.linkedin.com\/in\/allanps\/\">ALLAN PATRICK DE SOUZA<\/a><br \/>\nERICO SGANZERLA<br \/>\nANDERSON DE OLIVEIRA ANTUNES<br \/>\nJULIANE TURCOVIC GUEDES<br \/>\nDIEGO VIEIRA DE SOUZA FEDER<br \/>\nFERNANDO CROZATTI<\/p>\n<h4><strong>2013<\/strong><\/h4>\n<p><a href=\"https:\/\/www.linkedin.com\/in\/williambrepohl\/\">WILLIAM BREPOHL<\/a><br \/>\n<a href=\"https:\/\/www.linkedin.com\/in\/ricardo-heimoski-a83bb09b\/\">RICARDO HEIMOSKI<\/a><\/p>\n<h4><strong>2012<\/strong><\/h4>\n<p><a href=\"https:\/\/www.linkedin.com\/in\/eldrey-galindo\" target=\"_blank\" rel=\"noopener\">ELDREY SEOLIN GALINDO<\/a><br \/>\n<a href=\"https:\/\/www.linkedin.com\/in\/luisfg30\/\">LUIS FERNANDO GUERREIRO<\/a><br \/>\n<a href=\"https:\/\/www.linkedin.com\/in\/diegolee7\" target=\"_blank\" rel=\"noopener\">DIEGO GABRIEL LEE<\/a><br \/>\n<a href=\"https:\/\/www.linkedin.com\/in\/vlazarin\/\">VANESSA LAZARIN DE SOUZA<\/a><br \/>\n<a href=\"https:\/\/www.linkedin.com\/in\/ricardo-fantin-da-costa\/\">RICARDO FANTIN DA COSTA<\/a><br \/>\n<a href=\"https:\/\/www.linkedin.com\/in\/annie-caroline-ferraz-457023144\" target=\"_blank\" rel=\"noopener\">ANNIE CAROLINE FERRAZ<\/a><\/p>\n<h4><strong>2011<\/strong><\/h4>\n<p>LEONARDO MESQUITA DA SILVA<br \/>\nRAFAEL HENRIQUE ZALESKI<br \/>\nGABRIELA ROSALEE WEIGERT<\/p>\n<h4><strong>2010<\/strong><\/h4>\n<p>LUIZ GUSTAVO CARDOSO RIBEIRO<br \/>\n<a href=\"https:\/\/www.linkedin.com\/in\/matheussaraujo\/\">MATHEUS SILVA ARAUJO<\/a><br \/>\n<a href=\"https:\/\/www.linkedin.com\/in\/tatianeguimaraes\">TATIANE GOMES GUIMARAES<\/a><br \/>\nFABIANO GUILHERME PRADO ARAUJO<br \/>\n<a href=\"https:\/\/www.facebook.com\/people\/Lucas-Campiolo-Paiva\/pfbid027xtbup2tRT3HderyxBxYyUq9c2FM4LGzC2JT9XdK8RsEWDTYLU8eV3Rq2X6g6kGil\/\">LUCAS CAMPIOLO PAIVA<\/a><br \/>\n<a href=\"https:\/\/br.linkedin.com\/in\/fpf-padilha\">FERNANDO PADILHA FERREIRA<\/a><\/p>\n","protected":false},"excerpt":{"rendered":"<p>O grupo PET de Engenharia de Computa\u00e7\u00e3o da Universidade Tecnol\u00f3gica Federal do Paran\u00e1, C\u00e2mpus Curitiba, \u00e9 parte do Programa de Educa\u00e7\u00e3o Tutorial do MEC. Criado em dezembro de 2010, iniciou suas atividades no in\u00edcio de 2011 sob a tutoria do Prof. Cesar Augusto Tacla. O grupo desenvolve atividades de pesquisa, ensino e extens\u00e3o: &#8220;O Programa [&hellip;]<\/p>\n","protected":false},"author":1,"featured_media":0,"parent":0,"menu_order":2,"comment_status":"closed","ping_status":"closed","template":"","meta":{"footnotes":""},"class_list":["post-2","page","type-page","status-publish","hentry"],"_links":{"self":[{"href":"https:\/\/utfpr.curitiba.br\/peteco\/wp-json\/wp\/v2\/pages\/2","targetHints":{"allow":["GET"]}}],"collection":[{"href":"https:\/\/utfpr.curitiba.br\/peteco\/wp-json\/wp\/v2\/pages"}],"about":[{"href":"https:\/\/utfpr.curitiba.br\/peteco\/wp-json\/wp\/v2\/types\/page"}],"author":[{"embeddable":true,"href":"https:\/\/utfpr.curitiba.br\/peteco\/wp-json\/wp\/v2\/users\/1"}],"replies":[{"embeddable":true,"href":"https:\/\/utfpr.curitiba.br\/peteco\/wp-json\/wp\/v2\/comments?post=2"}],"version-history":[{"count":43,"href":"https:\/\/utfpr.curitiba.br\/peteco\/wp-json\/wp\/v2\/pages\/2\/revisions"}],"predecessor-version":[{"id":1969,"href":"https:\/\/utfpr.curitiba.br\/peteco\/wp-json\/wp\/v2\/pages\/2\/revisions\/1969"}],"wp:attachment":[{"href":"https:\/\/utfpr.curitiba.br\/peteco\/wp-json\/wp\/v2\/media?parent=2"}],"curies":[{"name":"wp","href":"https:\/\/api.w.org\/{rel}","templated":true}]}}