{"id":1788,"date":"2024-09-14T11:53:27","date_gmt":"2024-09-14T14:53:27","guid":{"rendered":"https:\/\/utfpr.curitiba.br\/peteco\/?page_id=1788"},"modified":"2024-09-14T12:03:03","modified_gmt":"2024-09-14T15:03:03","slug":"projeto-robofun","status":"publish","type":"page","link":"https:\/\/utfpr.curitiba.br\/peteco\/pesquisa\/projeto-robofun\/","title":{"rendered":"Projeto Rob\u00f4Fun"},"content":{"rendered":"\n<p>Este foi um dos primeiros projetos do grupo PET. Iniciado em 2011 com a ideia de produzir rob\u00f4s de baixo custo com um duplo objetivo:<\/p>\n\n\n\n<ol class=\"wp-block-list\">\n<li>proporcionar aos petianos e petianas forma\u00e7\u00e3o t\u00e9cnica na \u00e1rea de hardware, firmware e software; desenvolver habilidades de ensino, comunica\u00e7\u00e3o e planejamento de atividades t\u00e9cnicas e de extens\u00e3o;<\/li>\n\n\n\n<li>divulgar a \u00e1rea de engenharia de computa\u00e7\u00e3o em escolas e col\u00e9gios p\u00fablicos, proporcionando uma forma\u00e7\u00e3o introdut\u00f3ria ao pensamento computacional e \u00e0 programa\u00e7\u00e3o.<\/li>\n<\/ol>\n\n\n\n<p>Veja um v\u00eddeo do Rob\u00f4Fun <a href=\"https:\/\/photos.google.com\/search\/robo\/photo\/AF1QipOrMC9Luk15GXPZMKvdLLLfKtxf5tUEV7PNQbCG\">aqui<\/a>.<\/p>\n\n\n\n<p><strong>HARDWARE<\/strong><\/p>\n\n\n\n<p>A primeira vers\u00e3o do hardware e mec\u00e2nica foi feita por&nbsp;<a href=\"https:\/\/www.youtube.com\/watch?v=rkMTEEtG7Oc&amp;t=24s\">Fernando Padilha<\/a>&nbsp;&#8211; da\u00ed o nome Rob\u00f4F &#8211; F de Fernando, que mais tarde se tornou Fun. V\u00e1rias\/os estudantes contribu\u00edram e fizeram novas vers\u00f5es do rob\u00f4, sendo os l\u00edderes desta atividade ao longo dos anos Diego Lee, Jimmy Soares e Guilherme Barboza.<\/p>\n\n\n\n<p><strong>PROGRAMA\u00c7\u00c3O <\/strong>&#8211; <strong>IDEs<\/strong><\/p>\n\n\n\n<p><a href=\"http:\/\/petrobo.github.io\/\">Vers\u00e3o JiFi<\/a>&nbsp;(Anderson Antunes, 2015)<\/p>\n\n\n\n<p><a href=\"https:\/\/github.com\/peteco-utfpr\/Projeto-RoboFun\">Vers\u00e3o 2021<\/a>&nbsp;(Luan Klein)<\/p>\n\n\n\n<p><strong>PUBLICA\u00c7\u00d5ES<\/strong><\/p>\n\n\n\n<p>Em <strong>2015<\/strong>, estudantes de gradua\u00e7\u00e3o de Engenharia de Computa\u00e7\u00e3o partiram das ideias deste projeto para fazerem seu <strong>TCC <\/strong>e acabaram por publicar um artigo na&nbsp;<a href=\"https:\/\/link.springer.com\/conference\/lct\">International Conference on Learning and Collaboration Technologies<\/a>&nbsp;sob orienta\u00e7\u00e3o\/co-autoria do Prof. Leonelo e minha:<\/p>\n\n\n\n<p><a href=\"https:\/\/link.springer.com\/chapter\/10.1007\/978-3-319-20609-7_13\">Supporting the Development of Computational Thinking: A Robotic Platform Controlled by Smartphone<\/a><\/p>\n\n\n\n<p><strong>Em 2017<\/strong>, o grupo PET publico um p\u00f4ster no ENAPET (Encontro Nacional dos Grupos PET).<\/p>\n\n\n\n<div data-wp-interactive=\"core\/file\" class=\"wp-block-file\"><object data-wp-bind--hidden=\"!state.hasPdfPreview\" hidden class=\"wp-block-file__embed\" data=\"https:\/\/utfpr-ct-static-content.s3.amazonaws.com\/utfpr.curitiba.br\/wp-content\/uploads\/sites\/139\/2024\/09\/RoboF_Enapet2017_revisado.pdf\" type=\"application\/pdf\" style=\"width:100%;height:600px\" aria-label=\"Incorporado de RoboF_Enapet2017_revisado.\"><\/object><a id=\"wp-block-file--media-052ea653-75dc-4942-b361-7060f947a2ce\" href=\"https:\/\/utfpr-ct-static-content.s3.amazonaws.com\/utfpr.curitiba.br\/wp-content\/uploads\/sites\/139\/2024\/09\/RoboF_Enapet2017_revisado.pdf\">RoboF_Enapet2017_revisado<\/a><a href=\"https:\/\/utfpr-ct-static-content.s3.amazonaws.com\/utfpr.curitiba.br\/wp-content\/uploads\/sites\/139\/2024\/09\/RoboF_Enapet2017_revisado.pdf\" class=\"wp-block-file__button wp-element-button\" download aria-describedby=\"wp-block-file--media-052ea653-75dc-4942-b361-7060f947a2ce\">Baixar<\/a><\/div>\n\n\n\n<p>O projeto rendeu publica\u00e7\u00f5es interessantes acerca do ensino de programa\u00e7\u00e3o associado a um artefato concreto dentre as quais destacamos o artigo publicado em <strong>2021 na revista Coming<\/strong>:<\/p>\n\n\n\n<p><a href=\"https:\/\/periodicos.ufsm.br\/coming\/article\/view\/62034\">Rob\u00f4Fun: Li\u00e7\u00f5es aprendidas em um projeto de atra\u00e7\u00e3o de novos estudantes e de redu\u00e7\u00e3o da evas\u00e3o<\/a><\/p>\n\n\n\n<p>Uma vers\u00e3o estendida deste artigo foi publicada como&nbsp;<a href=\"https:\/\/www.amazon.co.uk\/Communications-Innovations-Gazette-Grupos-ComInG\/dp\/B09RPTWVQ3\">cap\u00edtulo de livro<\/a>.<\/p>\n\n\n\n<p>Relacionado a (e inspirado por) este projeto, Luan Klein, escreveu durante sua inicia\u00e7\u00e3o cient\u00edfica e publicou no <strong>ENIAC 2021<\/strong> o artigo que apresentou neste&nbsp;<a href=\"https:\/\/screencast-o-matic.com\/watch\/cr6vegVlTTe\">v\u00eddeo<\/a>.<\/p>\n","protected":false},"excerpt":{"rendered":"<p>Este foi um dos primeiros projetos do grupo PET. Iniciado em 2011 com a ideia de produzir rob\u00f4s de baixo custo com um duplo objetivo: Veja um v\u00eddeo do Rob\u00f4Fun aqui. HARDWARE A primeira vers\u00e3o do hardware e mec\u00e2nica foi feita por&nbsp;Fernando Padilha&nbsp;&#8211; da\u00ed o nome Rob\u00f4F &#8211; F de Fernando, que mais tarde se [&hellip;]<\/p>\n","protected":false},"author":29,"featured_media":0,"parent":1476,"menu_order":0,"comment_status":"closed","ping_status":"closed","template":"","meta":{"footnotes":""},"class_list":["post-1788","page","type-page","status-publish","hentry"],"_links":{"self":[{"href":"https:\/\/utfpr.curitiba.br\/peteco\/wp-json\/wp\/v2\/pages\/1788","targetHints":{"allow":["GET"]}}],"collection":[{"href":"https:\/\/utfpr.curitiba.br\/peteco\/wp-json\/wp\/v2\/pages"}],"about":[{"href":"https:\/\/utfpr.curitiba.br\/peteco\/wp-json\/wp\/v2\/types\/page"}],"author":[{"embeddable":true,"href":"https:\/\/utfpr.curitiba.br\/peteco\/wp-json\/wp\/v2\/users\/29"}],"replies":[{"embeddable":true,"href":"https:\/\/utfpr.curitiba.br\/peteco\/wp-json\/wp\/v2\/comments?post=1788"}],"version-history":[{"count":4,"href":"https:\/\/utfpr.curitiba.br\/peteco\/wp-json\/wp\/v2\/pages\/1788\/revisions"}],"predecessor-version":[{"id":1796,"href":"https:\/\/utfpr.curitiba.br\/peteco\/wp-json\/wp\/v2\/pages\/1788\/revisions\/1796"}],"up":[{"embeddable":true,"href":"https:\/\/utfpr.curitiba.br\/peteco\/wp-json\/wp\/v2\/pages\/1476"}],"wp:attachment":[{"href":"https:\/\/utfpr.curitiba.br\/peteco\/wp-json\/wp\/v2\/media?parent=1788"}],"curies":[{"name":"wp","href":"https:\/\/api.w.org\/{rel}","templated":true}]}}