{"id":1607,"date":"2024-05-27T09:23:53","date_gmt":"2024-05-27T12:23:53","guid":{"rendered":"https:\/\/utfpr.curitiba.br\/peteco\/?page_id=1607"},"modified":"2024-09-07T15:46:19","modified_gmt":"2024-09-07T18:46:19","slug":"pensamento-computacional","status":"publish","type":"page","link":"https:\/\/utfpr.curitiba.br\/peteco\/pesquisa\/pensamento-computacional\/","title":{"rendered":"Pensamento Computacional"},"content":{"rendered":"\n<p>O objetivo \u00e9 realizar estudos em pensamento computacional que resultem no desenvolvimento de uma plataforma computacional para que a comunidade externa \u00e0 UTFPR possa exercitar formas de pensar  relacionadas \u00e0s habilidades requeridas em computa\u00e7\u00e3: racioc\u00ednio l\u00f3gico, procedimental, recursivo e combinat\u00f3rio. A plataforma \u00e9 orientada \u00e0 resolu\u00e7\u00e3o de problemas l\u00f3gico-matem\u00e1ticos que mostram de forma intuitiva que computar \u00e9 calcular. <\/p>\n\n\n\n<p>Al\u00e9m do aumento da atratividade dos cursos ligados \u00e0s ci\u00eancias exatas e engenharias, busca-se levar o conhecimento produzido nos cursos do Departamento Acad\u00eamico de Inform\u00e1tica ao p\u00fablico externo. <br><\/p>\n\n\n\n<h2 class=\"wp-block-heading\">Jogos<\/h2>\n\n\n\n<div class=\"wp-block-columns is-layout-flex wp-container-core-columns-is-layout-9d6595d7 wp-block-columns-is-layout-flex\">\n<div class=\"wp-block-column is-layout-flow wp-block-column-is-layout-flow\" style=\"flex-basis:33.33%\">\n<figure class=\"wp-block-image size-full is-resized is-style-default\"><a href=\"https:\/\/utfpr-ct-static-content.s3.amazonaws.com\/utfpr.curitiba.br\/wp-content\/uploads\/sites\/139\/2024\/05\/missionarios.gif\"><img fetchpriority=\"high\" decoding=\"async\" width=\"617\" height=\"415\" src=\"https:\/\/utfpr-ct-static-content.s3.amazonaws.com\/utfpr.curitiba.br\/wp-content\/uploads\/sites\/139\/2024\/05\/missionarios.gif\" alt=\"\" class=\"wp-image-1608\" style=\"width:250px\" \/><\/a><\/figure>\n<\/div>\n\n\n\n<div class=\"wp-block-column is-layout-flow wp-block-column-is-layout-flow\" style=\"flex-basis:66.66%\">\n<p><a href=\"https:\/\/rjrobsonjunior.github.io\/MissionariesAndCannibals\/html\/GameMenu.html\" target=\"_blank\" rel=\"noreferrer noopener\"><strong>Mission\u00e1rios<\/strong><\/a><a href=\"https:\/\/rjrobsonjunior.github.io\/MissionariesAndCannibals\/html\/GameMenu.html\"><strong> e <\/strong><\/a><a href=\"https:\/\/rjrobsonjunior.github.io\/MissionariesAndCannibals\/html\/GameMenu.html\" target=\"_blank\" rel=\"noreferrer noopener\"><strong>Canibai<\/strong>s<\/a>: \u00e9 um jogo que exercita a capacidade de raciocinar sobre a\u00e7\u00f5es. Tr\u00eas canibais e tr\u00eas mission\u00e1rios est\u00e3o na mesma margem de um rio e devem atravess\u00e1-lo utilizando uma canoa. A canoa s\u00f3 pode levar 2 pessoas por vez e n\u00e3o pode atravessar sem ningu\u00e9m dentro. Nunca pode haver um n\u00famero de canibais maior do que o de mission\u00e1rios em qualquer uma das margens. Se voc\u00ea tiver uma solu\u00e7\u00e3o escrita em papel e quiser verificar se est\u00e1 certa, verifique <a href=\"https:\/\/colab.research.google.com\/drive\/14iHM7g9NGbZY3lT258XAzgQL8bfxFz_K?usp=sharing\" target=\"_blank\" rel=\"noreferrer noopener\">aqui<\/a>.<\/p>\n<\/div>\n<\/div>\n\n\n\n<div class=\"wp-block-columns is-layout-flex wp-container-core-columns-is-layout-9d6595d7 wp-block-columns-is-layout-flex\">\n<div class=\"wp-block-column is-layout-flow wp-block-column-is-layout-flow\" style=\"flex-basis:33.33%\">\n<figure class=\"wp-block-image size-full is-resized is-style-default\"><a href=\"https:\/\/utfpr-ct-static-content.s3.amazonaws.com\/utfpr.curitiba.br\/wp-content\/uploads\/sites\/139\/2024\/05\/torres-de-energia.gif\"><img decoding=\"async\" width=\"470\" height=\"352\" src=\"https:\/\/utfpr-ct-static-content.s3.amazonaws.com\/utfpr.curitiba.br\/wp-content\/uploads\/sites\/139\/2024\/05\/torres-de-energia.gif\" alt=\"\" class=\"wp-image-1614\" style=\"width:250px\" \/><\/a><\/figure>\n<\/div>\n\n\n\n<div class=\"wp-block-column is-layout-flow wp-block-column-is-layout-flow\" style=\"flex-basis:66.66%\">\n<p><a href=\"https:\/\/4ntfer.github.io\/LogicCircuitGame\/src\/logicCircuitGame.html\" data-type=\"link\" data-id=\"https:\/\/4ntfer.github.io\/LogicCircuitGame\/src\/logicCircuitGame.html\" target=\"_blank\" rel=\"noreferrer noopener\">Torres de Energia<\/a>: auxilia a compreens\u00e3o de conectivos l\u00f3gicos b\u00e1sicos (E, OU, NEGA\u00c7\u00c3O) em um jogo que simula a distribui\u00e7\u00e3o de energia entre torres de alta-tens\u00e3o. O objetivo \u00e9 fazer com que a energia saia das torres energizadas (amarelas) e atinja o pr\u00e9dio que est\u00e1 no topo da figura mudando as portas l\u00f3gicas dos conectores. Consulte o manual <a href=\"https:\/\/github.com\/4ntFer\/LogicCircuitGame\/blob\/main\/README.md\">aqui<\/a>.<\/p>\n<\/div>\n<\/div>\n\n\n\n<div class=\"wp-block-columns is-layout-flex wp-container-core-columns-is-layout-9d6595d7 wp-block-columns-is-layout-flex\">\n<div class=\"wp-block-column is-layout-flow wp-block-column-is-layout-flow\" style=\"flex-basis:33.33%\">\n<figure class=\"wp-block-image size-full is-resized\"><a href=\"https:\/\/utfpr-ct-static-content.s3.amazonaws.com\/utfpr.curitiba.br\/wp-content\/uploads\/sites\/139\/2024\/05\/pontes.gif\"><img decoding=\"async\" width=\"332\" height=\"311\" src=\"https:\/\/utfpr-ct-static-content.s3.amazonaws.com\/utfpr.curitiba.br\/wp-content\/uploads\/sites\/139\/2024\/05\/pontes.gif\" alt=\"\" class=\"wp-image-1617\" style=\"width:250px;height:auto\" \/><\/a><\/figure>\n<\/div>\n\n\n\n<div class=\"wp-block-column is-layout-flow wp-block-column-is-layout-flow\" style=\"flex-basis:66.66%\">\n<p><a href=\"https:\/\/github.com\/peteco-utfpr\/PensamentoComputacional-PontesDeKonigsberg\" data-type=\"link\" data-id=\"https:\/\/github.com\/peteco-utfpr\/PensamentoComputacional-PontesDeKonigsberg\">Pontes de <\/a><a href=\"https:\/\/github.com\/peteco-utfpr\/PensamentoComputacional-PontesDeKonigsberg\" data-type=\"link\" data-id=\"https:\/\/github.com\/peteco-utfpr\/PensamentoComputacional-PontesDeKonigsberg\" target=\"_blank\" rel=\"noreferrer noopener\">K\u00f6nigsberg<\/a>: o problema elaborado por Euler foi inspirado pela cidade de K\u00f6nigsberg onde h\u00e1 duas grandes ilhas conectadas por 7 pontes. Consiste em encontrar um caminho que passe por todas as pontes sem repetir. Exercita o pensamento sobre a\u00e7\u00e3o e, ao mesmo tempo, de representa\u00e7\u00e3o por meio de grafos.<\/p>\n<\/div>\n<\/div>\n","protected":false},"excerpt":{"rendered":"<p>O objetivo \u00e9 realizar estudos em pensamento computacional que resultem no desenvolvimento de uma plataforma computacional para que a comunidade externa \u00e0 UTFPR possa exercitar formas de pensar relacionadas \u00e0s habilidades requeridas em computa\u00e7\u00e3: racioc\u00ednio l\u00f3gico, procedimental, recursivo e combinat\u00f3rio. A plataforma \u00e9 orientada \u00e0 resolu\u00e7\u00e3o de problemas l\u00f3gico-matem\u00e1ticos que mostram de forma intuitiva que [&hellip;]<\/p>\n","protected":false},"author":29,"featured_media":0,"parent":1476,"menu_order":0,"comment_status":"closed","ping_status":"closed","template":"","meta":{"footnotes":""},"class_list":["post-1607","page","type-page","status-publish","hentry"],"_links":{"self":[{"href":"https:\/\/utfpr.curitiba.br\/peteco\/wp-json\/wp\/v2\/pages\/1607","targetHints":{"allow":["GET"]}}],"collection":[{"href":"https:\/\/utfpr.curitiba.br\/peteco\/wp-json\/wp\/v2\/pages"}],"about":[{"href":"https:\/\/utfpr.curitiba.br\/peteco\/wp-json\/wp\/v2\/types\/page"}],"author":[{"embeddable":true,"href":"https:\/\/utfpr.curitiba.br\/peteco\/wp-json\/wp\/v2\/users\/29"}],"replies":[{"embeddable":true,"href":"https:\/\/utfpr.curitiba.br\/peteco\/wp-json\/wp\/v2\/comments?post=1607"}],"version-history":[{"count":7,"href":"https:\/\/utfpr.curitiba.br\/peteco\/wp-json\/wp\/v2\/pages\/1607\/revisions"}],"predecessor-version":[{"id":1766,"href":"https:\/\/utfpr.curitiba.br\/peteco\/wp-json\/wp\/v2\/pages\/1607\/revisions\/1766"}],"up":[{"embeddable":true,"href":"https:\/\/utfpr.curitiba.br\/peteco\/wp-json\/wp\/v2\/pages\/1476"}],"wp:attachment":[{"href":"https:\/\/utfpr.curitiba.br\/peteco\/wp-json\/wp\/v2\/media?parent=1607"}],"curies":[{"name":"wp","href":"https:\/\/api.w.org\/{rel}","templated":true}]}}