{"id":1478,"date":"2023-12-21T22:16:52","date_gmt":"2023-12-22T01:16:52","guid":{"rendered":"https:\/\/utfpr.curitiba.br\/peteco\/?page_id=1478"},"modified":"2024-05-27T08:40:52","modified_gmt":"2024-05-27T11:40:52","slug":"espetecofotometro","status":"publish","type":"page","link":"https:\/\/utfpr.curitiba.br\/peteco\/pesquisa\/espetecofotometro\/","title":{"rendered":"EsPETECOfot\u00f4metro"},"content":{"rendered":"\n<p><strong>In\u00edcio<\/strong>: mar\u00e7o de 2022<br><strong>Fim<\/strong>: dezembro de 2024<\/p>\n\n\n\n<p><em>Diversas pesquisas mostram que por\u00e7\u00e3o significativa das fontes de \u00e1gua utilizadas pela popula\u00e7\u00e3o, especialmente pelas pessoas em condi\u00e7\u00e3o de vulnerabilidade, est\u00e3o contaminadas com algum agente qu\u00edmico ou biol\u00f3gico. Ter consci\u00eancia sobre o fato e ter instrumentos para motivar a\u00e7\u00f5es corretivas dos agentes p\u00fablicos e comunit\u00e1rios, \u00e9 a principal motiva\u00e7\u00e3o da atividade.<\/em><\/p>\n\n\n\n<p><strong>Objetivos<br><\/strong><mark class=\"has-inline-color has-black-color\">Projetar e construir um espectrofot\u00f4metro de baixo custo capaz de detectar contaminantes em uma<br>amostra de \u00e1gua mediante a an\u00e1lise feita por um software tamb\u00e9m desenvolvido no projeto. O prot\u00f3tipo dever\u00e1 ser constru\u00eddo com materiais acess\u00edveis, isto \u00e9, microcontroladores populares (Arduino), circuitos integrados comerciais etc. Com isso espera-se que seja poss\u00edvel, em alguma medida, informar a popula\u00e7\u00e3o sobre a qualidade da \u00e1gua que consome.<\/mark><\/p>\n\n\n\n<h3 class=\"wp-block-heading\">Produ\u00e7\u00f5es <\/h3>\n\n\n\n<p><strong>XXVIII ENAPET (nov\/2023): <\/strong><br><a href=\"https:\/\/utfpr-ct-static-content.s3.amazonaws.com\/utfpr.curitiba.br\/wp-content\/uploads\/sites\/139\/2023\/12\/Artigo-ENAPET-Espectrofotometro.pdf\">Artigo escrito e apresentado por Victor Garrett<\/a><br><a href=\"https:\/\/youtu.be\/wjIwMjRcIOw?si=3PajGgUj_-y-ZuMx\">V\u00eddeo de apresenta\u00e7\u00e3o<\/a><\/p>\n\n\n\n<div data-wp-interactive=\"core\/file\" class=\"wp-block-file\"><object data-wp-bind--hidden=\"!state.hasPdfPreview\" hidden class=\"wp-block-file__embed\" data=\"https:\/\/utfpr-ct-static-content.s3.amazonaws.com\/utfpr.curitiba.br\/wp-content\/uploads\/sites\/139\/2023\/12\/Artigo-ENAPET-Espectrofotometro.pdf\" type=\"application\/pdf\" style=\"width:100%;height:600px\" aria-label=\"Incorporado de Artigo.\"><\/object><a id=\"wp-block-file--media-d4e8109c-2d3c-421e-9dc9-b47e8752ba90\" href=\"https:\/\/utfpr-ct-static-content.s3.amazonaws.com\/utfpr.curitiba.br\/wp-content\/uploads\/sites\/139\/2023\/12\/Artigo-ENAPET-Espectrofotometro.pdf\">Artigo<\/a><a href=\"https:\/\/utfpr-ct-static-content.s3.amazonaws.com\/utfpr.curitiba.br\/wp-content\/uploads\/sites\/139\/2023\/12\/Artigo-ENAPET-Espectrofotometro.pdf\" class=\"wp-block-file__button wp-element-button\" download aria-describedby=\"wp-block-file--media-d4e8109c-2d3c-421e-9dc9-b47e8752ba90\">baixar<\/a><\/div>\n","protected":false},"excerpt":{"rendered":"<p>In\u00edcio: mar\u00e7o de 2022Fim: dezembro de 2024 Diversas pesquisas mostram que por\u00e7\u00e3o significativa das fontes de \u00e1gua utilizadas pela popula\u00e7\u00e3o, especialmente pelas pessoas em condi\u00e7\u00e3o de vulnerabilidade, est\u00e3o contaminadas com algum agente qu\u00edmico ou biol\u00f3gico. Ter consci\u00eancia sobre o fato e ter instrumentos para motivar a\u00e7\u00f5es corretivas dos agentes p\u00fablicos e comunit\u00e1rios, \u00e9 a principal [&hellip;]<\/p>\n","protected":false},"author":178,"featured_media":0,"parent":1476,"menu_order":1,"comment_status":"closed","ping_status":"closed","template":"","meta":{"footnotes":""},"class_list":["post-1478","page","type-page","status-publish","hentry"],"_links":{"self":[{"href":"https:\/\/utfpr.curitiba.br\/peteco\/wp-json\/wp\/v2\/pages\/1478","targetHints":{"allow":["GET"]}}],"collection":[{"href":"https:\/\/utfpr.curitiba.br\/peteco\/wp-json\/wp\/v2\/pages"}],"about":[{"href":"https:\/\/utfpr.curitiba.br\/peteco\/wp-json\/wp\/v2\/types\/page"}],"author":[{"embeddable":true,"href":"https:\/\/utfpr.curitiba.br\/peteco\/wp-json\/wp\/v2\/users\/178"}],"replies":[{"embeddable":true,"href":"https:\/\/utfpr.curitiba.br\/peteco\/wp-json\/wp\/v2\/comments?post=1478"}],"version-history":[{"count":8,"href":"https:\/\/utfpr.curitiba.br\/peteco\/wp-json\/wp\/v2\/pages\/1478\/revisions"}],"predecessor-version":[{"id":1601,"href":"https:\/\/utfpr.curitiba.br\/peteco\/wp-json\/wp\/v2\/pages\/1478\/revisions\/1601"}],"up":[{"embeddable":true,"href":"https:\/\/utfpr.curitiba.br\/peteco\/wp-json\/wp\/v2\/pages\/1476"}],"wp:attachment":[{"href":"https:\/\/utfpr.curitiba.br\/peteco\/wp-json\/wp\/v2\/media?parent=1478"}],"curies":[{"name":"wp","href":"https:\/\/api.w.org\/{rel}","templated":true}]}}