{"id":1289,"date":"2024-12-09T10:48:31","date_gmt":"2024-12-09T13:48:31","guid":{"rendered":"https:\/\/peteco.dainf.ct.utfpr.edu.br\/?page_id=1289"},"modified":"2026-01-19T10:08:12","modified_gmt":"2026-01-19T13:08:12","slug":"producoes","status":"publish","type":"page","link":"https:\/\/utfpr.curitiba.br\/peteco\/producoes\/","title":{"rendered":"Produ\u00e7\u00f5es"},"content":{"rendered":"\n<p>Aqui est\u00e3o as produ\u00e7\u00f5es do grupo: software, artigos e links para podcasts, v\u00eddeos e outras formas de divulga\u00e7\u00e3o.<\/p>\n\n\n\n<h2 class=\"wp-block-heading\"><strong>2024<\/strong><\/h2>\n\n\n\n<p><strong>NASCIMENTO, Lucas Walger do.<\/strong> Pirataria no Brasil. Blog do Grupo PET de Engenharia de Computa\u00e7\u00e3o, 2024. Dispon\u00edvel em: &lt;<a href=\"https:\/\/utfpr-ct-static-content.s3.amazonaws.com\/utfpr.curitiba.br\/wp-content\/uploads\/sites\/139\/2024\/12\/Pirataria-no-Brasil-introducao.pdf\" target=\"_blank\" rel=\"noreferrer noopener\">https:\/\/utfpr.curitiba.br\/peteco\/<\/a>&gt;. Acesso em: 9 dez. 2024.<\/p>\n\n\n\n<p><strong>FERREIRA, Antonio Carlos Farias; RATUSZNEI, Lucas Milani; TAVEIRA, Victor.<\/strong> Intelig\u00eancias artificiais discriminadoras: De que forma \u00e9 poss\u00edvel que essa manifeste vi\u00e9s? In: <strong>XXVI SULPET &#8211; ENCONTRO DOS GRUPOS PET DO SUL<\/strong>, 26., 2024, Florian\u00f3polis. Anais [&#8230;]. Florian\u00f3polis: [s.n.], 2024. Dispon\u00edvel em &lt;<a href=\"https:\/\/nuvem.utfpr.edu.br\/index.php\/s\/KJWdKJMPAWyL5TP?path=%2FDivulgation#pdfviewer\" data-type=\"link\" data-id=\"https:\/\/nuvem.utfpr.edu.br\/index.php\/s\/KJWdKJMPAWyL5TP?path=%2FDivulgation#pdfviewer\" target=\"_blank\" rel=\"noreferrer noopener\">www.curitiba.br\/peteco<\/a>&gt;<\/p>\n\n\n\n<p><strong>PETECO<\/strong>. Atividades do Grupo PET Engenharia de Computa\u00e7\u00e3o 2024. Banner apresentado no INTERPET 2024, Pato Branco, Dispon\u00edvel em &lt;<a href=\"https:\/\/utfpr-ct-static-content.s3.amazonaws.com\/utfpr.curitiba.br\/wp-content\/uploads\/sites\/139\/2024\/09\/banner_interpet_2024.pdf\" data-type=\"link\" data-id=\"https:\/\/utfpr-ct-static-content.s3.amazonaws.com\/utfpr.curitiba.br\/wp-content\/uploads\/sites\/139\/2024\/09\/banner_interpet_2024.pdf\" target=\"_blank\" rel=\"noreferrer noopener\">www.curitiba.br\/peteco\/producoes<\/a>&gt;<\/p>\n\n\n\n<h2 class=\"wp-block-heading\"><strong>2025<\/strong><\/h2>\n\n\n\n<p><strong>FERREIRA, Antonio; PINTO, Deborah; FLEGLER, Livia; FALLGATTER, Pedro; KAWAZOE, Sofia; TACLA, Cesar A<\/strong>. <a href=\"https:\/\/utfpr-ct-static-content.s3.amazonaws.com\/utfpr.curitiba.br\/wp-content\/uploads\/sites\/139\/2026\/01\/poster_interpet_2025.pdf\">A universidade como espa\u00e7o excludente e o PET como ferramenta de inclus\u00e3o<\/a> (INTERPET, 2025, Ponta Grossa)<\/p>\n\n\n\n<p><strong>NUNES, A.D.B.; MARTINS, A., NUNES, R. F.; KAWAZOE, S. H. L.; MELAYE, L.; TACLA, C.A<\/strong>. <a href=\"https:\/\/utfpr-ct-static-content.s3.amazonaws.com\/utfpr.curitiba.br\/wp-content\/uploads\/sites\/139\/2026\/01\/Artigo-peteco-XXXENAPET-v20251108.pdf\">Grafos de Conhecimento: IA na coleta automatizada de informa\u00e7\u00f5es de grupos PET<\/a>, XXX ENAPET, Bras\u00edlia-DF, 2025.<\/p>\n\n\n\n<p><strong>FERREIRA, Ant\u00f4nio Carlos Farias; RAMALHO, Jo\u00e3o Pedro da Rocha.<\/strong> Modelos de Linguagem e Limites Sem\u00e2nticos. YouTube, 19\/12\/2025, Dispon\u00edvel em <a href=\"https:\/\/www.youtube.com\/watch?v=i04Hj2WUrR4\">https:\/\/www.youtube.com\/watch?v=i04Hj2WUrR4<\/a><\/p>\n\n\n\n<p><\/p>\n","protected":false},"excerpt":{"rendered":"<p>Aqui est\u00e3o as produ\u00e7\u00f5es do grupo: software, artigos e links para podcasts, v\u00eddeos e outras formas de divulga\u00e7\u00e3o. 2024 NASCIMENTO, Lucas Walger do. Pirataria no Brasil. Blog do Grupo PET de Engenharia de Computa\u00e7\u00e3o, 2024. Dispon\u00edvel em: &lt;https:\/\/utfpr.curitiba.br\/peteco\/&gt;. Acesso em: 9 dez. 2024. FERREIRA, Antonio Carlos Farias; RATUSZNEI, Lucas Milani; TAVEIRA, Victor. Intelig\u00eancias artificiais discriminadoras: [&hellip;]<\/p>\n","protected":false},"author":1,"featured_media":0,"parent":0,"menu_order":0,"comment_status":"closed","ping_status":"closed","template":"","meta":{"footnotes":""},"class_list":["post-1289","page","type-page","status-publish","hentry"],"_links":{"self":[{"href":"https:\/\/utfpr.curitiba.br\/peteco\/wp-json\/wp\/v2\/pages\/1289","targetHints":{"allow":["GET"]}}],"collection":[{"href":"https:\/\/utfpr.curitiba.br\/peteco\/wp-json\/wp\/v2\/pages"}],"about":[{"href":"https:\/\/utfpr.curitiba.br\/peteco\/wp-json\/wp\/v2\/types\/page"}],"author":[{"embeddable":true,"href":"https:\/\/utfpr.curitiba.br\/peteco\/wp-json\/wp\/v2\/users\/1"}],"replies":[{"embeddable":true,"href":"https:\/\/utfpr.curitiba.br\/peteco\/wp-json\/wp\/v2\/comments?post=1289"}],"version-history":[{"count":10,"href":"https:\/\/utfpr.curitiba.br\/peteco\/wp-json\/wp\/v2\/pages\/1289\/revisions"}],"predecessor-version":[{"id":2008,"href":"https:\/\/utfpr.curitiba.br\/peteco\/wp-json\/wp\/v2\/pages\/1289\/revisions\/2008"}],"wp:attachment":[{"href":"https:\/\/utfpr.curitiba.br\/peteco\/wp-json\/wp\/v2\/media?parent=1289"}],"curies":[{"name":"wp","href":"https:\/\/api.w.org\/{rel}","templated":true}]}}