{"id":96,"date":"2023-02-25T11:08:55","date_gmt":"2023-02-25T14:08:55","guid":{"rendered":"https:\/\/utfpr.curitiba.br\/petcoce\/?page_id=96"},"modified":"2024-08-28T15:34:17","modified_gmt":"2024-08-28T18:34:17","slug":"lar-dos-meninos-de-sao-luiz-2","status":"publish","type":"page","link":"https:\/\/utfpr.curitiba.br\/petcoce\/lar-dos-meninos-de-sao-luiz-2\/","title":{"rendered":"Oficinas participativa no Lar dos Meninos de S\u00e3o Luiz"},"content":{"rendered":"\t\t<div data-elementor-type=\"wp-page\" data-elementor-id=\"96\" class=\"elementor elementor-96\">\n\t\t\t\t\t\t<section class=\"elementor-section elementor-top-section elementor-element elementor-element-d304ee6 elementor-section-boxed elementor-section-height-default elementor-section-height-default\" data-id=\"d304ee6\" data-element_type=\"section\" data-e-type=\"section\">\n\t\t\t\t\t\t<div class=\"elementor-container elementor-column-gap-default\">\n\t\t\t\t\t<div class=\"elementor-column elementor-col-100 elementor-top-column elementor-element elementor-element-77ced7e\" data-id=\"77ced7e\" data-element_type=\"column\" data-e-type=\"column\">\n\t\t\t<div class=\"elementor-widget-wrap elementor-element-populated\">\n\t\t\t\t\t\t<div class=\"elementor-element elementor-element-1191096 elementor-widget elementor-widget-text-editor\" data-id=\"1191096\" data-element_type=\"widget\" data-e-type=\"widget\" data-widget_type=\"text-editor.default\">\n\t\t\t\t<div class=\"elementor-widget-container\">\n\t\t\t\t\t\t\t\t\t<p><span style=\"font-weight: 400\">O Lar dos Meninos de S\u00e3o Luiz \u00e9 uma institui\u00e7\u00e3o que promove atividades educativas complementares em contraturno escolar para crian\u00e7as em situa\u00e7\u00e3o de vulnerabilidade socioecon\u00f4mica. Desde 2019, o Lar, o grupo PET-CoCE e o Programa de P\u00f3s-Gradua\u00e7\u00e3o em Tecnologia e Sociedade (PPGTE) v\u00eam estabelecendo uma parceria para pensar conjuntamente em atividades de computa\u00e7\u00e3o dedicadas\u00a0 \u00e0s crian\u00e7as e docentes da institui\u00e7\u00e3o.<\/span><\/p><p>Uma das atividades realizadas no lar s\u00e3o as oficinas de Scratch, que s\u00e3o pensadas e desenvolvidas de forma participativa, com a finalidade de promover um ensino cr\u00edtico de programa\u00e7\u00e3o para as crian\u00e7as, atrav\u00e9s da plataforma Scratch. Al\u00e9m disso, s\u00e3o propostas oficinas de eletr\u00f4nica b\u00e1sica e rob\u00f3tica, que instigam a criatividade e ajudam a apresentar os conceitos iniciais de el\u00e9trica e eletr\u00f4nica para as crian\u00e7as do Lar.<\/p><p>Neste segundo semestre de 2024, o PET-CoCE estar\u00e1 novamente no Lar para a realiza\u00e7\u00e3o de mais uma s\u00e9rie de oficinas desta parceira que vem dado muito certo!<\/p><div>\u00a0<\/div>\t\t\t\t\t\t\t\t<\/div>\n\t\t\t\t<\/div>\n\t\t\t\t\t<\/div>\n\t\t<\/div>\n\t\t\t\t\t<\/div>\n\t\t<\/section>\n\t\t\t\t<section class=\"elementor-section elementor-top-section elementor-element elementor-element-5560027 elementor-section-boxed elementor-section-height-default elementor-section-height-default\" data-id=\"5560027\" data-element_type=\"section\" data-e-type=\"section\">\n\t\t\t\t\t\t<div class=\"elementor-container elementor-column-gap-default\">\n\t\t\t\t\t<div class=\"elementor-column elementor-col-100 elementor-top-column elementor-element elementor-element-6d8f39d\" data-id=\"6d8f39d\" data-element_type=\"column\" data-e-type=\"column\">\n\t\t\t<div class=\"elementor-widget-wrap elementor-element-populated\">\n\t\t\t\t\t\t<div class=\"elementor-element elementor-element-edae2fa elementor-arrows-position-inside elementor-pagination-position-outside elementor-widget elementor-widget-image-carousel\" data-id=\"edae2fa\" data-element_type=\"widget\" data-e-type=\"widget\" data-settings=\"{&quot;navigation&quot;:&quot;both&quot;,&quot;autoplay&quot;:&quot;yes&quot;,&quot;pause_on_hover&quot;:&quot;yes&quot;,&quot;pause_on_interaction&quot;:&quot;yes&quot;,&quot;autoplay_speed&quot;:5000,&quot;infinite&quot;:&quot;yes&quot;,&quot;speed&quot;:500}\" data-widget_type=\"image-carousel.default\">\n\t\t\t\t<div class=\"elementor-widget-container\">\n\t\t\t\t\t\t\t<div class=\"elementor-image-carousel-wrapper swiper\" role=\"region\" aria-roledescription=\"carousel\" aria-label=\"Carrossel de imagem\" dir=\"ltr\">\n\t\t\t<div class=\"elementor-image-carousel swiper-wrapper\" aria-live=\"off\">\n\t\t\t\t\t\t\t\t<div class=\"swiper-slide\" role=\"group\" aria-roledescription=\"slide\" aria-label=\"1 of 5\"><figure class=\"swiper-slide-inner\"><img decoding=\"async\" class=\"swiper-slide-image\" src=\"https:\/\/utfpr-ct-static-content.s3.amazonaws.com\/utfpr.curitiba.br\/wp-content\/uploads\/sites\/140\/2023\/02\/IMG-20220512-WA0010-768x576.jpg\" alt=\"IMG-20220512-WA0010\" \/><\/figure><\/div><div class=\"swiper-slide\" role=\"group\" aria-roledescription=\"slide\" aria-label=\"2 of 5\"><figure class=\"swiper-slide-inner\"><img decoding=\"async\" class=\"swiper-slide-image\" src=\"https:\/\/utfpr-ct-static-content.s3.amazonaws.com\/utfpr.curitiba.br\/wp-content\/uploads\/sites\/140\/2023\/02\/IMG-20220512-WA0013-768x576.jpg\" alt=\"IMG-20220512-WA0013\" \/><\/figure><\/div><div class=\"swiper-slide\" role=\"group\" aria-roledescription=\"slide\" aria-label=\"3 of 5\"><figure class=\"swiper-slide-inner\"><img decoding=\"async\" class=\"swiper-slide-image\" src=\"https:\/\/utfpr-ct-static-content.s3.amazonaws.com\/utfpr.curitiba.br\/wp-content\/uploads\/sites\/140\/2023\/02\/DSC4947-768x576.png\" alt=\"_DSC4947\" \/><\/figure><\/div><div class=\"swiper-slide\" role=\"group\" aria-roledescription=\"slide\" aria-label=\"4 of 5\"><figure class=\"swiper-slide-inner\"><img decoding=\"async\" class=\"swiper-slide-image\" src=\"https:\/\/utfpr-ct-static-content.s3.amazonaws.com\/utfpr.curitiba.br\/wp-content\/uploads\/sites\/140\/2023\/02\/DSC4968-768x576.png\" alt=\"_DSC4968\" \/><\/figure><\/div><div class=\"swiper-slide\" role=\"group\" aria-roledescription=\"slide\" aria-label=\"5 of 5\"><figure class=\"swiper-slide-inner\"><img decoding=\"async\" class=\"swiper-slide-image\" src=\"https:\/\/utfpr-ct-static-content.s3.amazonaws.com\/utfpr.curitiba.br\/wp-content\/uploads\/sites\/140\/2023\/02\/DSC4972-768x576.png\" alt=\"_DSC4972\" \/><\/figure><\/div>\t\t\t<\/div>\n\t\t\t\t\t\t\t\t\t\t\t\t<div class=\"elementor-swiper-button elementor-swiper-button-prev\" role=\"button\" tabindex=\"0\">\n\t\t\t\t\t\t<i aria-hidden=\"true\" class=\"eicon-chevron-left\"><\/i>\t\t\t\t\t<\/div>\n\t\t\t\t\t<div class=\"elementor-swiper-button elementor-swiper-button-next\" role=\"button\" tabindex=\"0\">\n\t\t\t\t\t\t<i aria-hidden=\"true\" class=\"eicon-chevron-right\"><\/i>\t\t\t\t\t<\/div>\n\t\t\t\t\n\t\t\t\t\t\t\t\t\t<div class=\"swiper-pagination\"><\/div>\n\t\t\t\t\t\t\t\t\t<\/div>\n\t\t\t\t\t\t<\/div>\n\t\t\t\t<\/div>\n\t\t\t\t\t<\/div>\n\t\t<\/div>\n\t\t\t\t\t<\/div>\n\t\t<\/section>\n\t\t\t\t<\/div>\n\t\t","protected":false},"excerpt":{"rendered":"<p>O Lar dos Meninos de S\u00e3o Luiz \u00e9 uma institui\u00e7\u00e3o que promove atividades educativas complementares em contraturno escolar para crian\u00e7as em situa\u00e7\u00e3o de vulnerabilidade socioecon\u00f4mica. Desde 2019, o Lar, o grupo PET-CoCE e o Programa de P\u00f3s-Gradua\u00e7\u00e3o em Tecnologia e Sociedade (PPGTE) v\u00eam estabelecendo uma parceria para pensar conjuntamente em atividades de computa\u00e7\u00e3o dedicadas\u00a0 \u00e0s [&hellip;]<\/p>\n","protected":false},"author":184,"featured_media":0,"parent":0,"menu_order":0,"comment_status":"closed","ping_status":"closed","template":"","meta":{"footnotes":""},"class_list":["post-96","page","type-page","status-publish","hentry"],"_links":{"self":[{"href":"https:\/\/utfpr.curitiba.br\/petcoce\/wp-json\/wp\/v2\/pages\/96","targetHints":{"allow":["GET"]}}],"collection":[{"href":"https:\/\/utfpr.curitiba.br\/petcoce\/wp-json\/wp\/v2\/pages"}],"about":[{"href":"https:\/\/utfpr.curitiba.br\/petcoce\/wp-json\/wp\/v2\/types\/page"}],"author":[{"embeddable":true,"href":"https:\/\/utfpr.curitiba.br\/petcoce\/wp-json\/wp\/v2\/users\/184"}],"replies":[{"embeddable":true,"href":"https:\/\/utfpr.curitiba.br\/petcoce\/wp-json\/wp\/v2\/comments?post=96"}],"version-history":[{"count":19,"href":"https:\/\/utfpr.curitiba.br\/petcoce\/wp-json\/wp\/v2\/pages\/96\/revisions"}],"predecessor-version":[{"id":355,"href":"https:\/\/utfpr.curitiba.br\/petcoce\/wp-json\/wp\/v2\/pages\/96\/revisions\/355"}],"wp:attachment":[{"href":"https:\/\/utfpr.curitiba.br\/petcoce\/wp-json\/wp\/v2\/media?parent=96"}],"curies":[{"name":"wp","href":"https:\/\/api.w.org\/{rel}","templated":true}]}}