{"id":43,"date":"2023-02-24T20:11:27","date_gmt":"2023-02-24T23:11:27","guid":{"rendered":"https:\/\/utfpr.curitiba.br\/petcoce\/?page_id=43"},"modified":"2023-02-28T11:27:16","modified_gmt":"2023-02-28T14:27:16","slug":"arcaz","status":"publish","type":"page","link":"https:\/\/utfpr.curitiba.br\/petcoce\/arcaz\/","title":{"rendered":"Arcaz"},"content":{"rendered":"\t\t<div data-elementor-type=\"wp-page\" data-elementor-id=\"43\" class=\"elementor elementor-43\">\n\t\t\t\t\t\t<section class=\"elementor-section elementor-top-section elementor-element elementor-element-0c9f9e8 elementor-section-boxed elementor-section-height-default elementor-section-height-default\" data-id=\"0c9f9e8\" data-element_type=\"section\" data-e-type=\"section\">\n\t\t\t\t\t\t<div class=\"elementor-container elementor-column-gap-default\">\n\t\t\t\t\t<div class=\"elementor-column elementor-col-100 elementor-top-column elementor-element elementor-element-b7f6ecb\" data-id=\"b7f6ecb\" data-element_type=\"column\" data-e-type=\"column\">\n\t\t\t<div class=\"elementor-widget-wrap elementor-element-populated\">\n\t\t\t\t\t\t<div class=\"elementor-element elementor-element-732003b elementor-widget elementor-widget-text-editor\" data-id=\"732003b\" data-element_type=\"widget\" data-e-type=\"widget\" data-widget_type=\"text-editor.default\">\n\t\t\t\t<div class=\"elementor-widget-container\">\n\t\t\t\t\t\t\t\t\t<p>O Arcaz \u00e9 um projeto de pesquisa que consiste no desenvolvimento de um reposit\u00f3rio aberto online, o qual recebe o mesmo nome, para a disponibiliza\u00e7\u00e3o de recursos e pr\u00e1ticas educacionais e acad\u00eamicas de forma aberta e gratuita. O reposit\u00f3rio, concomitante com o projeto de pesquisa, se encontra em constante desenvolvimento, sendo o resultado de uma parceria estabelecida entre o PET-CoCE e o Programa de P\u00f3s-Gradua\u00e7\u00e3o em Tecnologia e Sociedade(PPGTE).<\/p><pre>Para acessar o Arcaz basta clicar neste link: <a href=\"https:\/\/arcaz.ct.utfpr.edu.br\/\" target=\"_blank\" rel=\"noopener\">https:\/\/arcaz.ct.utfpr.edu.br\/<\/a><\/pre>\t\t\t\t\t\t\t\t<\/div>\n\t\t\t\t<\/div>\n\t\t\t\t\t<\/div>\n\t\t<\/div>\n\t\t\t\t\t<\/div>\n\t\t<\/section>\n\t\t\t\t<section class=\"elementor-section elementor-top-section elementor-element elementor-element-9c18bb1 elementor-section-boxed elementor-section-height-default elementor-section-height-default\" data-id=\"9c18bb1\" data-element_type=\"section\" data-e-type=\"section\">\n\t\t\t\t\t\t<div class=\"elementor-container elementor-column-gap-default\">\n\t\t\t\t\t<div class=\"elementor-column elementor-col-100 elementor-top-column elementor-element elementor-element-588e058\" data-id=\"588e058\" data-element_type=\"column\" data-e-type=\"column\">\n\t\t\t<div class=\"elementor-widget-wrap elementor-element-populated\">\n\t\t\t\t\t\t<div class=\"elementor-element elementor-element-3dd1cff elementor-widget elementor-widget-image\" data-id=\"3dd1cff\" data-element_type=\"widget\" data-e-type=\"widget\" data-widget_type=\"image.default\">\n\t\t\t\t<div class=\"elementor-widget-container\">\n\t\t\t\t\t\t\t\t\t\t\t\t\t\t\t<img decoding=\"async\" width=\"300\" height=\"109\" src=\"https:\/\/utfpr-ct-static-content.s3.amazonaws.com\/utfpr.curitiba.br\/wp-content\/uploads\/sites\/140\/2023\/02\/27e2eac4f4b3a602db49ca740c2321a9-300x109.png\" class=\"attachment-medium size-medium wp-image-238\" alt=\"\" srcset=\"https:\/\/utfpr-ct-static-content.s3.amazonaws.com\/utfpr.curitiba.br\/wp-content\/uploads\/sites\/140\/2023\/02\/27e2eac4f4b3a602db49ca740c2321a9-300x109.png 300w, https:\/\/utfpr-ct-static-content.s3.amazonaws.com\/utfpr.curitiba.br\/wp-content\/uploads\/sites\/140\/2023\/02\/27e2eac4f4b3a602db49ca740c2321a9.png 499w\" sizes=\"(max-width: 300px) 100vw, 300px\" \/>\t\t\t\t\t\t\t\t\t\t\t\t\t\t\t<\/div>\n\t\t\t\t<\/div>\n\t\t\t\t\t<\/div>\n\t\t<\/div>\n\t\t\t\t\t<\/div>\n\t\t<\/section>\n\t\t\t\t<\/div>\n\t\t","protected":false},"excerpt":{"rendered":"<p>O Arcaz \u00e9 um projeto de pesquisa que consiste no desenvolvimento de um reposit\u00f3rio aberto online, o qual recebe o mesmo nome, para a disponibiliza\u00e7\u00e3o de recursos e pr\u00e1ticas educacionais e acad\u00eamicas de forma aberta e gratuita. O reposit\u00f3rio, concomitante com o projeto de pesquisa, se encontra em constante desenvolvimento, sendo o resultado de uma [&hellip;]<\/p>\n","protected":false},"author":184,"featured_media":0,"parent":0,"menu_order":0,"comment_status":"closed","ping_status":"closed","template":"","meta":{"footnotes":""},"class_list":["post-43","page","type-page","status-publish","hentry"],"_links":{"self":[{"href":"https:\/\/utfpr.curitiba.br\/petcoce\/wp-json\/wp\/v2\/pages\/43","targetHints":{"allow":["GET"]}}],"collection":[{"href":"https:\/\/utfpr.curitiba.br\/petcoce\/wp-json\/wp\/v2\/pages"}],"about":[{"href":"https:\/\/utfpr.curitiba.br\/petcoce\/wp-json\/wp\/v2\/types\/page"}],"author":[{"embeddable":true,"href":"https:\/\/utfpr.curitiba.br\/petcoce\/wp-json\/wp\/v2\/users\/184"}],"replies":[{"embeddable":true,"href":"https:\/\/utfpr.curitiba.br\/petcoce\/wp-json\/wp\/v2\/comments?post=43"}],"version-history":[{"count":13,"href":"https:\/\/utfpr.curitiba.br\/petcoce\/wp-json\/wp\/v2\/pages\/43\/revisions"}],"predecessor-version":[{"id":241,"href":"https:\/\/utfpr.curitiba.br\/petcoce\/wp-json\/wp\/v2\/pages\/43\/revisions\/241"}],"wp:attachment":[{"href":"https:\/\/utfpr.curitiba.br\/petcoce\/wp-json\/wp\/v2\/media?parent=43"}],"curies":[{"name":"wp","href":"https:\/\/api.w.org\/{rel}","templated":true}]}}