{"id":306,"date":"2023-04-28T11:24:17","date_gmt":"2023-04-28T14:24:17","guid":{"rendered":"https:\/\/utfpr.curitiba.br\/petcoce\/?page_id=306"},"modified":"2023-04-28T14:59:02","modified_gmt":"2023-04-28T17:59:02","slug":"oficinas-de-desenvolvimento-web","status":"publish","type":"page","link":"https:\/\/utfpr.curitiba.br\/petcoce\/oficinas-de-desenvolvimento-web\/","title":{"rendered":"Oficinas de Desenvolvimento Web"},"content":{"rendered":"\t\t<div data-elementor-type=\"wp-page\" data-elementor-id=\"306\" class=\"elementor elementor-306\">\n\t\t\t\t\t\t<section class=\"elementor-section elementor-top-section elementor-element elementor-element-68428df elementor-section-boxed elementor-section-height-default elementor-section-height-default\" data-id=\"68428df\" data-element_type=\"section\" data-e-type=\"section\">\n\t\t\t\t\t\t<div class=\"elementor-container elementor-column-gap-default\">\n\t\t\t\t\t<div class=\"elementor-column elementor-col-100 elementor-top-column elementor-element elementor-element-9f53204\" data-id=\"9f53204\" data-element_type=\"column\" data-e-type=\"column\">\n\t\t\t<div class=\"elementor-widget-wrap elementor-element-populated\">\n\t\t\t\t\t\t<div class=\"elementor-element elementor-element-b4bd5c8 elementor-widget elementor-widget-text-editor\" data-id=\"b4bd5c8\" data-element_type=\"widget\" data-e-type=\"widget\" data-widget_type=\"text-editor.default\">\n\t\t\t\t<div class=\"elementor-widget-container\">\n\t\t\t\t\t\t\t\t\t<p><span style=\"font-weight: 400;\">Esta ac\u0327a\u0303o consiste em uma oficina de Desenvolvimento Web e Mobile, voltada \u00e0 estudantes do ensino fundamental e me\u0301dio. Em formato de experimentac\u0327a\u0303o, a proposta deve convergir os interesses dos estudantes e trabalhos pra\u0301ticos ligados ao planejamento e execuc\u0327a\u0303o de projetos que utilizam tecnologias para o desenvolvimento web e dispositivos mo\u0301veis. Embora seja uma a\u00e7\u00e3o de extens\u00e3o, em algumas edi\u00e7\u00f5es tivemos a participa\u00e7\u00e3o de discentes da UTFPR tamb\u00e9m.<\/span><\/p>\t\t\t\t\t\t\t\t<\/div>\n\t\t\t\t<\/div>\n\t\t\t\t\t<\/div>\n\t\t<\/div>\n\t\t\t\t\t<\/div>\n\t\t<\/section>\n\t\t\t\t<section class=\"elementor-section elementor-top-section elementor-element elementor-element-7900ae3 elementor-section-boxed elementor-section-height-default elementor-section-height-default\" data-id=\"7900ae3\" data-element_type=\"section\" data-e-type=\"section\">\n\t\t\t\t\t\t<div class=\"elementor-container elementor-column-gap-default\">\n\t\t\t\t\t<div class=\"elementor-column elementor-col-100 elementor-top-column elementor-element elementor-element-2722451\" data-id=\"2722451\" data-element_type=\"column\" data-e-type=\"column\">\n\t\t\t<div class=\"elementor-widget-wrap elementor-element-populated\">\n\t\t\t\t\t\t<div class=\"elementor-element elementor-element-551efc1 elementor-arrows-position-inside elementor-pagination-position-outside elementor-widget elementor-widget-image-carousel\" data-id=\"551efc1\" data-element_type=\"widget\" data-e-type=\"widget\" data-settings=\"{&quot;slides_to_show&quot;:&quot;1&quot;,&quot;navigation&quot;:&quot;both&quot;,&quot;autoplay&quot;:&quot;yes&quot;,&quot;pause_on_hover&quot;:&quot;yes&quot;,&quot;pause_on_interaction&quot;:&quot;yes&quot;,&quot;autoplay_speed&quot;:5000,&quot;infinite&quot;:&quot;yes&quot;,&quot;effect&quot;:&quot;slide&quot;,&quot;speed&quot;:500}\" data-widget_type=\"image-carousel.default\">\n\t\t\t\t<div class=\"elementor-widget-container\">\n\t\t\t\t\t\t\t<div class=\"elementor-image-carousel-wrapper swiper\" role=\"region\" aria-roledescription=\"carousel\" aria-label=\"Carrossel de imagem\" dir=\"ltr\">\n\t\t\t<div class=\"elementor-image-carousel swiper-wrapper\" aria-live=\"off\">\n\t\t\t\t\t\t\t\t<div class=\"swiper-slide\" role=\"group\" aria-roledescription=\"slide\" aria-label=\"1 of 3\"><figure class=\"swiper-slide-inner\"><img decoding=\"async\" class=\"swiper-slide-image\" src=\"https:\/\/utfpr-ct-static-content.s3.amazonaws.com\/utfpr.curitiba.br\/wp-content\/uploads\/sites\/140\/2023\/04\/WhatsApp-Image-2023-04-28-at-11.21.21-scaled.jpeg\" alt=\"WhatsApp Image 2023-04-28 at 11.21.21\" \/><\/figure><\/div><div class=\"swiper-slide\" role=\"group\" aria-roledescription=\"slide\" aria-label=\"2 of 3\"><figure class=\"swiper-slide-inner\"><img decoding=\"async\" class=\"swiper-slide-image\" src=\"https:\/\/utfpr-ct-static-content.s3.amazonaws.com\/utfpr.curitiba.br\/wp-content\/uploads\/sites\/140\/2023\/04\/WhatsApp-Image-2023-04-28-at-11.17.53.jpeg\" alt=\"WhatsApp Image 2023-04-28 at 11.17.53\" \/><\/figure><\/div><div class=\"swiper-slide\" role=\"group\" aria-roledescription=\"slide\" aria-label=\"3 of 3\"><figure class=\"swiper-slide-inner\"><img decoding=\"async\" class=\"swiper-slide-image\" src=\"https:\/\/utfpr-ct-static-content.s3.amazonaws.com\/utfpr.curitiba.br\/wp-content\/uploads\/sites\/140\/2023\/04\/WhatsApp-Image-2023-04-28-at-11.17.54-scaled.jpeg\" alt=\"WhatsApp Image 2023-04-28 at 11.17.54\" \/><\/figure><\/div>\t\t\t<\/div>\n\t\t\t\t\t\t\t\t\t\t\t\t<div class=\"elementor-swiper-button elementor-swiper-button-prev\" role=\"button\" tabindex=\"0\">\n\t\t\t\t\t\t<i aria-hidden=\"true\" class=\"eicon-chevron-left\"><\/i>\t\t\t\t\t<\/div>\n\t\t\t\t\t<div class=\"elementor-swiper-button elementor-swiper-button-next\" role=\"button\" tabindex=\"0\">\n\t\t\t\t\t\t<i aria-hidden=\"true\" class=\"eicon-chevron-right\"><\/i>\t\t\t\t\t<\/div>\n\t\t\t\t\n\t\t\t\t\t\t\t\t\t<div class=\"swiper-pagination\"><\/div>\n\t\t\t\t\t\t\t\t\t<\/div>\n\t\t\t\t\t\t<\/div>\n\t\t\t\t<\/div>\n\t\t\t\t\t<\/div>\n\t\t<\/div>\n\t\t\t\t\t<\/div>\n\t\t<\/section>\n\t\t\t\t<\/div>\n\t\t","protected":false},"excerpt":{"rendered":"<p>Esta ac\u0327a\u0303o consiste em uma oficina de Desenvolvimento Web e Mobile, voltada \u00e0 estudantes do ensino fundamental e me\u0301dio. Em formato de experimentac\u0327a\u0303o, a proposta deve convergir os interesses dos estudantes e trabalhos pra\u0301ticos ligados ao planejamento e execuc\u0327a\u0303o de projetos que utilizam tecnologias para o desenvolvimento web e dispositivos mo\u0301veis. Embora seja uma a\u00e7\u00e3o [&hellip;]<\/p>\n","protected":false},"author":184,"featured_media":0,"parent":0,"menu_order":0,"comment_status":"closed","ping_status":"closed","template":"","meta":{"footnotes":""},"class_list":["post-306","page","type-page","status-publish","hentry"],"_links":{"self":[{"href":"https:\/\/utfpr.curitiba.br\/petcoce\/wp-json\/wp\/v2\/pages\/306","targetHints":{"allow":["GET"]}}],"collection":[{"href":"https:\/\/utfpr.curitiba.br\/petcoce\/wp-json\/wp\/v2\/pages"}],"about":[{"href":"https:\/\/utfpr.curitiba.br\/petcoce\/wp-json\/wp\/v2\/types\/page"}],"author":[{"embeddable":true,"href":"https:\/\/utfpr.curitiba.br\/petcoce\/wp-json\/wp\/v2\/users\/184"}],"replies":[{"embeddable":true,"href":"https:\/\/utfpr.curitiba.br\/petcoce\/wp-json\/wp\/v2\/comments?post=306"}],"version-history":[{"count":7,"href":"https:\/\/utfpr.curitiba.br\/petcoce\/wp-json\/wp\/v2\/pages\/306\/revisions"}],"predecessor-version":[{"id":323,"href":"https:\/\/utfpr.curitiba.br\/petcoce\/wp-json\/wp\/v2\/pages\/306\/revisions\/323"}],"wp:attachment":[{"href":"https:\/\/utfpr.curitiba.br\/petcoce\/wp-json\/wp\/v2\/media?parent=306"}],"curies":[{"name":"wp","href":"https:\/\/api.w.org\/{rel}","templated":true}]}}