{"id":2,"date":"2023-02-16T16:33:10","date_gmt":"2023-02-16T19:33:10","guid":{"rendered":"https:\/\/utfpr.curitiba.br\/petcoce\/?page_id=2"},"modified":"2024-10-08T14:31:43","modified_gmt":"2024-10-08T17:31:43","slug":"sobre-nos","status":"publish","type":"page","link":"https:\/\/utfpr.curitiba.br\/petcoce\/sobre-nos\/","title":{"rendered":"Sobre n\u00f3s"},"content":{"rendered":"\n<p>Ol\u00e1, sejam bem vind@s ao nosso site! N\u00f3s somos o Programa de Educa\u00e7\u00e3o Tutorial (PET) &#8211; Computando Culturas em Equidade (CoCE), um grupo de PET composto por estudantes de diferentes cursos de gradua\u00e7\u00e3o da Universidade Tecnol\u00f3gica Federal do Paran\u00e1, campus Curitiba (UTFPR-CT). Nesta se\u00e7\u00e3o iremos explicar brevemente sobre n\u00f3s e sobre o que n\u00f3s fazemos.<\/p>\n\n\n\n<p><strong>O que \u00e9 PET?<\/strong><br>A sigla PET significa \u201cPrograma de Educa\u00e7\u00e3o Tutorial\u201d, se refere ao programa do governo federal, financiado pelo FNDE, para promover atividades a n\u00edvel de gradua\u00e7\u00e3o, dentro do princ\u00edpio da indissociabilidade entre os tr\u00eas pilares da Universidade, que s\u00e3o: Pesquisa, Ensino e Extens\u00e3o.<\/p>\n\n\n\n<ul class=\"wp-block-list\">\n<li>Ensino: Promover minicursos e workshops gratuitos voltados para estudantes da gradua\u00e7\u00e3o, visando auxiliar e enriquecer o aprendizado de assuntos, presentes ou n\u00e3o na matriz curricular, complementando a forma\u00e7\u00e3o discente.<\/li>\n<\/ul>\n\n\n\n<ul class=\"wp-block-list\">\n<li>Extens\u00e3o: Atividades organizadas para oferecer a\u00e7\u00f5es gratuitas sobre assuntos das mais diversas \u00e1reas voltadas para a comunidade externa, com o objetivo de promover uma maior conex\u00e3o de saberes entre esta e a universidade.<\/li>\n<\/ul>\n\n\n\n<ul class=\"wp-block-list\">\n<li>Pesquisa: Atividades que estabelecem estudos e projetos voltados para a investiga\u00e7\u00e3o de problemas e constru\u00e7\u00e3o de novos saberes e perspectivas.<\/li>\n<\/ul>\n\n\n\n<p>Os grupos PET est\u00e3o espalhados por diversas Universidades do Brasil. Na UTFPR-CT atualmente existem quatro grupos PET: PET-Engenharia da Computa\u00e7\u00e3o (PETECO), PET-Pol\u00edticas P\u00fablicas (PET-PP), PET-Engenharia Eletr\u00f4nica (PET-EE) e o nosso grupo, PET-Computando Culturas em Equidade (PET-CoCE). Cada grupo possui sua tem\u00e1tica e seus objetivos atrelados \u00e0s atividades contidas nos tr\u00eas pilares universit\u00e1rios. Na pr\u00f3xima se\u00e7\u00e3o iremos explicar um pouco sobre a nossa tem\u00e1tica.<\/p>\n\n\n\n<p><strong>O que \u00e9 CoCE?<\/strong><br>A sigla CoCE, como mencionada anteriormente, significa &#8220;Computando Culturas em Equidade\u201d. Esse \u00e9 o nosso objetivo: proporcionar uma computa\u00e7\u00e3o para diferentes p\u00fablicos, com diferentes caracter\u00edsticas, necessidades e expectativas, a partir de uma perspectiva interdisciplinar e participativa, pois entendemos que a computa\u00e7\u00e3o n\u00e3o est\u00e1 fechada em si mesma, mas sim interseccionada com v\u00e1rios \u00e2mbitos da vida cotidiana e acad\u00eamica, e portanto com v\u00e1rias \u00e1reas do conhecimento. Para isso, o PET-CoCE conta com a presen\u00e7a de estudantes de diferentes cursos da UTFPR-CT, visando sempre assegurar uma rela\u00e7\u00e3o horizontal entre a equipe com o objetivo de buscar uma maior autonomia na realiza\u00e7\u00e3o das atividades propostas.<\/p>\n\n\n\n<p><\/p>\n\n\n<div class=\"wp-block-image\">\n<figure class=\"aligncenter size-large is-resized\"><img fetchpriority=\"high\" decoding=\"async\" width=\"1024\" height=\"1024\" src=\"https:\/\/utfpr-ct-static-content.s3.amazonaws.com\/utfpr.curitiba.br\/wp-content\/uploads\/sites\/140\/2024\/10\/pet-coce-1024x1024.jpeg\" alt=\"\" class=\"wp-image-397\" style=\"width:543px\" srcset=\"https:\/\/utfpr-ct-static-content.s3.amazonaws.com\/utfpr.curitiba.br\/wp-content\/uploads\/sites\/140\/2024\/10\/pet-coce-1024x1024.jpeg 1024w, https:\/\/utfpr-ct-static-content.s3.amazonaws.com\/utfpr.curitiba.br\/wp-content\/uploads\/sites\/140\/2024\/10\/pet-coce-300x300.jpeg 300w, https:\/\/utfpr-ct-static-content.s3.amazonaws.com\/utfpr.curitiba.br\/wp-content\/uploads\/sites\/140\/2024\/10\/pet-coce-150x150.jpeg 150w, https:\/\/utfpr-ct-static-content.s3.amazonaws.com\/utfpr.curitiba.br\/wp-content\/uploads\/sites\/140\/2024\/10\/pet-coce-768x768.jpeg 768w, https:\/\/utfpr-ct-static-content.s3.amazonaws.com\/utfpr.curitiba.br\/wp-content\/uploads\/sites\/140\/2024\/10\/pet-coce.jpeg 1080w\" sizes=\"(max-width: 1024px) 100vw, 1024px\" \/><\/figure>\n<\/div>","protected":false},"excerpt":{"rendered":"<p>Ol\u00e1, sejam bem vind@s ao nosso site! N\u00f3s somos o Programa de Educa\u00e7\u00e3o Tutorial (PET) &#8211; Computando Culturas em Equidade (CoCE), um grupo de PET composto por estudantes de diferentes cursos de gradua\u00e7\u00e3o da Universidade Tecnol\u00f3gica Federal do Paran\u00e1, campus Curitiba (UTFPR-CT). Nesta se\u00e7\u00e3o iremos explicar brevemente sobre n\u00f3s e sobre o que n\u00f3s fazemos. [&hellip;]<\/p>\n","protected":false},"author":1,"featured_media":0,"parent":0,"menu_order":0,"comment_status":"closed","ping_status":"closed","template":"","meta":{"footnotes":""},"class_list":["post-2","page","type-page","status-publish","hentry"],"_links":{"self":[{"href":"https:\/\/utfpr.curitiba.br\/petcoce\/wp-json\/wp\/v2\/pages\/2","targetHints":{"allow":["GET"]}}],"collection":[{"href":"https:\/\/utfpr.curitiba.br\/petcoce\/wp-json\/wp\/v2\/pages"}],"about":[{"href":"https:\/\/utfpr.curitiba.br\/petcoce\/wp-json\/wp\/v2\/types\/page"}],"author":[{"embeddable":true,"href":"https:\/\/utfpr.curitiba.br\/petcoce\/wp-json\/wp\/v2\/users\/1"}],"replies":[{"embeddable":true,"href":"https:\/\/utfpr.curitiba.br\/petcoce\/wp-json\/wp\/v2\/comments?post=2"}],"version-history":[{"count":6,"href":"https:\/\/utfpr.curitiba.br\/petcoce\/wp-json\/wp\/v2\/pages\/2\/revisions"}],"predecessor-version":[{"id":398,"href":"https:\/\/utfpr.curitiba.br\/petcoce\/wp-json\/wp\/v2\/pages\/2\/revisions\/398"}],"wp:attachment":[{"href":"https:\/\/utfpr.curitiba.br\/petcoce\/wp-json\/wp\/v2\/media?parent=2"}],"curies":[{"name":"wp","href":"https:\/\/api.w.org\/{rel}","templated":true}]}}