{"id":2,"date":"2014-10-10T16:32:47","date_gmt":"2014-10-10T16:32:47","guid":{"rendered":"http:\/\/blogs.ct.utfpr.edu.br\/pesquisadaqbi\/?page_id=2"},"modified":"2020-05-15T11:53:20","modified_gmt":"2020-05-15T14:53:20","slug":"sample-page","status":"publish","type":"page","link":"https:\/\/utfpr.curitiba.br\/pesquisadaqbi\/?page_id=2","title":{"rendered":"Linhas de Pesquisa"},"content":{"rendered":"<ul>\n<li><strong>Ensino de Ci\u00eancias em Interface com Hist\u00f3ria da Ci\u00eancia e Filosofia da Ci\u00eancia<\/strong><\/li>\n<\/ul>\n<p>Objetivo: Desenvolver pesquisas sobre a hist\u00f3ria da ci\u00eancia e a filosofia da ci\u00eancia analisada sob a \u00f3tica da epistemologia contempor\u00e2nea a partir de fil\u00f3sofos da ci\u00eancia como Ludwik Fleck e Thomas Kuhn. Promover estudos sobre a inser\u00e7\u00e3o da hist\u00f3ria da qu\u00edmica no curr\u00edculo do curso de licenciatura em qu\u00edmica e a sua transposi\u00e7\u00e3o para a educa\u00e7\u00e3o b\u00e1sica.<\/p>\n<ul>\n<li><strong>Ensino e Aprendizagem de Qu\u00edmica e\/ou Ci\u00eancias<\/strong><\/li>\n<\/ul>\n<p>Objetivo: Investigar processos de ensino e de aprendizagem de Qu\u00edmica e\/ou Ci\u00eancias referentes para os n\u00edveis fundamental e m\u00e9dio, articulando aos processos de forma\u00e7\u00e3o inicial e permanente de professores de ci\u00eancias e\/ou qu\u00edmica.<\/p>\n<ul>\n<li><strong>Estudos em Paulo Freire<\/strong><\/li>\n<\/ul>\n<p>Objetivo: Desenvolver pesquisas sobre a concep\u00e7\u00e3o pedag\u00f3gica e epistemol\u00f3gica de Paulo Freire no ensino de Qu\u00edmica e\/ou Ci\u00eancias.<\/p>\n<ul>\n<li><strong>Forma\u00e7\u00e3o de Professores de Qu\u00edmica e\/ou Ci\u00eancias<\/strong><\/li>\n<\/ul>\n<p>Objetivo: Investigar problemas de ensino e aprendizagem da qu\u00edmica no ensino m\u00e9dio e de ci\u00eancias no ensino fundamental e sua rela\u00e7\u00e3o com a forma\u00e7\u00e3o inicial e permanente de professores de ci\u00eancias e\/ou qu\u00edmica.<\/p>\n<ul>\n<li><strong>Tecnologias no Ensino de Qu\u00edmica e\/ou Ci\u00eancias<\/strong><\/li>\n<\/ul>\n<p>Objetivo: Investigar concep\u00e7\u00f5es pedag\u00f3gicas e epistemol\u00f3gicas referentes \u00e0s tecnologias na educa\u00e7\u00e3o em Ci\u00eancias e sua rela\u00e7\u00e3o com a forma\u00e7\u00e3o inicial e permanente de professores de ci\u00eancias e\/ou qu\u00edmica.<\/p>\n","protected":false},"excerpt":{"rendered":"<p>Ensino de Ci\u00eancias em Interface com Hist\u00f3ria da Ci\u00eancia e Filosofia da Ci\u00eancia Objetivo: Desenvolver pesquisas sobre a hist\u00f3ria da ci\u00eancia e a filosofia da ci\u00eancia analisada sob a \u00f3tica da epistemologia contempor\u00e2nea a partir de fil\u00f3sofos da ci\u00eancia como &hellip; <a href=\"https:\/\/utfpr.curitiba.br\/pesquisadaqbi\/?page_id=2\">Continue lendo <span class=\"meta-nav\">&rarr;<\/span><\/a><\/p>\n","protected":false},"author":5,"featured_media":0,"parent":0,"menu_order":0,"comment_status":"closed","ping_status":"open","template":"","meta":{"footnotes":""},"class_list":["post-2","page","type-page","status-publish","hentry"],"_links":{"self":[{"href":"https:\/\/utfpr.curitiba.br\/pesquisadaqbi\/index.php?rest_route=\/wp\/v2\/pages\/2","targetHints":{"allow":["GET"]}}],"collection":[{"href":"https:\/\/utfpr.curitiba.br\/pesquisadaqbi\/index.php?rest_route=\/wp\/v2\/pages"}],"about":[{"href":"https:\/\/utfpr.curitiba.br\/pesquisadaqbi\/index.php?rest_route=\/wp\/v2\/types\/page"}],"author":[{"embeddable":true,"href":"https:\/\/utfpr.curitiba.br\/pesquisadaqbi\/index.php?rest_route=\/wp\/v2\/users\/5"}],"replies":[{"embeddable":true,"href":"https:\/\/utfpr.curitiba.br\/pesquisadaqbi\/index.php?rest_route=%2Fwp%2Fv2%2Fcomments&post=2"}],"version-history":[{"count":1,"href":"https:\/\/utfpr.curitiba.br\/pesquisadaqbi\/index.php?rest_route=\/wp\/v2\/pages\/2\/revisions"}],"predecessor-version":[{"id":13,"href":"https:\/\/utfpr.curitiba.br\/pesquisadaqbi\/index.php?rest_route=\/wp\/v2\/pages\/2\/revisions\/13"}],"wp:attachment":[{"href":"https:\/\/utfpr.curitiba.br\/pesquisadaqbi\/index.php?rest_route=%2Fwp%2Fv2%2Fmedia&parent=2"}],"curies":[{"name":"wp","href":"https:\/\/api.w.org\/{rel}","templated":true}]}}