{"id":14,"date":"2014-11-02T18:45:34","date_gmt":"2014-11-02T21:45:34","guid":{"rendered":"http:\/\/blogs.ct.utfpr.edu.br\/pesquisadaqbi\/?page_id=14"},"modified":"2020-05-15T12:07:53","modified_gmt":"2020-05-15T15:07:53","slug":"participantes","status":"publish","type":"page","link":"https:\/\/utfpr.curitiba.br\/pesquisadaqbi\/?page_id=14","title":{"rendered":"Participantes"},"content":{"rendered":"<p style=\"text-align: justify; line-height: 100%;\"><span style=\"font-family: Verdana; font-size: 18px;\"><code>&nbsp;<\/code><strong>Pesquisadores:<\/strong><\/span><\/p>\n<p style=\"text-align: justify; line-height: 100%;\"><span style=\"font-family: Verdana; font-size: 12px;\">&nbsp;<\/span><\/p>\n<p style=\"text-align: justify; line-height: 100%;\"><span style=\"font-family: Verdana; font-size: 12px;\">&nbsp;<\/span><span style=\"font-family: Verdana; font-size: 12px;\"><strong> <img decoding=\"async\" class=\"foto\" style=\"margin: 10px;\" src=\"https:\/\/utfpr-ct-static-content.s3.amazonaws.com\/utfpr.curitiba.br\/wp-content\/uploads\/sites\/102\/2020\/05\/fabianahussein.jpg\" alt=\"\" width=\"80\" height=\"96\" align=\"left\">Fabiana Roberta G. e Silva Hussein<\/strong><\/span><span style=\"font-family: Verdana; font-size: 12px;\"> (<\/span><a title=\"utfpr\" href=\"http:\/\/www.utfpr.edu.br\/curitiba\"><span style=\"font-family: Verdana; font-size: 12px;\">UTFPR<\/span><\/a><span style=\"font-family: Verdana; font-size: 12px;\">) (<\/span><a title=\"lattes\" href=\"http:\/\/lattes.cnpq.br\/2677353483407898\" target=\"_blank\" rel=\"noopener noreferrer\"><span style=\"font-family: Verdana; font-size: 12px;\">curriculum lattes<\/span><\/a><span style=\"font-family: Verdana; font-size: 12px;\">)&nbsp;<\/span><a title=\"lattes\" href=\"http:\/\/lattes.cnpq.br\/2677353483407898\" target=\"_blank\" rel=\"noopener noreferrer\"><img decoding=\"async\" style=\"vertical-align: middle;\" src=\"http:\/\/www.gieq.ufsc.br\/images\/stories\/particip\/logo_lattes.png\" alt=\"logo curriculum lattes\"><\/a><\/p>\n<p style=\"text-align: justify; line-height: 100%;\"><span style=\"font-family: Verdana; font-size: 12px;\">Possui gradua\u00e7\u00e3o em Bacharelado em Qu\u00edmica pela Universidade Federal de Pernambuco (1992), Mestrado em Qu\u00edmica pela Universidade Federal de Pernambuco (1995) e Doutorado em Qu\u00edmica pela Universidade Federal de Pernambuco (1999). Fez o P\u00f3s-doutorado no Institut de Chimie Min\u00e9rale et Analytique da Universit\u00e9 de Lausanne na Su\u00ed\u00e7a (2000). Foi professora adjunto na Universidade Federal do Rio Grande do Norte de mar\u00e7o de 2002 at\u00e9 agosto de 2010. Atualmente \u00e9 Professora Associada na Universidade Tecnol\u00f3gica Federal do Paran\u00e1, atuando na \u00e1rea de Ensino de Qu\u00edmica. Orienta alunos de mestrado e doutorado na \u00e1rea de Ensino de Qu\u00edmica e Inorg\u00e2nica. Realizou um curto p\u00f3s-doutorado na Universidade Federal do Paran\u00e1 sob a orienta\u00e7\u00e3o do Prof. Dr. Fernando Wypych. Tem experi\u00eancia na \u00e1rea de Qu\u00edmica, com \u00eanfase em Espectroscopia e, desde 2003, quando iniciou seu cargo de Tutora do Programa de Educa\u00e7\u00e3o Tutorial de Qu\u00edmica da UFRN, vem atuando tamb\u00e9m na \u00e1rea ensino de Qu\u00edmica e Divulga\u00e7\u00e3o Cient\u00edfica. Suas atividades est\u00e3o inseridas, principalmente, dentro dos seguintes temas: Ensino de Qu\u00edmica, Divulga\u00e7\u00e3o Cient\u00edfica e Estudo de Compostos Macroc\u00edclicos Luminescentes com Lantan\u00eddeos.<\/span><br \/>\n<span style=\"font-family: Verdana; font-size: 12px;\">&nbsp;<\/span><\/p>\n<p style=\"text-align: justify; line-height: 100%;\"><span style=\"font-family: Verdana; font-size: 12px;\">&nbsp;<\/span><img decoding=\"async\" class=\"foto alignnone\" style=\"margin: 10px;\" src=\"https:\/\/utfpr-ct-static-content.s3.amazonaws.com\/utfpr.curitiba.br\/wp-content\/uploads\/sites\/102\/2020\/05\/geraldofernandes.jpg\" alt=\"\" width=\"80\" height=\"96\" align=\"left\"><span style=\"font-family: Verdana; font-size: 12px;\"><strong>Geraldo Wellington Rocha Fernandes&nbsp;<\/strong><\/span><span style=\"font-family: Verdana; font-size: 12px;\">(<\/span><a title=\"Ufrb\" href=\"http:\/\/www.ufvjm.edu.br\/\"><span style=\"font-family: Verdana; font-size: 12px;\">UFVJM<\/span><\/a><span style=\"font-family: Verdana; font-size: 12px;\">)&nbsp; (<\/span><a title=\"lattes\" href=\"http:\/\/lattes.cnpq.br\/1741331119179699\" target=\"_blank\" rel=\"noopener noreferrer\"><span style=\"font-family: Verdana; font-size: 12px;\">curriculum lattes<\/span><\/a><span style=\"font-family: Verdana; font-size: 12px;\">)&nbsp;<\/span><a title=\"lattes\" href=\"http:\/\/lattes.cnpq.br\/1741331119179699\" target=\"_blank\" rel=\"noopener noreferrer\"><img decoding=\"async\" style=\"vertical-align: middle;\" src=\"http:\/\/www.gieq.ufsc.br\/images\/stories\/particip\/logo_lattes.png\" alt=\"logo curriculum lattes\"><\/a><\/p>\n<p style=\"text-align: justify; line-height: 100%;\"><span style=\"font-family: Verdana; font-size: 12px;\">Possui Licenciatura em F\u00edsica pela Universidade Federal de Vi\u00e7osa (UFV). Tem mestrado em Educa\u00e7\u00e3o Cient\u00edfica e Tecnol\u00f3gica pela Universidade Federal de Santa Catarina (UFSC) e em Ci\u00eancias da Educa\u00e7\u00e3o pela Universidade T\u00e9cnica de Lisboa (UTL). \u00c9 doutor em Ci\u00eancias da Educa\u00e7\u00e3o pela Universidade de Lisboa (Portugal). Especializou-se no uso de Tecnologias Educativas numa parceria com universidades da Espanha, Fran\u00e7a e Genebra. Tem experi\u00eancia na \u00e1rea de Ensino de F\u00edsica, com \u00eanfase em Did\u00e1tica das Ci\u00eancias, Forma\u00e7\u00e3o de Professores, Educa\u00e7\u00e3o a Dist\u00e2ncia e Tecnologias Educativas. Atualmente \u00e9 professor de Ensino de F\u00edsica da Universidade Federal dos Vales do Jequitinhonha e Mucuri (UFVJM).<\/span><\/p>\n<p><span style=\"font-family: Verdana; font-size: 12px;\">&nbsp;<\/span><\/p>\n<p style=\"text-align: justify; line-height: 100%;\"><span style=\"font-family: Verdana; font-size: 12px;\"><strong><span style=\"font-family: Verdana; font-size: 12px;\"><strong> <img decoding=\"async\" style=\"float: left; margin: 10px; width: 77px; height: 99px;\" title=\"foto Graziela\" src=\"https:\/\/utfpr-ct-static-content.s3.amazonaws.com\/utfpr.curitiba.br\/wp-content\/uploads\/sites\/102\/2020\/05\/grazielarichetti.jpg\" alt=\"foto Graziela\" align=\"left\"><\/strong><\/span>Graziela Piccoli Richetti<\/strong><\/span><span style=\"font-family: Verdana; font-size: 12px;\"> (<\/span><a title=\"UFJF\" href=\"http:\/\/www.ufjf.br\/portal\/\" target=\"_blank\" rel=\"noopener noreferrer\"><span style=\"font-family: Verdana; font-size: 12px;\">UFJF<\/span><\/a><span style=\"font-family: Verdana; font-size: 12px;\">) (<\/span><a title=\"lattes\" href=\"http:\/\/lattes.cnpq.br\/9128328286908246\" target=\"_blank\" rel=\"noopener noreferrer\"><span style=\"font-family: Verdana; font-size: 12px;\">curriculum lattes<\/span><\/a><span style=\"font-family: Verdana; font-size: 12px;\">)&nbsp;<\/span><a title=\"lattes\" href=\"http:\/\/lattes.cnpq.br\/9128328286908246\" target=\"_blank\" rel=\"noopener noreferrer\"><img decoding=\"async\" style=\"vertical-align: middle;\" src=\"http:\/\/www.gieq.ufsc.br\/images\/stories\/particip\/logo_lattes.png\" alt=\"logo curriculum lattes\"><\/a><\/p>\n<p style=\"text-align: justify; line-height: 100%;\"><span style=\"font-family: Verdana; font-size: 12px;\">Possui bacharelado (2003) e licenciatura (2004) em Qu\u00edmica pela Universidade Federal de Santa Catarina e mestrado em Educa\u00e7\u00e3o Cient\u00edfica e Tecnol\u00f3gica pela Universidade Federal de Santa Catarina (2008). Atualmente \u00e9 doutoranda do Programa de P\u00f3s-Gradua\u00e7\u00e3o em Educa\u00e7\u00e3o Cient\u00edfica e Tecnol\u00f3gica. No per\u00edodo compreendido entre novembro de 2011 e julho de 2012 realizou doutorado sandu\u00edche no Departamento de Educa\u00e7\u00e3o da Universidade de Aveiro em Portugal. Atualmente \u00e9 professora assistente na Faculdade de Educa\u00e7\u00e3o da Universidade Federal de Juiz de Fora, Minas Gerais.<\/span><\/p>\n<p style=\"text-align: justify; line-height: 100%;\"><span style=\"font-family: Verdana; font-size: 12px;\">&nbsp;<\/span><span style=\"font-family: Verdana; font-size: 12px;\"><strong><img decoding=\"async\" style=\"float: left; margin: 10px; ;width: 72px; height: 93px;\" title=\"foto marcelo lambach\" src=\"https:\/\/utfpr-ct-static-content.s3.amazonaws.com\/utfpr.curitiba.br\/wp-content\/uploads\/sites\/102\/2020\/05\/marcelo_lambach1.jpg\" alt=\"foto marcelo lambach\" align=\"left\">Marcelo Lambach<\/strong><\/span><span style=\"font-family: Verdana; font-size: 12px;\"> (<\/span><a title=\"utfpr\" href=\"http:\/\/www.utfpr.edu.br\/curitiba\" target=\"_blank\" rel=\"noopener noreferrer\"><span style=\"font-family: Verdana; font-size: 12px;\">UTFPR<\/span><\/a><span style=\"font-family: Verdana; font-size: 12px;\">) (<\/span><a title=\"lattes\" href=\"http:\/\/lattes.cnpq.br\/1982143039494456\" target=\"_blank\" rel=\"noopener noreferrer\"><span style=\"font-family: Verdana; font-size: 12px;\">curriculum lattes<\/span><\/a><span style=\"font-family: Verdana; font-size: 12px;\">)&nbsp;<\/span><a title=\"lattes\" href=\"http:\/\/lattes.cnpq.br\/1982143039494456\" target=\"_blank\" rel=\"noopener noreferrer\"><img decoding=\"async\" style=\"vertical-align: middle;\" src=\"http:\/\/www.gieq.ufsc.br\/images\/stories\/particip\/logo_lattes.png\" alt=\"logo curriculum lattes\"><\/a><\/p>\n<p style=\"text-align: justify; line-height: 100%;\">&nbsp;<span style=\"font-family: Verdana; font-size: 12px;\">Possui doutorado e mestrado em Educa\u00e7\u00e3o Cient\u00edfica e Tecnol\u00f3gica pela Universidade Federal de Santa Catarina (PPGECT-UFSC), especializa\u00e7\u00e3o em TIC na Educa\u00e7\u00e3o (PUC-RJ), especializa\u00e7\u00e3o em Educa\u00e7\u00e3o de Jovens e Adultos (UFPR), gradua\u00e7\u00e3o em Qu\u00edmica Licenciatura (UFPR) e gradua\u00e7\u00e3o em Qu\u00edmica Industrial (PUC-PR). Atualmente \u00e9 docente Adjunto pela Universidade Tecnol\u00f3gica Federal do Paran\u00e1 campus Curitiba (UTFPR). Tem experi\u00eancia na \u00e1rea de Qu\u00edmica no Ensino Superior, M\u00e9dio e Ci\u00eancias do Ensino Fundamental, atuando principalmente nos seguintes temas: educa\u00e7\u00e3o cient\u00edfica, ensino na perspectiva de Paulo Freire, avalia\u00e7\u00e3o, educa\u00e7\u00e3o de jovens e adultos &#8211; EJA, epistemologia, hist\u00f3ria da ci\u00eancia, tecnologias da informa\u00e7\u00e3o e comunica\u00e7\u00e3o &#8211; TIC, educa\u00e7\u00e3o a dist\u00e2ncia, ensino de ci\u00eancias e qu\u00edmica com \u00eanfase CTS.<br \/>\n<\/span><\/p>\n<p style=\"text-align: justify; line-height: 100%;\"><span style=\"font-family: Verdana; font-size: 12px;\"><strong><img decoding=\"async\" class=\"wp-image-213 alignleft\" src=\"https:\/\/utfpr-ct-static-content.s3.amazonaws.com\/utfpr.curitiba.br\/wp-content\/uploads\/sites\/102\/2014\/11\/monica.jpg\" alt=\"monica\" width=\"86\" height=\"112\">M\u00f4nica de Caldas Rosa dos Anjos<\/strong><\/span><span style=\"font-family: Verdana; font-size: 12px;\"> (<\/span><a title=\"utfpr\" href=\"http:\/\/www.saude.ufpr.br\/portal\/nutricao\/principal\/\" target=\"_blank\" rel=\"noopener noreferrer\"><span style=\"font-family: Verdana; font-size: 12px;\">UFPR<\/span><\/a><span style=\"font-family: Verdana; font-size: 12px;\">) (<\/span><a title=\"lattes\" href=\"http:\/\/lattes.cnpq.br\/2134359411230163\" target=\"_blank\" rel=\"noopener noreferrer\"><span style=\"font-family: Verdana; font-size: 12px;\">curriculum lattes<\/span><\/a><span style=\"font-family: Verdana; font-size: 12px;\">)&nbsp;<\/span><a title=\"lattes\" href=\"http:\/\/lattes.cnpq.br\/1982143039494456\" target=\"_blank\" rel=\"noopener noreferrer\"><img decoding=\"async\" style=\"vertical-align: middle;\" src=\"http:\/\/www.gieq.ufsc.br\/images\/stories\/particip\/logo_lattes.png\" alt=\"logo curriculum lattes\"><\/a><\/p>\n<p style=\"line-height: 100%; text-align: justify; padding-left: 60px;\"><span style=\"font-family: Verdana; font-size: 12px;\">Possui gradua\u00e7\u00e3o em Nutri\u00e7\u00e3o, especializa\u00e7\u00e3o na Moderna Gest\u00e3o Empresarial, mestrado em Ci\u00eancia dos Alimentos e doutorado em Educa\u00e7\u00e3o Cient\u00edfica e Tecnol\u00f3gica, todos pela Universidade Federal de Santa Catarina. Educadora volunt\u00e1ria na Escola Latino Americana de Agroecologia &#8211; Lapa\/PR. O foco de trabalho atual \u00e9 nas \u00e1reas de Direito Humano \u00e0 Alimenta\u00e7\u00e3o Adequada, Soberania e Seguran\u00e7a Alimentar e Nutricional, Educa\u00e7\u00e3o em Sa\u00fade, Educa\u00e7\u00e3o Popular, Educa\u00e7\u00e3o Cient\u00edfica e Tecnol\u00f3gica e Extens\u00e3o Universit\u00e1ria.<\/span><\/p>\n<p><span style=\"font-family: Verdana; font-size: 12px;\"><strong> <img loading=\"lazy\" decoding=\"async\" class=\"foto\" style=\"margin: 10px;\" src=\"http:\/\/blogs.ct.utfpr.edu.br\/pesquisadaqbi\/wp-content\/uploads\/2015\/04\/nancy_n.jpg\" alt=\"\" width=\"80\" height=\"96\" align=\"left\"><\/strong><\/span><\/p>\n<p style=\"text-align: justify; line-height: 100%;\"><span style=\"font-family: Verdana; font-size: 12px;\"><strong>Nancy Rosa Alba Niezwida<\/strong><\/span><span style=\"font-family: Verdana; font-size: 12px;\"> (<\/span><a title=\"unam\" href=\"http:\/\/www.artes.unam.edu.ar\/\" target=\"_blank\" rel=\"noopener noreferrer\"><span style=\"font-family: Verdana; font-size: 12px;\">UNAM<\/span><\/a><span style=\"font-family: Verdana; font-size: 12px;\">) (<\/span><a title=\"lattes\" href=\"http:\/\/lattes.cnpq.br\/3308401997169082\" target=\"_blank\" rel=\"noopener noreferrer\"><span style=\"font-family: Verdana; font-size: 12px;\">curriculum lattes<\/span><\/a><span style=\"font-family: Verdana; font-size: 12px;\">)&nbsp;<\/span><a title=\"lattes\" href=\"http:\/\/lattes.cnpq.br\/3308401997169082\" target=\"_blank\" rel=\"noopener noreferrer\"><img decoding=\"async\" style=\"vertical-align: middle;\" src=\"http:\/\/www.gieq.ufsc.br\/images\/stories\/particip\/logo_lattes.png\" alt=\"logo curriculum lattes\"><\/a><\/p>\n<p style=\"text-align: justify; line-height: 100%;\"><span style=\"font-family: Verdana; font-size: 12px;\">Graduada como Profesora en Educaci\u00f3n Tecnol\u00f3gica &#8211; Facultad de Arte y Dise\u00f1o , Universidad Nacional de Misiones (2002), Ober\u00e1, Argentina. Mestre (2007) e Doutora (2012) em Educa\u00e7\u00e3o Cient\u00edfica e Tecnol\u00f3gica &#8211; Universidade Federal de Santa Catarina, Florian\u00f3polis, Brasil. Trabalha na forma\u00e7\u00e3o de professores em Educa\u00e7ao Tecnol\u00f3gica, na Facultad de Arte y Dise\u00f1o, da Universidad Nacional de Misiones, as disciplinas Tecnolog\u00eda I, Historia de la Producci\u00f3n y la Tecnolog\u00eda I e II.<\/span><\/p>\n","protected":false},"excerpt":{"rendered":"<p>&nbsp;Pesquisadores: &nbsp; &nbsp; Fabiana Roberta G. e Silva Hussein (UTFPR) (curriculum lattes)&nbsp; Possui gradua\u00e7\u00e3o em Bacharelado em Qu\u00edmica pela Universidade Federal de Pernambuco (1992), Mestrado em Qu\u00edmica pela Universidade Federal de Pernambuco (1995) e Doutorado em Qu\u00edmica pela Universidade Federal &hellip; <a href=\"https:\/\/utfpr.curitiba.br\/pesquisadaqbi\/?page_id=14\">Continue lendo <span class=\"meta-nav\">&rarr;<\/span><\/a><\/p>\n","protected":false},"author":5,"featured_media":0,"parent":0,"menu_order":0,"comment_status":"closed","ping_status":"open","template":"","meta":{"footnotes":""},"class_list":["post-14","page","type-page","status-publish","hentry"],"_links":{"self":[{"href":"https:\/\/utfpr.curitiba.br\/pesquisadaqbi\/index.php?rest_route=\/wp\/v2\/pages\/14","targetHints":{"allow":["GET"]}}],"collection":[{"href":"https:\/\/utfpr.curitiba.br\/pesquisadaqbi\/index.php?rest_route=\/wp\/v2\/pages"}],"about":[{"href":"https:\/\/utfpr.curitiba.br\/pesquisadaqbi\/index.php?rest_route=\/wp\/v2\/types\/page"}],"author":[{"embeddable":true,"href":"https:\/\/utfpr.curitiba.br\/pesquisadaqbi\/index.php?rest_route=\/wp\/v2\/users\/5"}],"replies":[{"embeddable":true,"href":"https:\/\/utfpr.curitiba.br\/pesquisadaqbi\/index.php?rest_route=%2Fwp%2Fv2%2Fcomments&post=14"}],"version-history":[{"count":30,"href":"https:\/\/utfpr.curitiba.br\/pesquisadaqbi\/index.php?rest_route=\/wp\/v2\/pages\/14\/revisions"}],"predecessor-version":[{"id":236,"href":"https:\/\/utfpr.curitiba.br\/pesquisadaqbi\/index.php?rest_route=\/wp\/v2\/pages\/14\/revisions\/236"}],"wp:attachment":[{"href":"https:\/\/utfpr.curitiba.br\/pesquisadaqbi\/index.php?rest_route=%2Fwp%2Fv2%2Fmedia&parent=14"}],"curies":[{"name":"wp","href":"https:\/\/api.w.org\/{rel}","templated":true}]}}