{"id":2,"date":"2021-04-27T15:48:16","date_gmt":"2021-04-27T18:48:16","guid":{"rendered":"http:\/\/ped.ct.utfpr.edu.br\/?page_id=2"},"modified":"2022-03-04T09:51:12","modified_gmt":"2022-03-04T12:51:12","slug":"pgp","status":"publish","type":"page","link":"https:\/\/utfpr.curitiba.br\/ped\/","title":{"rendered":"PGP &#8211; Curitiba"},"content":{"rendered":"\n<p>O Curso de Mestrado Profissional em Planejamento e Governan\u00e7a P\u00fablica (PPGPGP) visa desenvolver a\u00e7\u00f5es voltadas \u00e0 pesquisa aplicada e ao ensino norteadas pelos novos paradigmas do setor p\u00fablico, em que se demandam gestores de institui\u00e7\u00f5es p\u00fablicas, nas suas diversas formas (governamentais, de interesse p\u00fablico, educacionais e representativas de classe), com capacidade gerencial hol\u00edstica, sist\u00eamica, inovadora e sens\u00edvel as quest\u00f5es p\u00fablicas.<\/p>\n\n\n\n<p>O p\u00fablico-alvo do curso abrange uma gama multidisciplinar de profissionais, relacionados a estudos aplicados ao planejamento e pol\u00edticas p\u00fablicas, gest\u00e3o, governan\u00e7a e administra\u00e7\u00e3o p\u00fablica; docentes de cursos que formam profissionais para essa \u00e1rea; e gestores de institui\u00e7\u00f5es p\u00fablicas com forma\u00e7\u00e3o superior. Esses profissionais ter\u00e3o forma\u00e7\u00e3o profissional vinculada ao planejamento e governan\u00e7a p\u00fablica.<\/p>\n\n\n\n<p>Os retornos das a\u00e7\u00f5es do Estado, financiados pelas receitas p\u00fablicas, consistem na solu\u00e7\u00e3o de problemas sociais, econ\u00f4micos, distributivos, ambientais, de infraestrutura, entre outros, pela atividade dos \u00f3rg\u00e3os p\u00fablicos, que se articulam visando atender aos anseios da sociedade a partir de um processo planejado, transparente e democr\u00e1tico da interven\u00e7\u00e3o p\u00fablica.<\/p>\n\n\n\n<p>Apesar de existirem diversos problemas a serem solucionados discute-se, nos discursos, na academia, nas empresas e na forma de agir e de pensar das pessoas, uma preocupa\u00e7\u00e3o maior: a garantia da sobreviv\u00eancia, atual e futura, expressa pela sustentabilidade &#8211; a qual \u00e9 almejada e \u00e9 o objetivo a ser atingido. Contudo, todas as a\u00e7\u00f5es realizadas pelas pessoas e organiza\u00e7\u00f5es passaram a ser balizadas por esse prop\u00f3sito que, por sua vez, depende de diversos esfor\u00e7os.<\/p>\n\n\n\n<p>Entre os meios de alcance da sustentabilidade, \u00e9 poss\u00edvel citar algumas revela\u00e7\u00f5es do comportamento das pessoas e das organiza\u00e7\u00f5es, como a responsabilidade social e as pol\u00edticas p\u00fablicas &#8211; esfor\u00e7os que possuem um \u00fanico fim &#8211; que merecem aten\u00e7\u00e3o para verificar se est\u00e3o contribuindo ou n\u00e3o para a sustentabilidade. Assim, o alcance da sustentabilidade pressup\u00f5e o desenvolvimento, de modo sustent\u00e1vel, do comportamento, ou seja, s\u00f3 ser\u00e1 atingido quando houver um amadurecimento. Esse desenvolvimento \u00e9 o meio determinante para a sustentabilidade, visto que esta depende de condi\u00e7\u00f5es, intera\u00e7\u00f5es, comportamentos, a\u00e7\u00f5es e pensamentos maduros do assunto. Ademais, ele pode ser entendido como o cumprimento de etapas para alcan\u00e7ar a sustentabilidade, por exemplo: condi\u00e7\u00f5es sustent\u00e1veis de ensino, renda, atividade econ\u00f4mica, cultura, espacialidade, pol\u00edtica, planejamento, governan\u00e7a, entre outras. No entanto, a complexidade da sustentabilidade limita a compreens\u00e3o plena sobre o alcance dessas condi\u00e7\u00f5es.<\/p>\n\n\n\n<p>Assim, questiona-se, com base no pensamento da sustentabilidade, o processo de planejamento e interven\u00e7\u00e3o da a\u00e7\u00e3o p\u00fablica, que envolve a compreens\u00e3o dos anseios da sociedade, a formula\u00e7\u00e3o, implementa\u00e7\u00e3o e a avalia\u00e7\u00e3o das pol\u00edticas p\u00fablicas e seus resultados, bem como o processo de gest\u00e3o a partir de princ\u00edpios da governan\u00e7a p\u00fablica. Assim, prop\u00f5e-se que o pensar a sustentabilidade determine o amadurecimento sustent\u00e1vel das pessoas e das organiza\u00e7\u00f5es e que, entre outros comportamentos, esteja expresso nas pol\u00edticas p\u00fablicas e na forma de governan\u00e7a do Estado, de forma transparente, com lisura, e em sintonia aos prop\u00f3sitos p\u00fablicos que se estabelece para os governantes.<\/p>\n\n\n\n<p>Um projeto de desenvolvimento se inicia com a caracteriza\u00e7\u00e3o da sociedade e o estabelecimento de um objetivo (sustentabilidade) e meios (desenvolvimento sustent\u00e1vel) a partir de um planejamento que envolva a estrutura\u00e7\u00e3o, formula\u00e7\u00e3o e defini\u00e7\u00e3o de pol\u00edticas p\u00fablicas, bem como o processo de gest\u00e3o e governan\u00e7a para que se busque o objetivo almejado da sustentabilidade.<\/p>\n\n\n\n<p>Neste aspecto, a \u00e1rea de concentra\u00e7\u00e3o do mestrado proposto envolve esse processo inicial e mais amplo, ou seja, planejamento p\u00fablico, desenvolvimento e governan\u00e7a, e se desdobra em duas linhas de pesquisa que tratam de dois momentos diferentes desse processo: o primeiro, que se refere \u00e0&nbsp;<strong>Governan\u00e7a P\u00fablica e Desenvolvimento<\/strong>; e o segundo, que se refere ao&nbsp;<strong>Planejamento e Pol\u00edticas P\u00fablicas<\/strong>.<\/p>\n\n\n\n<p>Busca-se, desta forma, com essa \u00e1rea de concentra\u00e7\u00e3o aprimorar a pr\u00e1tica do processo de planejamento p\u00fablico em prol do desenvolvimento sustent\u00e1vel, compreendendo os seus processos, planejamento, execu\u00e7\u00e3o e acompanhamento das atividades do Estado, por meio de pol\u00edticas p\u00fablicas, para o alcance da sustentabilidade a partir dos princ\u00edpios da governan\u00e7a p\u00fablica. Pretende-se, com isso, contribuir com a pr\u00e1tica da governan\u00e7a p\u00fablica, com a capacita\u00e7\u00e3o de gestores e com estudos aplicados sobre planejamento, impacto e avalia\u00e7\u00e3o da interven\u00e7\u00e3o do Estado na sociedade.<\/p>\n\n\n\n<h3 class=\"wp-block-heading\">Linhas de pesquisa<\/h3>\n\n\n\n<p>S\u00e3o duas as Linhas de Pesquisa do PGP, cada uma com dois Projetos Estruturantes de Pesquisa, aos quais se vinculam os projetos de pesquisa coordenados pelos professores do Programa:<\/p>\n\n\n\n<p>&nbsp;<\/p>\n\n\n\n<h3 class=\"wp-block-heading\"><strong>Governan\u00e7a P\u00fablica e Desenvolvimento<\/strong><\/h3>\n\n\n\n<p>Esta linha de pesquisa faz a interface entre o processo de planejamento e defini\u00e7\u00f5es para implementa\u00e7\u00e3o, com a execu\u00e7\u00e3o e acompanhamento a partir dos princ\u00edpios da governan\u00e7a.<\/p>\n\n\n\n<p>Neste sentido tem-se como objetivo&nbsp;pesquisar temas relativos \u00e0 governan\u00e7a p\u00fablica e ao desenvolvimento, enfocando, ainda, a territorialidade. Assim, prioriza temas relacionados ao Estado, Governo, Sociedade e Administra\u00e7\u00e3o P\u00fablica, bem como outros segmentos da sociedade e organiza\u00e7\u00f5es que se articulam, contribuindo para o fortalecimento local e\/ou regional.<\/p>\n\n\n\n<p><strong>Projetos Estruturantes da Linha<\/strong><\/p>\n\n\n\n<p><strong>1) Governan\u00e7a P\u00fablica Como Contribui\u00e7\u00e3o Para o Planejamento e Desenvolvimento.<\/strong><\/p>\n\n\n\n<p>Este projeto pretende compreender, estudar e monitorar os instrumentos de governan\u00e7a p\u00fablica, e ela como um modelo para auxiliar o planejamento e o desenvolvimento, com transpar\u00eancia e evidencia\u00e7\u00e3o nas rela\u00e7\u00f5es territoriais entre agentes (executores das pol\u00edticas p\u00fablicas) e os principais (sociedade) Shareholders do Estado. Desta forma o projeto possui ader\u00eancia \u00e0 grande \u00e1rea (planejamento urbano e regional\/demografia) do Programa de P\u00f3s-Gradua\u00e7\u00e3o em Planejamento e Governan\u00e7a P\u00fablica, assim como \u00e0 \u00e1rea de concentra\u00e7\u00e3o (planejamento p\u00fablico e desenvolvimento) do programa, e \u00e0 linha de pesquisa de governan\u00e7a p\u00fablica e desenvolvimento, visto que pretende estudar, num sentido amplo, a contribui\u00e7\u00e3o da governan\u00e7a, da transpar\u00eancia e da evidencia\u00e7\u00e3o para o desenvolvimento, foco central da grande \u00e1rea de vincula\u00e7\u00e3o do programa, da \u00e1rea de concentra\u00e7\u00e3o e da linha pesquisa. E mais, nesse sentido a abrang\u00eancia do projeto \u00e9 ampla, haja vista envolver o estudo da governan\u00e7a p\u00fablica, seu desenvolvimento e implementa\u00e7\u00e3o nas esferas dos diversos setores e entes federativos, bem como as rela\u00e7\u00f5es institucionais entre os diversos agentes e os principais.<\/p>\n\n\n\n<p><strong><br>2) Planejamento Governamental, Gest\u00e3o e Inova\u00e7\u00e3o Para o Desenvolvimento Territorial.<\/strong><\/p>\n\n\n\n<p>Este projeto compreende um conjunto de temas que se relacionam com o planejamento governamental, gest\u00e3o e inova\u00e7\u00e3o para o desenvolvimento territorial, considerando os seus aspectos econ\u00f4micos, sociais e ambientais. Assim, busca-se propor a partir dos resultados dos estudos abarcados por este projeto estruturante, novas alternativas para a instrumentaliza\u00e7\u00e3o e efetividade das pr\u00e1ticas de gest\u00e3o, planejamento e inova\u00e7\u00e3o. Neste sentido o projeto possui ader\u00eancia \u00e0 grande \u00e1rea (planejamento urbano e regional\/demografia) do Programa de P\u00f3s-Gradua\u00e7\u00e3o em Planejamento e Governan\u00e7a P\u00fablica, assim como \u00e0 sua \u00e1rea de concentra\u00e7\u00e3o &#8211; planejamento p\u00fablico e desenvolvimento -, e \u00e0 linha de pesquisa de governan\u00e7a p\u00fablica e desenvolvimento visto que possui, em sua ess\u00eancia, o estudo do Planejamento P\u00fablico, da Gest\u00e3o e da Inova\u00e7\u00e3o, que s\u00e3o focos de estudos e resultados esperados no \u00e2mbito da grande \u00e1rea de vincula\u00e7\u00e3o, da \u00e1rea de concentra\u00e7\u00e3o e da linha pesquisa do Programa. Desta forma a abrang\u00eancia do projeto \u00e9 ampla e envolve o estudo do desenvolvimento territorial na esfera dos diversos setores econ\u00f4micos, sob diversos pontos de vista, englobando entes p\u00fablicos e privados.<\/p>\n\n\n\n<p>&nbsp;<\/p>\n\n\n\n<h3 class=\"wp-block-heading\"><strong>Planejamento e Pol\u00edticas P\u00fablicas<\/strong><\/h3>\n\n\n\n<p>Esta linha de pesquisa faz a interface entre planejamento e pol\u00edticas p\u00fablicas ao discutir os processos das pol\u00edticas p\u00fablicas, com enfoque para o seu planejamento e defini\u00e7\u00f5es para implementa\u00e7\u00e3o. Nessa abordagem, e no contexto da realidade brasileira, reflete-se sobre como s\u00e3o desenvolvidas as pol\u00edticas p\u00fablicas, principalmente as voltadas a um territ\u00f3rio, e a rela\u00e7\u00e3o destas com a condi\u00e7\u00e3o de vida dos cidad\u00e3os, as necessidades da popula\u00e7\u00e3o e as condi\u00e7\u00f5es da realidade local para a qual est\u00e3o sendo desenvolvidas. Assim, busca-se o entendimento b\u00e1sico das pol\u00edticas p\u00fablicas brasileiras e de suas poss\u00edveis articula\u00e7\u00f5es com o desenvolvimento sustent\u00e1vel, no m\u00e9dio e longo prazos, que exigem n\u00e3o apenas o estudo do processo pol\u00edtico e social do Brasil (hist\u00f3rico-contempor\u00e2neo), mas tamb\u00e9m uma an\u00e1lise das tend\u00eancias e das for\u00e7as internas e externas que impulsionam e limitam o processo de elabora\u00e7\u00e3o e de implementa\u00e7\u00e3o dessas pol\u00edticas. Com isso, esta linha de pesquisa, envolvendo pesquisadores com experi\u00eancia p\u00fablica, almeja desenvolver m\u00e9todos, t\u00e9cnicas e estudos para o aprimoramento da pr\u00e1tica e da teoria sobre a interven\u00e7\u00e3o do Estado visando o desenvolvimento sustent\u00e1vel do territ\u00f3rio.&nbsp;<\/p>\n\n\n\n<p>&nbsp;<\/p>\n\n\n\n<p><strong>Projetos Estruturantes da Linha<\/strong><\/p>\n\n\n\n<p><strong>1) Planejamento e Sustentabilidade: Agentes, Conflitos e Territ\u00f3rio.<\/strong><\/p>\n\n\n\n<p>Este projeto compreende o planejamento enquanto um processo pol\u00edtico-social. Assim, analisa as din\u00e2micas sociais, sua inter-rela\u00e7\u00e3o com o territ\u00f3rio e o planejamento de forma multidimensional abordando, entre outros, os seguintes temas: as a\u00e7\u00f5es coletivas, os fen\u00f4menos urbanos e regionais (como a metropoliza\u00e7\u00e3o, a periferiza\u00e7\u00e3o e novas ruralidades) e a a\u00e7\u00e3o do Estado e dos demais agentes sociais na conforma\u00e7\u00e3o do territ\u00f3rio. Nessa an\u00e1lise, p\u00f5e-se em perspectiva a necessidade de se transitar para um novo modelo de planejamento, buscando a sustentabilidade do territ\u00f3rio. Neste Sentido este projeto estruturante da linha de pesquisa em Planejamento e Pol\u00edticas P\u00fablicas, do Programa de P\u00f3s-Gradua\u00e7\u00e3o em Planejamento e Governan\u00e7a P\u00fablica, tem ader\u00eancia \u00e0 \u00e1rea de concentra\u00e7\u00e3o em Planejamento P\u00fablico e Desenvolvimento, pois analisa o processo de planejamento, a interven\u00e7\u00e3o da a\u00e7\u00e3o p\u00fablica e das organiza\u00e7\u00f5es, em um determinado territ\u00f3rio, considerando os prop\u00f3sitos p\u00fablicos e os conflitos sociais.<\/p>\n\n\n\n<p><strong>2) Pol\u00edticas P\u00fablicas em Perspectiva: An\u00e1lises e Processos<\/strong><\/p>\n\n\n\n<p>O presente projeto tem por objetivo analisar as pol\u00edticas p\u00fablicas de forma multidimensional, abordando, entre outros: seus conceitos; os atores envolvidos; o ciclo da pol\u00edtica; as institui\u00e7\u00f5es e a participa\u00e7\u00e3o popular; seus instrumentos e formas de controle. Este projeto estruturante da linha de pesquisa em Planejamento e Pol\u00edticas P\u00fablicas, do Programa de P\u00f3s-Gradua\u00e7\u00e3o em Planejamento e Governan\u00e7a P\u00fablica, tem ader\u00eancia \u00e0 \u00e1rea de concentra\u00e7\u00e3o em Planejamento P\u00fablico e Desenvolvimento pois busca meios para que se efetive o planejamento e a execu\u00e7\u00e3o de pol\u00edticas p\u00fablicas que avaliem a complexidade das a\u00e7\u00f5es, suas relev\u00e2ncia e interliga\u00e7\u00f5es com o desenvolvimento sustent\u00e1vel.<\/p>\n","protected":false},"excerpt":{"rendered":"<p>O Curso de Mestrado Profissional em Planejamento e Governan\u00e7a P\u00fablica (PPGPGP) visa desenvolver a\u00e7\u00f5es voltadas \u00e0 pesquisa aplicada e ao ensino norteadas pelos novos paradigmas do setor p\u00fablico, em que se demandam gestores de institui\u00e7\u00f5es p\u00fablicas, nas suas diversas formas (governamentais, de interesse p\u00fablico, educacionais e representativas de classe), com capacidade gerencial hol\u00edstica, sist\u00eamica, inovadora [&hellip;]<\/p>\n","protected":false},"author":1,"featured_media":0,"parent":0,"menu_order":0,"comment_status":"closed","ping_status":"closed","template":"","meta":{"site-sidebar-layout":"default","site-content-layout":"","ast-site-content-layout":"default","site-content-style":"default","site-sidebar-style":"default","ast-global-header-display":"","ast-banner-title-visibility":"","ast-main-header-display":"","ast-hfb-above-header-display":"","ast-hfb-below-header-display":"","ast-hfb-mobile-header-display":"","site-post-title":"","ast-breadcrumbs-content":"","ast-featured-img":"","footer-sml-layout":"","ast-disable-related-posts":"","theme-transparent-header-meta":"","adv-header-id-meta":"","stick-header-meta":"","header-above-stick-meta":"","header-main-stick-meta":"","header-below-stick-meta":"","astra-migrate-meta-layouts":"default","ast-page-background-enabled":"default","ast-page-background-meta":{"desktop":{"background-color":"var(--ast-global-color-4)","background-image":"","background-repeat":"repeat","background-position":"center center","background-size":"auto","background-attachment":"scroll","background-type":"","background-media":"","overlay-type":"","overlay-color":"","overlay-opacity":"","overlay-gradient":""},"tablet":{"background-color":"","background-image":"","background-repeat":"repeat","background-position":"center center","background-size":"auto","background-attachment":"scroll","background-type":"","background-media":"","overlay-type":"","overlay-color":"","overlay-opacity":"","overlay-gradient":""},"mobile":{"background-color":"","background-image":"","background-repeat":"repeat","background-position":"center center","background-size":"auto","background-attachment":"scroll","background-type":"","background-media":"","overlay-type":"","overlay-color":"","overlay-opacity":"","overlay-gradient":""}},"ast-content-background-meta":{"desktop":{"background-color":"var(--ast-global-color-5)","background-image":"","background-repeat":"repeat","background-position":"center center","background-size":"auto","background-attachment":"scroll","background-type":"","background-media":"","overlay-type":"","overlay-color":"","overlay-opacity":"","overlay-gradient":""},"tablet":{"background-color":"var(--ast-global-color-5)","background-image":"","background-repeat":"repeat","background-position":"center center","background-size":"auto","background-attachment":"scroll","background-type":"","background-media":"","overlay-type":"","overlay-color":"","overlay-opacity":"","overlay-gradient":""},"mobile":{"background-color":"var(--ast-global-color-5)","background-image":"","background-repeat":"repeat","background-position":"center center","background-size":"auto","background-attachment":"scroll","background-type":"","background-media":"","overlay-type":"","overlay-color":"","overlay-opacity":"","overlay-gradient":""}},"footnotes":""},"class_list":["post-2","page","type-page","status-publish","hentry"],"_links":{"self":[{"href":"https:\/\/utfpr.curitiba.br\/ped\/wp-json\/wp\/v2\/pages\/2","targetHints":{"allow":["GET"]}}],"collection":[{"href":"https:\/\/utfpr.curitiba.br\/ped\/wp-json\/wp\/v2\/pages"}],"about":[{"href":"https:\/\/utfpr.curitiba.br\/ped\/wp-json\/wp\/v2\/types\/page"}],"author":[{"embeddable":true,"href":"https:\/\/utfpr.curitiba.br\/ped\/wp-json\/wp\/v2\/users\/1"}],"replies":[{"embeddable":true,"href":"https:\/\/utfpr.curitiba.br\/ped\/wp-json\/wp\/v2\/comments?post=2"}],"version-history":[{"count":2,"href":"https:\/\/utfpr.curitiba.br\/ped\/wp-json\/wp\/v2\/pages\/2\/revisions"}],"predecessor-version":[{"id":10,"href":"https:\/\/utfpr.curitiba.br\/ped\/wp-json\/wp\/v2\/pages\/2\/revisions\/10"}],"wp:attachment":[{"href":"https:\/\/utfpr.curitiba.br\/ped\/wp-json\/wp\/v2\/media?parent=2"}],"curies":[{"name":"wp","href":"https:\/\/api.w.org\/{rel}","templated":true}]}}