{"id":964,"date":"2018-12-08T19:42:29","date_gmt":"2018-12-08T19:42:29","guid":{"rendered":"http:\/\/blogs.ct.utfpr.edu.br\/oprq\/?page_id=964"},"modified":"2023-04-03T09:11:07","modified_gmt":"2023-04-03T12:11:07","slug":"noticias","status":"publish","type":"page","link":"https:\/\/utfpr.curitiba.br\/oprq\/","title":{"rendered":"Not\u00edcias"},"content":{"rendered":"\n<div class=\"wp-block-group\"><div class=\"wp-block-group__inner-container is-layout-flow wp-block-group-is-layout-flow\">\n<div class=\"wp-block-group\"><div class=\"wp-block-group__inner-container is-layout-flow wp-block-group-is-layout-flow\">\n<p class=\"has-text-align-center has-text-color\" style=\"color:#d63d6b;font-size:18px\"><strong>AS OLIMP\u00cdADAS DE QU\u00cdMICA  A PARTIR DE 2023 ESTAR\u00c3O SOB A RESPONSABILIDADE DO INSTITUTO FEDERAL DO PARAN\u00c1.<\/strong><\/p>\n\n\n\n<p><strong>Coordenador<\/strong>: prof\u00ba Wellington Gallice<\/p>\n\n\n\n<p><strong>Informa\u00e7\u00f5es<\/strong>: duvidas@oprq.com.br<\/p>\n\n\n\n<p><strong>NOVO SITE<\/strong>: <a href=\"http:\/\/www.oprq.com.br\" target=\"_blank\" rel=\"noreferrer noopener\">www.oprq.com.br<\/a><\/p>\n<\/div><\/div>\n<\/div><\/div>\n\n\n\n<p><\/p>\n","protected":false},"excerpt":{"rendered":"<p>AS OLIMP\u00cdADAS DE QU\u00cdMICA A PARTIR DE 2023 ESTAR\u00c3O SOB A RESPONSABILIDADE DO INSTITUTO FEDERAL DO PARAN\u00c1. Coordenador: prof\u00ba Wellington Gallice Informa\u00e7\u00f5es: duvidas@oprq.com.br NOVO SITE: www.oprq.com.br<\/p>\n","protected":false},"author":6,"featured_media":0,"parent":0,"menu_order":0,"comment_status":"closed","ping_status":"closed","template":"","meta":{"footnotes":""},"class_list":["post-964","page","type-page","status-publish","hentry"],"_links":{"self":[{"href":"https:\/\/utfpr.curitiba.br\/oprq\/wp-json\/wp\/v2\/pages\/964","targetHints":{"allow":["GET"]}}],"collection":[{"href":"https:\/\/utfpr.curitiba.br\/oprq\/wp-json\/wp\/v2\/pages"}],"about":[{"href":"https:\/\/utfpr.curitiba.br\/oprq\/wp-json\/wp\/v2\/types\/page"}],"author":[{"embeddable":true,"href":"https:\/\/utfpr.curitiba.br\/oprq\/wp-json\/wp\/v2\/users\/6"}],"replies":[{"embeddable":true,"href":"https:\/\/utfpr.curitiba.br\/oprq\/wp-json\/wp\/v2\/comments?post=964"}],"version-history":[{"count":300,"href":"https:\/\/utfpr.curitiba.br\/oprq\/wp-json\/wp\/v2\/pages\/964\/revisions"}],"predecessor-version":[{"id":2188,"href":"https:\/\/utfpr.curitiba.br\/oprq\/wp-json\/wp\/v2\/pages\/964\/revisions\/2188"}],"wp:attachment":[{"href":"https:\/\/utfpr.curitiba.br\/oprq\/wp-json\/wp\/v2\/media?parent=964"}],"curies":[{"name":"wp","href":"https:\/\/api.w.org\/{rel}","templated":true}]}}