{"id":865,"date":"2022-12-01T07:39:21","date_gmt":"2022-12-01T10:39:21","guid":{"rendered":"https:\/\/utfpr.curitiba.br\/nucleoimagemcriativa\/?page_id=865"},"modified":"2022-12-04T16:36:32","modified_gmt":"2022-12-04T19:36:32","slug":"vai-uma-dica-ai","status":"publish","type":"page","link":"https:\/\/utfpr.curitiba.br\/nucleoimagemcriativa\/vai-uma-dica-ai\/","title":{"rendered":"Vai uma dica a\u00ed?"},"content":{"rendered":"\t\t<div data-elementor-type=\"wp-page\" data-elementor-id=\"865\" class=\"elementor elementor-865\">\n\t\t\t\t\t\t<section class=\"elementor-section elementor-top-section elementor-element elementor-element-54e728 elementor-section-boxed elementor-section-height-default elementor-section-height-default\" data-id=\"54e728\" data-element_type=\"section\" data-e-type=\"section\" data-settings=\"{&quot;background_background&quot;:&quot;classic&quot;}\">\n\t\t\t\t\t\t\t<div class=\"elementor-background-overlay\"><\/div>\n\t\t\t\t\t\t\t<div class=\"elementor-container elementor-column-gap-default\">\n\t\t\t\t\t<div class=\"elementor-column elementor-col-100 elementor-top-column elementor-element elementor-element-4ce9e6ea\" data-id=\"4ce9e6ea\" data-element_type=\"column\" data-e-type=\"column\">\n\t\t\t<div class=\"elementor-widget-wrap\">\n\t\t\t\t\t\t\t<\/div>\n\t\t<\/div>\n\t\t\t\t\t<\/div>\n\t\t<\/section>\n\t\t\t\t<section class=\"elementor-section elementor-top-section elementor-element elementor-element-3ccb33e6 elementor-section-boxed elementor-section-height-default elementor-section-height-default\" data-id=\"3ccb33e6\" data-element_type=\"section\" data-e-type=\"section\">\n\t\t\t\t\t\t<div class=\"elementor-container elementor-column-gap-default\">\n\t\t\t\t\t<div class=\"elementor-column elementor-col-100 elementor-top-column elementor-element elementor-element-2ed215d6\" data-id=\"2ed215d6\" data-element_type=\"column\" data-e-type=\"column\">\n\t\t\t<div class=\"elementor-widget-wrap elementor-element-populated\">\n\t\t\t\t\t\t<div class=\"elementor-element elementor-element-2921c9f elementor-widget elementor-widget-htmega-galleryjustify-addons\" data-id=\"2921c9f\" data-element_type=\"widget\" data-e-type=\"widget\" data-widget_type=\"htmega-galleryjustify-addons.default\">\n\t\t\t\t<div class=\"elementor-widget-container\">\n\t\t\t\t\t<div id=\"npgallery2921c9f\" class=\"npgallery_active2921c9f\"style=\"display:none;\">                        <div class=\"htmega-justify-single-image\">\n                            <div class=\"thumb\">\n                                <a data-elementor-open-lightbox=\"no\" href=\"https:\/\/utfpr-ct-static-content.s3.amazonaws.com\/utfpr.curitiba.br\/wp-content\/uploads\/sites\/128\/2022\/12\/Maria-Vitoria-Galli-da-Silva-scaled.jpg\" title=\"Projeto 31\" rel=\"npgallery\">\n                                    <img decoding=\"async\" src=\"https:\/\/utfpr-ct-static-content.s3.amazonaws.com\/utfpr.curitiba.br\/wp-content\/uploads\/sites\/128\/2022\/12\/Maria-Vitoria-Galli-da-Silva-scaled.jpg\" alt=\"\">\n                                <\/a>\n                            <\/div>\n                        <\/div>\n\n                                            <div class=\"htmega-justify-single-image\">\n                            <div class=\"thumb\">\n                                <a data-elementor-open-lightbox=\"no\" href=\"https:\/\/utfpr-ct-static-content.s3.amazonaws.com\/utfpr.curitiba.br\/wp-content\/uploads\/sites\/128\/2022\/12\/Thallyta-Viana-scaled.jpg\" title=\"Thallyta Viana\" rel=\"npgallery\">\n                                    <img decoding=\"async\" src=\"https:\/\/utfpr-ct-static-content.s3.amazonaws.com\/utfpr.curitiba.br\/wp-content\/uploads\/sites\/128\/2022\/12\/Thallyta-Viana-scaled.jpg\" alt=\"\">\n                                <\/a>\n                            <\/div>\n                        <\/div>\n\n                                            <div class=\"htmega-justify-single-image\">\n                            <div class=\"thumb\">\n                                <a data-elementor-open-lightbox=\"no\" href=\"https:\/\/utfpr-ct-static-content.s3.amazonaws.com\/utfpr.curitiba.br\/wp-content\/uploads\/sites\/128\/2022\/12\/Maria-Julia-Yucari-de-Souza-Yuaoka.jpg\" title=\"Maria Julia Yucari de Souza Yuaoka\" rel=\"npgallery\">\n                                    <img decoding=\"async\" src=\"https:\/\/utfpr-ct-static-content.s3.amazonaws.com\/utfpr.curitiba.br\/wp-content\/uploads\/sites\/128\/2022\/12\/Maria-Julia-Yucari-de-Souza-Yuaoka.jpg\" alt=\"\">\n                                <\/a>\n                            <\/div>\n                        <\/div>\n\n                                            <div class=\"htmega-justify-single-image\">\n                            <div class=\"thumb\">\n                                <a data-elementor-open-lightbox=\"no\" href=\"https:\/\/utfpr-ct-static-content.s3.amazonaws.com\/utfpr.curitiba.br\/wp-content\/uploads\/sites\/128\/2022\/12\/Vitor-Neckel-scaled.jpg\" title=\"Vitor Neckel\" rel=\"npgallery\">\n                                    <img decoding=\"async\" src=\"https:\/\/utfpr-ct-static-content.s3.amazonaws.com\/utfpr.curitiba.br\/wp-content\/uploads\/sites\/128\/2022\/12\/Vitor-Neckel-scaled.jpg\" alt=\"\">\n                                <\/a>\n                            <\/div>\n                        <\/div>\n\n                                            <div class=\"htmega-justify-single-image\">\n                            <div class=\"thumb\">\n                                <a data-elementor-open-lightbox=\"no\" href=\"https:\/\/utfpr-ct-static-content.s3.amazonaws.com\/utfpr.curitiba.br\/wp-content\/uploads\/sites\/128\/2022\/12\/Rafaela-Maria-Ventura-scaled.jpg\" title=\"Rafaela Maria Ventura\" rel=\"npgallery\">\n                                    <img decoding=\"async\" src=\"https:\/\/utfpr-ct-static-content.s3.amazonaws.com\/utfpr.curitiba.br\/wp-content\/uploads\/sites\/128\/2022\/12\/Rafaela-Maria-Ventura-scaled.jpg\" alt=\"\">\n                                <\/a>\n                            <\/div>\n                        <\/div>\n\n                                            <div class=\"htmega-justify-single-image\">\n                            <div class=\"thumb\">\n                                <a data-elementor-open-lightbox=\"no\" href=\"https:\/\/utfpr-ct-static-content.s3.amazonaws.com\/utfpr.curitiba.br\/wp-content\/uploads\/sites\/128\/2022\/12\/Matheus-Leonardo-Arruda-scaled.jpg\" title=\"Matheus Leonardo Arruda\" rel=\"npgallery\">\n                                    <img decoding=\"async\" src=\"https:\/\/utfpr-ct-static-content.s3.amazonaws.com\/utfpr.curitiba.br\/wp-content\/uploads\/sites\/128\/2022\/12\/Matheus-Leonardo-Arruda-scaled.jpg\" alt=\"\">\n                                <\/a>\n                            <\/div>\n                        <\/div>\n\n                                            <div class=\"htmega-justify-single-image\">\n                            <div class=\"thumb\">\n                                <a data-elementor-open-lightbox=\"no\" href=\"https:\/\/utfpr-ct-static-content.s3.amazonaws.com\/utfpr.curitiba.br\/wp-content\/uploads\/sites\/128\/2022\/12\/Joao-Pedro-Renzo-Maia-scaled.jpg\" title=\"Jo\u00e3o Pedro Renzo Maia\" rel=\"npgallery\">\n                                    <img decoding=\"async\" src=\"https:\/\/utfpr-ct-static-content.s3.amazonaws.com\/utfpr.curitiba.br\/wp-content\/uploads\/sites\/128\/2022\/12\/Joao-Pedro-Renzo-Maia-scaled.jpg\" alt=\"\">\n                                <\/a>\n                            <\/div>\n                        <\/div>\n\n                                            <div class=\"htmega-justify-single-image\">\n                            <div class=\"thumb\">\n                                <a data-elementor-open-lightbox=\"no\" href=\"https:\/\/utfpr-ct-static-content.s3.amazonaws.com\/utfpr.curitiba.br\/wp-content\/uploads\/sites\/128\/2022\/12\/Elizama-Thurmann-scaled.jpg\" title=\"Elizama Thurmann\" rel=\"npgallery\">\n                                    <img decoding=\"async\" src=\"https:\/\/utfpr-ct-static-content.s3.amazonaws.com\/utfpr.curitiba.br\/wp-content\/uploads\/sites\/128\/2022\/12\/Elizama-Thurmann-scaled.jpg\" alt=\"\">\n                                <\/a>\n                            <\/div>\n                        <\/div>\n\n                                            <div class=\"htmega-justify-single-image\">\n                            <div class=\"thumb\">\n                                <a data-elementor-open-lightbox=\"no\" href=\"https:\/\/utfpr-ct-static-content.s3.amazonaws.com\/utfpr.curitiba.br\/wp-content\/uploads\/sites\/128\/2022\/12\/Caroline-Mika-Miashiro-scaled.jpg\" title=\"Caroline Mika Miashiro\" rel=\"npgallery\">\n                                    <img decoding=\"async\" src=\"https:\/\/utfpr-ct-static-content.s3.amazonaws.com\/utfpr.curitiba.br\/wp-content\/uploads\/sites\/128\/2022\/12\/Caroline-Mika-Miashiro-scaled.jpg\" alt=\"\">\n                                <\/a>\n                            <\/div>\n                        <\/div>\n\n                                            <div class=\"htmega-justify-single-image\">\n                            <div class=\"thumb\">\n                                <a data-elementor-open-lightbox=\"no\" href=\"https:\/\/utfpr-ct-static-content.s3.amazonaws.com\/utfpr.curitiba.br\/wp-content\/uploads\/sites\/128\/2022\/12\/Ronald-de-Lima-Soares-scaled.jpg\" title=\"Ronald de Lima Soares\" rel=\"npgallery\">\n                                    <img decoding=\"async\" src=\"https:\/\/utfpr-ct-static-content.s3.amazonaws.com\/utfpr.curitiba.br\/wp-content\/uploads\/sites\/128\/2022\/12\/Ronald-de-Lima-Soares-scaled.jpg\" alt=\"\">\n                                <\/a>\n                            <\/div>\n                        <\/div>\n\n                                            <div class=\"htmega-justify-single-image\">\n                            <div class=\"thumb\">\n                                <a data-elementor-open-lightbox=\"no\" href=\"https:\/\/utfpr-ct-static-content.s3.amazonaws.com\/utfpr.curitiba.br\/wp-content\/uploads\/sites\/128\/2022\/12\/Nicole-Caroline-da-Silva-scaled.jpg\" title=\"Nicole Caroline da Silva\" rel=\"npgallery\">\n                                    <img decoding=\"async\" src=\"https:\/\/utfpr-ct-static-content.s3.amazonaws.com\/utfpr.curitiba.br\/wp-content\/uploads\/sites\/128\/2022\/12\/Nicole-Caroline-da-Silva-scaled.jpg\" alt=\"\">\n                                <\/a>\n                            <\/div>\n                        <\/div>\n\n                                            <div class=\"htmega-justify-single-image\">\n                            <div class=\"thumb\">\n                                <a data-elementor-open-lightbox=\"no\" href=\"https:\/\/utfpr-ct-static-content.s3.amazonaws.com\/utfpr.curitiba.br\/wp-content\/uploads\/sites\/128\/2022\/12\/Leonardo-dos-Santos-scaled.jpg\" title=\"Leonardo dos Santos\" rel=\"npgallery\">\n                                    <img decoding=\"async\" src=\"https:\/\/utfpr-ct-static-content.s3.amazonaws.com\/utfpr.curitiba.br\/wp-content\/uploads\/sites\/128\/2022\/12\/Leonardo-dos-Santos-scaled.jpg\" alt=\"\">\n                                <\/a>\n                            <\/div>\n                        <\/div>\n\n                                            <div class=\"htmega-justify-single-image\">\n                            <div class=\"thumb\">\n                                <a data-elementor-open-lightbox=\"no\" href=\"https:\/\/utfpr-ct-static-content.s3.amazonaws.com\/utfpr.curitiba.br\/wp-content\/uploads\/sites\/128\/2022\/12\/Kauane-Stoco-de-Jesus-scaled.jpg\" title=\"Kauane Stoco de Jesus\" rel=\"npgallery\">\n                                    <img decoding=\"async\" src=\"https:\/\/utfpr-ct-static-content.s3.amazonaws.com\/utfpr.curitiba.br\/wp-content\/uploads\/sites\/128\/2022\/12\/Kauane-Stoco-de-Jesus-scaled.jpg\" alt=\"\">\n                                <\/a>\n                            <\/div>\n                        <\/div>\n\n                                            <div class=\"htmega-justify-single-image\">\n                            <div class=\"thumb\">\n                                <a data-elementor-open-lightbox=\"no\" href=\"https:\/\/utfpr-ct-static-content.s3.amazonaws.com\/utfpr.curitiba.br\/wp-content\/uploads\/sites\/128\/2022\/12\/Silvia-Regina-Coelho-scaled.jpg\" title=\"Silvia Regina Coelho\" rel=\"npgallery\">\n                                    <img decoding=\"async\" src=\"https:\/\/utfpr-ct-static-content.s3.amazonaws.com\/utfpr.curitiba.br\/wp-content\/uploads\/sites\/128\/2022\/12\/Silvia-Regina-Coelho-scaled.jpg\" alt=\"\">\n                                <\/a>\n                            <\/div>\n                        <\/div>\n\n                                            <div class=\"htmega-justify-single-image\">\n                            <div class=\"thumb\">\n                                <a data-elementor-open-lightbox=\"no\" href=\"https:\/\/utfpr-ct-static-content.s3.amazonaws.com\/utfpr.curitiba.br\/wp-content\/uploads\/sites\/128\/2022\/12\/Pamella-Frison-Goncalves-scaled.jpg\" title=\"Pamella Frison Gon\u00e7alves\" rel=\"npgallery\">\n                                    <img decoding=\"async\" src=\"https:\/\/utfpr-ct-static-content.s3.amazonaws.com\/utfpr.curitiba.br\/wp-content\/uploads\/sites\/128\/2022\/12\/Pamella-Frison-Goncalves-scaled.jpg\" alt=\"\">\n                                <\/a>\n                            <\/div>\n                        <\/div>\n\n                                            <div class=\"htmega-justify-single-image\">\n                            <div class=\"thumb\">\n                                <a data-elementor-open-lightbox=\"no\" href=\"https:\/\/utfpr-ct-static-content.s3.amazonaws.com\/utfpr.curitiba.br\/wp-content\/uploads\/sites\/128\/2022\/12\/Mariana-Rita-Horst-Ramos-scaled.jpg\" title=\"Mariana Rita Horst Ramos\" rel=\"npgallery\">\n                                    <img decoding=\"async\" src=\"https:\/\/utfpr-ct-static-content.s3.amazonaws.com\/utfpr.curitiba.br\/wp-content\/uploads\/sites\/128\/2022\/12\/Mariana-Rita-Horst-Ramos-scaled.jpg\" alt=\"\">\n                                <\/a>\n                            <\/div>\n                        <\/div>\n\n                                            <div class=\"htmega-justify-single-image\">\n                            <div class=\"thumb\">\n                                <a data-elementor-open-lightbox=\"no\" href=\"https:\/\/utfpr-ct-static-content.s3.amazonaws.com\/utfpr.curitiba.br\/wp-content\/uploads\/sites\/128\/2022\/12\/Larissa-Sayuri-Usuki-scaled.jpg\" title=\"Larissa Sayuri Usuki\" rel=\"npgallery\">\n                                    <img decoding=\"async\" src=\"https:\/\/utfpr-ct-static-content.s3.amazonaws.com\/utfpr.curitiba.br\/wp-content\/uploads\/sites\/128\/2022\/12\/Larissa-Sayuri-Usuki-scaled.jpg\" alt=\"\">\n                                <\/a>\n                            <\/div>\n                        <\/div>\n\n                                            <div class=\"htmega-justify-single-image\">\n                            <div class=\"thumb\">\n                                <a data-elementor-open-lightbox=\"no\" href=\"https:\/\/utfpr-ct-static-content.s3.amazonaws.com\/utfpr.curitiba.br\/wp-content\/uploads\/sites\/128\/2022\/12\/Fernanda-Gabriela-Rocha-dos-Santos-scaled.jpg\" title=\"Fernanda Gabriela Rocha dos Santos\" rel=\"npgallery\">\n                                    <img decoding=\"async\" src=\"https:\/\/utfpr-ct-static-content.s3.amazonaws.com\/utfpr.curitiba.br\/wp-content\/uploads\/sites\/128\/2022\/12\/Fernanda-Gabriela-Rocha-dos-Santos-scaled.jpg\" alt=\"\">\n                                <\/a>\n                            <\/div>\n                        <\/div>\n\n                                            <div class=\"htmega-justify-single-image\">\n                            <div class=\"thumb\">\n                                <a data-elementor-open-lightbox=\"no\" href=\"https:\/\/utfpr-ct-static-content.s3.amazonaws.com\/utfpr.curitiba.br\/wp-content\/uploads\/sites\/128\/2022\/12\/Elisa-dos-Santos-Costa-scaled.jpg\" title=\"Elisa dos Santos Costa\" rel=\"npgallery\">\n                                    <img decoding=\"async\" src=\"https:\/\/utfpr-ct-static-content.s3.amazonaws.com\/utfpr.curitiba.br\/wp-content\/uploads\/sites\/128\/2022\/12\/Elisa-dos-Santos-Costa-scaled.jpg\" alt=\"\">\n                                <\/a>\n                            <\/div>\n                        <\/div>\n\n                                            <div class=\"htmega-justify-single-image\">\n                            <div class=\"thumb\">\n                                <a data-elementor-open-lightbox=\"no\" href=\"https:\/\/utfpr-ct-static-content.s3.amazonaws.com\/utfpr.curitiba.br\/wp-content\/uploads\/sites\/128\/2022\/12\/Carolina-Dias-de-Moura-scaled.jpg\" title=\"Carolina Dias de Moura\" rel=\"npgallery\">\n                                    <img decoding=\"async\" src=\"https:\/\/utfpr-ct-static-content.s3.amazonaws.com\/utfpr.curitiba.br\/wp-content\/uploads\/sites\/128\/2022\/12\/Carolina-Dias-de-Moura-scaled.jpg\" alt=\"\">\n                                <\/a>\n                            <\/div>\n                        <\/div>\n\n                                            <div class=\"htmega-justify-single-image\">\n                            <div class=\"thumb\">\n                                <a data-elementor-open-lightbox=\"no\" href=\"https:\/\/utfpr-ct-static-content.s3.amazonaws.com\/utfpr.curitiba.br\/wp-content\/uploads\/sites\/128\/2022\/12\/Amanda-Hoefling-Vila-Fernandes-scaled.jpg\" title=\"Amanda Hoefling Vila Fernandes\" rel=\"npgallery\">\n                                    <img decoding=\"async\" src=\"https:\/\/utfpr-ct-static-content.s3.amazonaws.com\/utfpr.curitiba.br\/wp-content\/uploads\/sites\/128\/2022\/12\/Amanda-Hoefling-Vila-Fernandes-scaled.jpg\" alt=\"\">\n                                <\/a>\n                            <\/div>\n                        <\/div>\n\n                                            <div class=\"htmega-justify-single-image\">\n                            <div class=\"thumb\">\n                                <a data-elementor-open-lightbox=\"no\" href=\"https:\/\/utfpr-ct-static-content.s3.amazonaws.com\/utfpr.curitiba.br\/wp-content\/uploads\/sites\/128\/2022\/12\/Lucas-Mendonca-scaled.jpg\" title=\"Lucas Mendon\u00e7a\" rel=\"npgallery\">\n                                    <img decoding=\"async\" src=\"https:\/\/utfpr-ct-static-content.s3.amazonaws.com\/utfpr.curitiba.br\/wp-content\/uploads\/sites\/128\/2022\/12\/Lucas-Mendonca-scaled.jpg\" alt=\"\">\n                                <\/a>\n                            <\/div>\n                        <\/div>\n\n                                            <div class=\"htmega-justify-single-image\">\n                            <div class=\"thumb\">\n                                <a data-elementor-open-lightbox=\"no\" href=\"https:\/\/utfpr-ct-static-content.s3.amazonaws.com\/utfpr.curitiba.br\/wp-content\/uploads\/sites\/128\/2022\/12\/Joao-Matheus-Pereira-de-Abreu-scaled.jpg\" title=\"Jo\u00e3o Matheus Pereira de Abreu\" rel=\"npgallery\">\n                                    <img decoding=\"async\" src=\"https:\/\/utfpr-ct-static-content.s3.amazonaws.com\/utfpr.curitiba.br\/wp-content\/uploads\/sites\/128\/2022\/12\/Joao-Matheus-Pereira-de-Abreu-scaled.jpg\" alt=\"\">\n                                <\/a>\n                            <\/div>\n                        <\/div>\n\n                                            <div class=\"htmega-justify-single-image\">\n                            <div class=\"thumb\">\n                                <a data-elementor-open-lightbox=\"no\" href=\"https:\/\/utfpr-ct-static-content.s3.amazonaws.com\/utfpr.curitiba.br\/wp-content\/uploads\/sites\/128\/2022\/12\/Vitoria-Brito-Mendes.jpg\" title=\"Vitoria Brito Mendes\" rel=\"npgallery\">\n                                    <img decoding=\"async\" src=\"https:\/\/utfpr-ct-static-content.s3.amazonaws.com\/utfpr.curitiba.br\/wp-content\/uploads\/sites\/128\/2022\/12\/Vitoria-Brito-Mendes.jpg\" alt=\"\">\n                                <\/a>\n                            <\/div>\n                        <\/div>\n\n                    <\/div>        <script>\n            jQuery(document).ready(function($) {\n\n                'use strict';                \n                $('#npgallery2921c9f').imagesLoaded( function() {\n                    $('#npgallery2921c9f')[0].style.display='block';\n                    $('#npgallery2921c9f').justifiedGallery({\n                        rowHeight: 345,\n                        maxRowHeight: null,\n                        margins: 20,\n                        border: 0,\n                        rel: 'npgallery2921c9f',\n                        lastRow: 'nojustify',\n                        captions: true,\n                        randomize: false,\n                        sizeRangeSuffixes: {\n                            lt100: '_t',\n                            lt240: '_m',\n                            lt320: '_n',\n                            lt500: '',\n                            lt640: '_z',\n                            lt1024: '_b'\n                        }\n                    });\n                });\n                                    $('.npgallery_active2921c9f').magnificPopup({\n                        delegate: 'a',\n                        type: 'image',\n                        tLoading: 'Loading image #%curr%...',\n                        mainClass: 'mfp-img-mobile',\n                        gallery: {\n                            enabled: true,\n                            navigateByImgClick: true,\n                            preload: [0,1], \/\/ Will preload 0 - before current, and 1 after the current image\n\n                                                        tCounter: '',\n                                                    },\n                        image: {\n                            tError: '<a href=\"%url%\">The image #%curr%<\/a> could not be loaded.',\n\n                            markup: '<div class=\"mfp-figure\">'+\n                                        '<div class=\"mfp-close\"><\/div>'+\n                                        '<div class=\"mfp-img\"><\/div>'+\n                                        '<div class=\"mfp-bottom-bar\">'+\n                                        '<div class=\"htmega mfp-title\"><\/div>'+\n                                        '<div class=\"htmega mfp-counter\"><\/div>'+\n                                        '<\/div>'+\n                                    '<\/div>', \/\/ Popup HTML markup. `.mfp-img` div will be replaced with img tag, `.mfp-close` by close button\n\n                            titleSrc: function(item) {\n                                return item.el.attr('title');\n                            }\n                        },\n                    });\n\n                           });\n        <\/script>\n        \t\t\t\t<\/div>\n\t\t\t\t<\/div>\n\t\t\t\t\t<\/div>\n\t\t<\/div>\n\t\t\t\t\t<\/div>\n\t\t<\/section>\n\t\t\t\t<\/div>\n\t\t","protected":false},"excerpt":{"rendered":"<p>Exposi\u00e7\u00e3o Vai uma dica a\u00ed? Os cartazes que comp\u00f5em esta colet\u00e2nea foram desenvolvidos pelos estudantes das disciplinas de Tratamento de Imagem do curso de Tecnologia em Design Gr\u00e1fico do Departamento de Desenho Industrial da UTFPR, no segundo semestre de 2022. Foram projetados para divulgar a exposi\u00e7\u00e3o fotogr\u00e1fica e de cartazes denominada &#8220;Vai uma dica a\u00ed? [&hellip;]<\/p>\n","protected":false},"author":154,"featured_media":0,"parent":0,"menu_order":0,"comment_status":"closed","ping_status":"closed","template":"","meta":{"site-sidebar-layout":"no-sidebar","site-content-layout":"page-builder","ast-site-content-layout":"default","site-content-style":"default","site-sidebar-style":"default","ast-global-header-display":"","ast-banner-title-visibility":"","ast-main-header-display":"","ast-hfb-above-header-display":"","ast-hfb-below-header-display":"","ast-hfb-mobile-header-display":"","site-post-title":"disabled","ast-breadcrumbs-content":"","ast-featured-img":"disabled","footer-sml-layout":"","ast-disable-related-posts":"","theme-transparent-header-meta":"","adv-header-id-meta":"","stick-header-meta":"","header-above-stick-meta":"","header-main-stick-meta":"","header-below-stick-meta":"","astra-migrate-meta-layouts":"default","ast-page-background-enabled":"default","ast-page-background-meta":{"desktop":{"background-color":"var(--ast-global-color-4)","background-image":"","background-repeat":"repeat","background-position":"center center","background-size":"auto","background-attachment":"scroll","background-type":"","background-media":"","overlay-type":"","overlay-color":"","overlay-opacity":"","overlay-gradient":""},"tablet":{"background-color":"","background-image":"","background-repeat":"repeat","background-position":"center center","background-size":"auto","background-attachment":"scroll","background-type":"","background-media":"","overlay-type":"","overlay-color":"","overlay-opacity":"","overlay-gradient":""},"mobile":{"background-color":"","background-image":"","background-repeat":"repeat","background-position":"center center","background-size":"auto","background-attachment":"scroll","background-type":"","background-media":"","overlay-type":"","overlay-color":"","overlay-opacity":"","overlay-gradient":""}},"ast-content-background-meta":{"desktop":{"background-color":"var(--ast-global-color-5)","background-image":"","background-repeat":"repeat","background-position":"center center","background-size":"auto","background-attachment":"scroll","background-type":"","background-media":"","overlay-type":"","overlay-color":"","overlay-opacity":"","overlay-gradient":""},"tablet":{"background-color":"var(--ast-global-color-5)","background-image":"","background-repeat":"repeat","background-position":"center center","background-size":"auto","background-attachment":"scroll","background-type":"","background-media":"","overlay-type":"","overlay-color":"","overlay-opacity":"","overlay-gradient":""},"mobile":{"background-color":"var(--ast-global-color-5)","background-image":"","background-repeat":"repeat","background-position":"center center","background-size":"auto","background-attachment":"scroll","background-type":"","background-media":"","overlay-type":"","overlay-color":"","overlay-opacity":"","overlay-gradient":""}},"footnotes":""},"class_list":["post-865","page","type-page","status-publish","hentry"],"_links":{"self":[{"href":"https:\/\/utfpr.curitiba.br\/nucleoimagemcriativa\/wp-json\/wp\/v2\/pages\/865","targetHints":{"allow":["GET"]}}],"collection":[{"href":"https:\/\/utfpr.curitiba.br\/nucleoimagemcriativa\/wp-json\/wp\/v2\/pages"}],"about":[{"href":"https:\/\/utfpr.curitiba.br\/nucleoimagemcriativa\/wp-json\/wp\/v2\/types\/page"}],"author":[{"embeddable":true,"href":"https:\/\/utfpr.curitiba.br\/nucleoimagemcriativa\/wp-json\/wp\/v2\/users\/154"}],"replies":[{"embeddable":true,"href":"https:\/\/utfpr.curitiba.br\/nucleoimagemcriativa\/wp-json\/wp\/v2\/comments?post=865"}],"version-history":[{"count":7,"href":"https:\/\/utfpr.curitiba.br\/nucleoimagemcriativa\/wp-json\/wp\/v2\/pages\/865\/revisions"}],"predecessor-version":[{"id":929,"href":"https:\/\/utfpr.curitiba.br\/nucleoimagemcriativa\/wp-json\/wp\/v2\/pages\/865\/revisions\/929"}],"wp:attachment":[{"href":"https:\/\/utfpr.curitiba.br\/nucleoimagemcriativa\/wp-json\/wp\/v2\/media?parent=865"}],"curies":[{"name":"wp","href":"https:\/\/api.w.org\/{rel}","templated":true}]}}