{"id":4349,"date":"2024-04-24T12:38:48","date_gmt":"2024-04-24T15:38:48","guid":{"rendered":"https:\/\/utfpr.curitiba.br\/nucleofotografia\/?page_id=4349"},"modified":"2024-10-18T18:56:54","modified_gmt":"2024-10-18T21:56:54","slug":"movimento-sustentavel","status":"publish","type":"page","link":"https:\/\/utfpr.curitiba.br\/nucleofotografia\/movimento-sustentavel\/","title":{"rendered":"Movimento Sustent\u00e1vel"},"content":{"rendered":"\t\t<div data-elementor-type=\"wp-page\" data-elementor-id=\"4349\" class=\"elementor elementor-4349\">\n\t\t\t\t\t\t<\/div>\n\t\t","protected":false},"excerpt":{"rendered":"<p>Sobre A\u00a0Semana por la Sostenibilidad Iberoam\u00e9rica\u00a0\u00e9 um evento anual que busca promover a conscientiza\u00e7\u00e3o e a\u00e7\u00f5es em prol da sustentabilidade em diversos pa\u00edses da Am\u00e9rica Latina e Pen\u00ednsula Ib\u00e9rica.\u00c9 um evento organizado pelo Ciclo Siete, uma comunidade voltada para a\u00e7\u00f5es de sustentabilidade e meio ambiente. Participa\u00e7\u00e3o do N\u00facleo Como parte das comemora\u00e7\u00f5es desta importante iniciativa, o\u00a0\u201cMovimento Sustent\u00e1vel\u201d \u00e9 um desafio do\u00a0N\u00facleo de Fotografia\u00a0e do\u00a0N\u00facleo de Imagem Criativa, ambos da UTFPR, que tem como objetivo\u00a0incentivar a realiza\u00e7\u00e3o de a\u00e7\u00f5es sustent\u00e1veis e a produ\u00e7\u00e3o de conte\u00fado visual\/textual sobre sustentabilidade.\u00a0Poder\u00e3o participar estudantes, t\u00e9cnicos administrativos, professores da UTFPR e comunidade externa Para mais informa\u00e7\u00f5es: Clique aqui<\/p>\n","protected":false},"author":279,"featured_media":0,"parent":0,"menu_order":0,"comment_status":"closed","ping_status":"closed","template":"","meta":{"footnotes":""},"class_list":["post-4349","page","type-page","status-publish","czr-hentry"],"_links":{"self":[{"href":"https:\/\/utfpr.curitiba.br\/nucleofotografia\/wp-json\/wp\/v2\/pages\/4349","targetHints":{"allow":["GET"]}}],"collection":[{"href":"https:\/\/utfpr.curitiba.br\/nucleofotografia\/wp-json\/wp\/v2\/pages"}],"about":[{"href":"https:\/\/utfpr.curitiba.br\/nucleofotografia\/wp-json\/wp\/v2\/types\/page"}],"author":[{"embeddable":true,"href":"https:\/\/utfpr.curitiba.br\/nucleofotografia\/wp-json\/wp\/v2\/users\/279"}],"replies":[{"embeddable":true,"href":"https:\/\/utfpr.curitiba.br\/nucleofotografia\/wp-json\/wp\/v2\/comments?post=4349"}],"version-history":[{"count":17,"href":"https:\/\/utfpr.curitiba.br\/nucleofotografia\/wp-json\/wp\/v2\/pages\/4349\/revisions"}],"predecessor-version":[{"id":4458,"href":"https:\/\/utfpr.curitiba.br\/nucleofotografia\/wp-json\/wp\/v2\/pages\/4349\/revisions\/4458"}],"wp:attachment":[{"href":"https:\/\/utfpr.curitiba.br\/nucleofotografia\/wp-json\/wp\/v2\/media?parent=4349"}],"curies":[{"name":"wp","href":"https:\/\/api.w.org\/{rel}","templated":true}]}}