{"id":15171,"date":"2025-05-21T23:12:37","date_gmt":"2025-05-22T02:12:37","guid":{"rendered":"https:\/\/utfpr.curitiba.br\/nucleodesignanimacao\/?page_id=15171"},"modified":"2026-03-18T19:06:47","modified_gmt":"2026-03-18T22:06:47","slug":"parceiros-2","status":"publish","type":"page","link":"https:\/\/utfpr.curitiba.br\/nucleodesignanimacao\/?page_id=15171","title":{"rendered":"Iniciativas"},"content":{"rendered":"\t\t<div data-elementor-type=\"wp-page\" data-elementor-id=\"15171\" class=\"elementor elementor-15171\">\n\t\t\t\t<div class=\"elementor-element elementor-element-88ec1f6 e-flex e-con-boxed e-con e-parent\" data-id=\"88ec1f6\" data-element_type=\"container\" data-e-type=\"container\" data-settings=\"{&quot;background_background&quot;:&quot;classic&quot;}\">\n\t\t\t\t\t<div class=\"e-con-inner\">\n\t\t<div class=\"elementor-element elementor-element-7667b75 e-con-full e-flex e-con e-child\" data-id=\"7667b75\" data-element_type=\"container\" data-e-type=\"container\">\n\t\t\t\t<div class=\"elementor-element elementor-element-3deb839 elementor-view-framed elementor-shape-circle elementor-widget elementor-widget-icon\" data-id=\"3deb839\" data-element_type=\"widget\" data-e-type=\"widget\" data-widget_type=\"icon.default\">\n\t\t\t\t<div class=\"elementor-widget-container\">\n\t\t\t\t\t\t\t<div class=\"elementor-icon-wrapper\">\n\t\t\t<div class=\"elementor-icon\">\n\t\t\t<svg aria-hidden=\"true\" class=\"e-font-icon-svg e-fas-thumbs-up\" viewBox=\"0 0 512 512\" xmlns=\"http:\/\/www.w3.org\/2000\/svg\"><path d=\"M104 224H24c-13.255 0-24 10.745-24 24v240c0 13.255 10.745 24 24 24h80c13.255 0 24-10.745 24-24V248c0-13.255-10.745-24-24-24zM64 472c-13.255 0-24-10.745-24-24s10.745-24 24-24 24 10.745 24 24-10.745 24-24 24zM384 81.452c0 42.416-25.97 66.208-33.277 94.548h101.723c33.397 0 59.397 27.746 59.553 58.098.084 17.938-7.546 37.249-19.439 49.197l-.11.11c9.836 23.337 8.237 56.037-9.308 79.469 8.681 25.895-.069 57.704-16.382 74.757 4.298 17.598 2.244 32.575-6.148 44.632C440.202 511.587 389.616 512 346.839 512l-2.845-.001c-48.287-.017-87.806-17.598-119.56-31.725-15.957-7.099-36.821-15.887-52.651-16.178-6.54-.12-11.783-5.457-11.783-11.998v-213.77c0-3.2 1.282-6.271 3.558-8.521 39.614-39.144 56.648-80.587 89.117-113.111 14.804-14.832 20.188-37.236 25.393-58.902C282.515 39.293 291.817 0 312 0c24 0 72 8 72 81.452z\"><\/path><\/svg>\t\t\t<\/div>\n\t\t<\/div>\n\t\t\t\t\t\t<\/div>\n\t\t\t\t<\/div>\n\t\t\t\t<div class=\"elementor-element elementor-element-b580345 elementor-widget elementor-widget-heading\" data-id=\"b580345\" data-element_type=\"widget\" data-e-type=\"widget\" data-widget_type=\"heading.default\">\n\t\t\t\t<div class=\"elementor-widget-container\">\n\t\t\t\t\t<h2 class=\"elementor-heading-title elementor-size-default\">Nossas Iniciativas<\/h2>\t\t\t\t<\/div>\n\t\t\t\t<\/div>\n\t\t\t\t<\/div>\n\t\t<div class=\"elementor-element elementor-element-41435db e-con-full e-flex e-con e-child\" data-id=\"41435db\" data-element_type=\"container\" data-e-type=\"container\">\n\t\t\t\t<div class=\"elementor-element elementor-element-f89c292 elementor-widget elementor-widget-text-editor\" data-id=\"f89c292\" data-element_type=\"widget\" data-e-type=\"widget\" data-widget_type=\"text-editor.default\">\n\t\t\t\t<div class=\"elementor-widget-container\">\n\t\t\t\t\t\t\t\t\t<p>Conhe\u00e7a as iniciativas desenvolvidas por volunt\u00e1rios e estagi\u00e1rios do N\u00facleo de Design de Anima\u00e7\u00e3o e mergulhe em t\u00e9cnicas, curiosidades, not\u00edcias e dicas imperd\u00edveis do mundo da anima\u00e7\u00e3o.<\/p>\t\t\t\t\t\t\t\t<\/div>\n\t\t\t\t<\/div>\n\t\t\t\t<\/div>\n\t\t<div class=\"elementor-element elementor-element-1b0e375 e-con-full e-flex e-con e-child\" data-id=\"1b0e375\" data-element_type=\"container\" data-e-type=\"container\">\n\t\t\t\t<div class=\"elementor-element elementor-element-ea709bb elementor-align-center elementor-widget elementor-widget-button\" data-id=\"ea709bb\" data-element_type=\"widget\" data-e-type=\"widget\" data-widget_type=\"button.default\">\n\t\t\t\t<div class=\"elementor-widget-container\">\n\t\t\t\t\t\t\t\t\t<div class=\"elementor-button-wrapper\">\n\t\t\t\t\t<a class=\"elementor-button elementor-button-link elementor-size-sm\" href=\"https:\/\/www.instagram.com\/nucleo.designanimacao\/\" target=\"_blank\">\n\t\t\t\t\t\t<span class=\"elementor-button-content-wrapper\">\n\t\t\t\t\t\t<span class=\"elementor-button-icon\">\n\t\t\t\t<svg aria-hidden=\"true\" class=\"e-font-icon-svg e-fab-instagram\" viewBox=\"0 0 448 512\" xmlns=\"http:\/\/www.w3.org\/2000\/svg\"><path d=\"M224.1 141c-63.6 0-114.9 51.3-114.9 114.9s51.3 114.9 114.9 114.9S339 319.5 339 255.9 287.7 141 224.1 141zm0 189.6c-41.1 0-74.7-33.5-74.7-74.7s33.5-74.7 74.7-74.7 74.7 33.5 74.7 74.7-33.6 74.7-74.7 74.7zm146.4-194.3c0 14.9-12 26.8-26.8 26.8-14.9 0-26.8-12-26.8-26.8s12-26.8 26.8-26.8 26.8 12 26.8 26.8zm76.1 27.2c-1.7-35.9-9.9-67.7-36.2-93.9-26.2-26.2-58-34.4-93.9-36.2-37-2.1-147.9-2.1-184.9 0-35.8 1.7-67.6 9.9-93.9 36.1s-34.4 58-36.2 93.9c-2.1 37-2.1 147.9 0 184.9 1.7 35.9 9.9 67.7 36.2 93.9s58 34.4 93.9 36.2c37 2.1 147.9 2.1 184.9 0 35.9-1.7 67.7-9.9 93.9-36.2 26.2-26.2 34.4-58 36.2-93.9 2.1-37 2.1-147.8 0-184.8zM398.8 388c-7.8 19.6-22.9 34.7-42.6 42.6-29.5 11.7-99.5 9-132.1 9s-102.7 2.6-132.1-9c-19.6-7.8-34.7-22.9-42.6-42.6-11.7-29.5-9-99.5-9-132.1s-2.6-102.7 9-132.1c7.8-19.6 22.9-34.7 42.6-42.6 29.5-11.7 99.5-9 132.1-9s102.7-2.6 132.1 9c19.6 7.8 34.7 22.9 42.6 42.6 11.7 29.5 9 99.5 9 132.1s2.7 102.7-9 132.1z\"><\/path><\/svg>\t\t\t<\/span>\n\t\t\t\t\t\t\t\t\t<span class=\"elementor-button-text\">Acompanhe nossos posts semanais pelo Instagram!<\/span>\n\t\t\t\t\t<\/span>\n\t\t\t\t\t<\/a>\n\t\t\t\t<\/div>\n\t\t\t\t\t\t\t\t<\/div>\n\t\t\t\t<\/div>\n\t\t\t\t<\/div>\n\t\t<div class=\"elementor-element elementor-element-cf9209e e-con-full e-flex e-con e-child\" data-id=\"cf9209e\" data-element_type=\"container\" data-e-type=\"container\" data-settings=\"{&quot;background_background&quot;:&quot;classic&quot;}\">\n\t\t<div class=\"elementor-element elementor-element-b9ad0d4 e-con-full e-flex e-con e-child\" data-id=\"b9ad0d4\" data-element_type=\"container\" data-e-type=\"container\" data-settings=\"{&quot;background_background&quot;:&quot;classic&quot;}\">\n\t\t\t\t<div class=\"elementor-element elementor-element-d15cbdd elementor-widget__width-inherit elementor-widget elementor-widget-htmega-flipbox-addons\" data-id=\"d15cbdd\" data-element_type=\"widget\" data-e-type=\"widget\" data-widget_type=\"htmega-flipbox-addons.default\">\n\t\t\t\t<div class=\"elementor-widget-container\">\n\t\t\t\t\t            \n            <div class=\"htmega-flip-box-area htmega-flip-box-style-2 htmega-flip-box-animation-zoom_out\">\n\n                <div class='htmega-flip-box-front'>\n                    <div class=\"front-container\">\n                                                                                                            <\/div>\n                    <div class=\"htmega-flip-overlay\"><\/div>\n                <\/div>\n\n                <div class='htmega-flip-box-back'>\n                    <div class=\"back-container\">\n                                            <p>Aprenda como a magia acontece de forma did\u00e1tica e descontra\u00edda. Explicamos o funcionamento de diferentes t\u00e9cnicas de anima\u00e7\u00e3o atrav\u00e9s de exemplos pr\u00e1ticos em jogos e personagens ic\u00f4nicos.\n<\/p>\n                                            <\/div>\n                    <div class=\"htmega-flip-overlay\"><\/div>\n                <\/div>\n\n            <\/div>\n\n        \t\t\t\t<\/div>\n\t\t\t\t<\/div>\n\t\t\t\t<\/div>\n\t\t<div class=\"elementor-element elementor-element-23cd262 e-con-full e-flex e-con e-child\" data-id=\"23cd262\" data-element_type=\"container\" data-e-type=\"container\">\n\t\t\t\t<div class=\"elementor-element elementor-element-ef42473 elementor-widget elementor-widget-htmega-flipbox-addons\" data-id=\"ef42473\" data-element_type=\"widget\" data-e-type=\"widget\" data-widget_type=\"htmega-flipbox-addons.default\">\n\t\t\t\t<div class=\"elementor-widget-container\">\n\t\t\t\t\t            \n            <div class=\"htmega-flip-box-area htmega-flip-box-style-1 htmega-flip-box-animation-right\">\n\n                <div class='htmega-flip-box-front'>\n                    <div class=\"front-container\">\n                                                                                                            <\/div>\n                    <div class=\"htmega-flip-overlay\"><\/div>\n                <\/div>\n\n                <div class='htmega-flip-box-back'>\n                    <div class=\"back-container\">\n                                            <p>Detalhes e curiosidades que voc\u00ea, provavelmente, n\u00e3o sabia sobre cl\u00e1ssicos e anima\u00e7\u00f5es pouco conhecidas, mas que merecem sua aten\u00e7\u00e3o. Perfeito para quem ama descobrir segredos de produ\u00e7\u00e3o e encontrar sua pr\u00f3xima anima\u00e7\u00e3o favorita!\n<\/p>\n                                            <\/div>\n                    <div class=\"htmega-flip-overlay\"><\/div>\n                <\/div>\n\n            <\/div>\n\n        \t\t\t\t<\/div>\n\t\t\t\t<\/div>\n\t\t\t\t<\/div>\n\t\t<div class=\"elementor-element elementor-element-87f7e08 e-con-full e-flex e-con e-child\" data-id=\"87f7e08\" data-element_type=\"container\" data-e-type=\"container\">\n\t\t\t\t<div class=\"elementor-element elementor-element-21fedec elementor-widget elementor-widget-htmega-flipbox-addons\" data-id=\"21fedec\" data-element_type=\"widget\" data-e-type=\"widget\" data-widget_type=\"htmega-flipbox-addons.default\">\n\t\t\t\t<div class=\"elementor-widget-container\">\n\t\t\t\t\t            \n            <div class=\"htmega-flip-box-area htmega-flip-box-style-1 htmega-flip-box-animation-right\">\n\n                <div class='htmega-flip-box-front'>\n                    <div class=\"front-container\">\n                                                                                                            <\/div>\n                    <div class=\"htmega-flip-overlay\"><\/div>\n                <\/div>\n\n                <div class='htmega-flip-box-back'>\n                    <div class=\"back-container\">\n                                            <p>Mergulhe na hist\u00f3ria dos grandes vencedores da Academia. Trazemos curiosidades, or\u00e7amentos, bastidores da produ\u00e7\u00e3o e detalhes sobre as categorias que consagraram essas anima\u00e7\u00f5es no Oscar.\n<\/p>\n                                            <\/div>\n                    <div class=\"htmega-flip-overlay\"><\/div>\n                <\/div>\n\n            <\/div>\n\n        \t\t\t\t<\/div>\n\t\t\t\t<\/div>\n\t\t\t\t<\/div>\n\t\t\t\t<\/div>\n\t\t<div class=\"elementor-element elementor-element-0e0dee9 e-con-full e-flex e-con e-child\" data-id=\"0e0dee9\" data-element_type=\"container\" data-e-type=\"container\">\n\t\t<div class=\"elementor-element elementor-element-56b0e95 e-con-full e-flex e-con e-child\" data-id=\"56b0e95\" data-element_type=\"container\" data-e-type=\"container\">\n\t\t\t\t<div class=\"elementor-element elementor-element-b69ec07 elementor-widget elementor-widget-htmega-flipbox-addons\" data-id=\"b69ec07\" data-element_type=\"widget\" data-e-type=\"widget\" data-widget_type=\"htmega-flipbox-addons.default\">\n\t\t\t\t<div class=\"elementor-widget-container\">\n\t\t\t\t\t            \n            <div class=\"htmega-flip-box-area htmega-flip-box-style-1 htmega-flip-box-animation-right\">\n\n                <div class='htmega-flip-box-front'>\n                    <div class=\"front-container\">\n                                                                                                            <\/div>\n                    <div class=\"htmega-flip-overlay\"><\/div>\n                <\/div>\n\n                <div class='htmega-flip-box-back'>\n                    <div class=\"back-container\">\n                                            <p>Para al\u00e9m dos grandes est\u00fadios americanos, explore a produ\u00e7\u00e3o global! Desmistificamos a origem de muitas anima\u00e7\u00f5es e apresentamos pa\u00edses que v\u00e3o te surpreender com suas produ\u00e7\u00f5es.<\/p>\n                                            <\/div>\n                    <div class=\"htmega-flip-overlay\"><\/div>\n                <\/div>\n\n            <\/div>\n\n        \t\t\t\t<\/div>\n\t\t\t\t<\/div>\n\t\t\t\t<\/div>\n\t\t<div class=\"elementor-element elementor-element-df1c28f e-con-full e-flex e-con e-child\" data-id=\"df1c28f\" data-element_type=\"container\" data-e-type=\"container\">\n\t\t\t\t<div class=\"elementor-element elementor-element-85cf124 elementor-widget elementor-widget-htmega-flipbox-addons\" data-id=\"85cf124\" data-element_type=\"widget\" data-e-type=\"widget\" data-widget_type=\"htmega-flipbox-addons.default\">\n\t\t\t\t<div class=\"elementor-widget-container\">\n\t\t\t\t\t            \n            <div class=\"htmega-flip-box-area htmega-flip-box-style-1 htmega-flip-box-animation-right\">\n\n                <div class='htmega-flip-box-front'>\n                    <div class=\"front-container\">\n                                                                                                            <\/div>\n                    <div class=\"htmega-flip-overlay\"><\/div>\n                <\/div>\n\n                <div class='htmega-flip-box-back'>\n                    <div class=\"back-container\">\n                                            <p>O Brasil \u00e9 uma pot\u00eancia na anima\u00e7\u00e3o e n\u00f3s provamos isso! Conhe\u00e7a as grandes contribui\u00e7\u00f5es do nosso pa\u00eds para a \u00e1rea e descubra obras nacionais incr\u00edveis que muitas vezes passam despercebidas.<\/p>\n                                            <\/div>\n                    <div class=\"htmega-flip-overlay\"><\/div>\n                <\/div>\n\n            <\/div>\n\n        \t\t\t\t<\/div>\n\t\t\t\t<\/div>\n\t\t\t\t<\/div>\n\t\t<div class=\"elementor-element elementor-element-c6af57c e-con-full e-flex e-con e-child\" data-id=\"c6af57c\" data-element_type=\"container\" data-e-type=\"container\">\n\t\t\t\t<div class=\"elementor-element elementor-element-b10d173 elementor-widget elementor-widget-htmega-flipbox-addons\" data-id=\"b10d173\" data-element_type=\"widget\" data-e-type=\"widget\" data-widget_type=\"htmega-flipbox-addons.default\">\n\t\t\t\t<div class=\"elementor-widget-container\">\n\t\t\t\t\t            \n            <div class=\"htmega-flip-box-area htmega-flip-box-style-1 htmega-flip-box-animation-right\">\n\n                <div class='htmega-flip-box-front'>\n                    <div class=\"front-container\">\n                                                                                                            <\/div>\n                    <div class=\"htmega-flip-overlay\"><\/div>\n                <\/div>\n\n                <div class='htmega-flip-box-back'>\n                    <div class=\"back-container\">\n                                            <p>Nossa curadoria semanal para incentivar o consumo de anima\u00e7\u00f5es, com foco especial nas produ\u00e7\u00f5es brasileiras. De cl\u00e1ssicos \u00e0 experimentais, entregamos o resumo, a ficha t\u00e9cnica e o mais importante, onde assistir.<\/p>\n                                            <\/div>\n                    <div class=\"htmega-flip-overlay\"><\/div>\n                <\/div>\n\n            <\/div>\n\n        \t\t\t\t<\/div>\n\t\t\t\t<\/div>\n\t\t\t\t<\/div>\n\t\t\t\t<\/div>\n\t\t<div class=\"elementor-element elementor-element-19ab10d e-con-full e-flex e-con e-child\" data-id=\"19ab10d\" data-element_type=\"container\" data-e-type=\"container\">\n\t\t<div class=\"elementor-element elementor-element-74b9925 e-con-full e-flex e-con e-child\" data-id=\"74b9925\" data-element_type=\"container\" data-e-type=\"container\">\n\t\t\t\t<div class=\"elementor-element elementor-element-046bfa9 elementor-widget elementor-widget-htmega-flipbox-addons\" data-id=\"046bfa9\" data-element_type=\"widget\" data-e-type=\"widget\" data-widget_type=\"htmega-flipbox-addons.default\">\n\t\t\t\t<div class=\"elementor-widget-container\">\n\t\t\t\t\t            \n            <div class=\"htmega-flip-box-area htmega-flip-box-style-1 htmega-flip-box-animation-right\">\n\n                <div class='htmega-flip-box-front'>\n                    <div class=\"front-container\">\n                                                                                                            <\/div>\n                    <div class=\"htmega-flip-overlay\"><\/div>\n                <\/div>\n\n                <div class='htmega-flip-box-back'>\n                    <div class=\"back-container\">\n                                            <p>Divulgamos festivais, mostras e palestras, com o objetivo de valorizar e movimentar o cen\u00e1rio da anima\u00e7\u00e3o. Fique por dentro de tudo o que acontece e n\u00e3o perca nenhum evento importante!<\/p>\n                                            <\/div>\n                    <div class=\"htmega-flip-overlay\"><\/div>\n                <\/div>\n\n            <\/div>\n\n        \t\t\t\t<\/div>\n\t\t\t\t<\/div>\n\t\t\t\t<\/div>\n\t\t<div class=\"elementor-element elementor-element-782737d e-con-full e-flex e-con e-child\" data-id=\"782737d\" data-element_type=\"container\" data-e-type=\"container\">\n\t\t\t\t<div class=\"elementor-element elementor-element-82101be elementor-widget elementor-widget-htmega-flipbox-addons\" data-id=\"82101be\" data-element_type=\"widget\" data-e-type=\"widget\" data-widget_type=\"htmega-flipbox-addons.default\">\n\t\t\t\t<div class=\"elementor-widget-container\">\n\t\t\t\t\t            \n            <div class=\"htmega-flip-box-area htmega-flip-box-style-1 htmega-flip-box-animation-right\">\n\n                <div class='htmega-flip-box-front'>\n                    <div class=\"front-container\">\n                                                                                                            <\/div>\n                    <div class=\"htmega-flip-overlay\"><\/div>\n                <\/div>\n\n                <div class='htmega-flip-box-back'>\n                    <div class=\"back-container\">\n                                            <p>Desperte sua criatividade e saia da caixa! Toda quarta lan\u00e7amos um tema desafiador para a comunidade e estudantes. Crie seu GIF, envie para o N\u00facleo de Design de Anima\u00e7\u00e3o e veja sua arte brilhando em nossos stories.<\/p>\n                                            <\/div>\n                    <div class=\"htmega-flip-overlay\"><\/div>\n                <\/div>\n\n            <\/div>\n\n        \t\t\t\t<\/div>\n\t\t\t\t<\/div>\n\t\t\t\t<\/div>\n\t\t<div class=\"elementor-element elementor-element-c191e89 e-con-full e-flex e-con e-child\" data-id=\"c191e89\" data-element_type=\"container\" data-e-type=\"container\">\n\t\t\t\t<\/div>\n\t\t\t\t<\/div>\n\t\t\t\t\t<\/div>\n\t\t\t\t<\/div>\n\t\t\t\t<\/div>\n\t\t","protected":false},"excerpt":{"rendered":"<p>Nossas Iniciativas Conhe\u00e7a as iniciativas desenvolvidas por volunt\u00e1rios e estagi\u00e1rios do N\u00facleo de Design de Anima\u00e7\u00e3o e mergulhe em t\u00e9cnicas, curiosidades, not\u00edcias e dicas imperd\u00edveis do mundo da anima\u00e7\u00e3o. Acompanhe nossos posts semanais pelo Instagram! Aprenda como a magia acontece de forma did\u00e1tica e descontra\u00edda. Explicamos o funcionamento de diferentes t\u00e9cnicas de anima\u00e7\u00e3o atrav\u00e9s de [&hellip;]<\/p>\n","protected":false},"author":374,"featured_media":0,"parent":0,"menu_order":0,"comment_status":"closed","ping_status":"closed","template":"","meta":{"footnotes":""},"ano_festival":[],"ano_producao":[],"tecnica":[],"genero":[],"disponivel_online":[],"festival":[],"categoria_concorrente":[],"local":[],"available_online":[],"class_list":["post-15171","page","type-page","status-publish","hentry"],"_links":{"self":[{"href":"https:\/\/utfpr.curitiba.br\/nucleodesignanimacao\/index.php?rest_route=\/wp\/v2\/pages\/15171","targetHints":{"allow":["GET"]}}],"collection":[{"href":"https:\/\/utfpr.curitiba.br\/nucleodesignanimacao\/index.php?rest_route=\/wp\/v2\/pages"}],"about":[{"href":"https:\/\/utfpr.curitiba.br\/nucleodesignanimacao\/index.php?rest_route=\/wp\/v2\/types\/page"}],"author":[{"embeddable":true,"href":"https:\/\/utfpr.curitiba.br\/nucleodesignanimacao\/index.php?rest_route=\/wp\/v2\/users\/374"}],"replies":[{"embeddable":true,"href":"https:\/\/utfpr.curitiba.br\/nucleodesignanimacao\/index.php?rest_route=%2Fwp%2Fv2%2Fcomments&post=15171"}],"version-history":[{"count":103,"href":"https:\/\/utfpr.curitiba.br\/nucleodesignanimacao\/index.php?rest_route=\/wp\/v2\/pages\/15171\/revisions"}],"predecessor-version":[{"id":16248,"href":"https:\/\/utfpr.curitiba.br\/nucleodesignanimacao\/index.php?rest_route=\/wp\/v2\/pages\/15171\/revisions\/16248"}],"wp:attachment":[{"href":"https:\/\/utfpr.curitiba.br\/nucleodesignanimacao\/index.php?rest_route=%2Fwp%2Fv2%2Fmedia&parent=15171"}],"wp:term":[{"taxonomy":"ano_festival","embeddable":true,"href":"https:\/\/utfpr.curitiba.br\/nucleodesignanimacao\/index.php?rest_route=%2Fwp%2Fv2%2Fano_festival&post=15171"},{"taxonomy":"ano_producao","embeddable":true,"href":"https:\/\/utfpr.curitiba.br\/nucleodesignanimacao\/index.php?rest_route=%2Fwp%2Fv2%2Fano_producao&post=15171"},{"taxonomy":"tecnica","embeddable":true,"href":"https:\/\/utfpr.curitiba.br\/nucleodesignanimacao\/index.php?rest_route=%2Fwp%2Fv2%2Ftecnica&post=15171"},{"taxonomy":"genero","embeddable":true,"href":"https:\/\/utfpr.curitiba.br\/nucleodesignanimacao\/index.php?rest_route=%2Fwp%2Fv2%2Fgenero&post=15171"},{"taxonomy":"disponivel_online","embeddable":true,"href":"https:\/\/utfpr.curitiba.br\/nucleodesignanimacao\/index.php?rest_route=%2Fwp%2Fv2%2Fdisponivel_online&post=15171"},{"taxonomy":"festival","embeddable":true,"href":"https:\/\/utfpr.curitiba.br\/nucleodesignanimacao\/index.php?rest_route=%2Fwp%2Fv2%2Ffestival&post=15171"},{"taxonomy":"categoria_concorrente","embeddable":true,"href":"https:\/\/utfpr.curitiba.br\/nucleodesignanimacao\/index.php?rest_route=%2Fwp%2Fv2%2Fcategoria_concorrente&post=15171"},{"taxonomy":"local","embeddable":true,"href":"https:\/\/utfpr.curitiba.br\/nucleodesignanimacao\/index.php?rest_route=%2Fwp%2Fv2%2Flocal&post=15171"},{"taxonomy":"available_online","embeddable":true,"href":"https:\/\/utfpr.curitiba.br\/nucleodesignanimacao\/index.php?rest_route=%2Fwp%2Fv2%2Favailable_online&post=15171"}],"curies":[{"name":"wp","href":"https:\/\/api.w.org\/{rel}","templated":true}]}}