{"id":95,"date":"2024-11-01T23:09:24","date_gmt":"2024-11-02T02:09:24","guid":{"rendered":"https:\/\/utfpr.curitiba.br\/neabi\/?page_id=95"},"modified":"2025-12-12T15:05:47","modified_gmt":"2025-12-12T18:05:47","slug":"edital-52-2024-dirgrad-neabi-ct","status":"publish","type":"page","link":"https:\/\/utfpr.curitiba.br\/neabi\/edital-52-2024-dirgrad-neabi-ct\/","title":{"rendered":"Edital 52\/2024"},"content":{"rendered":"\n<p><strong>EDITAL 52\/2024 \u2013 DIRGRAD PROGRAMA DE BOLSAS PARA APOIO \u00c0S ATIVIDADES DO N\u00daCLEO DE ESTUDOS AFRO-BRASILEIROS E IND\u00cdGENAS DA UTFPR, CAMPUS CURITIBA<\/strong><\/p>\n\n\n\n<p>A Coordena\u00e7\u00e3o do N\u00facleo de Estudos Afro-brasileiros e Ind\u00edgenas do\u00a0<a href=\"https:\/\/www.utfpr.edu.br\/campus\/curitiba\/\" target=\"_blank\" rel=\"noreferrer noopener\">campus Curitiba<\/a>\u00a0(NEABI-CT) da Universidade Tecnol\u00f3gica Federal do Paran\u00e1 (<a href=\"https:\/\/www.utfpr.edu.br\/\" target=\"_blank\" rel=\"noreferrer noopener\">UTFPR<\/a>), no uso de suas atribui\u00e7\u00f5es estatut\u00e1rias e regimentais, torna p\u00fablico que est\u00e3o abertas, de acordo com o que estabelece o presente edital, o per\u00edodo de inscri\u00e7\u00f5es para a sele\u00e7\u00e3o de estudante bolsista para atuar no apoio \u00e0s atividades do NEABI-CT. <\/p>\n\n\n\n<p><strong>Inscri\u00e7\u00f5es<\/strong>: 02\/10 a 09\/10\/2024. Para acessar o Edital,\u00a0<a href=\"https:\/\/www.utfpr.edu.br\/editais\/graduacao-e-educacao-profissional\/curitiba\/edital-52-2024-dirgrad-programa-de-bolsas-para-apoio-as-atividades-do-nucleo-de-estudos-afro-brasileiros-e-indigenas-da-utfpr-campus-curitiba\" target=\"_blank\" rel=\"noreferrer noopener\"><strong>clique aqui<\/strong><\/a>.<\/p>\n\n\n\n<p>Homologa\u00e7\u00e3o das inscri\u00e7\u00f5es,&nbsp;<a href=\"https:\/\/www.utfpr.edu.br\/editais\/graduacao-e-educacao-profissional\/curitiba\/edital-52-2024-dirgrad-programa-de-bolsas-para-apoio-as-atividades-do-nucleo-de-estudos-afro-brasileiros-e-indigenas-da-utfpr-campus-curitiba\/edital-52_2024_convocacao.pdf\">clique aqui<\/a>, 11\/10\/2024.<\/p>\n\n\n\n<p>Confirma\u00e7\u00e3o de Presen\u00e7a na Entrevista at\u00e9 18\/10\/2024. Para fazer a sua,&nbsp;<a href=\"https:\/\/forms.gle\/o9YoYuj2nDqdyzWNA\">clique aqui<\/a>. Per\u00edodo&nbsp;<strong>ENCERRADO<\/strong>!<\/p>\n\n\n\n<p>ENTREVISTAS \u2013 Local: sala CK002 Bloco K. Campus Sete de Setembro.<\/p>\n\n\n\n<p><strong>RESULTADO PRELIMINAR<\/strong>&nbsp;<a href=\"https:\/\/www.utfpr.edu.br\/editais\/graduacao-e-educacao-profissional\/curitiba\/edital-52-2024-dirgrad-programa-de-bolsas-para-apoio-as-atividades-do-nucleo-de-estudos-afro-brasileiros-e-indigenas-da-utfpr-campus-curitiba\/edital-52-2024-dirgrad-resultado-preliminar.pdf\" target=\"_blank\" rel=\"noreferrer noopener\">clique aqui<\/a>. 29\/10\/2024<\/p>\n\n\n\n<p><strong>RESULTADO FINAL<\/strong>&nbsp;<a href=\"https:\/\/www.utfpr.edu.br\/editais\/graduacao-e-educacao-profissional\/curitiba\/edital-52-2024-dirgrad-programa-de-bolsas-para-apoio-as-atividades-do-nucleo-de-estudos-afro-brasileiros-e-indigenas-da-utfpr-campus-curitiba\/edital-52-2024-resultado-final.pdf\" target=\"_blank\" rel=\"noreferrer noopener\">clique aqui<\/a>. 31\/10\/2024<\/p>\n\n\n\n<p><strong>As convoca\u00e7\u00f5es para assumir as bolsas acontecer\u00e3o por e-mail.<\/strong><\/p>\n","protected":false},"excerpt":{"rendered":"<p>EDITAL 52\/2024 \u2013 DIRGRAD PROGRAMA DE BOLSAS PARA APOIO \u00c0S ATIVIDADES DO N\u00daCLEO DE ESTUDOS AFRO-BRASILEIROS E IND\u00cdGENAS DA UTFPR,<\/p>\n","protected":false},"author":39,"featured_media":0,"parent":0,"menu_order":0,"comment_status":"closed","ping_status":"closed","template":"","meta":{"colormag_page_container_layout":"default_layout","colormag_page_sidebar_layout":"default_layout","footnotes":""},"class_list":["post-95","page","type-page","status-publish","hentry"],"_links":{"self":[{"href":"https:\/\/utfpr.curitiba.br\/neabi\/wp-json\/wp\/v2\/pages\/95","targetHints":{"allow":["GET"]}}],"collection":[{"href":"https:\/\/utfpr.curitiba.br\/neabi\/wp-json\/wp\/v2\/pages"}],"about":[{"href":"https:\/\/utfpr.curitiba.br\/neabi\/wp-json\/wp\/v2\/types\/page"}],"author":[{"embeddable":true,"href":"https:\/\/utfpr.curitiba.br\/neabi\/wp-json\/wp\/v2\/users\/39"}],"replies":[{"embeddable":true,"href":"https:\/\/utfpr.curitiba.br\/neabi\/wp-json\/wp\/v2\/comments?post=95"}],"version-history":[{"count":4,"href":"https:\/\/utfpr.curitiba.br\/neabi\/wp-json\/wp\/v2\/pages\/95\/revisions"}],"predecessor-version":[{"id":1636,"href":"https:\/\/utfpr.curitiba.br\/neabi\/wp-json\/wp\/v2\/pages\/95\/revisions\/1636"}],"wp:attachment":[{"href":"https:\/\/utfpr.curitiba.br\/neabi\/wp-json\/wp\/v2\/media?parent=95"}],"curies":[{"name":"wp","href":"https:\/\/api.w.org\/{rel}","templated":true}]}}