{"id":880,"date":"2025-09-02T13:21:35","date_gmt":"2025-09-02T16:21:35","guid":{"rendered":"https:\/\/utfpr.curitiba.br\/neabi\/?page_id=880"},"modified":"2025-09-02T13:21:37","modified_gmt":"2025-09-02T16:21:37","slug":"leituras-de-linguistica-aplicada-na-anticolonialidade-leilaa","status":"publish","type":"page","link":"https:\/\/utfpr.curitiba.br\/neabi\/leituras-de-linguistica-aplicada-na-anticolonialidade-leilaa\/","title":{"rendered":"Leituras de Lingu\u00edstica Aplicada na Anticolonialidade (LeiLAA)"},"content":{"rendered":"\n<p><strong>Coordena\u00e7\u00e3o<\/strong>: <a href=\"http:\/\/lattes.cnpq.br\/0346289274349575\" target=\"_blank\" rel=\"noreferrer noopener\">Franziska Lorke<\/a> (UTFPR) e <a href=\"http:\/\/lattes.cnpq.br\/3888517099645193\" target=\"_blank\" rel=\"noreferrer noopener\">Walker Douglas Pincerati<\/a> (UTFPR)<\/p>\n\n\n\n<p>O LeiLAA \u00e9 um grupo de estudos e trabalhos que realiza, desde a perspectiva anticolonial, leituras de textos da Lingu\u00edstica Aplicada. Consideramos &#8216;Anticolonialidade&#8217; como um esp\u00edrito do tempo, <em>Zeitgeist<\/em>, um esp\u00edrito que \u00e9 exus\u00edaco porque atualmente h\u00e1 movimentos cada vez mais proeminentes ditos de-des-contra-anticolonialistas, que reconhecem os efeitos da colonialidade como estruturantes da sociedade como um todo. Isso tudo porque \u00e9 na aurora da Modernidade que nasce a Colonialidade e florescem o Capitalismo e os Racismos. Se Linguagem \u00e9 uma institui\u00e7\u00e3o social das mais importantes, se \u00e9 uma faculdade humana porque permite a cogni\u00e7\u00e3o, e se ela \u00e9 tamb\u00e9m pr\u00e1ticas sociais, n\u00e3o h\u00e1 como estarmos fora da colonialidade. Sendo assim, o objetivo \u00e9 compreender essas linguagens\/l\u00ednguas para sua desinven\u00e7\u00e3o e reconstitui\u00e7\u00e3o rumo a pr\u00e1ticas edificantes de um novo humano.<\/p>\n\n\n\n<p><strong>Metodologia<\/strong>: O grupo se re\u00fane presencialmente, \u00e0s ter\u00e7as-feiras das 11 \u00e0s 12:30, semanalmente para as leituras e discuss\u00e3o de bibliografia.<\/p>\n\n\n\n<p><strong>Se desejar participar,<\/strong> fazer contato com um dos coordenadores, escrevendo um e-mail\/carta motivacional.<\/p>\n\n\n\n<p><strong><em>Cronograma de leituras de 2025\/2:<\/em><\/strong>  cap\u00edtulos dos livros &#8220;Suleando conceitos em linguagens&#8221;, volumes 1 e 2, de Cristiane Landulfo e Doris Matos (2022, 2024). <\/p>\n\n\n\n<p><em><strong>Refer\u00eancias<\/strong><\/em>:<\/p>\n\n\n\n<p>BENTO, Cida. O pacto da branquitude. S\u00e3o Paulo: Companhia das Letras, 2022.<\/p>\n\n\n\n<p>C\u00c9SAIRE, Aim\u00e9 (1955). Discurso sobre o colonialismo. Ilustra\u00e7\u00e3o Marcelo D\u2019Salete. Tradu\u00e7\u00e3o Claudio Willer. S\u00e3o Paulo: Veneta, 2020.<\/p>\n\n\n\n<p>FANON, Frantz (1961). Os condenados da terra. Tradu\u00e7\u00e3o L\u00edgia Fonseca Ferreira, Regina Salgado Campos. Rio de Janeiro: Zahar, 2022.<\/p>\n\n\n\n<p>MAKONI, Sinfree, PENNYCOOK, Alastair. Desinventando e (re)constituindo l\u00ednguas. Working Papers em Lingu\u00edstica 16, n.2, p.9-34, ago\/dez, 2015.<\/p>\n\n\n\n<p>RAJAGOPALAN, Kanavillil. Por uma lingu\u00edstica cr\u00edtica: linguagem, identidade e a quest\u00e3o \u00e9tica. S\u00e3o Paulo: Par\u00e1bola, 2003.<\/p>\n\n\n\n<p>RUFINO, Luiz. Pedagogia das encruzilhadas. Rio de Janeiro: M\u00f3rula Editorial, 2019.<\/p>\n\n\n\n<p>SADLIER, Darlene. Brasil Imaginado. De 1500 at\u00e9 o presente. Trad. Flavia Bancher. S\u00e3o Paulo: Edusp, 2016.<br><\/p>\n\n\n\n<p><\/p>\n","protected":false},"excerpt":{"rendered":"<p>Coordena\u00e7\u00e3o: Franziska Lorke (UTFPR) e Walker Douglas Pincerati (UTFPR) O LeiLAA \u00e9 um grupo de estudos e trabalhos que realiza,<\/p>\n","protected":false},"author":39,"featured_media":0,"parent":0,"menu_order":0,"comment_status":"closed","ping_status":"closed","template":"","meta":{"colormag_page_container_layout":"default_layout","colormag_page_sidebar_layout":"default_layout","footnotes":""},"class_list":["post-880","page","type-page","status-publish","hentry"],"_links":{"self":[{"href":"https:\/\/utfpr.curitiba.br\/neabi\/wp-json\/wp\/v2\/pages\/880","targetHints":{"allow":["GET"]}}],"collection":[{"href":"https:\/\/utfpr.curitiba.br\/neabi\/wp-json\/wp\/v2\/pages"}],"about":[{"href":"https:\/\/utfpr.curitiba.br\/neabi\/wp-json\/wp\/v2\/types\/page"}],"author":[{"embeddable":true,"href":"https:\/\/utfpr.curitiba.br\/neabi\/wp-json\/wp\/v2\/users\/39"}],"replies":[{"embeddable":true,"href":"https:\/\/utfpr.curitiba.br\/neabi\/wp-json\/wp\/v2\/comments?post=880"}],"version-history":[{"count":1,"href":"https:\/\/utfpr.curitiba.br\/neabi\/wp-json\/wp\/v2\/pages\/880\/revisions"}],"predecessor-version":[{"id":881,"href":"https:\/\/utfpr.curitiba.br\/neabi\/wp-json\/wp\/v2\/pages\/880\/revisions\/881"}],"wp:attachment":[{"href":"https:\/\/utfpr.curitiba.br\/neabi\/wp-json\/wp\/v2\/media?parent=880"}],"curies":[{"name":"wp","href":"https:\/\/api.w.org\/{rel}","templated":true}]}}