{"id":849,"date":"2025-08-30T23:16:47","date_gmt":"2025-08-31T02:16:47","guid":{"rendered":"https:\/\/utfpr.curitiba.br\/neabi\/?page_id=849"},"modified":"2026-03-13T15:42:01","modified_gmt":"2026-03-13T18:42:01","slug":"ii-encontro-dos-neabis-da-utfpr","status":"publish","type":"page","link":"https:\/\/utfpr.curitiba.br\/neabi\/ii-encontro-dos-neabis-da-utfpr\/","title":{"rendered":"II Encontro dos NEABIs e dos Coletivos de Estudantes Negros e Ind\u00edgenas da UTFPR (Campo Mour\u00e3o, 2025)"},"content":{"rendered":"\n<p>De 01 a 03 de outubro de 2025, no campus da <a href=\"https:\/\/www.utfpr.edu.br\/campus\/campomourao\" target=\"_blank\" rel=\"noreferrer noopener\">UTFPR em Campo Mour\u00e3o<\/a>, ser\u00e1 realizado o <em>II Encontro dos NEABIs e&nbsp;dos Coletivos de Estudantes Negros e Ind\u00edgenas&nbsp;da UTFPR<\/em>, com o tema:<\/p>\n\n\n\n<p class=\"has-text-align-center has-white-color has-vivid-red-background-color has-text-color has-background has-link-color wp-elements-6f6b8a1973b1e0f07ef185bcfd988e61\"><strong>\u201cRacismo Institucional: Cultura, M\u00eddia e Express\u00f5es Afro-Brasileiras e Ind\u00edgenas.\u201d<\/strong><\/p>\n\n\n\n<p>O evento \u00e9 destinado a estudantes, t\u00e9cnicos, servidores e colaboradores externos vinculados aos NEABIs de cada um dos <em>campi<\/em>. <\/p>\n\n\n\n<p>O objetivo \u00e9 fortalecer os espa\u00e7os de di\u00e1logo, intera\u00e7\u00e3o e partilha de experi\u00eancias entre os N\u00facleos.<\/p>\n\n\n\n<p>A programa\u00e7\u00e3o contar\u00e1 com mesas-redondas, momentos de intera\u00e7\u00e3o e um chamamento para apresenta\u00e7\u00e3o de pesquisas, a\u00e7\u00f5es de ensino e extens\u00e3o desenvolvidas pelos NEABIs.<\/p>\n\n\n\n<p><strong><em>Promo\u00e7\u00e3o<\/em><\/strong>: NEABI <a href=\"https:\/\/www.utfpr.edu.br\/campus\/campomourao\" target=\"_blank\" rel=\"noreferrer noopener\">UTFPR-Campo Mour\u00e3o<\/a>, <a href=\"https:\/\/utfpr.curitiba.br\/neabi\/\">NEABI Diva Guimar\u00e3es UTFPR-Curitiba<\/a> e NEABIs UTFPR.<\/p>\n\n\n\n<p><strong><em>Apoio<\/em>:<\/strong> <a href=\"https:\/\/www.instagram.com\/acaroldartora\/\" target=\"_blank\" rel=\"noreferrer noopener\">Dep. Federal Carol Dartora<\/a>, <a href=\"https:\/\/utfpr.curitiba.br\/dalem\/\" target=\"_blank\" rel=\"noreferrer noopener\">DALEM-UTFPR-CT<\/a>, <a href=\"https:\/\/www.utfpr.edu.br\/cursos\/coordenacoes\/graduacao\/curitiba\/ct-licenciatura-em-letras-portugues\" target=\"_blank\" rel=\"noreferrer noopener\">DALIC-UTFPR-CT<\/a> e <a href=\"https:\/\/sindutfpr.org.br\/\" data-type=\"link\" data-id=\"https:\/\/sindutfpr.org.br\/\" target=\"_blank\" rel=\"noreferrer noopener\">SINDUTF-PR<\/a><\/p>\n\n\n\n<p class=\"has-text-align-center has-luminous-vivid-orange-color has-text-color has-link-color wp-elements-cfb766ad6a0a2b5db28df6c22004237e\" style=\"font-size:29px\"><strong>Programa\u00e7\u00e3o<\/strong><\/p>\n\n\n\n<p class=\"has-text-align-center has-vivid-red-color has-text-color has-link-color wp-elements-371f8ec0b586080fbbc675087a02fba8\"><strong>01 de outubro de 2025<\/strong><\/p>\n\n\n\n<p>13h15 \u00e0s 14h00: Credenciamento.<\/p>\n\n\n\n<p>14h00: <strong>Cerim\u00f4nia da Abertura<\/strong> (Anfiteatro do Bloco E).<\/p>\n\n\n\n<p>15h00: Intervalo para o Caf\u00e9 (Sala D101).<\/p>\n\n\n\n<p>15h30 \u00e0s 18h00: <strong>Programa\u00e7\u00e3o para os NEABIs<\/strong> (Anfiteatro do Bloco E), Mesa sobre &#8220;Racismo Institucional &#8211; pr\u00e1ticas e compromissos&#8221; com Gilza Kaingang (<a href=\"https:\/\/portal.uel.br\/\" target=\"_blank\" rel=\"noreferrer noopener\">UEL<\/a>), Juliana dos Santos Barbosa (<a href=\"https:\/\/ufpr.br\/\" target=\"_blank\" rel=\"noreferrer noopener\">UFPR<\/a>) e Maylla Monnik Rodrigues de Sousa Chaveiro (<a href=\"https:\/\/ufsc.br\/\" target=\"_blank\" rel=\"noreferrer noopener\">UFSC<\/a>) , media\u00e7\u00e3o de Amanda Crispim (<a href=\"https:\/\/utfpr.curitiba.br\/neabi\/\">UTFPR<\/a>).<\/p>\n\n\n\n<p>15h30 \u00e0s 18h00: <strong>Programa\u00e7\u00e3o para os Coletivos<\/strong> (Miniaudit\u00f3rio EAD do Bloco D), &#8220;Racismo Institucional &#8211; pr\u00e1ticas e compromissos&#8221; com Ayla Krig Si Wollinger Fernandes (<a href=\"https:\/\/ufpr.br\/\" target=\"_blank\" rel=\"noreferrer noopener\">UFPR<\/a>) e Lariane Casagrande (<a href=\"https:\/\/ufpr.br\/\" target=\"_blank\" rel=\"noreferrer noopener\">UFPR<\/a>), media\u00e7\u00e3o de Erick Brasil Lopes (<a href=\"https:\/\/utfpr.curitiba.br\/neabi\/\">UTFPR<\/a>).<\/p>\n\n\n\n<p>18h30: Encerramento.<\/p>\n\n\n\n<p class=\"has-text-align-center has-vivid-red-color has-text-color has-link-color wp-elements-4009cdec8db29f788819ad221457a563\"><strong>02 de outubro de 2025<\/strong><\/p>\n\n\n\n<p>08h00: Caf\u00e9 da manh\u00e3.<\/p>\n\n\n\n<p>08h30: <strong><a href=\"https:\/\/utfpr.curitiba.br\/neabi\/ii-encontro-2025-oficina-cophe\/\">Oficina <\/a><\/strong><em><a href=\"https:\/\/utfpr.curitiba.br\/neabi\/ii-encontro-2025-oficina-cophe\/\">Entre a teoria e a pr\u00e1tica: crit\u00e9rios, desafios e a experi\u00eancia das bancas de heteroidentifica\u00e7\u00e3o<\/a><\/em> (Anfiteatro do Bloco E), por Jussara Marques de Medeiros e Jos\u00e9 L\u00facio da Silva Machado.<\/p>\n\n\n\n<p>09h30: <strong>Devolu\u00e7\u00e3o do <a href=\"https:\/\/docs.google.com\/document\/d\/1JTwurTyPNUuyxtRSz_NU5eg-qSkbtfwS\/edit?usp=sharing&amp;ouid=114903703030839008592&amp;rtpof=true&amp;sd=true\" target=\"_blank\" rel=\"noreferrer noopener\">Manifesto de 2024<\/a><\/strong> (Anfiteatro do Bloco E).<\/p>\n\n\n\n<p>10h00: <strong><strong>Debate do <a href=\"https:\/\/drive.google.com\/file\/d\/1UZrG6NvxH9d6OS2AJubxyixF7cQJX72r\/view?usp=sharing\" target=\"_blank\" rel=\"noreferrer noopener\">Regimento dos NEABI UTFPR<\/a><\/strong><\/strong> (Anfiteatro do Bloco E).<\/p>\n\n\n\n<p>12h00 \u00e0s 14h00: ALMO\u00c7O<\/p>\n\n\n\n<p>14h00: <strong><strong>Debate do <a href=\"https:\/\/drive.google.com\/file\/d\/1UZrG6NvxH9d6OS2AJubxyixF7cQJX72r\/view?usp=sharing\" target=\"_blank\" rel=\"noreferrer noopener\">Regimento dos NEABI UTFPR<\/a><\/strong><\/strong> (Anfiteatro do Bloco E).<\/p>\n\n\n\n<p>15h30: Intervado para Caf\u00e9 (Sala D101).<\/p>\n\n\n\n<p>15h30 \u00e0s 17h00: <strong>Oficinas<\/strong> <strong>tem\u00e1ticas<\/strong><\/p>\n\n\n\n<p><a href=\"https:\/\/utfpr.curitiba.br\/neabi\/ii-encontro-2025-oficina-1\/\"><strong>Oficina 1<\/strong> &#8211; <em>Oficina de Capoeira Angola: Mestres, Ancestralidade e Resist\u00eancia Coletiva<\/em><\/a>, por Ana Cec\u00edlia Santana de Oliveira, Daniel Cruz Neto, Elis\u00e2ngela Aparecida da Silva Lizzi, Gabriel de Sousa Muniz, Glaucia Maria Bressan.<\/p>\n\n\n\n<p><a href=\"https:\/\/utfpr.curitiba.br\/neabi\/ii-encontro-2025-oficina-2\/\"><strong>Oficina 2<\/strong> &#8211; <em>Oficina de Samba de Roda: Corporeidade e Vozes Negras em Resist\u00eancia<\/em><\/a>, por Ana Cec\u00edlia Santana de Oliveira, Daniel Cruz Neto, Elis\u00e2ngela Ap. da Silva Lizzi, Gabriel de Sousa Muniz, Glaucia Maria Bressan.<\/p>\n\n\n\n<p><a href=\"https:\/\/utfpr.curitiba.br\/neabi\/ii-encontro-2025-oficina-3\/\"><strong>Oficina 3<\/strong> &#8211; <em>Entre Rimas e Resist\u00eancias: Pedagogia do Hip Hop e o Combate ao Racismo Institucional<\/em><\/a>, por Jos\u00e9 Lucio da Silva Machado e Luis Gabriel Rodrigues.<\/p>\n\n\n\n<p><a href=\"https:\/\/utfpr.curitiba.br\/neabi\/ii-encontro-2025-oficina-4\/\"><strong>Oficina 4<\/strong> &#8211; <em>Pensando na Educa\u00e7\u00e3o das Rela\u00e7\u00f5es \u00c9tnico-Raciais a partir do filme <\/em>Kiriku e a Feiticeira (Michel Ocelot, 1998)<\/a>, por Amanda Crispim e Walker Douglas Pincerati.<\/p>\n\n\n\n<p>18h30: Encerramento.<\/p>\n\n\n\n<p class=\"has-text-align-center has-vivid-red-color has-text-color has-link-color wp-elements-cf136dc82cf03959a5b44ab0381ff24a\"><strong>03 de outubro de 2025<\/strong><\/p>\n\n\n\n<p>07h30: Caf\u00e9 da manh\u00e3 (Sala D101).<\/p>\n\n\n\n<p>08h00: <strong>Apresenta\u00e7\u00e3o de Trabalhos<\/strong> (Anfiteatro do Bloco E).<\/p>\n\n\n\n<p><strong><a href=\"https:\/\/drive.google.com\/file\/d\/1rfriX-9FyacHtDip5uyCETOWYMlThMPx\/view?usp=drive_link\" target=\"_blank\" rel=\"noreferrer noopener\">Caderno de Resumos<\/a><\/strong><\/p>\n\n\n\n<p>11h30: <strong>Encerramento com Apresenta\u00e7\u00f5es Culturais<\/strong> (Anfiteatro do Bloco E)<\/p>\n\n\n\n<p><\/p>\n\n\n\n<p><\/p>\n\n\n\n<p><\/p>\n","protected":false},"excerpt":{"rendered":"<p>De 01 a 03 de outubro de 2025, no campus da UTFPR em Campo Mour\u00e3o, ser\u00e1 realizado o II Encontro<\/p>\n","protected":false},"author":350,"featured_media":1034,"parent":0,"menu_order":0,"comment_status":"closed","ping_status":"closed","template":"","meta":{"colormag_page_container_layout":"default_layout","colormag_page_sidebar_layout":"default_layout","footnotes":""},"class_list":["post-849","page","type-page","status-publish","has-post-thumbnail","hentry"],"_links":{"self":[{"href":"https:\/\/utfpr.curitiba.br\/neabi\/wp-json\/wp\/v2\/pages\/849","targetHints":{"allow":["GET"]}}],"collection":[{"href":"https:\/\/utfpr.curitiba.br\/neabi\/wp-json\/wp\/v2\/pages"}],"about":[{"href":"https:\/\/utfpr.curitiba.br\/neabi\/wp-json\/wp\/v2\/types\/page"}],"author":[{"embeddable":true,"href":"https:\/\/utfpr.curitiba.br\/neabi\/wp-json\/wp\/v2\/users\/350"}],"replies":[{"embeddable":true,"href":"https:\/\/utfpr.curitiba.br\/neabi\/wp-json\/wp\/v2\/comments?post=849"}],"version-history":[{"count":56,"href":"https:\/\/utfpr.curitiba.br\/neabi\/wp-json\/wp\/v2\/pages\/849\/revisions"}],"predecessor-version":[{"id":1715,"href":"https:\/\/utfpr.curitiba.br\/neabi\/wp-json\/wp\/v2\/pages\/849\/revisions\/1715"}],"wp:featuredmedia":[{"embeddable":true,"href":"https:\/\/utfpr.curitiba.br\/neabi\/wp-json\/wp\/v2\/media\/1034"}],"wp:attachment":[{"href":"https:\/\/utfpr.curitiba.br\/neabi\/wp-json\/wp\/v2\/media?parent=849"}],"curies":[{"name":"wp","href":"https:\/\/api.w.org\/{rel}","templated":true}]}}