{"id":806,"date":"2025-08-25T12:28:05","date_gmt":"2025-08-25T15:28:05","guid":{"rendered":"https:\/\/utfpr.curitiba.br\/neabi\/?page_id=806"},"modified":"2025-09-09T10:31:27","modified_gmt":"2025-09-09T13:31:27","slug":"ebo-nas-encruza","status":"publish","type":"page","link":"https:\/\/utfpr.curitiba.br\/neabi\/ebo-nas-encruza\/","title":{"rendered":"Eb\u00f3 nas encruza"},"content":{"rendered":"\n<p><strong>Coordena\u00e7\u00e3o<\/strong>: <a href=\"wdpincerati@utfpr.edu.br\" target=\"_blank\" rel=\"noreferrer noopener\">Walker Douglas Pincerati<\/a> (UTFPR) e <a href=\"kcbrisolla@gmail.com\" data-type=\"link\" data-id=\"kcbrisolla@gmail.com\" target=\"_blank\" rel=\"noreferrer noopener\">Karina Constantino Brisolla<\/a> (UFPel)<\/p>\n\n\n\n<p>O <strong>eb\u00f3 nas encruza<\/strong> \u00e9 um grupo-espa\u00e7o-trabalho dedicado ao estudo e leituras de pedagogias, filosofias e epistemologias de povos de terreiros, quilombolas e ind\u00edgenas. &#8216;Eb\u00f3&#8217; \u00e9 saber praticado, sacrif\u00edcio, oferta, demanda e cria\u00e7\u00e3o de procedimentos de esculhamba\u00e7\u00e3o das l\u00f3gicas totalit\u00e1rias e absolutistas. Trabalha a ancestralidade como experi\u00eancia inacabada, presen\u00e7a espiralada incorporadora num encruzo po\u00e9tico\/pol\u00edtico\/\u00e9tico e de oralituras coletivas para pensar modos de desmantelar os racismos em suas mais diversas formas e manifesta\u00e7\u00f5es.<\/p>\n\n\n\n<p>O grupo se re\u00fane online, \u00e0s segundas-feiras das 10 \u00e0s 12, de 15 em 15 dias para as leituras e discuss\u00e3o de bibliografia.<\/p>\n\n\n\n<p><strong>Cronograma de encontros em 2025\/2<\/strong>: 15\/09, 29\/09, 06\/10, 27\/10, 10\/11, 24\/11 e 08\/12.<\/p>\n\n\n\n<p>Se desejar participar, fazer contato com um dos coordenadores, escrevendo um e-mail\/carta motivacional. <\/p>\n\n\n\n<p><em><strong>Refer\u00eancias<\/strong><\/em>:<\/p>\n\n\n\n<p>BENTO, Cida. O pacto da branquitude. S\u00e3o Paulo: Companhia das Letras, 2022.<\/p>\n\n\n\n<p>C\u00c9SAIRE, Aim\u00e9 (1955). Discurso sobre o colonialismo. Ilustra\u00e7\u00e3o Marcelo D&#8217;Salete. Tradu\u00e7\u00e3o Claudio Willer. S\u00e3o Paulo: Veneta, 2020.<\/p>\n\n\n\n<p>C\u00c9SAIRE, Aim\u00e9 (1987). Discurso sobre a negritude. (qualquer tradu\u00e7\u00e3o)<\/p>\n\n\n\n<p>GON\u00c7ALVES, Ana Maria. Um defeito de cor. Rio de Janeiro: Record, 2006.<\/p>\n\n\n\n<p>FANON, Frantz (1961). Os condenados da terra. Tradu\u00e7\u00e3o L\u00edgia Fonseca Ferreira, Regina Salgado Campos.  Rio de Janeiro: Zahar, 2022.<\/p>\n\n\n\n<p>FERREIRA, T\u00e1ssio. Pedagogia da circularidade: ensinagens de Terreiro. Rio de Janeiro: Telha, 2021.<\/p>\n\n\n\n<p>MACHADO, Vanda. Ir\u00ea Ay\u00f3: uma epistemologia afro-brasileira. Salvador: EDUFBA, 2019.<\/p>\n\n\n\n<p>PINCERATI, Walker Douglas, BRISOLLA, Karina Constantino. O sens\u00edvel, o afeto e a escuta no <em>eb\u00f3 nas encruza<\/em>: relato de uma experi\u00eancia entre Universidade, Terreiro e Escola. Revista \u00c1frica e Africanidades 53, p. 216-231, maio 2025. Dispon\u00edvel em: <a href=\"https:\/\/africaeafricanidades.com.br\/documentos\/Dossie_RAA_ed.53_maio_2025.pdf#page=216\">https:\/\/africaeafricanidades.com.br\/documentos\/Dossie_RAA_ed.53_maio_2025.pdf#page=216<\/a>. <\/p>\n\n\n\n<p>RUFINO, Luiz. Pedagogia das encruzilhadas. Rio de Janeiro: M\u00f3rula Editorial, 2019.<\/p>\n\n\n\n<p>TENORIO, Jefeson. Avesso da pele. S\u00e3o Paulo: Companhia das Letras, 2020.<\/p>\n","protected":false},"excerpt":{"rendered":"<p>Coordena\u00e7\u00e3o: Walker Douglas Pincerati (UTFPR) e Karina Constantino Brisolla (UFPel) O eb\u00f3 nas encruza \u00e9 um grupo-espa\u00e7o-trabalho dedicado ao estudo<\/p>\n","protected":false},"author":39,"featured_media":0,"parent":0,"menu_order":0,"comment_status":"closed","ping_status":"closed","template":"","meta":{"colormag_page_container_layout":"default_layout","colormag_page_sidebar_layout":"default_layout","footnotes":""},"class_list":["post-806","page","type-page","status-publish","hentry"],"_links":{"self":[{"href":"https:\/\/utfpr.curitiba.br\/neabi\/wp-json\/wp\/v2\/pages\/806","targetHints":{"allow":["GET"]}}],"collection":[{"href":"https:\/\/utfpr.curitiba.br\/neabi\/wp-json\/wp\/v2\/pages"}],"about":[{"href":"https:\/\/utfpr.curitiba.br\/neabi\/wp-json\/wp\/v2\/types\/page"}],"author":[{"embeddable":true,"href":"https:\/\/utfpr.curitiba.br\/neabi\/wp-json\/wp\/v2\/users\/39"}],"replies":[{"embeddable":true,"href":"https:\/\/utfpr.curitiba.br\/neabi\/wp-json\/wp\/v2\/comments?post=806"}],"version-history":[{"count":14,"href":"https:\/\/utfpr.curitiba.br\/neabi\/wp-json\/wp\/v2\/pages\/806\/revisions"}],"predecessor-version":[{"id":901,"href":"https:\/\/utfpr.curitiba.br\/neabi\/wp-json\/wp\/v2\/pages\/806\/revisions\/901"}],"wp:attachment":[{"href":"https:\/\/utfpr.curitiba.br\/neabi\/wp-json\/wp\/v2\/media?parent=806"}],"curies":[{"name":"wp","href":"https:\/\/api.w.org\/{rel}","templated":true}]}}