{"id":675,"date":"2025-06-02T20:22:52","date_gmt":"2025-06-02T23:22:52","guid":{"rendered":"https:\/\/utfpr.curitiba.br\/neabi\/?page_id=675"},"modified":"2025-06-02T21:04:38","modified_gmt":"2025-06-03T00:04:38","slug":"programacao-teclis-2025","status":"publish","type":"page","link":"https:\/\/utfpr.curitiba.br\/neabi\/programacao-teclis-2025\/","title":{"rendered":"Programa\u00e7\u00e3o TECLIS 2025"},"content":{"rendered":"\n<p><\/p>\n\n\n\n<p class=\"has-text-align-center has-vivid-red-color has-text-color has-link-color has-medium-font-size wp-elements-694e0f683964b97a65a410378e4db319\"><strong>9 DE JUNHO DE 2025<\/strong><\/p>\n\n\n\n<p><strong>SALA: CC-301<\/strong><\/p>\n\n\n\n<figure class=\"wp-block-table\"><table class=\"has-fixed-layout\"><tbody><tr><td><\/td><td>ALUNO<\/td><td>ORIENTADOR<\/td><td>DEBATEDOR<\/td><\/tr><tr><td>14:00<\/td><td>Francielly Orlandini Capristo Ferraro &#8211; DIAGN\u00d3STICO DA COMUNICA\u00c7\u00c3O P\u00daBLICA DAS UNIVERSIDADES FEDERAIS COM AS REDES SOCIAIS<\/td><td>Maurini Souza<\/td><td>Jo\u00e3o Augusto Moliani<\/td><\/tr><tr><td>14:45<\/td><td>Luana Vargas de Andrade\u00a0&#8211; EXISTE UM RENASCER DA REFORMA AGR\u00c1RIA NA TELEVIS\u00c3O? UMA AN\u00c1LISE EST\u00c9TICA DA NOVELA RENASCER (2024)<\/td><td>Maurini de Souza&nbsp;<\/td><td>Carolina Fernandes da Silva Mandaji<\/td><\/tr><tr><td>15:30<\/td><td>Mayara Cristina do Nascimento\u00a0&#8211; RENASCER, O NEGRO EM CENA: UM ESTUDO SOBRE PERMAN\u00caNCIAS E RUPTURAS NA REPRESENTA\u00c7\u00c3O DA NEGRITUDE NO REMAKE DA TELENOVELA<\/td><td>Maurini de Souza&nbsp;<\/td><td>Carolina Fernandes Da Silva Mandaji&nbsp;<\/td><\/tr><tr><td>16:15<\/td><td>Amanda Bueno de Oliveira\u00a0&#8211; AS PALAVRAS E A PLANTA: MEM\u00d3RIA COLETIVA SOBRE MACONHA NO PARAN\u00c1<\/td><td>Marcelo Fernando de Lima&nbsp;<\/td><td>Rog\u00e9rio Caetano de Almeida (videoconfer\u00eancia)<\/td><\/tr><\/tbody><\/table><\/figure>\n\n\n\n<p class=\"has-text-align-center has-vivid-red-color has-text-color has-link-color has-medium-font-size wp-elements-5b4bed010318f21352272864ca396409\"><strong>10 DE JUNHO DE 2025<\/strong><\/p>\n\n\n\n<p><strong>SALA CA-205<\/strong><\/p>\n\n\n\n<figure class=\"wp-block-table\"><table class=\"has-fixed-layout\"><tbody><tr><td><\/td><td>ALUNO<\/td><td>ORIENTADOR<\/td><td>DEBATEDOR<\/td><\/tr><tr><td>8:30<\/td><td>Wagner Revor\u00eado Alves Filho\u00a0&#8211; ENTRE VOZES E DISCURSOS: INTERTEXTUALIDADE E CONSTRU\u00c7\u00c3O DISCURSIVA DO PONTO DE VISTA NO DOCUMENT\u00c1RIO<\/td><td>Evandro de Melo Catelan<\/td><td>N\u00edvea Rohling<\/td><\/tr><tr><td>9:15<\/td><td>Taciana Boing &#8211; L\u00cdNGUA PORTUGUESA COMO ACOLHIMENTO EM CONTEXTO DE MIGRA\u00c7\u00c3O NAS ESCOLAS P\u00daBLICAS DE RIO DO SUL-SC<\/td><td>Nivea Rohling<\/td><td>Fernanda Deah Chichorro Baldin<\/td><\/tr><tr><td>10:00<\/td><td>Melissa Diniz Medroni &#8211; LINGUAGEM SIMPLES E INCLUSIVA: UMA AN\u00c1LISE DA ATUALIZA\u00c7\u00c3O DOS G\u00caNEROS DISCURSIVOS NA ESFERA JUR\u00cdDICA<\/td><td>N\u00edvea Rohling<\/td><td>Maria de Lourdes Rossi Remenche<\/td><\/tr><tr><td>10:45<\/td><td>J\u00e9ssica Priscila Monteiro Marchioro &#8211; O JOGO UNPACKING COMO FERRAMENTA MULTILETRADA PARA A CONSTRU\u00c7\u00c3O DE SENTIDOS CULTURAIS E IDENTIT\u00c1RIOS<\/td><td>Ana Paula Pinheiro da Silveira<\/td><td>Maria de Lourdes Rossi Remenche<\/td><\/tr><\/tbody><\/table><\/figure>\n\n\n\n<p><strong>SALA CA-205<\/strong><\/p>\n\n\n\n<figure class=\"wp-block-table\"><table class=\"has-fixed-layout\"><tbody><tr><td><\/td><td>ALUNO<\/td><td>ORIENTADOR<\/td><td>DEBATEDOR<\/td><\/tr><tr><td>14:00<\/td><td>Ketlyn Margoti &#8211; AN\u00c1LISE DIACR\u00d4NICA DO DISCURSO JORNAL\u00cdSTICO SOBRE MUDAN\u00c7AS CLIM\u00c1TICAS: UM ESTUDO DA LINGU\u00cdSTICA DE CORPUS E DA AN\u00c1LISE DO DISCURSO SOBRE A FOLHA DE S\u00c3O PAULO<\/td><td>Maria de Lourdes Rossi Remenche<\/td><td>Ana Paula Pinheiro da Silveira<\/td><\/tr><tr><td>14:45<\/td><td>B\u00e1rbara Franco Justi &#8211; JORNAL BIOGR\u00c1FICO COMO PERCURSO DE AUTONOMIA ESTUDANTIL: A EXPERI\u00caNCIA COM MULTILETRAMENTOS E SEMI\u00d3TICA NO ENSINO<\/td><td>Ana Paula Pinheiro da Silveira<\/td><td>Maria de Lourdes Rossi Remenche<\/td><\/tr><tr><td>15:30<\/td><td>Valdomiro Mendes Arantes &#8211;  ENTRE O CANTO E O GRITO GUARANI: LETRAMENTO DE REEXIST\u00caNCIA NO RAP IND\u00cdGENA<\/td><td>Maria de Lourdes Rossi Remenche<\/td><td>Ana Paula Pinheiro da Silveira<\/td><\/tr><tr><td>16:15<\/td><td>Darusa Nascimento dos Santos &#8211; LETRAMENTOS: VOZES DA RESIST\u00caNCIA E DA REEXIST\u00caNCIA NO DOCUMENT\u00c1RIO AMARELO<\/td><td>Ana Paula Pinheiro da Silveira<\/td><td>Maria de Lourdes Rossi Remenche<\/td><\/tr><\/tbody><\/table><\/figure>\n\n\n\n<p><strong>SALA CA-206<\/strong><\/p>\n\n\n\n<figure class=\"wp-block-table\"><table class=\"has-fixed-layout\"><tbody><tr><td><\/td><td>ALUNO<\/td><td>ORIENTADOR<\/td><td>DEBATEDOR<\/td><\/tr><tr><td>14:00<\/td><td>J\u00falio C\u00e9sar Rodrigues Lima &#8211; MUKUTU &amp; NDANDU: MEM\u00d3RIAS E PARENTELA AO ENCRUZILHAR DOS CORPOS<\/td><td>Paulo Eduardo Benites de Moraes<\/td><td>Maria Alice Sabani de Souza Milani<\/td><\/tr><tr><td>14:45<\/td><td>Gabriela Faria Costa &#8211; STELLA FORA DE SI: UM FALAT\u00d3RIO EM CAMPO EXPANDIDO<\/td><td>Paulo Eduardo Benites de Moraes<\/td><td>Maria Alice Sabani de Souza Milani<\/td><\/tr><tr><td>15:30<\/td><td>Juliana Ertes Santos &#8211; CRISTOV\u00c3O TEZZA: ENTRE O FICCIONISTA E O CR\u00cdTICO<\/td><td>Naira de Almeira Nascimento (representada por: Paulo Benites)<\/td><td>Marcelo Franz<\/td><\/tr><tr><td>16:15<\/td><td>Raquel Rosa Cardoso &#8211; TECNOLOGIAS DE SI E OBLIQUA\u00c7\u00c3O EM ANNIE ERNAUX<\/td><td>Cristiano de Sales<\/td><td>Paulo Benites<\/td><\/tr><\/tbody><\/table><\/figure>\n\n\n\n<p class=\"has-text-align-center has-vivid-red-color has-text-color has-link-color has-medium-font-size wp-elements-d2629b66850b921ebddcc19ae0837dc3\"><strong>11 DE JUNHO DE 2025<\/strong><\/p>\n\n\n\n<p><strong>Sala CA-206<\/strong><\/p>\n\n\n\n<figure class=\"wp-block-table\"><table class=\"has-fixed-layout\"><tbody><tr><td><\/td><td>ALUNO<\/td><td>ORIENTADOR<\/td><td>DEBATEDOR<\/td><\/tr><tr><td>14:00<\/td><td>Laura Catalina Pe\u00f1a Ram\u00edrez &#8211; A VARIA\u00c7\u00c3O LEXICAL NO ENSINO DIGITAL DO ESPANHOL COMO L2: UM ESTUDO DO APLICATIVO DUOLINGO<\/td><td>Cristina de Souza Prim<\/td><td>Luana de Conto<\/td><\/tr><tr><td>14:45<\/td><td>Bruna do Nascimento Indalencio &#8211; UMA AN\u00c1LISE DAS CARACTER\u00cdSTICAS DAS MATERIALIDADES AUDIOVISUAIS NOS MEIOS DIGITAIS EM \u201cGREG NEWS\u201d<\/td><td>Carolina Fernandes da Silva Mandaj\u00ed<\/td><td>Anuschka Reichmann Lemos<\/td><\/tr><tr><td>15:30<\/td><td>Ana Paula Seciuk &#8211; SOBREPOSI\u00c7\u00c3O DE TEMPOS NA FOTOGRAFIA: UMA AN\u00c1LISE SOBRE TEMPORALIDADES NA IMAGEM<\/td><td>Paula \u00c1vila Nunes<\/td><td>Anuschka Reichmann Lemos<\/td><\/tr><tr><td>16:15<\/td><td>Cleverson Willian Hon\u00f3rio &#8211; A RESSIGNIFICA\u00c7\u00c3O DO CITY POP NA ERA P\u00d3S-MODERNA<\/td><td>Carolina Fernandes da Silva Mandaji<\/td><td>Ana Paula Pinheiro da Silveira<\/td><\/tr><\/tbody><\/table><\/figure>\n","protected":false},"excerpt":{"rendered":"<p>9 DE JUNHO DE 2025 SALA: CC-301 ALUNO ORIENTADOR DEBATEDOR 14:00 Francielly Orlandini Capristo Ferraro &#8211; DIAGN\u00d3STICO DA COMUNICA\u00c7\u00c3O P\u00daBLICA<\/p>\n","protected":false},"author":39,"featured_media":0,"parent":0,"menu_order":0,"comment_status":"closed","ping_status":"closed","template":"","meta":{"colormag_page_container_layout":"default_layout","colormag_page_sidebar_layout":"default_layout","footnotes":""},"class_list":["post-675","page","type-page","status-publish","hentry"],"_links":{"self":[{"href":"https:\/\/utfpr.curitiba.br\/neabi\/wp-json\/wp\/v2\/pages\/675","targetHints":{"allow":["GET"]}}],"collection":[{"href":"https:\/\/utfpr.curitiba.br\/neabi\/wp-json\/wp\/v2\/pages"}],"about":[{"href":"https:\/\/utfpr.curitiba.br\/neabi\/wp-json\/wp\/v2\/types\/page"}],"author":[{"embeddable":true,"href":"https:\/\/utfpr.curitiba.br\/neabi\/wp-json\/wp\/v2\/users\/39"}],"replies":[{"embeddable":true,"href":"https:\/\/utfpr.curitiba.br\/neabi\/wp-json\/wp\/v2\/comments?post=675"}],"version-history":[{"count":4,"href":"https:\/\/utfpr.curitiba.br\/neabi\/wp-json\/wp\/v2\/pages\/675\/revisions"}],"predecessor-version":[{"id":688,"href":"https:\/\/utfpr.curitiba.br\/neabi\/wp-json\/wp\/v2\/pages\/675\/revisions\/688"}],"wp:attachment":[{"href":"https:\/\/utfpr.curitiba.br\/neabi\/wp-json\/wp\/v2\/media?parent=675"}],"curies":[{"name":"wp","href":"https:\/\/api.w.org\/{rel}","templated":true}]}}