{"id":67,"date":"2024-10-09T11:18:24","date_gmt":"2024-10-09T14:18:24","guid":{"rendered":"https:\/\/utfpr.curitiba.br\/neabi\/?page_id=67"},"modified":"2026-02-20T22:27:28","modified_gmt":"2026-02-21T01:27:28","slug":"editais","status":"publish","type":"page","link":"https:\/\/utfpr.curitiba.br\/neabi\/editais\/","title":{"rendered":"Editais"},"content":{"rendered":"\n<p><a href=\"https:\/\/utfpr.curitiba.br\/neabi\/edital-01-2026-licenciando\/\">EDITAL DIVA\/PROGRAD 01\/2026: SELE\u00c7\u00c3O DE BOLSISTAS E VOLUNT\u00c1RIOS PARA PROJETO LICENCIANDO DO NEABI DIVA GUIMAR\u00c3ES<\/a><\/p>\n\n\n\n<p><a href=\"https:\/\/utfpr.curitiba.br\/neabi\/edital-59-2025\/\">EDITAL 59\/2025 DIRGRAD: NEABI DIVA GUIMAR\u00c3ES UTFPR CURITIBA &#8211; SELE\u00c7\u00c3O DE REC\u00c9M-FORMADO<\/a><\/p>\n\n\n\n<p><a href=\"https:\/\/utfpr.curitiba.br\/neabi\/edital-55-2025\/\">EDITAL 55\/2025 DIRGRAD-CT\/NEABI: PROGRAMA DE BOLSAS PARA APOIO \u00c0S ATIVIDADES DO N\u00daCLEO DE ESTUDOS AFRO-BRASILEIROS E IND\u00cdGENAS DA UTFPR CAMPUS CURITIBA, EDITAL DE SELE\u00c7\u00c3O DE COLABORADOR EXTERNO PARA FUN\u00c7\u00c3O DE PROFESSOR(A) COLABORADOR(A) DA EDUCA\u00c7\u00c3O B\u00c1SICA, VINCULADOS AO PROJETO DE ENSINO NEABI<\/a><\/p>\n\n\n\n<p><a href=\"https:\/\/utfpr.curitiba.br\/neabi\/edital-51-2025-dirgrad\/\">EDITAL 51\/2025 DIRGRAD: PROGRAMA DE BOLSAS PARA APOIO \u00c0S ATIVIDADES DO N\u00daCLEO DE ESTUDOS AFRO-BRASILEIROS E IND\u00cdGENAS DA UTFPR, CAMPUS CURITIBA<\/a><\/p>\n\n\n\n<p><a href=\"https:\/\/utfpr.curitiba.br\/neabi\/edital-52-2024-dirgrad-neabi-ct\/\">EDITAL 52\/2024 DIRGRAD: PROGRAMA DE BOLSAS PARA APOIO \u00c0S ATIVIDADES DO N\u00daCLEO DE ESTUDOS AFRO-BRASILEIROS E IND\u00cdGENAS DA UTFPR, CAMPUS CURITIBA<\/a><\/p>\n\n\n\n<p><\/p>\n","protected":false},"excerpt":{"rendered":"<p>EDITAL DIVA\/PROGRAD 01\/2026: SELE\u00c7\u00c3O DE BOLSISTAS E VOLUNT\u00c1RIOS PARA PROJETO LICENCIANDO DO NEABI DIVA GUIMAR\u00c3ES EDITAL 59\/2025 DIRGRAD: NEABI DIVA<\/p>\n","protected":false},"author":39,"featured_media":0,"parent":0,"menu_order":0,"comment_status":"closed","ping_status":"closed","template":"","meta":{"colormag_page_container_layout":"default_layout","colormag_page_sidebar_layout":"default_layout","footnotes":""},"class_list":["post-67","page","type-page","status-publish","hentry"],"_links":{"self":[{"href":"https:\/\/utfpr.curitiba.br\/neabi\/wp-json\/wp\/v2\/pages\/67","targetHints":{"allow":["GET"]}}],"collection":[{"href":"https:\/\/utfpr.curitiba.br\/neabi\/wp-json\/wp\/v2\/pages"}],"about":[{"href":"https:\/\/utfpr.curitiba.br\/neabi\/wp-json\/wp\/v2\/types\/page"}],"author":[{"embeddable":true,"href":"https:\/\/utfpr.curitiba.br\/neabi\/wp-json\/wp\/v2\/users\/39"}],"replies":[{"embeddable":true,"href":"https:\/\/utfpr.curitiba.br\/neabi\/wp-json\/wp\/v2\/comments?post=67"}],"version-history":[{"count":16,"href":"https:\/\/utfpr.curitiba.br\/neabi\/wp-json\/wp\/v2\/pages\/67\/revisions"}],"predecessor-version":[{"id":1683,"href":"https:\/\/utfpr.curitiba.br\/neabi\/wp-json\/wp\/v2\/pages\/67\/revisions\/1683"}],"wp:attachment":[{"href":"https:\/\/utfpr.curitiba.br\/neabi\/wp-json\/wp\/v2\/media?parent=67"}],"curies":[{"name":"wp","href":"https:\/\/api.w.org\/{rel}","templated":true}]}}