{"id":6,"date":"2024-09-19T08:29:40","date_gmt":"2024-09-19T11:29:40","guid":{"rendered":"https:\/\/utfpr.curitiba.br\/neabi\/?page_id=6"},"modified":"2025-11-14T00:30:03","modified_gmt":"2025-11-14T03:30:03","slug":"contato","status":"publish","type":"page","link":"https:\/\/utfpr.curitiba.br\/neabi\/contato\/","title":{"rendered":"Contato"},"content":{"rendered":"\n<p class=\"has-text-align-center has-medium-font-size\"><strong>N\u00facleo de Estudos Afro-brasileiros e Ind\u00edgenas da <a href=\"https:\/\/www.utfpr.edu.br\/campus\/curitiba\/\" target=\"_blank\" rel=\"noreferrer noopener\">UTFPR Curitiba<\/a><\/strong><\/p>\n\n\n\n<p class=\"has-text-align-center\" style=\"font-size:29px\"><strong><a href=\"https:\/\/utfpr.curitiba.br\/neabi\/\">Neabi Diva Guimar\u00e3es UTFPR-CT<\/a><\/strong><\/p>\n\n\n\n<p class=\"has-text-align-center\"><a href=\"mailto:neabi-ct@utfpr.edu.br\">neabi-ct@utfpr.edu.br<\/a><\/p>\n\n\n\n<p class=\"has-text-align-center\"><a href=\"mailto:neabiutfpr.ct.edu@gmail.com\" target=\"_blank\" rel=\"noreferrer noopener\">neabiutfpr.ct.edu@gmail.com<\/a><\/p>\n\n\n\n<p class=\"has-text-align-center\">website: <a href=\"https:\/\/utfpr.curitiba.br\/neabi\/\">https:\/\/utfpr.curitiba.br\/neabi\/<\/a><\/p>\n\n\n\n<figure class=\"wp-block-image aligncenter size-large is-resized\"><img fetchpriority=\"high\" decoding=\"async\" width=\"1024\" height=\"1024\" src=\"https:\/\/utfpr-ct-static-content.s3.amazonaws.com\/utfpr.curitiba.br\/wp-content\/uploads\/sites\/181\/2025\/11\/qr-code-1024x1024.png\" alt=\"\" class=\"wp-image-1403\" style=\"width:104px;height:auto\" srcset=\"https:\/\/utfpr-ct-static-content.s3.amazonaws.com\/utfpr.curitiba.br\/wp-content\/uploads\/sites\/181\/2025\/11\/qr-code-1024x1024.png 1024w, https:\/\/utfpr-ct-static-content.s3.amazonaws.com\/utfpr.curitiba.br\/wp-content\/uploads\/sites\/181\/2025\/11\/qr-code-300x300.png 300w, https:\/\/utfpr-ct-static-content.s3.amazonaws.com\/utfpr.curitiba.br\/wp-content\/uploads\/sites\/181\/2025\/11\/qr-code-150x150.png 150w, https:\/\/utfpr-ct-static-content.s3.amazonaws.com\/utfpr.curitiba.br\/wp-content\/uploads\/sites\/181\/2025\/11\/qr-code-768x768.png 768w, https:\/\/utfpr-ct-static-content.s3.amazonaws.com\/utfpr.curitiba.br\/wp-content\/uploads\/sites\/181\/2025\/11\/qr-code.png 1155w\" sizes=\"(max-width: 1024px) 100vw, 1024px\" \/><\/figure>\n\n\n\n<p class=\"has-text-align-center\">instragam: <a href=\"https:\/\/www.instagram.com\/neabiutfpr.ct\/\" target=\"_blank\" rel=\"noreferrer noopener\">https:\/\/www.instagram.com\/neabiutfpr.ct\/<\/a><\/p>\n\n\n\n<p class=\"has-text-align-center has-large-font-size\"><strong>Coordena\u00e7\u00e3o:<\/strong><\/p>\n\n\n\n<p class=\"has-text-align-center\">Coordenador: Prof. Dr. Walker Douglas Pincerati<\/p>\n\n\n\n<p class=\"has-text-align-center\"><a href=\"mailto:wdpincerati@utfpr.edu.br\" target=\"_blank\" rel=\"noreferrer noopener\">wdpincerati@utfpr.edu.br<\/a><\/p>\n\n\n\n<p class=\"has-text-align-center\">Vice-coodenadora: Profa. Dra. Amanda Crispim Ferreira<\/p>\n\n\n\n<p class=\"has-text-align-center\"><a href=\"mailto:amacrispim@utfpr.edu.br\">amacrispim@utfpr.edu.br<\/a><\/p>\n\n\n\n<p class=\"has-text-align-center has-large-font-size\"><strong>Atendimento presencial:<\/strong><\/p>\n\n\n\n<p class=\"has-text-align-center\">Hor\u00e1rio presencial: 2f: 13 \u00e0s 18; 3f: 9:20 \u00e0s 11:30 e 13 \u00e0s 17:30; 4f: 11 \u00e0s 18&#8217;40; 6f: 13 \u00e0s 17:30.<\/p>\n\n\n\n<p class=\"has-text-align-center\">Reuni\u00f5es de trabalho, semanais: das 14 \u00e0s 16&#8217;30.<\/p>\n\n\n\n<p class=\"has-text-align-center\">Reuni\u00f5es ordin\u00e1rias, mensais: \u00faltimas 5f das 10 \u00e0s 12.<\/p>\n\n\n\n<p class=\"has-text-align-center has-large-font-size\"><strong>Universidade Tecnol\u00f3gica Federal do Paran\u00e1, <a href=\"https:\/\/www.utfpr.edu.br\/campus\/curitiba\/\" target=\"_blank\" rel=\"noreferrer noopener\">Campus Curitiba<\/a>.<\/strong><\/p>\n\n\n\n<p class=\"has-text-align-center\">Av. Sete de Setembro, 3165, Bloco K, Sala CK002. <\/p>\n\n\n\n<p class=\"has-text-align-center\">Rebou\u00e7as. 80.230-901. Curitiba\/PR. Brasil. <\/p>\n\n\n\n<p><\/p>\n","protected":false},"excerpt":{"rendered":"<p>N\u00facleo de Estudos Afro-brasileiros e Ind\u00edgenas da UTFPR Curitiba Neabi Diva Guimar\u00e3es UTFPR-CT neabi-ct@utfpr.edu.br neabiutfpr.ct.edu@gmail.com website: https:\/\/utfpr.curitiba.br\/neabi\/ instragam: https:\/\/www.instagram.com\/neabiutfpr.ct\/ Coordena\u00e7\u00e3o:<\/p>\n","protected":false},"author":39,"featured_media":0,"parent":0,"menu_order":0,"comment_status":"closed","ping_status":"closed","template":"","meta":{"colormag_page_container_layout":"default_layout","colormag_page_sidebar_layout":"default_layout","footnotes":""},"class_list":["post-6","page","type-page","status-publish","hentry"],"_links":{"self":[{"href":"https:\/\/utfpr.curitiba.br\/neabi\/wp-json\/wp\/v2\/pages\/6","targetHints":{"allow":["GET"]}}],"collection":[{"href":"https:\/\/utfpr.curitiba.br\/neabi\/wp-json\/wp\/v2\/pages"}],"about":[{"href":"https:\/\/utfpr.curitiba.br\/neabi\/wp-json\/wp\/v2\/types\/page"}],"author":[{"embeddable":true,"href":"https:\/\/utfpr.curitiba.br\/neabi\/wp-json\/wp\/v2\/users\/39"}],"replies":[{"embeddable":true,"href":"https:\/\/utfpr.curitiba.br\/neabi\/wp-json\/wp\/v2\/comments?post=6"}],"version-history":[{"count":34,"href":"https:\/\/utfpr.curitiba.br\/neabi\/wp-json\/wp\/v2\/pages\/6\/revisions"}],"predecessor-version":[{"id":1483,"href":"https:\/\/utfpr.curitiba.br\/neabi\/wp-json\/wp\/v2\/pages\/6\/revisions\/1483"}],"wp:attachment":[{"href":"https:\/\/utfpr.curitiba.br\/neabi\/wp-json\/wp\/v2\/media?parent=6"}],"curies":[{"name":"wp","href":"https:\/\/api.w.org\/{rel}","templated":true}]}}