{"id":518,"date":"2025-05-20T13:42:55","date_gmt":"2025-05-20T16:42:55","guid":{"rendered":"https:\/\/utfpr.curitiba.br\/neabi\/?page_id=518"},"modified":"2026-03-13T15:42:44","modified_gmt":"2026-03-13T18:42:44","slug":"publicacoes-externas","status":"publish","type":"page","link":"https:\/\/utfpr.curitiba.br\/neabi\/publicacoes-externas\/","title":{"rendered":"Textos p\u00fablicos"},"content":{"rendered":"\n<p><\/p>\n\n\n\n<p><strong>A l\u00edngua inglesa na \u00c1frica: opress\u00e3o, negocia\u00e7\u00e3o, resist\u00eancia<\/strong>. \u00c2ngela Lamas Rodrigues. PDF gratuito: <a href=\"https:\/\/editoraunicamp.com.br\/catalogo\/?id=1475\" target=\"_blank\" rel=\"noreferrer noopener\">https:\/\/editoraunicamp.com.br\/catalogo\/?id=1475<\/a>. <\/p>\n\n\n\n<p><strong><a href=\"https:\/\/drive.google.com\/file\/d\/1SbjLcFQ5_-7acgDGbq12h4cl-olbLERx\/view?usp=drive_link\" target=\"_blank\" rel=\"noreferrer noopener\">Caderno de Propostas para um PNE Antirracista: contribui\u00e7\u00f5es da sociedade civil<\/a><\/strong>. Frente Parlamentar Mista Antirracismo. Curitiba: Assembleia Legislativa do Paran\u00e1, 2025.<\/p>\n\n\n\n<p><a href=\"https:\/\/drive.google.com\/file\/d\/1rfriX-9FyacHtDip5uyCETOWYMlThMPx\/view?usp=drive_link\" target=\"_blank\" rel=\"noreferrer noopener\"><strong>Caderno de Resumos do II Encontro de Neabis da UTFPR e II Encontro de Coletivos de Estudantes Negros e Ind\u00edgenas da UTFPR &#8211; 2025<\/strong>.<\/a> Curitiba\/Campo Mour\u00e3o: NEABI UTFPR, 2025.<\/p>\n\n\n\n<p><strong>Contos do c\u00e9u e da terra. <\/strong>Ruth Guimar\u00e3es. PDF gratuito: <a href=\"https:\/\/faroeditorial.com.br\/site2020\/wp-content\/uploads\/2021\/10\/Mini-Livro-Contos-dos-Ceu-1.pdf\" target=\"_blank\" rel=\"noreferrer noopener\">https:\/\/faroeditorial.com.br\/site2020\/wp-content\/uploads\/2021\/10\/Mini-Livro-Contos-dos-Ceu-1.pdf<\/a>.<\/p>\n\n\n\n<p><strong>Educa\u00e7\u00e3o antirracista: relatos de fam\u00edlias inter-raciais e que a Hist\u00f3ria nos conta<\/strong>. Caroline Pereira dos Santos et al. PDF gratuito: <a href=\"https:\/\/www.amazon.com.br\/EDUCA%C3%87%C3%83O-ANTIRRACISTA-fam%C3%ADlias-inter-raciais-Hist%C3%B3ria-ebook\/dp\/B0CFYSGR2K\" target=\"_blank\" rel=\"noreferrer noopener\">https:\/\/www.amazon.com.br\/EDUCA%C3%87%C3%83O-ANTIRRACISTA-fam%C3%ADlias-inter-raciais-Hist%C3%B3ria-ebook\/dp\/B0CFYSGR2K<\/a>.<\/p>\n\n\n\n<p><strong>Estatuto da Igualdade Racial, Lei 12.288, de 20 de Julho de 2010<\/strong>. Bras\u00edlia, Presid\u00eancia da Rep\u00fablica, Governo Ferderal. Acesso gratuito: <a href=\"https:\/\/www.planalto.gov.br\/ccivil_03\/_ato2007-2010\/2010\/lei\/l12288.htm\" target=\"_blank\" rel=\"noreferrer noopener\">https:\/\/www.planalto.gov.br\/ccivil_03\/_ato2007-2010\/2010\/lei\/l12288.htm<\/a>.<\/p>\n\n\n\n<p><strong><a href=\"https:\/\/drive.google.com\/file\/d\/1pIC9_089-LnEsxtdNtQF3CVsp5Yurw2V\/view?usp=sharing\" target=\"_blank\" rel=\"noreferrer noopener\">Leis e Regimentos das Miss\u00f5es: pol\u00edtica indigenista no Brasil<\/a>.<\/strong> Jos\u00e9 Oscar Deozzo. S\u00e3o Paulo, Loyola, 1983.<\/p>\n\n\n\n<p><strong>Forma\u00e7\u00e3o de professoras(es) e lideran\u00e7as quilombolas.<\/strong> Noeli da Silva Miranda de Ara\u00fajo e Patr\u00edcia Gomes Rufino de Andrade. Acesso gratuito:&nbsp;<a href=\"https:\/\/encontrografia.com\/formacao-de-professorases-e-liderancas-quilombolas\/\" target=\"_blank\" rel=\"noreferrer noopener\">https:\/\/encontrografia.com\/formacao-de-professorases-e-liderancas-quilombolas\/<\/a>. <\/p>\n\n\n\n<p><a href=\"https:\/\/drive.google.com\/file\/d\/1oOB4UASz-3RzIHogQE0I-babgd8kwpy3\/view?pli=1\" target=\"_blank\" rel=\"noreferrer noopener\"><strong>Manual de normaliza\u00e7\u00e3o para trabalhos cient\u00edficos idiomas Kaingang e Portugu\u00eas<\/strong>. Manual tag t\u00f3g Kaingang v\u1fd6 ki h\u00e1n k\u1ef9 mi normaliza\u00e7\u00e3o bibliogr\u00e1fica k\u00e3gki \u1ebdg trabalhos cient\u00edficos ag h\u00e1n j\u00e9 \u1ebdg vi Kaingang ki kar f\u00f3g ag v\u1fd6 ki<\/a>. Ponta Grossa: Editora UEPG, 2025.<\/p>\n\n\n\n<p><strong>Marcos legais dos povos de terreiro. Cultura, Direito e Deveres. Vol. 01<\/strong>. Curitiba: Defensoria P\u00fablica do Estado do Paran\u00e1 \/ N\u00facleo de Promo\u00e7\u00e3o da Igualdade \u00c9tnico-Racial \/ Governo do Paran\u00e1 &#8211; Secretaria da Mulher, Igualdade Racial e Pessoa Idosa, 2025. Dispon\u00edvel em: <a href=\"https:\/\/www.semipi.pr.gov.br\/sites\/default\/arquivos_restritos\/files\/documento\/2025-09\/CARTILHA%201_MARCOS%20LEGAIS%20POVOS%20DE%20TERREIRO.pdf\" target=\"_blank\" rel=\"noreferrer noopener\">https:\/\/www.semipi.pr.gov.br\/sites\/default\/arquivos_restritos\/files\/documento\/2025-09\/CARTILHA%201_MARCOS%20LEGAIS%20POVOS%20DE%20TERREIRO.pdf<\/a>.<\/p>\n\n\n\n<p><strong>Movimento Negro em institui\u00e7\u00f5es de ensino em Teresina, Piau\u00ed: as experi\u00eancias do IFARAD\u00c1 e do Centro Afro-Cultural &#8220;Coisa de N\u00eago&#8221;. <\/strong>Ana Beatriz Souza Gomes. Tese [Doutorado em Educa\u00e7\u00e3o]. Faculdade de Educa\u00e7\u00e3o da Universidade Federal do Cear\u00e1, Fortaleza. Acesso gratuito: <a href=\"https:\/\/repositorio.ufc.br\/handle\/riufc\/3320\" target=\"_blank\" rel=\"noreferrer noopener\">https:\/\/repositorio.ufc.br\/handle\/riufc\/3320<\/a>. <\/p>\n\n\n\n<p><strong>O portugu\u00eas afro-brasileiro. <\/strong>Dante Lucchesi, Alan Baxter e Ilza Ribeiro. PDF gratuito: <a href=\"https:\/\/repositorio.ufba.br\/handle\/ufba\/209\" target=\"_blank\" rel=\"noreferrer noopener\">https:\/\/repositorio.ufba.br\/handle\/ufba\/209<\/a>. <\/p>\n\n\n\n<p><strong>Os filhos do medo. <\/strong>Ruth Guimar\u00e3es. PDF gratuito: <a href=\"https:\/\/pt.scribd.com\/document\/668762142\/Os-Filhos-Do-Medo-Ruth-Guimaraes-1950\" target=\"_blank\" rel=\"noreferrer noopener\">https:\/\/pt.scribd.com\/document\/668762142\/Os-Filhos-Do-Medo-Ruth-Guimaraes-1950<\/a>. <\/p>\n\n\n\n<p><strong>Os negros crist\u00e3os cat\u00f3licos e o culto aos santos na Bahia colonial<\/strong>. T\u00e2nia Maria Pinto. PDF gratuito: <a href=\"https:\/\/www.academia.edu\/15362180\/Os_negros_crist%C3%A3os_cat%C3%B3licos_e_o_culto_aos_santos_na_Bahia_colonial\" target=\"_blank\" rel=\"noreferrer noopener\">https:\/\/www.academia.edu\/15362180\/Os_negros_crist%C3%A3os_cat%C3%B3licos_e_o_culto_aos_santos_na_Bahia_colonial<\/a>.<\/p>\n\n\n\n<p><strong>Orienta\u00e7\u00f5es e A\u00e7\u00f5es para a Educa\u00e7\u00e3o das Rela\u00e7\u00f5es \u00c9tnico-Raciais<\/strong>. MEC\/Governo Federal. PDF gratuito: <a href=\"https:\/\/ifrs.edu.br\/wp-content\/uploads\/2021\/04\/orientacoes-e-Acoes-para-relacoes-etnico-raciais-2006.pdf\" target=\"_blank\" rel=\"noreferrer noopener\">https:\/\/ifrs.edu.br\/wp-content\/uploads\/2021\/04\/orientacoes-e-Acoes-para-relacoes-etnico-raciais-2006.pdf<\/a>.<\/p>\n\n\n\n<p><strong>O humano, o selvagem e o civilizado. Discursos sobre evolu\u00e7\u00e3o natural em Mo\u00e7ambique Colonial (1876-1918).<\/strong> Marcos Vin\u00edcius Santos Dias Coelho. PDF gratuito: <a href=\"https:\/\/livros01.livrosgratis.com.br\/cp130792.pdf\" target=\"_blank\" rel=\"noreferrer noopener\">https:\/\/livros01.livrosgratis.com.br\/cp130792.pdf<\/a>.<\/p>\n\n\n\n<p><strong>Paran\u00e1 Negro<\/strong>. Jackson Gomes Junior e Geraldo Luiz da Silva. PDF gratuito: <a href=\"http:\/\/www.historia.seed.pr.gov.br\/arquivos\/File\/sugestao_leitura\/parana_negro.pdf\" target=\"_blank\" rel=\"noreferrer noopener\">http:\/\/www.historia.seed.pr.gov.br\/arquivos\/File\/sugestao_leitura\/parana_negro.pdf<\/a>. <\/p>\n\n\n\n<p><strong>Pequenno Manual Antirracista<\/strong>. Djamila Ribeiro. S\u00e3o Paulo. PDF gratuito: <a href=\"https:\/\/dpid.cidadaopg.sp.gov.br\/pde\/arquivos\/1631285544657~Pequeno%20Manual%20Antirracista-Djamila%20Ribeiro.pdf\" target=\"_blank\" rel=\"noreferrer noopener\">https:\/\/dpid.cidadaopg.sp.gov.br\/pde\/arquivos\/1631285544657~Pequeno%20Manual%20Antirracista-Djamila%20Ribeiro.pdf<\/a>.<\/p>\n\n\n\n<p><strong>Pretagogia: construindo um refer\u00eancial te\u00f3rico-metodol\u00f3gico de matriz africana para a forma\u00e7\u00e3o de professores\/as.<\/strong> Geranilde Costa. Tese de Doutorado em Educa\u00e7\u00e3o online: <a href=\"https:\/\/repositorio.ufc.br\/handle\/riufc\/7955\" target=\"_blank\" rel=\"noreferrer noopener\">https:\/\/repositorio.ufc.br\/handle\/riufc\/7955<\/a>.<\/p>\n\n\n\n<p><strong><a href=\"https:\/\/drive.google.com\/file\/d\/1wZ5FEiD-NbC9zrxzkTHQ0jOAFGHwqS94\/view?usp=sharing\" target=\"_blank\" rel=\"noreferrer noopener\">Protocolo Igualdade Racial<\/a><\/strong>. IPHAN, Minist\u00e9rio da Cultura. Bras\u00edlia, 2025. <\/p>\n\n\n\n<p><strong><a href=\"https:\/\/drive.google.com\/file\/d\/1ApNdFYq-ahZ4gJ6RyDjjV0Jxy7RBS1qx\/view?usp=sharing\" target=\"_blank\" rel=\"noreferrer noopener\">Resolu\u00e7\u00e3o COUNI\/UTFPR n\u00ba 122, de 19 de dezembro de 2023<\/a><\/strong>. Estabelece os procedimentos para implanta\u00e7\u00e3o e atua\u00e7\u00e3o em comiss\u00e3o e bancas de heteroidentifica\u00e7\u00e3o em processos seletivos para gradua\u00e7\u00e3o, p\u00f3s-gradua\u00e7\u00e3o e concursos na UTFPR. <\/p>\n","protected":false},"excerpt":{"rendered":"<p>A l\u00edngua inglesa na \u00c1frica: opress\u00e3o, negocia\u00e7\u00e3o, resist\u00eancia. \u00c2ngela Lamas Rodrigues. PDF gratuito: https:\/\/editoraunicamp.com.br\/catalogo\/?id=1475. Caderno de Propostas para um PNE<\/p>\n","protected":false},"author":39,"featured_media":0,"parent":0,"menu_order":0,"comment_status":"closed","ping_status":"closed","template":"","meta":{"colormag_page_container_layout":"default_layout","colormag_page_sidebar_layout":"default_layout","footnotes":""},"class_list":["post-518","page","type-page","status-publish","hentry"],"_links":{"self":[{"href":"https:\/\/utfpr.curitiba.br\/neabi\/wp-json\/wp\/v2\/pages\/518","targetHints":{"allow":["GET"]}}],"collection":[{"href":"https:\/\/utfpr.curitiba.br\/neabi\/wp-json\/wp\/v2\/pages"}],"about":[{"href":"https:\/\/utfpr.curitiba.br\/neabi\/wp-json\/wp\/v2\/types\/page"}],"author":[{"embeddable":true,"href":"https:\/\/utfpr.curitiba.br\/neabi\/wp-json\/wp\/v2\/users\/39"}],"replies":[{"embeddable":true,"href":"https:\/\/utfpr.curitiba.br\/neabi\/wp-json\/wp\/v2\/comments?post=518"}],"version-history":[{"count":38,"href":"https:\/\/utfpr.curitiba.br\/neabi\/wp-json\/wp\/v2\/pages\/518\/revisions"}],"predecessor-version":[{"id":1716,"href":"https:\/\/utfpr.curitiba.br\/neabi\/wp-json\/wp\/v2\/pages\/518\/revisions\/1716"}],"wp:attachment":[{"href":"https:\/\/utfpr.curitiba.br\/neabi\/wp-json\/wp\/v2\/media?parent=518"}],"curies":[{"name":"wp","href":"https:\/\/api.w.org\/{rel}","templated":true}]}}